{"id":24503,"date":"2021-10-10T05:15:21","date_gmt":"2021-10-10T05:15:21","guid":{"rendered":"https:\/\/mouldking.store\/shop\/moc-37612-clone-speeder-star-wars-by-ohsojang-moc-factory\/"},"modified":"2025-12-25T09:17:25","modified_gmt":"2025-12-25T02:17:25","slug":"moc-37612-clone-speeder-star-wars-by-ohsojang-moc-factory","status":"publish","type":"product","link":"https:\/\/mouldking.store\/hu\/shop\/moc-37612-clone-speeder-star-wars-by-ohsojang-moc-factory\/","title":{"rendered":"MOC-37612 Clone Speeder Star Wars, ohsojang MOC FACTORY"},"content":{"rendered":"<p>A MOC-37612 Clone Speeder Star Wars az ohsojangt\u00f3l A MOC FACTORY egy k\u00e9szlet a Star Wars kollekci\u00f3ban, amelyet ohsojang tervezett. Ehhez a MOC 37612-hez PDF utas\u00edt\u00e1sok tartoznak, amelyek k\u00f6nnyen \u00f6ssze\u00e1ll\u00edthat\u00f3k \u00e9s megtal\u00e1lhatj\u00e1k a hi\u00e1nyz\u00f3 r\u00e9szeket. A k\u00e9szlet 104 darabot tartalmaz, el\u0151sz\u00f6r 2021-ben adt\u00e1k ki.<\/p>\n<figure id=\"attachment_207349\" aria-describedby=\"caption-attachment-207349\" style=\"width: 800px\" class=\"wp-caption aligncenter\"><a href=\"https:\/\/pay.lpwstore.com\/wp-content\/uploads\/2021\/05\/MOC-37612-Clone-Speeder-Star-Wars-by-ohsojang-MOC-FACTORY.jpg\" target=\"_blank\" rel=\"noopener\"><img fetchpriority=\"high\" decoding=\"async\" class=\"wp-image-207349 size-full\" title=\"MOC-37612 Clone Speeder Star Wars, ohsojang MOC FACTORY\" src=\"https:\/\/pay.lpwstore.com\/wp-content\/uploads\/2021\/05\/MOC-37612-Clone-Speeder-Star-Wars-by-ohsojang-MOC-FACTORY.jpg\" alt=\"MOC-37612 Clone Speeder Star Wars by ohsojang MOC FACTORY\" width=\"800\" height=\"800\" \/><\/a><figcaption id=\"caption-attachment-207349\" class=\"wp-caption-text\">MOC-37612 Clone Speeder Star Wars, ohsojang MOC FACTORY<\/figcaption><\/figure>\n<figure id=\"attachment_207345\" aria-describedby=\"caption-attachment-207345\" style=\"width: 1000px\" class=\"wp-caption aligncenter\"><img decoding=\"async\" class=\"size-full wp-image-207345\" title=\"MOC-37612 Clone Speeder Star Wars, ohsojang MOC FACTORY\" src=\"https:\/\/pay.lpwstore.com\/wp-content\/uploads\/2021\/05\/moc-37612-clone-speeder-star-wars-by-ohsojang-moc-factory-225818.jpg\" alt=\"MOC-37612 Clone Speeder Star Wars by ohsojang MOC FACTORY\" width=\"1000\" height=\"1000\" \/><figcaption id=\"caption-attachment-207345\" class=\"wp-caption-text\">MOC-37612 Clone Speeder Star Wars, ohsojang MOC FACTORY<\/figcaption><\/figure>\n<figure id=\"attachment_207346\" aria-describedby=\"caption-attachment-207346\" style=\"width: 1000px\" class=\"wp-caption aligncenter\"><img decoding=\"async\" class=\"size-full wp-image-207346\" title=\"MOC-37612 Clone Speeder Star Wars, ohsojang MOC FACTORY\" src=\"https:\/\/pay.lpwstore.com\/wp-content\/uploads\/2021\/05\/moc-37612-clone-speeder-star-wars-by-ohsojang-moc-factory-225821.jpg\" alt=\"MOC-37612 Clone Speeder Star Wars by ohsojang MOC FACTORY\" width=\"1000\" height=\"1000\" \/><figcaption id=\"caption-attachment-207346\" class=\"wp-caption-text\">MOC-37612 Clone Speeder Star Wars, ohsojang MOC FACTORY<\/figcaption><\/figure>\n<figure id=\"attachment_207347\" aria-describedby=\"caption-attachment-207347\" style=\"width: 1000px\" class=\"wp-caption aligncenter\"><img loading=\"lazy\" decoding=\"async\" class=\"size-full wp-image-207347\" title=\"MOC-37612 Clone Speeder Star Wars, ohsojang MOC FACTORY\" src=\"https:\/\/pay.lpwstore.com\/wp-content\/uploads\/2021\/05\/moc-37612-clone-speeder-star-wars-by-ohsojang-moc-factory-225825.jpg\" alt=\"MOC-37612 Clone Speeder Star Wars by ohsojang MOC FACTORY\" width=\"1000\" height=\"1000\" \/><figcaption id=\"caption-attachment-207347\" class=\"wp-caption-text\">MOC-37612 Clone Speeder Star Wars, ohsojang MOC FACTORY<\/figcaption><\/figure>\n<figure id=\"attachment_207348\" aria-describedby=\"caption-attachment-207348\" style=\"width: 1000px\" class=\"wp-caption aligncenter\"><img loading=\"lazy\" decoding=\"async\" class=\"size-full wp-image-207348\" title=\"MOC-37612 Clone Speeder Star Wars, ohsojang MOC FACTORY\" src=\"https:\/\/pay.lpwstore.com\/wp-content\/uploads\/2021\/05\/moc-37612-clone-speeder-star-wars-by-ohsojang-moc-factory-225828.jpg\" alt=\"MOC-37612 Clone Speeder Star Wars by ohsojang MOC FACTORY\" width=\"1000\" height=\"1000\" \/><figcaption id=\"caption-attachment-207348\" class=\"wp-caption-text\">MOC-37612 Clone Speeder Star Wars, ohsojang MOC FACTORY<\/figcaption><\/figure>\n<p>&nbsp;<\/p>","protected":false},"excerpt":{"rendered":"<ul>\n<li>Tartalmazza\u00a0<strong>104+<\/strong>\u00a0db<\/li>\n<li>Online PDF oktat\u00e1s<\/li>\n<li>Kiv\u00e1l\u00f3 min\u0151s\u00e9g\u0171 ABS blokk<\/li>\n<\/ul>","protected":false},"featured_media":24498,"comment_status":"open","ping_status":"closed","template":"","meta":{"_acf_changed":false},"product_cat":[415],"product_tag":[],"class_list":["product","first","instock","shipping-taxable","purchasable","product-type-simple"],"acf":[],"_links":{"self":[{"href":"https:\/\/mouldking.store\/hu\/wp-json\/wp\/v2\/product\/24503","targetHints":{"allow":["GET"]}}],"collection":[{"href":"https:\/\/mouldking.store\/hu\/wp-json\/wp\/v2\/product"}],"about":[{"href":"https:\/\/mouldking.store\/hu\/wp-json\/wp\/v2\/types\/product"}],"replies":[{"embeddable":true,"href":"https:\/\/mouldking.store\/hu\/wp-json\/wp\/v2\/comments?post=24503"}],"wp:featuredmedia":[{"embeddable":true,"href":"https:\/\/mouldking.store\/hu\/wp-json\/wp\/v2\/media\/24498"}],"wp:attachment":[{"href":"https:\/\/mouldking.store\/hu\/wp-json\/wp\/v2\/media?parent=24503"}],"wp:term":[{"taxonomy":"product_cat","embeddable":true,"href":"https:\/\/mouldking.store\/hu\/wp-json\/wp\/v2\/product_cat?post=24503"},{"taxonomy":"product_tag","embeddable":true,"href":"https:\/\/mouldking.store\/hu\/wp-json\/wp\/v2\/product_tag?post=24503"}],"curies":[{"name":"wp","href":"https:\/\/api.w.org\/{rel}","templated":true}]}}