{"id":24590,"date":"2021-10-10T05:15:52","date_gmt":"2021-10-10T05:15:52","guid":{"rendered":"https:\/\/mouldking.store\/shop\/moc-55320-horten-ho-229-space-by-germanrailwaybuilder-moc-factory\/"},"modified":"2025-12-25T09:17:24","modified_gmt":"2025-12-25T02:17:24","slug":"moc-55320-horten-ho-229-space-by-germanrailwaybuilder-moc-factory","status":"publish","type":"product","link":"https:\/\/mouldking.store\/hu\/shop\/moc-55320-horten-ho-229-space-by-germanrailwaybuilder-moc-factory\/","title":{"rendered":"MOC-55320 Horten Ho 229 Space by Germanrailwaybuilder MOC FACTORY"},"content":{"rendered":"<p style=\"text-align: left\">MOC-55320 Horten Ho 229 Space by Germanrailwaybuilder MOC FACTORY is a set in Space collection, designed by Germanrailwaybuilder. This MOC 55320 comes with PDF instruction which is easy to build and find the missing pieces. The set contains 547 pieces, first released in 2021.<\/p>\n<p style=\"text-align: left\"><strong>JEGYZET:<\/strong><\/p>\n<ul style=\"text-align: center\">\n<li style=\"text-align: left\"><strong>Az egyes r\u00e9szek sz\u00edne nem egyezik a rajzelemek sz\u00edn\u00e9vel, ami a megjelen\u00e9st nem befoly\u00e1solja.<\/strong><\/li>\n<li style=\"text-align: left\"><strong>K\u00e9rj\u00fck, k\u00f6r\u00fcltekint\u0151en v\u00e1s\u00e1roljon azok sz\u00e1m\u00e1ra, akiket nem \u00e9rdekel a hazai alkatr\u00e9szek pontoss\u00e1ga, sz\u00ednk\u00fcl\u00f6nbs\u00e9ge.<\/strong><\/li>\n<li style=\"text-align: left\"><strong>El\u0151fordulhat, hogy az \u00fcgyf\u00e9lnek az \u00e1ru \u00e1tv\u00e9telekor meg kell fizetnie a plusz v\u00e1md\u00edjat (az egyes orsz\u00e1gok szab\u00e1lyzat\u00e1t\u00f3l f\u00fcgg\u0151en)<\/strong><\/li>\n<\/ul>\n<figure id=\"attachment_207685\" aria-describedby=\"caption-attachment-207685\" style=\"width: 800px\" class=\"wp-caption aligncenter\"><a href=\"https:\/\/pay.lpwstore.com\/wp-content\/uploads\/2021\/06\/MOC-55320-Horten-Ho-229-Space-by-Germanrailwaybuilder-MOC-FACTORY.jpg\" target=\"_blank\" rel=\"noopener\"><img fetchpriority=\"high\" decoding=\"async\" class=\"wp-image-207685 size-full\" title=\"MOC-55320 Horten Ho 229 Space by Germanrailwaybuilder MOC FACTORY\" src=\"https:\/\/pay.lpwstore.com\/wp-content\/uploads\/2021\/06\/MOC-55320-Horten-Ho-229-Space-by-Germanrailwaybuilder-MOC-FACTORY.jpg\" alt=\"MOC-55320 Horten Ho 229 Space by Germanrailwaybuilder MOC FACTORY\" width=\"800\" height=\"800\" \/><\/a><figcaption id=\"caption-attachment-207685\" class=\"wp-caption-text\">MOC-55320 Horten Ho 229 Space by Germanrailwaybuilder MOC FACTORY<\/figcaption><\/figure>\n<p style=\"text-align: center\"><img decoding=\"async\" class=\"alignnone size-full wp-image-207687\" src=\"https:\/\/pay.lpwstore.com\/wp-content\/uploads\/2021\/06\/MOC-55320-Horten-Ho-229-Space-by-Germanrailwaybuilder-MOC-FACTORY-3.jpg\" alt=\"-\" width=\"800\" height=\"800\" title=\"-\"> <img decoding=\"async\" class=\"alignnone size-full wp-image-207686\" src=\"https:\/\/pay.lpwstore.com\/wp-content\/uploads\/2021\/06\/MOC-55320-Horten-Ho-229-Space-by-Germanrailwaybuilder-MOC-FACTORY-2.jpg\" alt=\"-\" width=\"800\" height=\"800\" title=\"-\"><\/p>\n<p style=\"text-align: center\">\n<p style=\"text-align: center\">\n<p style=\"text-align: center\">\n<p style=\"text-align: center\">","protected":false},"excerpt":{"rendered":"<ul>\n<li>Tartalmazza\u00a0<strong>547+<\/strong>\u00a0db<\/li>\n<li>Online PDF oktat\u00e1s<\/li>\n<li>Kiv\u00e1l\u00f3 min\u0151s\u00e9g\u0171 ABS blokk<\/li>\n<\/ul>","protected":false},"featured_media":24587,"comment_status":"open","ping_status":"closed","template":"","meta":{"_acf_changed":false},"product_cat":[371],"product_tag":[],"class_list":["product","first","outofstock","shipping-taxable","purchasable","product-type-simple"],"acf":[],"_links":{"self":[{"href":"https:\/\/mouldking.store\/hu\/wp-json\/wp\/v2\/product\/24590","targetHints":{"allow":["GET"]}}],"collection":[{"href":"https:\/\/mouldking.store\/hu\/wp-json\/wp\/v2\/product"}],"about":[{"href":"https:\/\/mouldking.store\/hu\/wp-json\/wp\/v2\/types\/product"}],"replies":[{"embeddable":true,"href":"https:\/\/mouldking.store\/hu\/wp-json\/wp\/v2\/comments?post=24590"}],"wp:featuredmedia":[{"embeddable":true,"href":"https:\/\/mouldking.store\/hu\/wp-json\/wp\/v2\/media\/24587"}],"wp:attachment":[{"href":"https:\/\/mouldking.store\/hu\/wp-json\/wp\/v2\/media?parent=24590"}],"wp:term":[{"taxonomy":"product_cat","embeddable":true,"href":"https:\/\/mouldking.store\/hu\/wp-json\/wp\/v2\/product_cat?post=24590"},{"taxonomy":"product_tag","embeddable":true,"href":"https:\/\/mouldking.store\/hu\/wp-json\/wp\/v2\/product_tag?post=24590"}],"curies":[{"name":"wp","href":"https:\/\/api.w.org\/{rel}","templated":true}]}}