{"id":24602,"date":"2021-10-10T05:15:59","date_gmt":"2021-10-10T05:15:59","guid":{"rendered":"https:\/\/mouldking.store\/shop\/moc-76011-dune-buggy-technic-by-paave-moc-factory\/"},"modified":"2025-12-25T09:17:24","modified_gmt":"2025-12-25T02:17:24","slug":"moc-76011-dune-buggy-technic-by-paave-moc-factory","status":"publish","type":"product","link":"https:\/\/mouldking.store\/hu\/shop\/moc-76011-dune-buggy-technic-by-paave-moc-factory\/","title":{"rendered":"MOC-76011 Dune Buggy Technic, paave MOC FACTORY"},"content":{"rendered":"<p>MOC-76011 Dune Buggy Technic by paave MOC FACTORY is a set in Technic collection, designed by paave. This MOC 76011 comes with PDF instruction which is easy to build and find the missing pieces. The set contains 661 pieces, first released in 2021.<\/p>\n<p><strong>JEGYZET:<\/strong><\/p>\n<ul>\n<li><strong>Az egyes r\u00e9szek sz\u00edne nem egyezik a rajzelemek sz\u00edn\u00e9vel, ami a megjelen\u00e9st nem befoly\u00e1solja.<\/strong><\/li>\n<li><strong>K\u00e9rj\u00fck, k\u00f6r\u00fcltekint\u0151en v\u00e1s\u00e1roljon azok sz\u00e1m\u00e1ra, akiket nem \u00e9rdekel a hazai alkatr\u00e9szek pontoss\u00e1ga, sz\u00ednk\u00fcl\u00f6nbs\u00e9ge.<\/strong><\/li>\n<li><strong>El\u0151fordulhat, hogy az \u00fcgyf\u00e9lnek az \u00e1ru \u00e1tv\u00e9telekor meg kell fizetnie a plusz v\u00e1md\u00edjat (az egyes orsz\u00e1gok szab\u00e1lyzat\u00e1t\u00f3l f\u00fcgg\u0151en)<\/strong><\/li>\n<\/ul>\n<figure id=\"attachment_207705\" aria-describedby=\"caption-attachment-207705\" style=\"width: 800px\" class=\"wp-caption aligncenter\"><a href=\"https:\/\/pay.lpwstore.com\/wp-content\/uploads\/2021\/06\/MOC-76011-Dune-Buggy-Technic-by-paave-MOC-FACTORY.jpg\" target=\"_blank\" rel=\"noopener\"><img fetchpriority=\"high\" decoding=\"async\" class=\"wp-image-207705 size-full\" title=\"MOC-76011 Dune Buggy Technic, paave MOC FACTORY\" src=\"https:\/\/pay.lpwstore.com\/wp-content\/uploads\/2021\/06\/MOC-76011-Dune-Buggy-Technic-by-paave-MOC-FACTORY.jpg\" alt=\"MOC-76011 Dune Buggy Technic by paave MOC FACTORY\" width=\"800\" height=\"800\" \/><\/a><figcaption id=\"caption-attachment-207705\" class=\"wp-caption-text\">MOC-76011 Dune Buggy Technic, paave MOC FACTORY<\/figcaption><\/figure>\n<figure id=\"attachment_207701\" aria-describedby=\"caption-attachment-207701\" style=\"width: 1100px\" class=\"wp-caption aligncenter\"><img decoding=\"async\" class=\"size-full wp-image-207701\" title=\"MOC-76011 Dune Buggy Technic, paave MOC FACTORY\" src=\"https:\/\/pay.lpwstore.com\/wp-content\/uploads\/2021\/06\/moc-76011-dune-buggy-technic-by-paave-moc-factory-231336.jpg\" alt=\"MOC-76011 Dune Buggy Technic by paave MOC FACTORY\" width=\"1100\" height=\"1100\" \/><figcaption id=\"caption-attachment-207701\" class=\"wp-caption-text\">MOC-76011 Dune Buggy Technic, paave MOC FACTORY<\/figcaption><\/figure>\n<figure id=\"attachment_207702\" aria-describedby=\"caption-attachment-207702\" style=\"width: 1100px\" class=\"wp-caption aligncenter\"><img decoding=\"async\" class=\"size-full wp-image-207702\" title=\"MOC-76011 Dune Buggy Technic, paave MOC FACTORY\" src=\"https:\/\/pay.lpwstore.com\/wp-content\/uploads\/2021\/06\/moc-76011-dune-buggy-technic-by-paave-moc-factory-231340.jpg\" alt=\"MOC-76011 Dune Buggy Technic by paave MOC FACTORY\" width=\"1100\" height=\"1100\" \/><figcaption id=\"caption-attachment-207702\" class=\"wp-caption-text\">MOC-76011 Dune Buggy Technic, paave MOC FACTORY<\/figcaption><\/figure>\n<figure id=\"attachment_207703\" aria-describedby=\"caption-attachment-207703\" style=\"width: 1100px\" class=\"wp-caption aligncenter\"><img loading=\"lazy\" decoding=\"async\" class=\"size-full wp-image-207703\" title=\"MOC-76011 Dune Buggy Technic, paave MOC FACTORY\" src=\"https:\/\/pay.lpwstore.com\/wp-content\/uploads\/2021\/06\/moc-76011-dune-buggy-technic-by-paave-moc-factory-231344.jpg\" alt=\"MOC-76011 Dune Buggy Technic by paave MOC FACTORY\" width=\"1100\" height=\"1100\" \/><figcaption id=\"caption-attachment-207703\" class=\"wp-caption-text\">MOC-76011 Dune Buggy Technic, paave MOC FACTORY<\/figcaption><\/figure>\n<figure id=\"attachment_207704\" aria-describedby=\"caption-attachment-207704\" style=\"width: 1100px\" class=\"wp-caption aligncenter\"><img loading=\"lazy\" decoding=\"async\" class=\"size-full wp-image-207704\" title=\"MOC-76011 Dune Buggy Technic, paave MOC FACTORY\" src=\"https:\/\/pay.lpwstore.com\/wp-content\/uploads\/2021\/06\/moc-76011-dune-buggy-technic-by-paave-moc-factory-231349.jpg\" alt=\"MOC-76011 Dune Buggy Technic by paave MOC FACTORY\" width=\"1100\" height=\"1100\" \/><figcaption id=\"caption-attachment-207704\" class=\"wp-caption-text\">MOC-76011 Dune Buggy Technic, paave MOC FACTORY<\/figcaption><\/figure>\n<p>&nbsp;<\/p>\n<p>&nbsp;<\/p>\n<p>&nbsp;<\/p>","protected":false},"excerpt":{"rendered":"<ul>\n<li>Tartalmazza\u00a0<strong>661+<\/strong>\u00a0db<\/li>\n<li>Online PDF oktat\u00e1s<\/li>\n<li>Kiv\u00e1l\u00f3 min\u0151s\u00e9g\u0171 ABS blokk<\/li>\n<\/ul>","protected":false},"featured_media":24597,"comment_status":"open","ping_status":"closed","template":"","meta":{"_acf_changed":false},"product_cat":[364],"product_tag":[],"class_list":["product","first","outofstock","shipping-taxable","purchasable","product-type-simple"],"acf":[],"_links":{"self":[{"href":"https:\/\/mouldking.store\/hu\/wp-json\/wp\/v2\/product\/24602","targetHints":{"allow":["GET"]}}],"collection":[{"href":"https:\/\/mouldking.store\/hu\/wp-json\/wp\/v2\/product"}],"about":[{"href":"https:\/\/mouldking.store\/hu\/wp-json\/wp\/v2\/types\/product"}],"replies":[{"embeddable":true,"href":"https:\/\/mouldking.store\/hu\/wp-json\/wp\/v2\/comments?post=24602"}],"wp:featuredmedia":[{"embeddable":true,"href":"https:\/\/mouldking.store\/hu\/wp-json\/wp\/v2\/media\/24597"}],"wp:attachment":[{"href":"https:\/\/mouldking.store\/hu\/wp-json\/wp\/v2\/media?parent=24602"}],"wp:term":[{"taxonomy":"product_cat","embeddable":true,"href":"https:\/\/mouldking.store\/hu\/wp-json\/wp\/v2\/product_cat?post=24602"},{"taxonomy":"product_tag","embeddable":true,"href":"https:\/\/mouldking.store\/hu\/wp-json\/wp\/v2\/product_tag?post=24602"}],"curies":[{"name":"wp","href":"https:\/\/api.w.org\/{rel}","templated":true}]}}