{"id":24612,"date":"2021-10-10T05:16:28","date_gmt":"2021-10-10T05:16:28","guid":{"rendered":"https:\/\/mouldking.store\/shop\/moc-74084-rolls-royce-phantom-viii-ewb-technic-by-olejka-moc-factory\/"},"modified":"2025-12-25T09:17:24","modified_gmt":"2025-12-25T02:17:24","slug":"moc-74084-rolls-royce-phantom-viii-ewb-technic-by-olejka-moc-factory","status":"publish","type":"product","link":"https:\/\/mouldking.store\/hu\/shop\/moc-74084-rolls-royce-phantom-viii-ewb-technic-by-olejka-moc-factory\/","title":{"rendered":"MOC-74084 Rolls-Royce Phantom VIII EWB Technic, OleJka MOC FACTORY"},"content":{"rendered":"<p>MOC-74084 Rolls-Royce Phantom VIII EWB Technic, OleJka MOC FACTORY egy k\u00e9szlet a Technic kollekci\u00f3ban, OleJka tervezte. Ez a MOC 74084 PDF utas\u00edt\u00e1ssal \u00e9rkezik, amely k\u00f6nnyen \u00f6ssze\u00e1ll\u00edthat\u00f3 \u00e9s megtal\u00e1lhatja a hi\u00e1nyz\u00f3 r\u00e9szeket. A k\u00e9szlet 4019 darabot tartalmaz, el\u0151sz\u00f6r 2021-ben adt\u00e1k ki.<\/p>\n<p><strong>JEGYZET:<\/strong><\/p>\n<ul>\n<li><strong>Az egyes r\u00e9szek sz\u00edne nem egyezik a rajzelemek sz\u00edn\u00e9vel, ami a megjelen\u00e9st nem befoly\u00e1solja.\u00a0<\/strong><\/li>\n<li><strong>K\u00e9rj\u00fck, k\u00f6r\u00fcltekint\u0151en v\u00e1s\u00e1roljon azok sz\u00e1m\u00e1ra, akiket nem \u00e9rdekel a hazai alkatr\u00e9szek pontoss\u00e1ga, sz\u00ednk\u00fcl\u00f6nbs\u00e9ge.<\/strong><\/li>\n<li><strong>El\u0151fordulhat, hogy az \u00fcgyf\u00e9lnek az \u00e1ru \u00e1tv\u00e9telekor meg kell fizetnie a plusz v\u00e1md\u00edjat (az egyes orsz\u00e1gok szab\u00e1lyzat\u00e1t\u00f3l f\u00fcgg\u0151en)<\/strong><\/li>\n<\/ul>\n<figure id=\"attachment_207762\" aria-describedby=\"caption-attachment-207762\" style=\"width: 800px\" class=\"wp-caption aligncenter\"><a href=\"https:\/\/pay.lpwstore.com\/wp-content\/uploads\/2021\/06\/MOC-74084-Rolls-Royce-Phantom-VIII-EWB-Technic-by-OleJka-MOC-FACTORY.jpg\" target=\"_blank\" rel=\"noopener\"><img fetchpriority=\"high\" decoding=\"async\" class=\"wp-image-207762 size-full\" title=\"MOC-74084 Rolls-Royce Phantom VIII EWB Technic, OleJka MOC FACTORY\" src=\"https:\/\/pay.lpwstore.com\/wp-content\/uploads\/2021\/06\/MOC-74084-Rolls-Royce-Phantom-VIII-EWB-Technic-by-OleJka-MOC-FACTORY.jpg\" alt=\"MOC-74084 Rolls-Royce Phantom VIII EWB Technic by OleJka MOC FACTORY\" width=\"800\" height=\"800\" \/><\/a><figcaption id=\"caption-attachment-207762\" class=\"wp-caption-text\">MOC-74084 Rolls-Royce Phantom VIII EWB Technic, OleJka MOC FACTORY<\/figcaption><\/figure>\n<figure id=\"attachment_207758\" aria-describedby=\"caption-attachment-207758\" style=\"width: 2500px\" class=\"wp-caption aligncenter\"><img decoding=\"async\" class=\"size-full wp-image-207758\" title=\"MOC-74084 Rolls-Royce Phantom VIII EWB Technic, OleJka MOC FACTORY\" src=\"https:\/\/pay.lpwstore.com\/wp-content\/uploads\/2021\/06\/moc-74084-rolls-royce-phantom-viii-ewb-technic-by-olejka-moc-factory-103949.jpg\" alt=\"MOC-74084 Rolls-Royce Phantom VIII EWB Technic by OleJka MOC FACTORY\" width=\"2500\" height=\"1666\" \/><figcaption id=\"caption-attachment-207758\" class=\"wp-caption-text\">MOC-74084 Rolls-Royce Phantom VIII EWB Technic, OleJka MOC FACTORY<\/figcaption><\/figure>\n<figure id=\"attachment_207759\" aria-describedby=\"caption-attachment-207759\" style=\"width: 2500px\" class=\"wp-caption aligncenter\"><img decoding=\"async\" class=\"size-full wp-image-207759\" title=\"MOC-74084 Rolls-Royce Phantom VIII EWB Technic, OleJka MOC FACTORY\" src=\"https:\/\/pay.lpwstore.com\/wp-content\/uploads\/2021\/06\/moc-74084-rolls-royce-phantom-viii-ewb-technic-by-olejka-moc-factory-104001.jpg\" alt=\"MOC-74084 Rolls-Royce Phantom VIII EWB Technic by OleJka MOC FACTORY\" width=\"2500\" height=\"1666\" \/><figcaption id=\"caption-attachment-207759\" class=\"wp-caption-text\">MOC-74084 Rolls-Royce Phantom VIII EWB Technic, OleJka MOC FACTORY<\/figcaption><\/figure>\n<figure id=\"attachment_207760\" aria-describedby=\"caption-attachment-207760\" style=\"width: 2500px\" class=\"wp-caption aligncenter\"><img loading=\"lazy\" decoding=\"async\" class=\"size-full wp-image-207760\" title=\"MOC-74084 Rolls-Royce Phantom VIII EWB Technic, OleJka MOC FACTORY\" src=\"https:\/\/pay.lpwstore.com\/wp-content\/uploads\/2021\/06\/moc-74084-rolls-royce-phantom-viii-ewb-technic-by-olejka-moc-factory-104022.jpg\" alt=\"MOC-74084 Rolls-Royce Phantom VIII EWB Technic by OleJka MOC FACTORY\" width=\"2500\" height=\"1666\" \/><figcaption id=\"caption-attachment-207760\" class=\"wp-caption-text\">MOC-74084 Rolls-Royce Phantom VIII EWB Technic, OleJka MOC FACTORY<\/figcaption><\/figure>\n<figure id=\"attachment_207761\" aria-describedby=\"caption-attachment-207761\" style=\"width: 750px\" class=\"wp-caption aligncenter\"><img loading=\"lazy\" decoding=\"async\" class=\"size-full wp-image-207761\" title=\"MOC-74084 Rolls-Royce Phantom VIII EWB Technic, OleJka MOC FACTORY\" src=\"https:\/\/pay.lpwstore.com\/wp-content\/uploads\/2021\/06\/moc-74084-rolls-royce-phantom-viii-ewb-technic-by-olejka-moc-factory-104030.jpg\" alt=\"MOC-74084 Rolls-Royce Phantom VIII EWB Technic by OleJka MOC FACTORY\" width=\"750\" height=\"499\" \/><figcaption id=\"caption-attachment-207761\" class=\"wp-caption-text\">MOC-74084 Rolls-Royce Phantom VIII EWB Technic, OleJka MOC FACTORY<\/figcaption><\/figure>","protected":false},"excerpt":{"rendered":"<ul>\n<li>Tartalmazza\u00a0<strong>4019+<\/strong>\u00a0db<\/li>\n<li>Online PDF oktat\u00e1s<\/li>\n<li>Kiv\u00e1l\u00f3 min\u0151s\u00e9g\u0171 ABS blokk<\/li>\n<\/ul>","protected":false},"featured_media":24611,"comment_status":"open","ping_status":"closed","template":"","meta":{"_acf_changed":false},"product_cat":[364],"product_tag":[],"class_list":["product","first","outofstock","shipping-taxable","purchasable","product-type-simple"],"acf":[],"_links":{"self":[{"href":"https:\/\/mouldking.store\/hu\/wp-json\/wp\/v2\/product\/24612","targetHints":{"allow":["GET"]}}],"collection":[{"href":"https:\/\/mouldking.store\/hu\/wp-json\/wp\/v2\/product"}],"about":[{"href":"https:\/\/mouldking.store\/hu\/wp-json\/wp\/v2\/types\/product"}],"replies":[{"embeddable":true,"href":"https:\/\/mouldking.store\/hu\/wp-json\/wp\/v2\/comments?post=24612"}],"wp:featuredmedia":[{"embeddable":true,"href":"https:\/\/mouldking.store\/hu\/wp-json\/wp\/v2\/media\/24611"}],"wp:attachment":[{"href":"https:\/\/mouldking.store\/hu\/wp-json\/wp\/v2\/media?parent=24612"}],"wp:term":[{"taxonomy":"product_cat","embeddable":true,"href":"https:\/\/mouldking.store\/hu\/wp-json\/wp\/v2\/product_cat?post=24612"},{"taxonomy":"product_tag","embeddable":true,"href":"https:\/\/mouldking.store\/hu\/wp-json\/wp\/v2\/product_tag?post=24612"}],"curies":[{"name":"wp","href":"https:\/\/api.w.org\/{rel}","templated":true}]}}