{"id":24650,"date":"2021-10-10T05:17:16","date_gmt":"2021-10-09T22:17:16","guid":{"rendered":"https:\/\/mouldking.store\/shop\/moc-90167-arc-170-starfighter-star-wars-moc-factory\/"},"modified":"2025-12-25T09:17:21","modified_gmt":"2025-12-25T02:17:21","slug":"moc-90167-arc-170-starfighter-star-wars-moc-factory","status":"publish","type":"product","link":"https:\/\/mouldking.store\/hu\/shop\/moc-90167-arc-170-starfighter-star-wars-moc-factory\/","title":{"rendered":"MOC-90167 ARC-170 Starfighter Star Wars MOC GY\u00c1R"},"content":{"rendered":"<p>A MOC-90167 ARC-170 Starfighter Star Wars MOC FACTORY egy k\u00e9szlet a Star Wars kollekci\u00f3ban. Ez a MOC 90167 PDF utas\u00edt\u00e1ssal \u00e9rkezik, amely k\u00f6nnyen \u00f6ssze\u00e1ll\u00edthat\u00f3 \u00e9s megtal\u00e1lhatja a hi\u00e1nyz\u00f3 darabokat. A k\u00e9szlet 1654 darabot tartalmaz, el\u0151sz\u00f6r 2021-ben adt\u00e1k ki.<\/p>\n<figure id=\"attachment_208040\" aria-describedby=\"caption-attachment-208040\" style=\"width: 800px\" class=\"wp-caption aligncenter\"><a href=\"https:\/\/pay.lpwstore.com\/wp-content\/uploads\/2021\/06\/MOC-90167-ARC-170-Starfighter-Star-Wars-MOC-FACTORY.jpg\" target=\"_blank\" rel=\"noopener\"><img fetchpriority=\"high\" decoding=\"async\" class=\"wp-image-208040 size-full\" title=\"MOC-90167 ARC-170 Starfighter Star Wars MOC GY\u00c1R\" src=\"https:\/\/pay.lpwstore.com\/wp-content\/uploads\/2021\/06\/MOC-90167-ARC-170-Starfighter-Star-Wars-MOC-FACTORY.jpg\" alt=\"MOC-90167 ARC-170 Starfighter Star Wars MOC FACTORY\" width=\"800\" height=\"800\" \/><\/a><figcaption id=\"caption-attachment-208040\" class=\"wp-caption-text\">MOC-90167 ARC-170 Starfighter Star Wars MOC GY\u00c1R<\/figcaption><\/figure>\n<figure id=\"attachment_208036\" aria-describedby=\"caption-attachment-208036\" style=\"width: 1000px\" class=\"wp-caption aligncenter\"><img decoding=\"async\" class=\"size-full wp-image-208036\" title=\"MOC-90167 ARC-170 Starfighter Star Wars MOC GY\u00c1R\" src=\"https:\/\/pay.lpwstore.com\/wp-content\/uploads\/2021\/06\/moc-90167-arc-170-starfighter-star-wars-moc-factory-235533.jpg\" alt=\"MOC-90167 ARC-170 Starfighter Star Wars MOC FACTORY\" width=\"1000\" height=\"1000\" \/><figcaption id=\"caption-attachment-208036\" class=\"wp-caption-text\">MOC-90167 ARC-170 Starfighter Star Wars MOC GY\u00c1R<\/figcaption><\/figure>\n<figure id=\"attachment_208037\" aria-describedby=\"caption-attachment-208037\" style=\"width: 1000px\" class=\"wp-caption aligncenter\"><img decoding=\"async\" class=\"size-full wp-image-208037\" title=\"MOC-90167 ARC-170 Starfighter Star Wars MOC GY\u00c1R\" src=\"https:\/\/pay.lpwstore.com\/wp-content\/uploads\/2021\/06\/moc-90167-arc-170-starfighter-star-wars-moc-factory-235536.jpg\" alt=\"MOC-90167 ARC-170 Starfighter Star Wars MOC FACTORY\" width=\"1000\" height=\"1000\" \/><figcaption id=\"caption-attachment-208037\" class=\"wp-caption-text\">MOC-90167 ARC-170 Starfighter Star Wars MOC GY\u00c1R<\/figcaption><\/figure>\n<figure id=\"attachment_208038\" aria-describedby=\"caption-attachment-208038\" style=\"width: 1000px\" class=\"wp-caption aligncenter\"><img loading=\"lazy\" decoding=\"async\" class=\"size-full wp-image-208038\" title=\"MOC-90167 ARC-170 Starfighter Star Wars MOC GY\u00c1R\" src=\"https:\/\/pay.lpwstore.com\/wp-content\/uploads\/2021\/06\/moc-90167-arc-170-starfighter-star-wars-moc-factory-235539.jpg\" alt=\"MOC-90167 ARC-170 Starfighter Star Wars MOC FACTORY\" width=\"1000\" height=\"1000\" \/><figcaption id=\"caption-attachment-208038\" class=\"wp-caption-text\">MOC-90167 ARC-170 Starfighter Star Wars MOC GY\u00c1R<\/figcaption><\/figure>\n<figure id=\"attachment_208039\" aria-describedby=\"caption-attachment-208039\" style=\"width: 1000px\" class=\"wp-caption aligncenter\"><img loading=\"lazy\" decoding=\"async\" class=\"size-full wp-image-208039\" title=\"MOC-90167 ARC-170 Starfighter Star Wars MOC GY\u00c1R\" src=\"https:\/\/pay.lpwstore.com\/wp-content\/uploads\/2021\/06\/moc-90167-arc-170-starfighter-star-wars-moc-factory-235543.jpg\" alt=\"MOC-90167 ARC-170 Starfighter Star Wars MOC FACTORY\" width=\"1000\" height=\"1000\" \/><figcaption id=\"caption-attachment-208039\" class=\"wp-caption-text\">MOC-90167 ARC-170 Starfighter Star Wars MOC GY\u00c1R<\/figcaption><\/figure>\n<p>&nbsp;<\/p>","protected":false},"excerpt":{"rendered":"<ul>\n<li>Tartalmazza\u00a0<strong>1654+<\/strong>\u00a0db<\/li>\n<li>PDF utas\u00edt\u00e1s<\/li>\n<li>Kiv\u00e1l\u00f3 min\u0151s\u00e9g\u0171 ABS blokk<\/li>\n<li>M\u00e9retek: 30 x 28 x 14 cm<\/li>\n<\/ul>","protected":false},"featured_media":24645,"comment_status":"open","ping_status":"closed","template":"","meta":{"_acf_changed":false},"product_cat":[415],"product_tag":[],"class_list":["product","first","instock","shipping-taxable","purchasable","product-type-simple"],"acf":[],"_links":{"self":[{"href":"https:\/\/mouldking.store\/hu\/wp-json\/wp\/v2\/product\/24650","targetHints":{"allow":["GET"]}}],"collection":[{"href":"https:\/\/mouldking.store\/hu\/wp-json\/wp\/v2\/product"}],"about":[{"href":"https:\/\/mouldking.store\/hu\/wp-json\/wp\/v2\/types\/product"}],"replies":[{"embeddable":true,"href":"https:\/\/mouldking.store\/hu\/wp-json\/wp\/v2\/comments?post=24650"}],"wp:featuredmedia":[{"embeddable":true,"href":"https:\/\/mouldking.store\/hu\/wp-json\/wp\/v2\/media\/24645"}],"wp:attachment":[{"href":"https:\/\/mouldking.store\/hu\/wp-json\/wp\/v2\/media?parent=24650"}],"wp:term":[{"taxonomy":"product_cat","embeddable":true,"href":"https:\/\/mouldking.store\/hu\/wp-json\/wp\/v2\/product_cat?post=24650"},{"taxonomy":"product_tag","embeddable":true,"href":"https:\/\/mouldking.store\/hu\/wp-json\/wp\/v2\/product_tag?post=24650"}],"curies":[{"name":"wp","href":"https:\/\/api.w.org\/{rel}","templated":true}]}}