{"id":24660,"date":"2021-10-10T05:17:20","date_gmt":"2021-10-10T05:17:20","guid":{"rendered":"https:\/\/mouldking.store\/shop\/moc-59730-sunflower-creator-by-anakin2001-moc-factory\/"},"modified":"2025-12-25T09:17:21","modified_gmt":"2025-12-25T02:17:21","slug":"moc-59730-sunflower-creator-by-anakin2001-moc-factory","status":"publish","type":"product","link":"https:\/\/mouldking.store\/hu\/shop\/moc-59730-sunflower-creator-by-anakin2001-moc-factory\/","title":{"rendered":"MOC-59730 Sunflower Creator by anakin2001 MOC FACTORY"},"content":{"rendered":"<p>MOC-59730 Sunflower Creator by anakin2001 MOC FACTORY is a set in Creator collection, designed by anakin2001. This MOC 59730 comes with PDF instruction which is easy to build and find the missing pieces. The set contains 631 pieces, first released in 2021.<\/p>\n<figure id=\"attachment_208049\" class=\"wp-caption aligncenter\" style=\"width: 1000px\" aria-describedby=\"caption-attachment-208049\">Id\u0151beoszt\u00e1s: 4-8 h\u00e9t<\/figure>\n<p>&nbsp;<\/p>\n<figure id=\"attachment_32041\" aria-describedby=\"caption-attachment-32041\" style=\"width: 800px\" class=\"wp-caption aligncenter\"><img fetchpriority=\"high\" decoding=\"async\" class=\"size-full wp-image-32041\" title=\"MOC-59730 Creator Sunflower Creator Designer anakin2001 MOC FACTORY\" src=\"https:\/\/mocfactory.com\/wp-content\/uploads\/2021\/06\/moc-59730-creator-sunflower-creator-designer-anakin2001-moc-factory.jpg\" alt=\"MOC-59730 Creator Sunflower Creator Designer anakin2001 MOC FACTORY\" width=\"800\" height=\"800\" \/><figcaption id=\"caption-attachment-32041\" class=\"wp-caption-text\">MOC-59730 Creator Sunflower Creator Designer anakin2001 MOC FACTORY<\/figcaption><\/figure>\n<figure id=\"attachment_32042\" aria-describedby=\"caption-attachment-32042\" style=\"width: 1000px\" class=\"wp-caption aligncenter\"><img decoding=\"async\" class=\"size-full wp-image-32042\" title=\"MOC-59730 Creator Sunflower Creator Designer anakin2001 MOC FACTORY\" src=\"https:\/\/mocfactory.com\/wp-content\/uploads\/2021\/06\/moc-59730-creator-sunflower-creator-designer-anakin2001-moc-factory-1.jpg\" alt=\"MOC-59730 Creator Sunflower Creator Designer anakin2001 MOC FACTORY\" width=\"1000\" height=\"1000\" \/><figcaption id=\"caption-attachment-32042\" class=\"wp-caption-text\">MOC-59730 Creator Sunflower Creator Designer anakin2001 MOC FACTORY<\/figcaption><\/figure>\n<figure id=\"attachment_32043\" aria-describedby=\"caption-attachment-32043\" style=\"width: 1000px\" class=\"wp-caption aligncenter\"><img decoding=\"async\" class=\"size-full wp-image-32043\" title=\"MOC-59730 Creator Sunflower Creator Designer anakin2001 MOC FACTORY\" src=\"https:\/\/mocfactory.com\/wp-content\/uploads\/2021\/06\/moc-59730-creator-sunflower-creator-designer-anakin2001-moc-factory-2.jpg\" alt=\"MOC-59730 Creator Sunflower Creator Designer anakin2001 MOC FACTORY\" width=\"1000\" height=\"1000\" \/><figcaption id=\"caption-attachment-32043\" class=\"wp-caption-text\">MOC-59730 Creator Sunflower Creator Designer anakin2001 MOC FACTORY<\/figcaption><\/figure>","protected":false},"excerpt":{"rendered":"<ul>\n<li>Tartalmazza\u00a0<strong>631+<\/strong>\u00a0db<\/li>\n<li>PDF utas\u00edt\u00e1s<\/li>\n<li>Kiv\u00e1l\u00f3 min\u0151s\u00e9g\u0171 ABS blokk<\/li>\n<li>Dimensions: 12 x 12 x 29 cm<\/li>\n<\/ul>","protected":false},"featured_media":24657,"comment_status":"open","ping_status":"closed","template":"","meta":{"_acf_changed":false},"product_cat":[371],"product_tag":[],"class_list":["product","first","instock","shipping-taxable","purchasable","product-type-simple"],"acf":[],"_links":{"self":[{"href":"https:\/\/mouldking.store\/hu\/wp-json\/wp\/v2\/product\/24660","targetHints":{"allow":["GET"]}}],"collection":[{"href":"https:\/\/mouldking.store\/hu\/wp-json\/wp\/v2\/product"}],"about":[{"href":"https:\/\/mouldking.store\/hu\/wp-json\/wp\/v2\/types\/product"}],"replies":[{"embeddable":true,"href":"https:\/\/mouldking.store\/hu\/wp-json\/wp\/v2\/comments?post=24660"}],"wp:featuredmedia":[{"embeddable":true,"href":"https:\/\/mouldking.store\/hu\/wp-json\/wp\/v2\/media\/24657"}],"wp:attachment":[{"href":"https:\/\/mouldking.store\/hu\/wp-json\/wp\/v2\/media?parent=24660"}],"wp:term":[{"taxonomy":"product_cat","embeddable":true,"href":"https:\/\/mouldking.store\/hu\/wp-json\/wp\/v2\/product_cat?post=24660"},{"taxonomy":"product_tag","embeddable":true,"href":"https:\/\/mouldking.store\/hu\/wp-json\/wp\/v2\/product_tag?post=24660"}],"curies":[{"name":"wp","href":"https:\/\/api.w.org\/{rel}","templated":true}]}}