{"id":24664,"date":"2021-10-10T05:17:21","date_gmt":"2021-10-10T05:17:21","guid":{"rendered":"https:\/\/mouldking.store\/shop\/moc-35455-remote-controlled-moc-transport-vehicles-star-wars-by-ohsojang-moc-factory\/"},"modified":"2025-12-25T09:17:21","modified_gmt":"2025-12-25T02:17:21","slug":"moc-35455-remote-controlled-moc-transport-vehicles-star-wars-by-ohsojang-moc-factory","status":"publish","type":"product","link":"https:\/\/mouldking.store\/hu\/shop\/moc-35455-remote-controlled-moc-transport-vehicles-star-wars-by-ohsojang-moc-factory\/","title":{"rendered":"MOC-35455 t\u00e1vir\u00e1ny\u00edt\u00f3s MOC sz\u00e1ll\u00edt\u00f3j\u00e1rm\u0171vek Star Wars, ohsojang MOC FACTORY"},"content":{"rendered":"<p>MOC-35455 Remote Controlled MOC Transport Vehicles Star Wars by ohsojang MOC FACTORY is a set in Star Wars collection, designed by ohsojang. This MOC 35455 comes with PDF instruction which is easy to build and find the missing pieces. The set contains 1182 pieces, first released in 2021.<\/p>\n<figure id=\"attachment_208054\" aria-describedby=\"caption-attachment-208054\" style=\"width: 800px\" class=\"wp-caption aligncenter\"><a href=\"https:\/\/pay.lpwstore.com\/wp-content\/uploads\/2021\/02\/MOC-35455-Remote-Controlled-MOC-Transport-Vehicles-Star-Wars-by-ohsojang-MOC-FACTORY-2.jpg\" target=\"_blank\" rel=\"noopener\"><img fetchpriority=\"high\" decoding=\"async\" class=\"wp-image-208054 size-full\" title=\"MOC-35455 t\u00e1vir\u00e1ny\u00edt\u00f3s MOC sz\u00e1ll\u00edt\u00f3j\u00e1rm\u0171vek Star Wars, ohsojang MOC FACTORY\" src=\"https:\/\/pay.lpwstore.com\/wp-content\/uploads\/2021\/02\/MOC-35455-Remote-Controlled-MOC-Transport-Vehicles-Star-Wars-by-ohsojang-MOC-FACTORY-2.jpg\" alt=\"MOC-35455 Remote Controlled MOC Transport Vehicles Star Wars by ohsojang MOC FACTORY\" width=\"800\" height=\"800\" \/><\/a><figcaption id=\"caption-attachment-208054\" class=\"wp-caption-text\">MOC-35455 t\u00e1vir\u00e1ny\u00edt\u00f3s MOC sz\u00e1ll\u00edt\u00f3j\u00e1rm\u0171vek Star Wars, ohsojang MOC FACTORY<\/figcaption><\/figure>\n<figure id=\"attachment_208052\" aria-describedby=\"caption-attachment-208052\" style=\"width: 1000px\" class=\"wp-caption aligncenter\"><img decoding=\"async\" class=\"size-full wp-image-208052\" title=\"MOC-35455 t\u00e1vir\u00e1ny\u00edt\u00f3s MOC sz\u00e1ll\u00edt\u00f3j\u00e1rm\u0171vek Star Wars, ohsojang MOC FACTORY\" src=\"https:\/\/pay.lpwstore.com\/wp-content\/uploads\/2021\/06\/moc-35455-remote-controlled-moc-transport-vehicles-star-wars-by-ohsojang-moc-factory-005407.jpg\" alt=\"MOC-35455 Remote Controlled MOC Transport Vehicles Star Wars by ohsojang MOC FACTORY\" width=\"1000\" height=\"1000\" \/><figcaption id=\"caption-attachment-208052\" class=\"wp-caption-text\">MOC-35455 t\u00e1vir\u00e1ny\u00edt\u00f3s MOC sz\u00e1ll\u00edt\u00f3j\u00e1rm\u0171vek Star Wars, ohsojang MOC FACTORY<\/figcaption><\/figure>\n<figure id=\"attachment_208053\" aria-describedby=\"caption-attachment-208053\" style=\"width: 1000px\" class=\"wp-caption aligncenter\"><img decoding=\"async\" class=\"size-full wp-image-208053\" title=\"MOC-35455 t\u00e1vir\u00e1ny\u00edt\u00f3s MOC sz\u00e1ll\u00edt\u00f3j\u00e1rm\u0171vek Star Wars, ohsojang MOC FACTORY\" src=\"https:\/\/pay.lpwstore.com\/wp-content\/uploads\/2021\/06\/moc-35455-remote-controlled-moc-transport-vehicles-star-wars-by-ohsojang-moc-factory-005411.jpg\" alt=\"MOC-35455 Remote Controlled MOC Transport Vehicles Star Wars by ohsojang MOC FACTORY\" width=\"1000\" height=\"1000\" \/><figcaption id=\"caption-attachment-208053\" class=\"wp-caption-text\">MOC-35455 t\u00e1vir\u00e1ny\u00edt\u00f3s MOC sz\u00e1ll\u00edt\u00f3j\u00e1rm\u0171vek Star Wars, ohsojang MOC FACTORY<\/figcaption><\/figure>","protected":false},"excerpt":{"rendered":"<ul>\n<li>Tartalmazza\u00a0<strong>1182+<\/strong>\u00a0db<\/li>\n<li>Online PDF oktat\u00e1s<\/li>\n<li>Kiv\u00e1l\u00f3 min\u0151s\u00e9g\u0171 ABS blokk<\/li>\n<\/ul>","protected":false},"featured_media":24661,"comment_status":"open","ping_status":"closed","template":"","meta":{"_acf_changed":false},"product_cat":[415],"product_tag":[],"class_list":["product","first","instock","shipping-taxable","purchasable","product-type-simple"],"acf":[],"_links":{"self":[{"href":"https:\/\/mouldking.store\/hu\/wp-json\/wp\/v2\/product\/24664","targetHints":{"allow":["GET"]}}],"collection":[{"href":"https:\/\/mouldking.store\/hu\/wp-json\/wp\/v2\/product"}],"about":[{"href":"https:\/\/mouldking.store\/hu\/wp-json\/wp\/v2\/types\/product"}],"replies":[{"embeddable":true,"href":"https:\/\/mouldking.store\/hu\/wp-json\/wp\/v2\/comments?post=24664"}],"wp:featuredmedia":[{"embeddable":true,"href":"https:\/\/mouldking.store\/hu\/wp-json\/wp\/v2\/media\/24661"}],"wp:attachment":[{"href":"https:\/\/mouldking.store\/hu\/wp-json\/wp\/v2\/media?parent=24664"}],"wp:term":[{"taxonomy":"product_cat","embeddable":true,"href":"https:\/\/mouldking.store\/hu\/wp-json\/wp\/v2\/product_cat?post=24664"},{"taxonomy":"product_tag","embeddable":true,"href":"https:\/\/mouldking.store\/hu\/wp-json\/wp\/v2\/product_tag?post=24664"}],"curies":[{"name":"wp","href":"https:\/\/api.w.org\/{rel}","templated":true}]}}