{"id":24667,"date":"2021-10-10T05:17:22","date_gmt":"2021-10-10T05:17:22","guid":{"rendered":"https:\/\/mouldking.store\/shop\/moc-36344-zelda-moc-the-master-sword-creator-by-skywardbrick-moc-factory\/"},"modified":"2025-12-25T09:17:20","modified_gmt":"2025-12-25T02:17:20","slug":"moc-36344-zelda-moc-the-master-sword-creator-by-skywardbrick-moc-factory","status":"publish","type":"product","link":"https:\/\/mouldking.store\/hu\/shop\/moc-36344-zelda-moc-the-master-sword-creator-by-skywardbrick-moc-factory\/","title":{"rendered":"MOC-36344 Zelda MOC: The Master Sword Creator by SkywardBrick MOC FACTORY"},"content":{"rendered":"<p>MOC-36344 Zelda MOC: The Master Sword Creator by SkywardBrick MOC FACTORY is a set in Creator collection, designed by SkywardBrick. This MOC 36344 comes with PDF instruction which is easy to build and find the missing pieces. The set contains 389 pieces, first released in 2021.<\/p>\n<figure id=\"attachment_208058\" aria-describedby=\"caption-attachment-208058\" style=\"width: 800px\" class=\"wp-caption aligncenter\"><a href=\"https:\/\/pay.lpwstore.com\/wp-content\/uploads\/2021\/06\/MOC-36344-Zelda-MOC-The-Master-Sword-Creator-by-SkywardBrick-MOC-FACTORY.jpg\" target=\"_blank\" rel=\"noopener\"><img fetchpriority=\"high\" decoding=\"async\" class=\"wp-image-208058 size-full\" title=\"MOC-36344 Zelda MOC: The Master Sword Creator by SkywardBrick MOC FACTORY\" src=\"https:\/\/pay.lpwstore.com\/wp-content\/uploads\/2021\/06\/MOC-36344-Zelda-MOC-The-Master-Sword-Creator-by-SkywardBrick-MOC-FACTORY.jpg\" alt=\"MOC-36344 Zelda MOC: The Master Sword Creator by SkywardBrick MOC FACTORY\" width=\"800\" height=\"800\" \/><\/a><figcaption id=\"caption-attachment-208058\" class=\"wp-caption-text\">MOC-36344 Zelda MOC: The Master Sword Creator by SkywardBrick MOC FACTORY<\/figcaption><\/figure>\n<figure id=\"attachment_208057\" aria-describedby=\"caption-attachment-208057\" style=\"width: 1000px\" class=\"wp-caption aligncenter\"><img decoding=\"async\" class=\"size-full wp-image-208057\" title=\"MOC-36344 Zelda MOC: The Master Sword Creator by SkywardBrick MOC FACTORY\" src=\"https:\/\/pay.lpwstore.com\/wp-content\/uploads\/2021\/06\/moc-36344-zelda-moc-the-master-sword-creator-by-skywardbrick-moc-factory-101305.jpg\" alt=\"MOC-36344 Zelda MOC: The Master Sword Creator by SkywardBrick MOC FACTORY\" width=\"1000\" height=\"1000\" \/><figcaption id=\"caption-attachment-208057\" class=\"wp-caption-text\">MOC-36344 Zelda MOC: The Master Sword Creator by SkywardBrick MOC FACTORY<\/figcaption><\/figure>","protected":false},"excerpt":{"rendered":"<ul>\n<li>Tartalmazza\u00a0<strong>389+<\/strong>\u00a0db<\/li>\n<li>Online PDF oktat\u00e1s<\/li>\n<li>Kiv\u00e1l\u00f3 min\u0151s\u00e9g\u0171 ABS blokk<\/li>\n<li>Dimensions: 11 x 8 x 30 cm<\/li>\n<\/ul>","protected":false},"featured_media":24665,"comment_status":"open","ping_status":"closed","template":"","meta":{"_acf_changed":false},"product_cat":[371],"product_tag":[],"class_list":["product","first","instock","shipping-taxable","purchasable","product-type-simple"],"acf":[],"_links":{"self":[{"href":"https:\/\/mouldking.store\/hu\/wp-json\/wp\/v2\/product\/24667","targetHints":{"allow":["GET"]}}],"collection":[{"href":"https:\/\/mouldking.store\/hu\/wp-json\/wp\/v2\/product"}],"about":[{"href":"https:\/\/mouldking.store\/hu\/wp-json\/wp\/v2\/types\/product"}],"replies":[{"embeddable":true,"href":"https:\/\/mouldking.store\/hu\/wp-json\/wp\/v2\/comments?post=24667"}],"wp:featuredmedia":[{"embeddable":true,"href":"https:\/\/mouldking.store\/hu\/wp-json\/wp\/v2\/media\/24665"}],"wp:attachment":[{"href":"https:\/\/mouldking.store\/hu\/wp-json\/wp\/v2\/media?parent=24667"}],"wp:term":[{"taxonomy":"product_cat","embeddable":true,"href":"https:\/\/mouldking.store\/hu\/wp-json\/wp\/v2\/product_cat?post=24667"},{"taxonomy":"product_tag","embeddable":true,"href":"https:\/\/mouldking.store\/hu\/wp-json\/wp\/v2\/product_tag?post=24667"}],"curies":[{"name":"wp","href":"https:\/\/api.w.org\/{rel}","templated":true}]}}