{"id":24683,"date":"2021-10-10T05:17:28","date_gmt":"2021-10-09T22:17:28","guid":{"rendered":"https:\/\/mouldking.store\/shop\/moc-58776-delorean-time-machine-movie-by-legotuner33-moc-factory\/"},"modified":"2025-12-25T09:17:20","modified_gmt":"2025-12-25T02:17:20","slug":"moc-58776-delorean-time-machine-movie-by-legotuner33-moc-factory","status":"publish","type":"product","link":"https:\/\/mouldking.store\/hu\/shop\/moc-58776-delorean-time-machine-movie-by-legotuner33-moc-factory\/","title":{"rendered":"MOC-58776 DeLorean Time Machine Movie, szerz\u0151: legotuner33 MOC FACTORY"},"content":{"rendered":"<p>MOC-58776 DeLorean Time Machine Movie by legotuner33 MOC FACTORY is a set in Movie collection, designed by legotuner33. This MOC 58776 comes with PDF instruction which is easy to build and find the missing pieces. The set contains 345 pieces, first released in 2021.<\/p>\n<figure id=\"attachment_32062\" aria-describedby=\"caption-attachment-32062\" style=\"width: 800px\" class=\"wp-caption aligncenter\"><img fetchpriority=\"high\" decoding=\"async\" class=\"size-full wp-image-32062\" title=\"MOC-58776 Movie DeLorean Time Machine Designer legotuner33 MOC FACTORY\" src=\"https:\/\/mocfactory.com\/wp-content\/uploads\/2021\/06\/moc-58776-movie-delorean-time-machine-designer-legotuner33-moc-factory.jpg\" alt=\"MOC-58776 Movie DeLorean Time Machine Designer legotuner33 MOC FACTORY\" width=\"800\" height=\"800\" \/><figcaption id=\"caption-attachment-32062\" class=\"wp-caption-text\">MOC-58776 Movie DeLorean Time Machine Designer legotuner33 MOC FACTORY<\/figcaption><\/figure>\n<figure id=\"attachment_32063\" aria-describedby=\"caption-attachment-32063\" style=\"width: 1000px\" class=\"wp-caption aligncenter\"><img decoding=\"async\" class=\"size-full wp-image-32063\" title=\"MOC-58776 Movie DeLorean Time Machine Designer legotuner33 MOC FACTORY\" src=\"https:\/\/mocfactory.com\/wp-content\/uploads\/2021\/06\/moc-58776-movie-delorean-time-machine-designer-legotuner33-moc-factory-1.jpg\" alt=\"MOC-58776 Movie DeLorean Time Machine Designer legotuner33 MOC FACTORY\" width=\"1000\" height=\"1000\" \/><figcaption id=\"caption-attachment-32063\" class=\"wp-caption-text\">MOC-58776 Movie DeLorean Time Machine Designer legotuner33 MOC FACTORY<\/figcaption><\/figure>\n<figure id=\"attachment_32064\" aria-describedby=\"caption-attachment-32064\" style=\"width: 1000px\" class=\"wp-caption aligncenter\"><img decoding=\"async\" class=\"size-full wp-image-32064\" title=\"MOC-58776 Movie DeLorean Time Machine Designer legotuner33 MOC FACTORY\" src=\"https:\/\/mocfactory.com\/wp-content\/uploads\/2021\/06\/moc-58776-movie-delorean-time-machine-designer-legotuner33-moc-factory-2.jpg\" alt=\"MOC-58776 Movie DeLorean Time Machine Designer legotuner33 MOC FACTORY\" width=\"1000\" height=\"1000\" \/><figcaption id=\"caption-attachment-32064\" class=\"wp-caption-text\">MOC-58776 Movie DeLorean Time Machine Designer legotuner33 MOC FACTORY<\/figcaption><\/figure>\n<figure id=\"attachment_32065\" aria-describedby=\"caption-attachment-32065\" style=\"width: 1000px\" class=\"wp-caption aligncenter\"><img loading=\"lazy\" decoding=\"async\" class=\"size-full wp-image-32065\" title=\"MOC-58776 Movie DeLorean Time Machine Designer legotuner33 MOC FACTORY\" src=\"https:\/\/mocfactory.com\/wp-content\/uploads\/2021\/06\/moc-58776-movie-delorean-time-machine-designer-legotuner33-moc-factory-3.jpg\" alt=\"MOC-58776 Movie DeLorean Time Machine Designer legotuner33 MOC FACTORY\" width=\"1000\" height=\"1000\" \/><figcaption id=\"caption-attachment-32065\" class=\"wp-caption-text\">MOC-58776 Movie DeLorean Time Machine Designer legotuner33 MOC FACTORY<\/figcaption><\/figure>\n<figure id=\"attachment_32066\" aria-describedby=\"caption-attachment-32066\" style=\"width: 1000px\" class=\"wp-caption aligncenter\"><img loading=\"lazy\" decoding=\"async\" class=\"size-full wp-image-32066\" title=\"MOC-58776 Movie DeLorean Time Machine Designer legotuner33 MOC FACTORY\" src=\"https:\/\/mocfactory.com\/wp-content\/uploads\/2021\/06\/moc-58776-movie-delorean-time-machine-designer-legotuner33-moc-factory-4.jpg\" alt=\"MOC-58776 Movie DeLorean Time Machine Designer legotuner33 MOC FACTORY\" width=\"1000\" height=\"1000\" \/><figcaption id=\"caption-attachment-32066\" class=\"wp-caption-text\">MOC-58776 Movie DeLorean Time Machine Designer legotuner33 MOC FACTORY<\/figcaption><\/figure>","protected":false},"excerpt":{"rendered":"<ul>\n<li>Tartalmazza\u00a0<strong>345+<\/strong>\u00a0db<\/li>\n<li>Online PDF oktat\u00e1s<\/li>\n<li>Kiv\u00e1l\u00f3 min\u0151s\u00e9g\u0171 ABS blokk<\/li>\n<li>Dimensions: 16 x 7 x 5 cm<\/li>\n<li>Arrange time: 3-7 weeks (custom item)<\/li>\n<\/ul>","protected":false},"featured_media":24678,"comment_status":"open","ping_status":"closed","template":"","meta":{"_acf_changed":false},"product_cat":[581],"product_tag":[],"class_list":["product","first","instock","shipping-taxable","purchasable","product-type-simple"],"acf":[],"_links":{"self":[{"href":"https:\/\/mouldking.store\/hu\/wp-json\/wp\/v2\/product\/24683","targetHints":{"allow":["GET"]}}],"collection":[{"href":"https:\/\/mouldking.store\/hu\/wp-json\/wp\/v2\/product"}],"about":[{"href":"https:\/\/mouldking.store\/hu\/wp-json\/wp\/v2\/types\/product"}],"replies":[{"embeddable":true,"href":"https:\/\/mouldking.store\/hu\/wp-json\/wp\/v2\/comments?post=24683"}],"wp:featuredmedia":[{"embeddable":true,"href":"https:\/\/mouldking.store\/hu\/wp-json\/wp\/v2\/media\/24678"}],"wp:attachment":[{"href":"https:\/\/mouldking.store\/hu\/wp-json\/wp\/v2\/media?parent=24683"}],"wp:term":[{"taxonomy":"product_cat","embeddable":true,"href":"https:\/\/mouldking.store\/hu\/wp-json\/wp\/v2\/product_cat?post=24683"},{"taxonomy":"product_tag","embeddable":true,"href":"https:\/\/mouldking.store\/hu\/wp-json\/wp\/v2\/product_tag?post=24683"}],"curies":[{"name":"wp","href":"https:\/\/api.w.org\/{rel}","templated":true}]}}