{"id":24804,"date":"2021-10-10T05:19:09","date_gmt":"2021-10-09T22:19:09","guid":{"rendered":"https:\/\/mouldking.store\/shop\/moc-53207-imperial-probe-droid-star-wars-by-dmarkng-moc-factory\/"},"modified":"2025-12-25T09:17:19","modified_gmt":"2025-12-25T02:17:19","slug":"moc-53207-imperial-probe-droid-star-wars-by-dmarkng-moc-factory","status":"publish","type":"product","link":"https:\/\/mouldking.store\/hu\/shop\/moc-53207-imperial-probe-droid-star-wars-by-dmarkng-moc-factory\/","title":{"rendered":"MOC-53207 Imperial Probe Droid Star Wars a dmarkng MOC FACTORY c\u00e9gt\u0151l"},"content":{"rendered":"<p>A MOC-53207 Imperial Probe Droid Star Wars, a dmarkng MOC FACTORY k\u00e9szlete a Star Wars kollekci\u00f3ban, a dmarkng tervezte. Ez a MOC 53207 PDF utas\u00edt\u00e1ssal \u00e9rkezik, amely k\u00f6nnyen \u00f6ssze\u00e1ll\u00edthat\u00f3 \u00e9s megtal\u00e1lhatja a hi\u00e1nyz\u00f3 darabokat. A k\u00e9szlet 1110 darabot tartalmaz, el\u0151sz\u00f6r 2021-ben adt\u00e1k ki.<\/p>\n<figure id=\"attachment_208381\" aria-describedby=\"caption-attachment-208381\" style=\"width: 800px\" class=\"wp-caption aligncenter\"><a href=\"https:\/\/pay.lpwstore.com\/wp-content\/uploads\/2021\/06\/MOC-53207-Imperial-Probe-Droid-Star-Wars-by-dmarkng-MOC-FACTORY.jpg\" target=\"_blank\" rel=\"noopener\"><img fetchpriority=\"high\" decoding=\"async\" class=\"wp-image-208381 size-full\" title=\"MOC-53207 Imperial Probe Droid Star Wars a dmarkng MOC FACTORY c\u00e9gt\u0151l\" src=\"https:\/\/pay.lpwstore.com\/wp-content\/uploads\/2021\/06\/MOC-53207-Imperial-Probe-Droid-Star-Wars-by-dmarkng-MOC-FACTORY.jpg\" alt=\"MOC-53207 Imperial Probe Droid Star Wars by dmarkng MOC FACTORY\" width=\"800\" height=\"800\" \/><\/a><figcaption id=\"caption-attachment-208381\" class=\"wp-caption-text\">MOC-53207 Imperial Probe Droid Star Wars a dmarkng MOC FACTORY c\u00e9gt\u0151l<\/figcaption><\/figure>\n<figure id=\"attachment_208379\" aria-describedby=\"caption-attachment-208379\" style=\"width: 800px\" class=\"wp-caption aligncenter\"><img decoding=\"async\" class=\"size-full wp-image-208379\" title=\"MOC-53207 Imperial Probe Droid Star Wars a dmarkng MOC FACTORY c\u00e9gt\u0151l\" src=\"https:\/\/pay.lpwstore.com\/wp-content\/uploads\/2021\/06\/moc-53207-imperial-probe-droid-star-wars-by-dmarkng-moc-factory-112059.jpg\" alt=\"MOC-53207 Imperial Probe Droid Star Wars by dmarkng MOC FACTORY\" width=\"800\" height=\"800\" \/><figcaption id=\"caption-attachment-208379\" class=\"wp-caption-text\">MOC-53207 Imperial Probe Droid Star Wars a dmarkng MOC FACTORY c\u00e9gt\u0151l<\/figcaption><\/figure>\n<figure id=\"attachment_208380\" aria-describedby=\"caption-attachment-208380\" style=\"width: 800px\" class=\"wp-caption aligncenter\"><img decoding=\"async\" class=\"size-full wp-image-208380\" title=\"MOC-53207 Imperial Probe Droid Star Wars a dmarkng MOC FACTORY c\u00e9gt\u0151l\" src=\"https:\/\/pay.lpwstore.com\/wp-content\/uploads\/2021\/06\/moc-53207-imperial-probe-droid-star-wars-by-dmarkng-moc-factory-112103.jpg\" alt=\"MOC-53207 Imperial Probe Droid Star Wars by dmarkng MOC FACTORY\" width=\"800\" height=\"800\" \/><figcaption id=\"caption-attachment-208380\" class=\"wp-caption-text\">MOC-53207 Imperial Probe Droid Star Wars a dmarkng MOC FACTORY c\u00e9gt\u0151l<\/figcaption><\/figure>","protected":false},"excerpt":{"rendered":"<ul>\n<li>Tartalmazza\u00a0<strong>1110+<\/strong>\u00a0db<\/li>\n<li>Online PDF oktat\u00e1s<\/li>\n<li>Kiv\u00e1l\u00f3 min\u0151s\u00e9g\u0171 ABS blokk<\/li>\n<li>M\u00e9retek: 11 x 11 x 24 cm<\/li>\n<\/ul>","protected":false},"featured_media":24801,"comment_status":"open","ping_status":"closed","template":"","meta":{"_acf_changed":false},"product_cat":[415],"product_tag":[],"class_list":["product","first","instock","shipping-taxable","purchasable","product-type-simple"],"acf":[],"_links":{"self":[{"href":"https:\/\/mouldking.store\/hu\/wp-json\/wp\/v2\/product\/24804","targetHints":{"allow":["GET"]}}],"collection":[{"href":"https:\/\/mouldking.store\/hu\/wp-json\/wp\/v2\/product"}],"about":[{"href":"https:\/\/mouldking.store\/hu\/wp-json\/wp\/v2\/types\/product"}],"replies":[{"embeddable":true,"href":"https:\/\/mouldking.store\/hu\/wp-json\/wp\/v2\/comments?post=24804"}],"wp:featuredmedia":[{"embeddable":true,"href":"https:\/\/mouldking.store\/hu\/wp-json\/wp\/v2\/media\/24801"}],"wp:attachment":[{"href":"https:\/\/mouldking.store\/hu\/wp-json\/wp\/v2\/media?parent=24804"}],"wp:term":[{"taxonomy":"product_cat","embeddable":true,"href":"https:\/\/mouldking.store\/hu\/wp-json\/wp\/v2\/product_cat?post=24804"},{"taxonomy":"product_tag","embeddable":true,"href":"https:\/\/mouldking.store\/hu\/wp-json\/wp\/v2\/product_tag?post=24804"}],"curies":[{"name":"wp","href":"https:\/\/api.w.org\/{rel}","templated":true}]}}