{"id":24841,"date":"2021-10-10T05:20:43","date_gmt":"2021-10-10T05:20:43","guid":{"rendered":"https:\/\/mouldking.store\/shop\/moc-26896-jotaro-star-platinum-brickheadz-jojos-bizarre-adventure-creator-by-cryokina-moc-factory\/"},"modified":"2025-12-25T09:17:17","modified_gmt":"2025-12-25T02:17:17","slug":"moc-26896-jotaro-star-platinum-brickheadz-jojos-bizarre-adventure-creator-by-cryokina-moc-factory","status":"publish","type":"product","link":"https:\/\/mouldking.store\/hu\/shop\/moc-26896-jotaro-star-platinum-brickheadz-jojos-bizarre-adventure-creator-by-cryokina-moc-factory\/","title":{"rendered":"MOC-26896 Jotaro &amp; Star Platinum Brickheadz (JoJo&#8217;s Bizarre Adventure) Creator by Cryokina MOC FACTORY"},"content":{"rendered":"<p>MOC-26896 Jotaro &amp; Star Platinum Brickheadz (JoJo&#8217;s Bizarre Adventure) Creator by Cryokina MOC FACTORY is a set in Creator collection, designed by Cryokina. This MOC 26896 comes with PDF instruction which is easy to build and find the missing pieces. The set contains 318 pieces, first released in 2021.<\/p>\n<figure id=\"attachment_208431\" aria-describedby=\"caption-attachment-208431\" style=\"width: 800px\" class=\"wp-caption aligncenter\"><a href=\"https:\/\/pay.lpwstore.com\/wp-content\/uploads\/2021\/06\/MOC-26896-Jotaro-Star-Platinum-Brickheadz-JoJos-Bizarre-Adventure-Creator-by-Cryokina-MOC-FACTORY.jpg\" target=\"_blank\" rel=\"noopener\"><img fetchpriority=\"high\" decoding=\"async\" class=\"wp-image-208431 size-full\" title=\"MOC-26896 Jotaro &amp; Star Platinum Brickheadz (JoJo's Bizarre Adventure) Creator by Cryokina MOC FACTORY\" src=\"https:\/\/pay.lpwstore.com\/wp-content\/uploads\/2021\/06\/MOC-26896-Jotaro-Star-Platinum-Brickheadz-JoJos-Bizarre-Adventure-Creator-by-Cryokina-MOC-FACTORY.jpg\" alt=\"MOC-26896 Jotaro &amp; Star Platinum Brickheadz (JoJo's Bizarre Adventure) Creator by Cryokina MOC FACTORY\" width=\"800\" height=\"800\" \/><\/a><figcaption id=\"caption-attachment-208431\" class=\"wp-caption-text\">MOC-26896 Jotaro &amp; Star Platinum Brickheadz (JoJo&#8217;s Bizarre Adventure) Creator by Cryokina MOC FACTORY<\/figcaption><\/figure>","protected":false},"excerpt":{"rendered":"<ul>\n<li>Tartalmazza\u00a0<strong>318+<\/strong>\u00a0db<\/li>\n<li>Online PDF oktat\u00e1s<\/li>\n<li>Kiv\u00e1l\u00f3 min\u0151s\u00e9g\u0171 ABS blokk<\/li>\n<li>Dimensions: 5 x 6 x 9 cm<\/li>\n<\/ul>","protected":false},"featured_media":24840,"comment_status":"open","ping_status":"closed","template":"","meta":{"_acf_changed":false},"product_cat":[371],"product_tag":[],"class_list":["product","first","instock","shipping-taxable","purchasable","product-type-simple"],"acf":[],"_links":{"self":[{"href":"https:\/\/mouldking.store\/hu\/wp-json\/wp\/v2\/product\/24841","targetHints":{"allow":["GET"]}}],"collection":[{"href":"https:\/\/mouldking.store\/hu\/wp-json\/wp\/v2\/product"}],"about":[{"href":"https:\/\/mouldking.store\/hu\/wp-json\/wp\/v2\/types\/product"}],"replies":[{"embeddable":true,"href":"https:\/\/mouldking.store\/hu\/wp-json\/wp\/v2\/comments?post=24841"}],"wp:featuredmedia":[{"embeddable":true,"href":"https:\/\/mouldking.store\/hu\/wp-json\/wp\/v2\/media\/24840"}],"wp:attachment":[{"href":"https:\/\/mouldking.store\/hu\/wp-json\/wp\/v2\/media?parent=24841"}],"wp:term":[{"taxonomy":"product_cat","embeddable":true,"href":"https:\/\/mouldking.store\/hu\/wp-json\/wp\/v2\/product_cat?post=24841"},{"taxonomy":"product_tag","embeddable":true,"href":"https:\/\/mouldking.store\/hu\/wp-json\/wp\/v2\/product_tag?post=24841"}],"curies":[{"name":"wp","href":"https:\/\/api.w.org\/{rel}","templated":true}]}}