{"id":24852,"date":"2021-10-10T05:20:47","date_gmt":"2021-10-09T22:20:47","guid":{"rendered":"https:\/\/mouldking.store\/shop\/moc-51935-micro-world-1-wooded-hills-1125-scale-creator-by-mobilbenja-moc-factory\/"},"modified":"2025-12-25T09:17:17","modified_gmt":"2025-12-25T02:17:17","slug":"moc-51935-micro-world-1-wooded-hills-1125-scale-creator-by-mobilbenja-moc-factory","status":"publish","type":"product","link":"https:\/\/mouldking.store\/hu\/shop\/moc-51935-micro-world-1-wooded-hills-1125-scale-creator-by-mobilbenja-moc-factory\/","title":{"rendered":"MOC-51935 Mikrovil\u00e1g #1: Erd\u0151s dombok (1:125 m\u00e9retar\u00e1ny) K\u00e9sz\u00edt\u0151: Mobilbenja MOC FACTORY"},"content":{"rendered":"<p>MOC-51935 Micro world #1: Wooded hills (1:125 scale) Creator by Mobilbenja MOC FACTORY is a set in Creator collection, designed by Mobilbenja. This MOC 51935 comes with PDF instruction which is easy to build and find the missing pieces. The set contains 862 pieces, first released in 2021.<\/p>\n<figure id=\"attachment_209066\" aria-describedby=\"caption-attachment-209066\" style=\"width: 800px\" class=\"wp-caption aligncenter\"><a href=\"https:\/\/pay.lpwstore.com\/wp-content\/uploads\/2021\/06\/MOC-51935-Micro-world-1-Wooded-hills-1125-scale-Creator-by-Mobilbenja-MOC-FACTORY.jpg\" target=\"_blank\" rel=\"noopener\"><img fetchpriority=\"high\" decoding=\"async\" class=\"wp-image-209066 size-full\" title=\"MOC-51935 Mikrovil\u00e1g #1: Erd\u0151s dombok (1:125 m\u00e9retar\u00e1ny) K\u00e9sz\u00edt\u0151: Mobilbenja MOC FACTORY\" src=\"https:\/\/pay.lpwstore.com\/wp-content\/uploads\/2021\/06\/MOC-51935-Micro-world-1-Wooded-hills-1125-scale-Creator-by-Mobilbenja-MOC-FACTORY.jpg\" alt=\"MOC-51935 Micro world #1: Wooded hills (1:125 scale) Creator by Mobilbenja MOC FACTORY\" width=\"800\" height=\"800\" \/><\/a><figcaption id=\"caption-attachment-209066\" class=\"wp-caption-text\">MOC-51935 Mikrovil\u00e1g #1: Erd\u0151s dombok (1:125 m\u00e9retar\u00e1ny) K\u00e9sz\u00edt\u0151: Mobilbenja MOC FACTORY<\/figcaption><\/figure>\n<figure id=\"attachment_209065\" aria-describedby=\"caption-attachment-209065\" style=\"width: 1000px\" class=\"wp-caption aligncenter\"><img decoding=\"async\" class=\"size-full wp-image-209065\" title=\"MOC-51935 Mikrovil\u00e1g #1: Erd\u0151s dombok (1:125 m\u00e9retar\u00e1ny) K\u00e9sz\u00edt\u0151: Mobilbenja MOC FACTORY\" src=\"https:\/\/pay.lpwstore.com\/wp-content\/uploads\/2021\/06\/moc-51935-micro-world-1-wooded-hills-1125-scale-creator-by-mobilbenja-moc-factory-220903.jpg\" alt=\"MOC-51935 Micro world #1: Wooded hills (1:125 scale) Creator by Mobilbenja MOC FACTORY\" width=\"1000\" height=\"1000\" \/><figcaption id=\"caption-attachment-209065\" class=\"wp-caption-text\">MOC-51935 Mikrovil\u00e1g #1: Erd\u0151s dombok (1:125 m\u00e9retar\u00e1ny) K\u00e9sz\u00edt\u0151: Mobilbenja MOC FACTORY<\/figcaption><\/figure>","protected":false},"excerpt":{"rendered":"<ul>\n<li>Tartalmazza\u00a0<strong>862+<\/strong>\u00a0db<\/li>\n<li>Online PDF oktat\u00e1s<\/li>\n<li>Kiv\u00e1l\u00f3 min\u0151s\u00e9g\u0171 ABS blokk<\/li>\n<li>Dimensions: 10 x 10 x 11 cm<\/li>\n<\/ul>","protected":false},"featured_media":24850,"comment_status":"open","ping_status":"closed","template":"","meta":{"_acf_changed":false},"product_cat":[371],"product_tag":[],"class_list":["product","first","outofstock","shipping-taxable","purchasable","product-type-simple"],"acf":[],"_links":{"self":[{"href":"https:\/\/mouldking.store\/hu\/wp-json\/wp\/v2\/product\/24852","targetHints":{"allow":["GET"]}}],"collection":[{"href":"https:\/\/mouldking.store\/hu\/wp-json\/wp\/v2\/product"}],"about":[{"href":"https:\/\/mouldking.store\/hu\/wp-json\/wp\/v2\/types\/product"}],"replies":[{"embeddable":true,"href":"https:\/\/mouldking.store\/hu\/wp-json\/wp\/v2\/comments?post=24852"}],"wp:featuredmedia":[{"embeddable":true,"href":"https:\/\/mouldking.store\/hu\/wp-json\/wp\/v2\/media\/24850"}],"wp:attachment":[{"href":"https:\/\/mouldking.store\/hu\/wp-json\/wp\/v2\/media?parent=24852"}],"wp:term":[{"taxonomy":"product_cat","embeddable":true,"href":"https:\/\/mouldking.store\/hu\/wp-json\/wp\/v2\/product_cat?post=24852"},{"taxonomy":"product_tag","embeddable":true,"href":"https:\/\/mouldking.store\/hu\/wp-json\/wp\/v2\/product_tag?post=24852"}],"curies":[{"name":"wp","href":"https:\/\/api.w.org\/{rel}","templated":true}]}}