{"id":24864,"date":"2021-10-10T05:20:51","date_gmt":"2021-10-09T22:20:51","guid":{"rendered":"https:\/\/mouldking.store\/shop\/moc-56684-honeydukes-hogsmeade-winter-village-creator-by-benbuildslego-moc-factory\/"},"modified":"2025-12-25T09:17:17","modified_gmt":"2025-12-25T02:17:17","slug":"moc-56684-honeydukes-hogsmeade-winter-village-creator-by-benbuildslego-moc-factory","status":"publish","type":"product","link":"https:\/\/mouldking.store\/hu\/shop\/moc-56684-honeydukes-hogsmeade-winter-village-creator-by-benbuildslego-moc-factory\/","title":{"rendered":"MOC-56684 Honeydukes (Hogsmeade Winter Village) Alkot\u00f3: benbuildslego MOC FACTORY"},"content":{"rendered":"<p>MOC-56684 Honeydukes (Hogsmeade Winter Village) Creator a benbuildslego-t\u00f3l A MOC FACTORY egy k\u00e9szlet a Creator kollekci\u00f3ban, amelyet a benbuildslego tervezett. Ez a MOC 56684 PDF-utas\u00edt\u00e1ssal \u00e9rkezik, amely k\u00f6nnyen \u00f6ssze\u00e1ll\u00edthat\u00f3 \u00e9s megtal\u00e1lhatja a hi\u00e1nyz\u00f3 darabokat. A k\u00e9szlet 1263 darabot tartalmaz, el\u0151sz\u00f6r 2021-ben adt\u00e1k ki.<\/p>\n<figure id=\"attachment_209079\" aria-describedby=\"caption-attachment-209079\" style=\"width: 800px\" class=\"wp-caption aligncenter\"><img fetchpriority=\"high\" decoding=\"async\" class=\"size-full wp-image-25034\" src=\"https:\/\/mouldking.store\/wp-content\/uploads\/2021\/10\/unnamed-file-58.jpg\" width=\"800\" height=\"800\" alt=\"-\" title=\"-\" srcset=\"https:\/\/mouldking.store\/wp-content\/uploads\/2021\/10\/unnamed-file-58.jpg 800w, https:\/\/mouldking.store\/wp-content\/uploads\/2021\/10\/unnamed-file-58-300x300.jpg 300w, https:\/\/mouldking.store\/wp-content\/uploads\/2021\/10\/unnamed-file-58-768x768.jpg 768w, https:\/\/mouldking.store\/wp-content\/uploads\/2021\/10\/unnamed-file-58-600x600.jpg 600w, https:\/\/mouldking.store\/wp-content\/uploads\/2021\/10\/unnamed-file-58-150x150.jpg 150w\" sizes=\"(max-width: 800px) 100vw, 800px\" \/><figcaption id=\"caption-attachment-209079\" class=\"wp-caption-text\">MOC-56684 Honeydukes (Hogsmeade Winter Village) Alkot\u00f3: benbuildslego MOC FACTORY<\/figcaption><\/figure>\n<figure id=\"attachment_209077\" aria-describedby=\"caption-attachment-209077\" style=\"width: 1000px\" class=\"wp-caption aligncenter\"><img decoding=\"async\" class=\"size-full wp-image-25035\" src=\"https:\/\/mouldking.store\/wp-content\/uploads\/2021\/10\/unnamed-file-59.jpg\" width=\"1000\" height=\"1000\" alt=\"-\" title=\"-\" srcset=\"https:\/\/mouldking.store\/wp-content\/uploads\/2021\/10\/unnamed-file-59.jpg 1000w, https:\/\/mouldking.store\/wp-content\/uploads\/2021\/10\/unnamed-file-59-300x300.jpg 300w, https:\/\/mouldking.store\/wp-content\/uploads\/2021\/10\/unnamed-file-59-768x768.jpg 768w, https:\/\/mouldking.store\/wp-content\/uploads\/2021\/10\/unnamed-file-59-600x600.jpg 600w, https:\/\/mouldking.store\/wp-content\/uploads\/2021\/10\/unnamed-file-59-150x150.jpg 150w\" sizes=\"(max-width: 1000px) 100vw, 1000px\" \/><figcaption id=\"caption-attachment-209077\" class=\"wp-caption-text\">MOC-56684 Honeydukes (Hogsmeade Winter Village) Alkot\u00f3: benbuildslego MOC FACTORY<\/figcaption><\/figure>\n<figure id=\"attachment_209078\" aria-describedby=\"caption-attachment-209078\" style=\"width: 1000px\" class=\"wp-caption aligncenter\"><img decoding=\"async\" class=\"size-full wp-image-25036\" src=\"https:\/\/mouldking.store\/wp-content\/uploads\/2021\/10\/unnamed-file-60.jpg\" width=\"1000\" height=\"1000\" alt=\"-\" title=\"-\" srcset=\"https:\/\/mouldking.store\/wp-content\/uploads\/2021\/10\/unnamed-file-60.jpg 1000w, https:\/\/mouldking.store\/wp-content\/uploads\/2021\/10\/unnamed-file-60-300x300.jpg 300w, https:\/\/mouldking.store\/wp-content\/uploads\/2021\/10\/unnamed-file-60-768x768.jpg 768w, https:\/\/mouldking.store\/wp-content\/uploads\/2021\/10\/unnamed-file-60-600x600.jpg 600w, https:\/\/mouldking.store\/wp-content\/uploads\/2021\/10\/unnamed-file-60-150x150.jpg 150w\" sizes=\"(max-width: 1000px) 100vw, 1000px\" \/><figcaption id=\"caption-attachment-209078\" class=\"wp-caption-text\">MOC-56684 Honeydukes (Hogsmeade Winter Village) Alkot\u00f3: benbuildslego MOC FACTORY<\/figcaption><\/figure>","protected":false},"excerpt":{"rendered":"<ul>\n<li>Tartalmazza\u00a0<strong>1263+<\/strong>\u00a0db<\/li>\n<li>Online PDF oktat\u00e1s<\/li>\n<li>Kiv\u00e1l\u00f3 min\u0151s\u00e9g\u0171 ABS blokk<\/li>\n<li>M\u00e9retek: 12 x 20 x 26 cm<\/li>\n<\/ul>","protected":false},"featured_media":24861,"comment_status":"open","ping_status":"closed","template":"","meta":{"_acf_changed":false},"product_cat":[371],"product_tag":[],"class_list":["product","first","instock","shipping-taxable","purchasable","product-type-simple"],"acf":[],"_links":{"self":[{"href":"https:\/\/mouldking.store\/hu\/wp-json\/wp\/v2\/product\/24864","targetHints":{"allow":["GET"]}}],"collection":[{"href":"https:\/\/mouldking.store\/hu\/wp-json\/wp\/v2\/product"}],"about":[{"href":"https:\/\/mouldking.store\/hu\/wp-json\/wp\/v2\/types\/product"}],"replies":[{"embeddable":true,"href":"https:\/\/mouldking.store\/hu\/wp-json\/wp\/v2\/comments?post=24864"}],"wp:featuredmedia":[{"embeddable":true,"href":"https:\/\/mouldking.store\/hu\/wp-json\/wp\/v2\/media\/24861"}],"wp:attachment":[{"href":"https:\/\/mouldking.store\/hu\/wp-json\/wp\/v2\/media?parent=24864"}],"wp:term":[{"taxonomy":"product_cat","embeddable":true,"href":"https:\/\/mouldking.store\/hu\/wp-json\/wp\/v2\/product_cat?post=24864"},{"taxonomy":"product_tag","embeddable":true,"href":"https:\/\/mouldking.store\/hu\/wp-json\/wp\/v2\/product_tag?post=24864"}],"curies":[{"name":"wp","href":"https:\/\/api.w.org\/{rel}","templated":true}]}}