{"id":24870,"date":"2021-10-10T05:20:53","date_gmt":"2021-10-09T22:20:53","guid":{"rendered":"https:\/\/mouldking.store\/shop\/moc-90178-orchids-flower-creator-moc-factory\/"},"modified":"2025-12-25T09:17:17","modified_gmt":"2025-12-25T02:17:17","slug":"moc-90178-orchids-flower-creator-moc-factory","status":"publish","type":"product","link":"https:\/\/mouldking.store\/hu\/shop\/moc-90178-orchids-flower-creator-moc-factory\/","title":{"rendered":"MOC-90178 Orchide\u00e1k Vir\u00e1gteremt\u0151 MOC FACTORY"},"content":{"rendered":"<p>MOC-90178 Orchids Flower Creator MOC FACTORY is a set in Creator collection. This MOC 90178 comes with PDF instruction which is easy to build and find the missing pieces. The set contains 895 pieces, first released in 2021.<\/p>\n<figure id=\"attachment_209085\" aria-describedby=\"caption-attachment-209085\" style=\"width: 800px\" class=\"wp-caption aligncenter\"><img fetchpriority=\"high\" decoding=\"async\" class=\"size-full wp-image-25029\" src=\"https:\/\/mouldking.store\/wp-content\/uploads\/2021\/10\/unnamed-file-53.jpg\" width=\"800\" height=\"800\" alt=\"-\" title=\"-\" srcset=\"https:\/\/mouldking.store\/wp-content\/uploads\/2021\/10\/unnamed-file-53.jpg 800w, https:\/\/mouldking.store\/wp-content\/uploads\/2021\/10\/unnamed-file-53-300x300.jpg 300w, https:\/\/mouldking.store\/wp-content\/uploads\/2021\/10\/unnamed-file-53-768x768.jpg 768w, https:\/\/mouldking.store\/wp-content\/uploads\/2021\/10\/unnamed-file-53-600x600.jpg 600w, https:\/\/mouldking.store\/wp-content\/uploads\/2021\/10\/unnamed-file-53-150x150.jpg 150w\" sizes=\"(max-width: 800px) 100vw, 800px\" \/><figcaption id=\"caption-attachment-209085\" class=\"wp-caption-text\">MOC-90178 Orchide\u00e1k Vir\u00e1gteremt\u0151 MOC FACTORY<\/figcaption><\/figure>\n<figure id=\"attachment_209081\" aria-describedby=\"caption-attachment-209081\" style=\"width: 1000px\" class=\"wp-caption aligncenter\"><img decoding=\"async\" class=\"size-full wp-image-25030\" src=\"https:\/\/mouldking.store\/wp-content\/uploads\/2021\/10\/unnamed-file-54.jpg\" width=\"1000\" height=\"1000\" alt=\"-\" title=\"-\" srcset=\"https:\/\/mouldking.store\/wp-content\/uploads\/2021\/10\/unnamed-file-54.jpg 1000w, https:\/\/mouldking.store\/wp-content\/uploads\/2021\/10\/unnamed-file-54-300x300.jpg 300w, https:\/\/mouldking.store\/wp-content\/uploads\/2021\/10\/unnamed-file-54-768x768.jpg 768w, https:\/\/mouldking.store\/wp-content\/uploads\/2021\/10\/unnamed-file-54-600x600.jpg 600w, https:\/\/mouldking.store\/wp-content\/uploads\/2021\/10\/unnamed-file-54-150x150.jpg 150w\" sizes=\"(max-width: 1000px) 100vw, 1000px\" \/><figcaption id=\"caption-attachment-209081\" class=\"wp-caption-text\">MOC-90178 Orchide\u00e1k Vir\u00e1gteremt\u0151 MOC FACTORY<\/figcaption><\/figure>\n<figure id=\"attachment_209082\" aria-describedby=\"caption-attachment-209082\" style=\"width: 1000px\" class=\"wp-caption aligncenter\"><img decoding=\"async\" class=\"size-full wp-image-25031\" src=\"https:\/\/mouldking.store\/wp-content\/uploads\/2021\/10\/unnamed-file-55.jpg\" width=\"1000\" height=\"1000\" alt=\"-\" title=\"-\" srcset=\"https:\/\/mouldking.store\/wp-content\/uploads\/2021\/10\/unnamed-file-55.jpg 1000w, https:\/\/mouldking.store\/wp-content\/uploads\/2021\/10\/unnamed-file-55-300x300.jpg 300w, https:\/\/mouldking.store\/wp-content\/uploads\/2021\/10\/unnamed-file-55-768x768.jpg 768w, https:\/\/mouldking.store\/wp-content\/uploads\/2021\/10\/unnamed-file-55-600x600.jpg 600w, https:\/\/mouldking.store\/wp-content\/uploads\/2021\/10\/unnamed-file-55-150x150.jpg 150w\" sizes=\"(max-width: 1000px) 100vw, 1000px\" \/><figcaption id=\"caption-attachment-209082\" class=\"wp-caption-text\">MOC-90178 Orchide\u00e1k Vir\u00e1gteremt\u0151 MOC FACTORY<\/figcaption><\/figure>\n<figure id=\"attachment_209083\" aria-describedby=\"caption-attachment-209083\" style=\"width: 1000px\" class=\"wp-caption aligncenter\"><img loading=\"lazy\" decoding=\"async\" class=\"size-full wp-image-25032\" src=\"https:\/\/mouldking.store\/wp-content\/uploads\/2021\/10\/unnamed-file-56.jpg\" width=\"1000\" height=\"1000\" alt=\"-\" title=\"-\" srcset=\"https:\/\/mouldking.store\/wp-content\/uploads\/2021\/10\/unnamed-file-56.jpg 1000w, https:\/\/mouldking.store\/wp-content\/uploads\/2021\/10\/unnamed-file-56-300x300.jpg 300w, https:\/\/mouldking.store\/wp-content\/uploads\/2021\/10\/unnamed-file-56-768x768.jpg 768w, https:\/\/mouldking.store\/wp-content\/uploads\/2021\/10\/unnamed-file-56-600x600.jpg 600w, https:\/\/mouldking.store\/wp-content\/uploads\/2021\/10\/unnamed-file-56-150x150.jpg 150w\" sizes=\"(max-width: 1000px) 100vw, 1000px\" \/><figcaption id=\"caption-attachment-209083\" class=\"wp-caption-text\">MOC-90178 Orchide\u00e1k Vir\u00e1gteremt\u0151 MOC FACTORY<\/figcaption><\/figure>\n<figure id=\"attachment_209084\" aria-describedby=\"caption-attachment-209084\" style=\"width: 1000px\" class=\"wp-caption aligncenter\"><img loading=\"lazy\" decoding=\"async\" class=\"size-full wp-image-25033\" src=\"https:\/\/mouldking.store\/wp-content\/uploads\/2021\/10\/unnamed-file-57.jpg\" width=\"1000\" height=\"1000\" alt=\"-\" title=\"-\" srcset=\"https:\/\/mouldking.store\/wp-content\/uploads\/2021\/10\/unnamed-file-57.jpg 1000w, https:\/\/mouldking.store\/wp-content\/uploads\/2021\/10\/unnamed-file-57-300x300.jpg 300w, https:\/\/mouldking.store\/wp-content\/uploads\/2021\/10\/unnamed-file-57-768x768.jpg 768w, https:\/\/mouldking.store\/wp-content\/uploads\/2021\/10\/unnamed-file-57-600x600.jpg 600w, https:\/\/mouldking.store\/wp-content\/uploads\/2021\/10\/unnamed-file-57-150x150.jpg 150w\" sizes=\"(max-width: 1000px) 100vw, 1000px\" \/><figcaption id=\"caption-attachment-209084\" class=\"wp-caption-text\">MOC-90178 Orchide\u00e1k Vir\u00e1gteremt\u0151 MOC FACTORY<\/figcaption><\/figure>","protected":false},"excerpt":{"rendered":"<ul>\n<li>Tartalmazza\u00a0<strong>895+<\/strong>\u00a0db<\/li>\n<li>Online PDF oktat\u00e1s<\/li>\n<li>Kiv\u00e1l\u00f3 min\u0151s\u00e9g\u0171 ABS blokk<\/li>\n<li>Dimensions: 23 x 34 x 35 cm<\/li>\n<\/ul>","protected":false},"featured_media":24865,"comment_status":"open","ping_status":"closed","template":"","meta":{"_acf_changed":false},"product_cat":[371],"product_tag":[],"class_list":["product","first","instock","shipping-taxable","purchasable","product-type-simple"],"acf":[],"_links":{"self":[{"href":"https:\/\/mouldking.store\/hu\/wp-json\/wp\/v2\/product\/24870","targetHints":{"allow":["GET"]}}],"collection":[{"href":"https:\/\/mouldking.store\/hu\/wp-json\/wp\/v2\/product"}],"about":[{"href":"https:\/\/mouldking.store\/hu\/wp-json\/wp\/v2\/types\/product"}],"replies":[{"embeddable":true,"href":"https:\/\/mouldking.store\/hu\/wp-json\/wp\/v2\/comments?post=24870"}],"wp:featuredmedia":[{"embeddable":true,"href":"https:\/\/mouldking.store\/hu\/wp-json\/wp\/v2\/media\/24865"}],"wp:attachment":[{"href":"https:\/\/mouldking.store\/hu\/wp-json\/wp\/v2\/media?parent=24870"}],"wp:term":[{"taxonomy":"product_cat","embeddable":true,"href":"https:\/\/mouldking.store\/hu\/wp-json\/wp\/v2\/product_cat?post=24870"},{"taxonomy":"product_tag","embeddable":true,"href":"https:\/\/mouldking.store\/hu\/wp-json\/wp\/v2\/product_tag?post=24870"}],"curies":[{"name":"wp","href":"https:\/\/api.w.org\/{rel}","templated":true}]}}