{"id":24916,"date":"2021-10-10T05:21:11","date_gmt":"2021-10-10T05:21:11","guid":{"rendered":"https:\/\/mouldking.store\/shop\/moc-90181-baby-dragon-creator-moc-factory\/"},"modified":"2025-12-25T09:17:16","modified_gmt":"2025-12-25T02:17:16","slug":"moc-90181-baby-dragon-creator-moc-factory","status":"publish","type":"product","link":"https:\/\/mouldking.store\/hu\/shop\/moc-90181-baby-dragon-creator-moc-factory\/","title":{"rendered":"MOC-90181 B\u00e9bi S\u00e1rk\u00e1ny Alkot\u00f3 MOC GY\u00c1R"},"content":{"rendered":"<p>A MOC-90181 Baby Dragon Creator MOC FACTORY k\u00e9szlet a Creator kollekci\u00f3 egyik tagja. Ez a MOC 90181 PDF \u00fatmutat\u00f3val rendelkezik, amely k\u00f6nnyen meg\u00e9p\u00edthet\u0151 \u00e9s megtal\u00e1lhat\u00f3 a hi\u00e1nyz\u00f3 darabok. A k\u00e9szlet 433 darabot tartalmaz, \u00e9s eredetileg 2021-ben jelent meg.<\/p>\n<figure id=\"attachment_209381\" aria-describedby=\"caption-attachment-209381\" style=\"width: 800px\" class=\"wp-caption aligncenter\"><img fetchpriority=\"high\" decoding=\"async\" class=\"size-full wp-image-25002\" src=\"https:\/\/mouldking.store\/wp-content\/uploads\/2021\/10\/unnamed-file-26.jpg\" width=\"800\" height=\"800\" alt=\"-\" title=\"-\" srcset=\"https:\/\/mouldking.store\/wp-content\/uploads\/2021\/10\/unnamed-file-26.jpg 800w, https:\/\/mouldking.store\/wp-content\/uploads\/2021\/10\/unnamed-file-26-300x300.jpg 300w, https:\/\/mouldking.store\/wp-content\/uploads\/2021\/10\/unnamed-file-26-768x768.jpg 768w, https:\/\/mouldking.store\/wp-content\/uploads\/2021\/10\/unnamed-file-26-600x600.jpg 600w, https:\/\/mouldking.store\/wp-content\/uploads\/2021\/10\/unnamed-file-26-150x150.jpg 150w\" sizes=\"(max-width: 800px) 100vw, 800px\" \/><figcaption id=\"caption-attachment-209381\" class=\"wp-caption-text\">MOC-90181 B\u00e9bi S\u00e1rk\u00e1ny Alkot\u00f3 MOC GY\u00c1R<\/figcaption><\/figure>\n<figure id=\"attachment_209378\" aria-describedby=\"caption-attachment-209378\" style=\"width: 1000px\" class=\"wp-caption aligncenter\"><img decoding=\"async\" class=\"size-full wp-image-25004\" src=\"https:\/\/mouldking.store\/wp-content\/uploads\/2021\/10\/unnamed-file-28.jpg\" width=\"1000\" height=\"1000\" alt=\"-\" title=\"-\" srcset=\"https:\/\/mouldking.store\/wp-content\/uploads\/2021\/10\/unnamed-file-28.jpg 1000w, https:\/\/mouldking.store\/wp-content\/uploads\/2021\/10\/unnamed-file-28-300x300.jpg 300w, https:\/\/mouldking.store\/wp-content\/uploads\/2021\/10\/unnamed-file-28-768x768.jpg 768w, https:\/\/mouldking.store\/wp-content\/uploads\/2021\/10\/unnamed-file-28-600x600.jpg 600w, https:\/\/mouldking.store\/wp-content\/uploads\/2021\/10\/unnamed-file-28-150x150.jpg 150w\" sizes=\"(max-width: 1000px) 100vw, 1000px\" \/><figcaption id=\"caption-attachment-209378\" class=\"wp-caption-text\">MOC-90181 B\u00e9bi S\u00e1rk\u00e1ny Alkot\u00f3 MOC GY\u00c1R<\/figcaption><\/figure>\n<figure id=\"attachment_209379\" aria-describedby=\"caption-attachment-209379\" style=\"width: 1000px\" class=\"wp-caption aligncenter\"><img decoding=\"async\" class=\"size-full wp-image-25006\" src=\"https:\/\/mouldking.store\/wp-content\/uploads\/2021\/10\/unnamed-file-30.jpg\" width=\"1000\" height=\"1000\" alt=\"-\" title=\"-\" srcset=\"https:\/\/mouldking.store\/wp-content\/uploads\/2021\/10\/unnamed-file-30.jpg 1000w, https:\/\/mouldking.store\/wp-content\/uploads\/2021\/10\/unnamed-file-30-300x300.jpg 300w, https:\/\/mouldking.store\/wp-content\/uploads\/2021\/10\/unnamed-file-30-768x768.jpg 768w, https:\/\/mouldking.store\/wp-content\/uploads\/2021\/10\/unnamed-file-30-600x600.jpg 600w, https:\/\/mouldking.store\/wp-content\/uploads\/2021\/10\/unnamed-file-30-150x150.jpg 150w\" sizes=\"(max-width: 1000px) 100vw, 1000px\" \/><figcaption id=\"caption-attachment-209379\" class=\"wp-caption-text\">MOC-90181 B\u00e9bi S\u00e1rk\u00e1ny Alkot\u00f3 MOC GY\u00c1R<\/figcaption><\/figure>\n<figure id=\"attachment_209380\" aria-describedby=\"caption-attachment-209380\" style=\"width: 1000px\" class=\"wp-caption aligncenter\"><img loading=\"lazy\" decoding=\"async\" class=\"size-full wp-image-25008\" src=\"https:\/\/mouldking.store\/wp-content\/uploads\/2021\/10\/unnamed-file-32.jpg\" width=\"1000\" height=\"1000\" alt=\"-\" title=\"-\" srcset=\"https:\/\/mouldking.store\/wp-content\/uploads\/2021\/10\/unnamed-file-32.jpg 1000w, https:\/\/mouldking.store\/wp-content\/uploads\/2021\/10\/unnamed-file-32-300x300.jpg 300w, https:\/\/mouldking.store\/wp-content\/uploads\/2021\/10\/unnamed-file-32-768x768.jpg 768w, https:\/\/mouldking.store\/wp-content\/uploads\/2021\/10\/unnamed-file-32-600x600.jpg 600w, https:\/\/mouldking.store\/wp-content\/uploads\/2021\/10\/unnamed-file-32-150x150.jpg 150w\" sizes=\"(max-width: 1000px) 100vw, 1000px\" \/><figcaption id=\"caption-attachment-209380\" class=\"wp-caption-text\">MOC-90181 B\u00e9bi S\u00e1rk\u00e1ny Alkot\u00f3 MOC GY\u00c1R<\/figcaption><\/figure>","protected":false},"excerpt":{"rendered":"<ul>\n<li>Tartalmazza\u00a0<strong>433+<\/strong>\u00a0db<\/li>\n<li>Online PDF oktat\u00e1s<\/li>\n<li>Kiv\u00e1l\u00f3 min\u0151s\u00e9g\u0171 ABS blokk<\/li>\n<li>M\u00e9retek: 23 x 21 x 15 cm<\/li>\n<\/ul>","protected":false},"featured_media":24912,"comment_status":"open","ping_status":"closed","template":"","meta":{"_acf_changed":false},"product_cat":[371],"product_tag":[],"class_list":["product","first","instock","shipping-taxable","purchasable","product-type-simple"],"acf":[],"_links":{"self":[{"href":"https:\/\/mouldking.store\/hu\/wp-json\/wp\/v2\/product\/24916","targetHints":{"allow":["GET"]}}],"collection":[{"href":"https:\/\/mouldking.store\/hu\/wp-json\/wp\/v2\/product"}],"about":[{"href":"https:\/\/mouldking.store\/hu\/wp-json\/wp\/v2\/types\/product"}],"replies":[{"embeddable":true,"href":"https:\/\/mouldking.store\/hu\/wp-json\/wp\/v2\/comments?post=24916"}],"wp:featuredmedia":[{"embeddable":true,"href":"https:\/\/mouldking.store\/hu\/wp-json\/wp\/v2\/media\/24912"}],"wp:attachment":[{"href":"https:\/\/mouldking.store\/hu\/wp-json\/wp\/v2\/media?parent=24916"}],"wp:term":[{"taxonomy":"product_cat","embeddable":true,"href":"https:\/\/mouldking.store\/hu\/wp-json\/wp\/v2\/product_cat?post=24916"},{"taxonomy":"product_tag","embeddable":true,"href":"https:\/\/mouldking.store\/hu\/wp-json\/wp\/v2\/product_tag?post=24916"}],"curies":[{"name":"wp","href":"https:\/\/api.w.org\/{rel}","templated":true}]}}