{"id":24935,"date":"2021-10-10T05:21:17","date_gmt":"2021-10-10T05:21:17","guid":{"rendered":"https:\/\/mouldking.store\/shop\/moc-75906-tech-bad-batch-helmet-collection-star-wars-by-breaaad-moc-factory\/"},"modified":"2025-12-25T09:17:16","modified_gmt":"2025-12-25T02:17:16","slug":"moc-75906-tech-bad-batch-helmet-collection-star-wars-by-breaaad-moc-factory","status":"publish","type":"product","link":"https:\/\/mouldking.store\/hu\/shop\/moc-75906-tech-bad-batch-helmet-collection-star-wars-by-breaaad-moc-factory\/","title":{"rendered":"MOC-75906 Tech \u2013 Bad Batch Helmet Collection Star Wars, Breaaad MOC FACTORY"},"content":{"rendered":"<p>MOC-75906 Tech \u2013 Bad Batch Helmet Collection Star Wars a Breaaadt\u00f3l A MOC FACTORY a Breaaad \u00e1ltal tervezett Star Wars kollekci\u00f3 k\u00e9szlete. Ez a MOC 75906 PDF utas\u00edt\u00e1ssal \u00e9rkezik, amely k\u00f6nnyen \u00f6ssze\u00e1ll\u00edthat\u00f3 \u00e9s megtal\u00e1lhatja a hi\u00e1nyz\u00f3 darabokat. A k\u00e9szlet 526 darabot tartalmaz, el\u0151sz\u00f6r 2021-ben adt\u00e1k ki.<\/p>\n<figure id=\"attachment_209456\" aria-describedby=\"caption-attachment-209456\" style=\"width: 800px\" class=\"wp-caption aligncenter\"><img fetchpriority=\"high\" decoding=\"async\" class=\"size-full wp-image-24979\" src=\"https:\/\/mouldking.store\/wp-content\/uploads\/2021\/10\/unnamed-file-6.jpg\" width=\"800\" height=\"800\" alt=\"-\" title=\"-\" srcset=\"https:\/\/mouldking.store\/wp-content\/uploads\/2021\/10\/unnamed-file-6.jpg 800w, https:\/\/mouldking.store\/wp-content\/uploads\/2021\/10\/unnamed-file-6-300x300.jpg 300w, https:\/\/mouldking.store\/wp-content\/uploads\/2021\/10\/unnamed-file-6-768x768.jpg 768w, https:\/\/mouldking.store\/wp-content\/uploads\/2021\/10\/unnamed-file-6-600x600.jpg 600w, https:\/\/mouldking.store\/wp-content\/uploads\/2021\/10\/unnamed-file-6-150x150.jpg 150w\" sizes=\"(max-width: 800px) 100vw, 800px\" \/><figcaption id=\"caption-attachment-209456\" class=\"wp-caption-text\">MOC-75906 Tech \u2013 Bad Batch Helmet Collection Star Wars, Breaaad MOC FACTORY<\/figcaption><\/figure>\n<figure id=\"attachment_209453\" aria-describedby=\"caption-attachment-209453\" style=\"width: 1000px\" class=\"wp-caption aligncenter\"><img decoding=\"async\" class=\"size-full wp-image-24980\" src=\"https:\/\/mouldking.store\/wp-content\/uploads\/2021\/10\/unnamed-file-7.jpg\" width=\"1000\" height=\"1000\" alt=\"-\" title=\"-\" srcset=\"https:\/\/mouldking.store\/wp-content\/uploads\/2021\/10\/unnamed-file-7.jpg 1000w, https:\/\/mouldking.store\/wp-content\/uploads\/2021\/10\/unnamed-file-7-300x300.jpg 300w, https:\/\/mouldking.store\/wp-content\/uploads\/2021\/10\/unnamed-file-7-768x768.jpg 768w, https:\/\/mouldking.store\/wp-content\/uploads\/2021\/10\/unnamed-file-7-600x600.jpg 600w, https:\/\/mouldking.store\/wp-content\/uploads\/2021\/10\/unnamed-file-7-150x150.jpg 150w\" sizes=\"(max-width: 1000px) 100vw, 1000px\" \/><figcaption id=\"caption-attachment-209453\" class=\"wp-caption-text\">MOC-75906 Tech \u2013 Bad Batch Helmet Collection Star Wars, Breaaad MOC FACTORY<\/figcaption><\/figure>\n<figure id=\"attachment_209454\" aria-describedby=\"caption-attachment-209454\" style=\"width: 1000px\" class=\"wp-caption aligncenter\"><img decoding=\"async\" class=\"size-full wp-image-24981\" src=\"https:\/\/mouldking.store\/wp-content\/uploads\/2021\/10\/unnamed-file-8.jpg\" width=\"1000\" height=\"1000\" alt=\"-\" title=\"-\" srcset=\"https:\/\/mouldking.store\/wp-content\/uploads\/2021\/10\/unnamed-file-8.jpg 1000w, https:\/\/mouldking.store\/wp-content\/uploads\/2021\/10\/unnamed-file-8-300x300.jpg 300w, https:\/\/mouldking.store\/wp-content\/uploads\/2021\/10\/unnamed-file-8-768x768.jpg 768w, https:\/\/mouldking.store\/wp-content\/uploads\/2021\/10\/unnamed-file-8-600x600.jpg 600w, https:\/\/mouldking.store\/wp-content\/uploads\/2021\/10\/unnamed-file-8-150x150.jpg 150w\" sizes=\"(max-width: 1000px) 100vw, 1000px\" \/><figcaption id=\"caption-attachment-209454\" class=\"wp-caption-text\">MOC-75906 Tech \u2013 Bad Batch Helmet Collection Star Wars, Breaaad MOC FACTORY<\/figcaption><\/figure>\n<figure id=\"attachment_209455\" aria-describedby=\"caption-attachment-209455\" style=\"width: 1000px\" class=\"wp-caption aligncenter\"><img loading=\"lazy\" decoding=\"async\" class=\"size-full wp-image-24982\" src=\"https:\/\/mouldking.store\/wp-content\/uploads\/2021\/10\/unnamed-file-9.jpg\" width=\"1000\" height=\"1000\" alt=\"-\" title=\"-\" srcset=\"https:\/\/mouldking.store\/wp-content\/uploads\/2021\/10\/unnamed-file-9.jpg 1000w, https:\/\/mouldking.store\/wp-content\/uploads\/2021\/10\/unnamed-file-9-300x300.jpg 300w, https:\/\/mouldking.store\/wp-content\/uploads\/2021\/10\/unnamed-file-9-768x768.jpg 768w, https:\/\/mouldking.store\/wp-content\/uploads\/2021\/10\/unnamed-file-9-600x600.jpg 600w, https:\/\/mouldking.store\/wp-content\/uploads\/2021\/10\/unnamed-file-9-150x150.jpg 150w\" sizes=\"(max-width: 1000px) 100vw, 1000px\" \/><figcaption id=\"caption-attachment-209455\" class=\"wp-caption-text\">MOC-75906 Tech \u2013 Bad Batch Helmet Collection Star Wars, Breaaad MOC FACTORY<\/figcaption><\/figure>","protected":false},"excerpt":{"rendered":"<ul>\n<li>Tartalmazza\u00a0<strong>526+<\/strong>\u00a0db<\/li>\n<li>K\u00e9zi haszn\u00e1lati \u00fatmutat\u00f3<\/li>\n<li>Kiv\u00e1l\u00f3 min\u0151s\u00e9g\u0171 ABS blokk<\/li>\n<\/ul>","protected":false},"featured_media":24931,"comment_status":"open","ping_status":"closed","template":"","meta":{"_acf_changed":false},"product_cat":[415],"product_tag":[],"class_list":["product","first","instock","shipping-taxable","purchasable","product-type-simple"],"acf":[],"_links":{"self":[{"href":"https:\/\/mouldking.store\/hu\/wp-json\/wp\/v2\/product\/24935","targetHints":{"allow":["GET"]}}],"collection":[{"href":"https:\/\/mouldking.store\/hu\/wp-json\/wp\/v2\/product"}],"about":[{"href":"https:\/\/mouldking.store\/hu\/wp-json\/wp\/v2\/types\/product"}],"replies":[{"embeddable":true,"href":"https:\/\/mouldking.store\/hu\/wp-json\/wp\/v2\/comments?post=24935"}],"wp:featuredmedia":[{"embeddable":true,"href":"https:\/\/mouldking.store\/hu\/wp-json\/wp\/v2\/media\/24931"}],"wp:attachment":[{"href":"https:\/\/mouldking.store\/hu\/wp-json\/wp\/v2\/media?parent=24935"}],"wp:term":[{"taxonomy":"product_cat","embeddable":true,"href":"https:\/\/mouldking.store\/hu\/wp-json\/wp\/v2\/product_cat?post=24935"},{"taxonomy":"product_tag","embeddable":true,"href":"https:\/\/mouldking.store\/hu\/wp-json\/wp\/v2\/product_tag?post=24935"}],"curies":[{"name":"wp","href":"https:\/\/api.w.org\/{rel}","templated":true}]}}