{"id":25149,"date":"2021-10-18T11:04:11","date_gmt":"2021-10-18T11:04:11","guid":{"rendered":"https:\/\/mouldking.store\/?post_type=product&#038;p=25149"},"modified":"2021-12-23T09:42:00","modified_gmt":"2021-12-23T09:42:00","slug":"panlos-612005-brontosaurus-with-731-pieces","status":"publish","type":"product","link":"https:\/\/mouldking.store\/hu\/shop\/panlos-612005-brontosaurus-with-731-pieces\/","title":{"rendered":"PANLOS 612005 Brontosaurus with 731 pieces"},"content":{"rendered":"<p>Term\u00e9k inform\u00e1ci\u00f3:<br \/>\n1. Brand: PANLOS<br \/>\n2. Nem: Uniszex<br \/>\n3. Name: Brontosaurus<br \/>\n4. Korhat\u00e1r: &gt; 6 \u00e9ves<br \/>\n5. Model Number: 612005<br \/>\n6. Oszt\u00e1lyoz\u00e1s: \u00d6sszeszerel\u00e9s<br \/>\n7. M\u0171anyag blokk alakja: \u00f6nz\u00e1r\u00f3 t\u00e9gl\u00e1k<br \/>\n8. Anyaga: M\u0171anyag<br \/>\n9. M\u0171anyag t\u00edpus: ABS<br \/>\n10. Bricks Blocks: 731 PCS<br \/>\n11. R\u00e9szletes \u00f6sszeszerel\u00e9si \u00fatmutat\u00f3t tartalmaz.<br \/>\n\u00c9rtes\u00edt\u00e9s:<br \/>\n1. Eredeti doboz n\u00e9lk\u00fcl, de garant\u00e1ljuk, hogy term\u00e9keink min\u0151s\u00e9gbiztos\u00edt\u00e1ssal \u00e9s sz\u00e9p csomagol\u00e1ssal rendelkeznek.<br \/>\n2. Mint minden alkatr\u00e9szt, amelyet a sz\u00e1ll\u00edt\u00e1s el\u0151tt ellen\u0151rizt\u00fcnk, ez\u00e9rt ha \u00fagy tal\u00e1lja, hogy n\u00e9h\u00e1ny alkatr\u00e9sz hi\u00e1nyzik vagy s\u00e9r\u00fclt, ne agg\u00f3djon, \u00e9s k\u00e9rj\u00fck, vegye fel vel\u00fcnk a kapcsolatot, \u00e9s azonnal ingyenesen elk\u00fcldj\u00fck \u00d6nnek.<\/p>\n<figure id=\"attachment_25150\" aria-describedby=\"caption-attachment-25150\" style=\"width: 800px\" class=\"wp-caption aligncenter\"><img fetchpriority=\"high\" decoding=\"async\" class=\"wp-image-25150 size-full\" src=\"https:\/\/mouldking.store\/wp-content\/uploads\/2021\/10\/PANLOS-612005-Brontosaurus-with-731-pieces-1.jpg\" alt=\"PANLOS 612005 Brontosaurus with 731 pieces\" width=\"800\" height=\"800\" title=\"-\" srcset=\"https:\/\/mouldking.store\/wp-content\/uploads\/2021\/10\/PANLOS-612005-Brontosaurus-with-731-pieces-1.jpg 800w, https:\/\/mouldking.store\/wp-content\/uploads\/2021\/10\/PANLOS-612005-Brontosaurus-with-731-pieces-1-300x300.jpg 300w, https:\/\/mouldking.store\/wp-content\/uploads\/2021\/10\/PANLOS-612005-Brontosaurus-with-731-pieces-1-768x768.jpg 768w, https:\/\/mouldking.store\/wp-content\/uploads\/2021\/10\/PANLOS-612005-Brontosaurus-with-731-pieces-1-600x600.jpg 600w, https:\/\/mouldking.store\/wp-content\/uploads\/2021\/10\/PANLOS-612005-Brontosaurus-with-731-pieces-1-150x150.jpg 150w\" sizes=\"(max-width: 800px) 100vw, 800px\" \/><figcaption id=\"caption-attachment-25150\" class=\"wp-caption-text\">PANLOS 612005 Brontosaurus with 731 pieces<\/figcaption><\/figure>\n<figure id=\"attachment_25153\" aria-describedby=\"caption-attachment-25153\" style=\"width: 790px\" class=\"wp-caption aligncenter\"><img decoding=\"async\" class=\"wp-image-25153 size-full\" src=\"https:\/\/mouldking.store\/wp-content\/uploads\/2021\/10\/PANLOS-612005-Brontosaurus-with-731-pieces-4.jpg\" alt=\"PANLOS 612005 Brontosaurus with 731 pieces\" width=\"790\" height=\"953\" title=\"-\" srcset=\"https:\/\/mouldking.store\/wp-content\/uploads\/2021\/10\/PANLOS-612005-Brontosaurus-with-731-pieces-4.jpg 790w, https:\/\/mouldking.store\/wp-content\/uploads\/2021\/10\/PANLOS-612005-Brontosaurus-with-731-pieces-4-249x300.jpg 249w, https:\/\/mouldking.store\/wp-content\/uploads\/2021\/10\/PANLOS-612005-Brontosaurus-with-731-pieces-4-768x926.jpg 768w, https:\/\/mouldking.store\/wp-content\/uploads\/2021\/10\/PANLOS-612005-Brontosaurus-with-731-pieces-4-300x362.jpg 300w, https:\/\/mouldking.store\/wp-content\/uploads\/2021\/10\/PANLOS-612005-Brontosaurus-with-731-pieces-4-600x724.jpg 600w, https:\/\/mouldking.store\/wp-content\/uploads\/2021\/10\/PANLOS-612005-Brontosaurus-with-731-pieces-4-124x150.jpg 124w\" sizes=\"(max-width: 790px) 100vw, 790px\" \/><figcaption id=\"caption-attachment-25153\" class=\"wp-caption-text\">PANLOS 612005 Brontosaurus with 731 pieces<\/figcaption><\/figure>\n<figure id=\"attachment_25154\" aria-describedby=\"caption-attachment-25154\" style=\"width: 790px\" class=\"wp-caption aligncenter\"><img decoding=\"async\" class=\"wp-image-25154 size-full\" src=\"https:\/\/mouldking.store\/wp-content\/uploads\/2021\/10\/PANLOS-612005-Brontosaurus-with-731-pieces-5.jpg\" alt=\"PANLOS 612005 Brontosaurus with 731 pieces\" width=\"790\" height=\"915\" title=\"-\" srcset=\"https:\/\/mouldking.store\/wp-content\/uploads\/2021\/10\/PANLOS-612005-Brontosaurus-with-731-pieces-5.jpg 790w, https:\/\/mouldking.store\/wp-content\/uploads\/2021\/10\/PANLOS-612005-Brontosaurus-with-731-pieces-5-259x300.jpg 259w, https:\/\/mouldking.store\/wp-content\/uploads\/2021\/10\/PANLOS-612005-Brontosaurus-with-731-pieces-5-768x890.jpg 768w, https:\/\/mouldking.store\/wp-content\/uploads\/2021\/10\/PANLOS-612005-Brontosaurus-with-731-pieces-5-300x347.jpg 300w, https:\/\/mouldking.store\/wp-content\/uploads\/2021\/10\/PANLOS-612005-Brontosaurus-with-731-pieces-5-600x695.jpg 600w, https:\/\/mouldking.store\/wp-content\/uploads\/2021\/10\/PANLOS-612005-Brontosaurus-with-731-pieces-5-130x150.jpg 130w\" sizes=\"(max-width: 790px) 100vw, 790px\" \/><figcaption id=\"caption-attachment-25154\" class=\"wp-caption-text\">PANLOS 612005 Brontosaurus with 731 pieces<\/figcaption><\/figure>\n<figure id=\"attachment_25155\" aria-describedby=\"caption-attachment-25155\" style=\"width: 790px\" class=\"wp-caption aligncenter\"><img loading=\"lazy\" decoding=\"async\" class=\"wp-image-25155 size-full\" src=\"https:\/\/mouldking.store\/wp-content\/uploads\/2021\/10\/PANLOS-612005-Brontosaurus-with-731-pieces-6.jpg\" alt=\"PANLOS 612005 Brontosaurus with 731 pieces\" width=\"790\" height=\"886\" title=\"-\" srcset=\"https:\/\/mouldking.store\/wp-content\/uploads\/2021\/10\/PANLOS-612005-Brontosaurus-with-731-pieces-6.jpg 790w, https:\/\/mouldking.store\/wp-content\/uploads\/2021\/10\/PANLOS-612005-Brontosaurus-with-731-pieces-6-267x300.jpg 267w, https:\/\/mouldking.store\/wp-content\/uploads\/2021\/10\/PANLOS-612005-Brontosaurus-with-731-pieces-6-768x861.jpg 768w, https:\/\/mouldking.store\/wp-content\/uploads\/2021\/10\/PANLOS-612005-Brontosaurus-with-731-pieces-6-300x336.jpg 300w, https:\/\/mouldking.store\/wp-content\/uploads\/2021\/10\/PANLOS-612005-Brontosaurus-with-731-pieces-6-600x673.jpg 600w, https:\/\/mouldking.store\/wp-content\/uploads\/2021\/10\/PANLOS-612005-Brontosaurus-with-731-pieces-6-134x150.jpg 134w\" sizes=\"(max-width: 790px) 100vw, 790px\" \/><figcaption id=\"caption-attachment-25155\" class=\"wp-caption-text\">PANLOS 612005 Brontosaurus with 731 pieces<\/figcaption><\/figure>\n<figure id=\"attachment_25151\" aria-describedby=\"caption-attachment-25151\" style=\"width: 790px\" class=\"wp-caption aligncenter\"><img loading=\"lazy\" decoding=\"async\" class=\"wp-image-25151 size-full\" src=\"https:\/\/mouldking.store\/wp-content\/uploads\/2021\/10\/PANLOS-612005-Brontosaurus-with-731-pieces-2.jpg\" alt=\"PANLOS 612005 Brontosaurus with 731 pieces\" width=\"790\" height=\"558\" title=\"-\" srcset=\"https:\/\/mouldking.store\/wp-content\/uploads\/2021\/10\/PANLOS-612005-Brontosaurus-with-731-pieces-2.jpg 790w, https:\/\/mouldking.store\/wp-content\/uploads\/2021\/10\/PANLOS-612005-Brontosaurus-with-731-pieces-2-300x212.jpg 300w, https:\/\/mouldking.store\/wp-content\/uploads\/2021\/10\/PANLOS-612005-Brontosaurus-with-731-pieces-2-768x542.jpg 768w, https:\/\/mouldking.store\/wp-content\/uploads\/2021\/10\/PANLOS-612005-Brontosaurus-with-731-pieces-2-600x424.jpg 600w, https:\/\/mouldking.store\/wp-content\/uploads\/2021\/10\/PANLOS-612005-Brontosaurus-with-731-pieces-2-150x106.jpg 150w\" sizes=\"(max-width: 790px) 100vw, 790px\" \/><figcaption id=\"caption-attachment-25151\" class=\"wp-caption-text\">PANLOS 612005 Brontosaurus with 731 pieces<\/figcaption><\/figure>\n<figure id=\"attachment_25152\" aria-describedby=\"caption-attachment-25152\" style=\"width: 790px\" class=\"wp-caption aligncenter\"><img loading=\"lazy\" decoding=\"async\" class=\"wp-image-25152 size-full\" src=\"https:\/\/mouldking.store\/wp-content\/uploads\/2021\/10\/PANLOS-612005-Brontosaurus-with-731-pieces-3.jpg\" alt=\"PANLOS 612005 Brontosaurus with 731 pieces\" width=\"790\" height=\"558\" title=\"-\" srcset=\"https:\/\/mouldking.store\/wp-content\/uploads\/2021\/10\/PANLOS-612005-Brontosaurus-with-731-pieces-3.jpg 790w, https:\/\/mouldking.store\/wp-content\/uploads\/2021\/10\/PANLOS-612005-Brontosaurus-with-731-pieces-3-300x212.jpg 300w, https:\/\/mouldking.store\/wp-content\/uploads\/2021\/10\/PANLOS-612005-Brontosaurus-with-731-pieces-3-768x542.jpg 768w, https:\/\/mouldking.store\/wp-content\/uploads\/2021\/10\/PANLOS-612005-Brontosaurus-with-731-pieces-3-600x424.jpg 600w, https:\/\/mouldking.store\/wp-content\/uploads\/2021\/10\/PANLOS-612005-Brontosaurus-with-731-pieces-3-150x106.jpg 150w\" sizes=\"(max-width: 790px) 100vw, 790px\" \/><figcaption id=\"caption-attachment-25152\" class=\"wp-caption-text\">PANLOS 612005 Brontosaurus with 731 pieces<\/figcaption><\/figure>","protected":false},"excerpt":{"rendered":"<p>Product information: 1. Brand: PANLOS 2. Gender: Unisex 3. Name: Brontosaurus 4. Age Range: &gt; 6 years old 5. Model Number: 612005 6. Classification: Assemblage 7. Plastic Block Shape: Self-Locking Bricks 8. Material: Plastic 9. Plastic Type: ABS 10. Bricks Blocks: 731 PCS 11. Contains detailed assembly instructions. Notice: 1. Without an original box, but [&hellip;]<\/p>","protected":false},"featured_media":25150,"comment_status":"open","ping_status":"closed","template":"","meta":{"_acf_changed":false},"product_cat":[371],"product_tag":[2236,2234,1851,2233,2232,2235],"class_list":["product","first","instock","shipping-taxable","purchasable","product-type-simple"],"acf":[],"_links":{"self":[{"href":"https:\/\/mouldking.store\/hu\/wp-json\/wp\/v2\/product\/25149","targetHints":{"allow":["GET"]}}],"collection":[{"href":"https:\/\/mouldking.store\/hu\/wp-json\/wp\/v2\/product"}],"about":[{"href":"https:\/\/mouldking.store\/hu\/wp-json\/wp\/v2\/types\/product"}],"replies":[{"embeddable":true,"href":"https:\/\/mouldking.store\/hu\/wp-json\/wp\/v2\/comments?post=25149"}],"wp:featuredmedia":[{"embeddable":true,"href":"https:\/\/mouldking.store\/hu\/wp-json\/wp\/v2\/media\/25150"}],"wp:attachment":[{"href":"https:\/\/mouldking.store\/hu\/wp-json\/wp\/v2\/media?parent=25149"}],"wp:term":[{"taxonomy":"product_cat","embeddable":true,"href":"https:\/\/mouldking.store\/hu\/wp-json\/wp\/v2\/product_cat?post=25149"},{"taxonomy":"product_tag","embeddable":true,"href":"https:\/\/mouldking.store\/hu\/wp-json\/wp\/v2\/product_tag?post=25149"}],"curies":[{"name":"wp","href":"https:\/\/api.w.org\/{rel}","templated":true}]}}