{"id":25335,"date":"2021-10-20T17:07:51","date_gmt":"2021-10-20T17:07:51","guid":{"rendered":"https:\/\/mouldking.store\/?post_type=product&#038;p=25335"},"modified":"2021-12-23T09:41:55","modified_gmt":"2021-12-23T09:41:55","slug":"loz-1128-racing-car-with-1672-pieces","status":"publish","type":"product","link":"https:\/\/mouldking.store\/hu\/shop\/loz-1128-racing-car-with-1672-pieces\/","title":{"rendered":"LOZ 1128 versenyaut\u00f3 1672 darabbal"},"content":{"rendered":"<p>Term\u00e9k inform\u00e1ci\u00f3:<br \/>\n1. M\u00e1rka: LOZ<br \/>\n2. Nem: Uniszex<br \/>\n3. N\u00e9v: Versenyaut\u00f3<br \/>\n4. Korhat\u00e1r: &gt; 6 \u00e9ves<br \/>\n5. Modellsz\u00e1m: 1128<br \/>\n6. Oszt\u00e1lyoz\u00e1s: \u00d6sszeszerel\u00e9s<br \/>\n7. M\u0171anyag blokk alakja: \u00f6nz\u00e1r\u00f3 t\u00e9gl\u00e1k<br \/>\n8. Anyaga: M\u0171anyag<br \/>\n9. M\u0171anyag t\u00edpus: ABS<br \/>\n10. T\u00e9gla blokkok: 1672 DB<br \/>\n11. R\u00e9szletes \u00f6sszeszerel\u00e9si \u00fatmutat\u00f3t tartalmaz.<br \/>\n\u00c9rtes\u00edt\u00e9s:<br \/>\n1. Eredeti doboz n\u00e9lk\u00fcl, de garant\u00e1ljuk, hogy term\u00e9keink min\u0151s\u00e9gbiztos\u00edt\u00e1ssal \u00e9s sz\u00e9p csomagol\u00e1ssal rendelkeznek.<br \/>\n2. Mint minden alkatr\u00e9szt, amelyet a sz\u00e1ll\u00edt\u00e1s el\u0151tt ellen\u0151rizt\u00fcnk, ez\u00e9rt ha \u00fagy tal\u00e1lja, hogy n\u00e9h\u00e1ny alkatr\u00e9sz hi\u00e1nyzik vagy s\u00e9r\u00fclt, ne agg\u00f3djon, \u00e9s k\u00e9rj\u00fck, vegye fel vel\u00fcnk a kapcsolatot, \u00e9s azonnal ingyenesen elk\u00fcldj\u00fck \u00d6nnek.<\/p>\n<figure id=\"attachment_25337\" aria-describedby=\"caption-attachment-25337\" style=\"width: 800px\" class=\"wp-caption aligncenter\"><img fetchpriority=\"high\" decoding=\"async\" class=\"wp-image-25337 size-full\" src=\"https:\/\/mouldking.store\/wp-content\/uploads\/2021\/10\/LOZ-1128-Racing-Car-with-1672-pieces-1.jpg\" alt=\"LOZ 1128 Racing Car with 1672 pieces\" width=\"800\" height=\"800\" title=\"-\" srcset=\"https:\/\/mouldking.store\/wp-content\/uploads\/2021\/10\/LOZ-1128-Racing-Car-with-1672-pieces-1.jpg 800w, https:\/\/mouldking.store\/wp-content\/uploads\/2021\/10\/LOZ-1128-Racing-Car-with-1672-pieces-1-300x300.jpg 300w, https:\/\/mouldking.store\/wp-content\/uploads\/2021\/10\/LOZ-1128-Racing-Car-with-1672-pieces-1-768x768.jpg 768w, https:\/\/mouldking.store\/wp-content\/uploads\/2021\/10\/LOZ-1128-Racing-Car-with-1672-pieces-1-600x600.jpg 600w, https:\/\/mouldking.store\/wp-content\/uploads\/2021\/10\/LOZ-1128-Racing-Car-with-1672-pieces-1-150x150.jpg 150w\" sizes=\"(max-width: 800px) 100vw, 800px\" \/><figcaption id=\"caption-attachment-25337\" class=\"wp-caption-text\">LOZ 1128 versenyaut\u00f3 1672 darabbal<\/figcaption><\/figure>\n<figure id=\"attachment_25342\" aria-describedby=\"caption-attachment-25342\" style=\"width: 790px\" class=\"wp-caption aligncenter\"><img decoding=\"async\" class=\"wp-image-25342 size-full\" src=\"https:\/\/mouldking.store\/wp-content\/uploads\/2021\/10\/LOZ-1128-Racing-Car-with-1672-pieces-6.jpg\" alt=\"LOZ 1128 Racing Car with 1672 pieces\" width=\"790\" height=\"876\" title=\"-\" srcset=\"https:\/\/mouldking.store\/wp-content\/uploads\/2021\/10\/LOZ-1128-Racing-Car-with-1672-pieces-6.jpg 790w, https:\/\/mouldking.store\/wp-content\/uploads\/2021\/10\/LOZ-1128-Racing-Car-with-1672-pieces-6-271x300.jpg 271w, https:\/\/mouldking.store\/wp-content\/uploads\/2021\/10\/LOZ-1128-Racing-Car-with-1672-pieces-6-768x852.jpg 768w, https:\/\/mouldking.store\/wp-content\/uploads\/2021\/10\/LOZ-1128-Racing-Car-with-1672-pieces-6-300x333.jpg 300w, https:\/\/mouldking.store\/wp-content\/uploads\/2021\/10\/LOZ-1128-Racing-Car-with-1672-pieces-6-600x665.jpg 600w, https:\/\/mouldking.store\/wp-content\/uploads\/2021\/10\/LOZ-1128-Racing-Car-with-1672-pieces-6-135x150.jpg 135w\" sizes=\"(max-width: 790px) 100vw, 790px\" \/><figcaption id=\"caption-attachment-25342\" class=\"wp-caption-text\">LOZ 1128 versenyaut\u00f3 1672 darabbal<\/figcaption><\/figure>\n<figure id=\"attachment_25344\" aria-describedby=\"caption-attachment-25344\" style=\"width: 778px\" class=\"wp-caption aligncenter\"><img decoding=\"async\" class=\"wp-image-25344 size-full\" src=\"https:\/\/mouldking.store\/wp-content\/uploads\/2021\/10\/LOZ-1128-Racing-Car-with-1672-pieces-8.jpg\" alt=\"LOZ 1128 Racing Car with 1672 pieces\" width=\"778\" height=\"1024\" title=\"-\" srcset=\"https:\/\/mouldking.store\/wp-content\/uploads\/2021\/10\/LOZ-1128-Racing-Car-with-1672-pieces-8.jpg 778w, https:\/\/mouldking.store\/wp-content\/uploads\/2021\/10\/LOZ-1128-Racing-Car-with-1672-pieces-8-228x300.jpg 228w, https:\/\/mouldking.store\/wp-content\/uploads\/2021\/10\/LOZ-1128-Racing-Car-with-1672-pieces-8-768x1011.jpg 768w, https:\/\/mouldking.store\/wp-content\/uploads\/2021\/10\/LOZ-1128-Racing-Car-with-1672-pieces-8-300x395.jpg 300w, https:\/\/mouldking.store\/wp-content\/uploads\/2021\/10\/LOZ-1128-Racing-Car-with-1672-pieces-8-600x790.jpg 600w, https:\/\/mouldking.store\/wp-content\/uploads\/2021\/10\/LOZ-1128-Racing-Car-with-1672-pieces-8-114x150.jpg 114w\" sizes=\"(max-width: 778px) 100vw, 778px\" \/><figcaption id=\"caption-attachment-25344\" class=\"wp-caption-text\">LOZ 1128 versenyaut\u00f3 1672 darabbal<\/figcaption><\/figure>\n<figure id=\"attachment_25345\" aria-describedby=\"caption-attachment-25345\" style=\"width: 800px\" class=\"wp-caption aligncenter\"><img loading=\"lazy\" decoding=\"async\" class=\"wp-image-25345 size-full\" src=\"https:\/\/mouldking.store\/wp-content\/uploads\/2021\/10\/LOZ-1128-Racing-Car-with-1672-pieces-9.jpg\" alt=\"LOZ 1128 Racing Car with 1672 pieces\" width=\"800\" height=\"800\" title=\"-\" srcset=\"https:\/\/mouldking.store\/wp-content\/uploads\/2021\/10\/LOZ-1128-Racing-Car-with-1672-pieces-9.jpg 800w, https:\/\/mouldking.store\/wp-content\/uploads\/2021\/10\/LOZ-1128-Racing-Car-with-1672-pieces-9-300x300.jpg 300w, https:\/\/mouldking.store\/wp-content\/uploads\/2021\/10\/LOZ-1128-Racing-Car-with-1672-pieces-9-768x768.jpg 768w, https:\/\/mouldking.store\/wp-content\/uploads\/2021\/10\/LOZ-1128-Racing-Car-with-1672-pieces-9-600x600.jpg 600w, https:\/\/mouldking.store\/wp-content\/uploads\/2021\/10\/LOZ-1128-Racing-Car-with-1672-pieces-9-150x150.jpg 150w\" sizes=\"(max-width: 800px) 100vw, 800px\" \/><figcaption id=\"caption-attachment-25345\" class=\"wp-caption-text\">LOZ 1128 versenyaut\u00f3 1672 darabbal<\/figcaption><\/figure>\n<figure id=\"attachment_25343\" aria-describedby=\"caption-attachment-25343\" style=\"width: 697px\" class=\"wp-caption aligncenter\"><img loading=\"lazy\" decoding=\"async\" class=\"wp-image-25343 size-full\" src=\"https:\/\/mouldking.store\/wp-content\/uploads\/2021\/10\/LOZ-1128-Racing-Car-with-1672-pieces-7.jpg\" alt=\"LOZ 1128 Racing Car with 1672 pieces\" width=\"697\" height=\"1024\" title=\"-\" srcset=\"https:\/\/mouldking.store\/wp-content\/uploads\/2021\/10\/LOZ-1128-Racing-Car-with-1672-pieces-7.jpg 697w, https:\/\/mouldking.store\/wp-content\/uploads\/2021\/10\/LOZ-1128-Racing-Car-with-1672-pieces-7-204x300.jpg 204w, https:\/\/mouldking.store\/wp-content\/uploads\/2021\/10\/LOZ-1128-Racing-Car-with-1672-pieces-7-300x441.jpg 300w, https:\/\/mouldking.store\/wp-content\/uploads\/2021\/10\/LOZ-1128-Racing-Car-with-1672-pieces-7-600x881.jpg 600w, https:\/\/mouldking.store\/wp-content\/uploads\/2021\/10\/LOZ-1128-Racing-Car-with-1672-pieces-7-102x150.jpg 102w\" sizes=\"(max-width: 697px) 100vw, 697px\" \/><figcaption id=\"caption-attachment-25343\" class=\"wp-caption-text\">LOZ 1128 versenyaut\u00f3 1672 darabbal<\/figcaption><\/figure>\n<figure id=\"attachment_25338\" aria-describedby=\"caption-attachment-25338\" style=\"width: 790px\" class=\"wp-caption aligncenter\"><img loading=\"lazy\" decoding=\"async\" class=\"wp-image-25338 size-full\" src=\"https:\/\/mouldking.store\/wp-content\/uploads\/2021\/10\/LOZ-1128-Racing-Car-with-1672-pieces-2.jpg\" alt=\"LOZ 1128 Racing Car with 1672 pieces\" width=\"790\" height=\"851\" title=\"-\" srcset=\"https:\/\/mouldking.store\/wp-content\/uploads\/2021\/10\/LOZ-1128-Racing-Car-with-1672-pieces-2.jpg 790w, https:\/\/mouldking.store\/wp-content\/uploads\/2021\/10\/LOZ-1128-Racing-Car-with-1672-pieces-2-278x300.jpg 278w, https:\/\/mouldking.store\/wp-content\/uploads\/2021\/10\/LOZ-1128-Racing-Car-with-1672-pieces-2-768x827.jpg 768w, https:\/\/mouldking.store\/wp-content\/uploads\/2021\/10\/LOZ-1128-Racing-Car-with-1672-pieces-2-300x323.jpg 300w, https:\/\/mouldking.store\/wp-content\/uploads\/2021\/10\/LOZ-1128-Racing-Car-with-1672-pieces-2-600x646.jpg 600w, https:\/\/mouldking.store\/wp-content\/uploads\/2021\/10\/LOZ-1128-Racing-Car-with-1672-pieces-2-139x150.jpg 139w\" sizes=\"(max-width: 790px) 100vw, 790px\" \/><figcaption id=\"caption-attachment-25338\" class=\"wp-caption-text\">LOZ 1128 versenyaut\u00f3 1672 darabbal<\/figcaption><\/figure>\n<figure id=\"attachment_25339\" aria-describedby=\"caption-attachment-25339\" style=\"width: 790px\" class=\"wp-caption aligncenter\"><img loading=\"lazy\" decoding=\"async\" class=\"wp-image-25339 size-full\" src=\"https:\/\/mouldking.store\/wp-content\/uploads\/2021\/10\/LOZ-1128-Racing-Car-with-1672-pieces-3.jpg\" alt=\"LOZ 1128 Racing Car with 1672 pieces\" width=\"790\" height=\"829\" title=\"-\" srcset=\"https:\/\/mouldking.store\/wp-content\/uploads\/2021\/10\/LOZ-1128-Racing-Car-with-1672-pieces-3.jpg 790w, https:\/\/mouldking.store\/wp-content\/uploads\/2021\/10\/LOZ-1128-Racing-Car-with-1672-pieces-3-286x300.jpg 286w, https:\/\/mouldking.store\/wp-content\/uploads\/2021\/10\/LOZ-1128-Racing-Car-with-1672-pieces-3-768x806.jpg 768w, https:\/\/mouldking.store\/wp-content\/uploads\/2021\/10\/LOZ-1128-Racing-Car-with-1672-pieces-3-300x315.jpg 300w, https:\/\/mouldking.store\/wp-content\/uploads\/2021\/10\/LOZ-1128-Racing-Car-with-1672-pieces-3-600x630.jpg 600w, https:\/\/mouldking.store\/wp-content\/uploads\/2021\/10\/LOZ-1128-Racing-Car-with-1672-pieces-3-143x150.jpg 143w\" sizes=\"(max-width: 790px) 100vw, 790px\" \/><figcaption id=\"caption-attachment-25339\" class=\"wp-caption-text\">LOZ 1128 versenyaut\u00f3 1672 darabbal<\/figcaption><\/figure>\n<figure id=\"attachment_25340\" aria-describedby=\"caption-attachment-25340\" style=\"width: 790px\" class=\"wp-caption aligncenter\"><img loading=\"lazy\" decoding=\"async\" class=\"wp-image-25340 size-full\" src=\"https:\/\/mouldking.store\/wp-content\/uploads\/2021\/10\/LOZ-1128-Racing-Car-with-1672-pieces-4.jpg\" alt=\"LOZ 1128 Racing Car with 1672 pieces\" width=\"790\" height=\"830\" title=\"-\" srcset=\"https:\/\/mouldking.store\/wp-content\/uploads\/2021\/10\/LOZ-1128-Racing-Car-with-1672-pieces-4.jpg 790w, https:\/\/mouldking.store\/wp-content\/uploads\/2021\/10\/LOZ-1128-Racing-Car-with-1672-pieces-4-286x300.jpg 286w, https:\/\/mouldking.store\/wp-content\/uploads\/2021\/10\/LOZ-1128-Racing-Car-with-1672-pieces-4-768x807.jpg 768w, https:\/\/mouldking.store\/wp-content\/uploads\/2021\/10\/LOZ-1128-Racing-Car-with-1672-pieces-4-300x315.jpg 300w, https:\/\/mouldking.store\/wp-content\/uploads\/2021\/10\/LOZ-1128-Racing-Car-with-1672-pieces-4-600x630.jpg 600w, https:\/\/mouldking.store\/wp-content\/uploads\/2021\/10\/LOZ-1128-Racing-Car-with-1672-pieces-4-143x150.jpg 143w\" sizes=\"(max-width: 790px) 100vw, 790px\" \/><figcaption id=\"caption-attachment-25340\" class=\"wp-caption-text\">LOZ 1128 versenyaut\u00f3 1672 darabbal<\/figcaption><\/figure>\n<figure id=\"attachment_25341\" aria-describedby=\"caption-attachment-25341\" style=\"width: 790px\" class=\"wp-caption aligncenter\"><img loading=\"lazy\" decoding=\"async\" class=\"wp-image-25341 size-full\" src=\"https:\/\/mouldking.store\/wp-content\/uploads\/2021\/10\/LOZ-1128-Racing-Car-with-1672-pieces-5.jpg\" alt=\"LOZ 1128 Racing Car with 1672 pieces\" width=\"790\" height=\"830\" title=\"-\" srcset=\"https:\/\/mouldking.store\/wp-content\/uploads\/2021\/10\/LOZ-1128-Racing-Car-with-1672-pieces-5.jpg 790w, https:\/\/mouldking.store\/wp-content\/uploads\/2021\/10\/LOZ-1128-Racing-Car-with-1672-pieces-5-286x300.jpg 286w, https:\/\/mouldking.store\/wp-content\/uploads\/2021\/10\/LOZ-1128-Racing-Car-with-1672-pieces-5-768x807.jpg 768w, https:\/\/mouldking.store\/wp-content\/uploads\/2021\/10\/LOZ-1128-Racing-Car-with-1672-pieces-5-300x315.jpg 300w, https:\/\/mouldking.store\/wp-content\/uploads\/2021\/10\/LOZ-1128-Racing-Car-with-1672-pieces-5-600x630.jpg 600w, https:\/\/mouldking.store\/wp-content\/uploads\/2021\/10\/LOZ-1128-Racing-Car-with-1672-pieces-5-143x150.jpg 143w\" sizes=\"(max-width: 790px) 100vw, 790px\" \/><figcaption id=\"caption-attachment-25341\" class=\"wp-caption-text\">LOZ 1128 versenyaut\u00f3 1672 darabbal<\/figcaption><\/figure>","protected":false},"excerpt":{"rendered":"<p>Product information: 1. Brand: LOZ 2. Gender: Unisex 3. Name: Racing Car 4. Age Range: &gt; 6 years old 5. Model Number: 1128 6. Classification: Assemblage 7. Plastic Block Shape: Self-Locking Bricks 8. Material: Plastic 9. Plastic Type: ABS 10. Bricks Blocks: 1672 PCS 11. Contains detailed assembly instructions. Notice: 1. Without an original box, [&hellip;]<\/p>","protected":false},"featured_media":25337,"comment_status":"open","ping_status":"closed","template":"","meta":{"_acf_changed":false},"product_cat":[364],"product_tag":[2377,457,2202,2376,2375,2378,710,480],"class_list":["product","first","instock","shipping-taxable","purchasable","product-type-simple"],"acf":[],"_links":{"self":[{"href":"https:\/\/mouldking.store\/hu\/wp-json\/wp\/v2\/product\/25335","targetHints":{"allow":["GET"]}}],"collection":[{"href":"https:\/\/mouldking.store\/hu\/wp-json\/wp\/v2\/product"}],"about":[{"href":"https:\/\/mouldking.store\/hu\/wp-json\/wp\/v2\/types\/product"}],"replies":[{"embeddable":true,"href":"https:\/\/mouldking.store\/hu\/wp-json\/wp\/v2\/comments?post=25335"}],"wp:featuredmedia":[{"embeddable":true,"href":"https:\/\/mouldking.store\/hu\/wp-json\/wp\/v2\/media\/25337"}],"wp:attachment":[{"href":"https:\/\/mouldking.store\/hu\/wp-json\/wp\/v2\/media?parent=25335"}],"wp:term":[{"taxonomy":"product_cat","embeddable":true,"href":"https:\/\/mouldking.store\/hu\/wp-json\/wp\/v2\/product_cat?post=25335"},{"taxonomy":"product_tag","embeddable":true,"href":"https:\/\/mouldking.store\/hu\/wp-json\/wp\/v2\/product_tag?post=25335"}],"curies":[{"name":"wp","href":"https:\/\/api.w.org\/{rel}","templated":true}]}}