{"id":25362,"date":"2021-10-21T04:45:29","date_gmt":"2021-10-21T04:45:29","guid":{"rendered":"https:\/\/mouldking.store\/?post_type=product&#038;p=25362"},"modified":"2021-12-23T09:41:55","modified_gmt":"2021-12-23T09:41:55","slug":"mould-king-18018-lighting-racing-car-with-515-pieces","status":"publish","type":"product","link":"https:\/\/mouldking.store\/hu\/shop\/mould-king-18018-lighting-racing-car-with-515-pieces\/","title":{"rendered":"Mold King 18018 vil\u00e1g\u00edt\u00f3 versenyaut\u00f3 515 darabbal"},"content":{"rendered":"<p>Term\u00e9k inform\u00e1ci\u00f3:<br \/>\n1. M\u00e1rka: Mold King<br \/>\n2. Nem: Uniszex<br \/>\n3. Name: Lighting Racing Car<br \/>\n4. Korhat\u00e1r: &gt; 14 \u00e9v<br \/>\n5. Model Number: 18018<br \/>\n6. Oszt\u00e1lyoz\u00e1s: \u00d6sszeszerel\u00e9s<br \/>\n7. M\u0171anyag blokk alakja: \u00f6nz\u00e1r\u00f3 t\u00e9gl\u00e1k<br \/>\n8. Anyaga: M\u0171anyag<br \/>\n9. M\u0171anyag t\u00edpus: ABS<br \/>\n10. Bricks Blocks: 515 PCS<br \/>\n11. R\u00e9szletes \u00f6sszeszerel\u00e9si \u00fatmutat\u00f3t tartalmaz.<br \/>\n\u00c9rtes\u00edt\u00e9s:<br \/>\n1. Eredeti doboz n\u00e9lk\u00fcl, de garant\u00e1ljuk, hogy term\u00e9keink min\u0151s\u00e9gbiztos\u00edt\u00e1ssal \u00e9s sz\u00e9p csomagol\u00e1ssal rendelkeznek.<br \/>\n2. Mint minden alkatr\u00e9szt, amelyet a sz\u00e1ll\u00edt\u00e1s el\u0151tt ellen\u0151rizt\u00fcnk, ez\u00e9rt ha \u00fagy tal\u00e1lja, hogy n\u00e9h\u00e1ny alkatr\u00e9sz hi\u00e1nyzik vagy s\u00e9r\u00fclt, ne agg\u00f3djon, \u00e9s k\u00e9rj\u00fck, vegye fel vel\u00fcnk a kapcsolatot, \u00e9s azonnal ingyenesen elk\u00fcldj\u00fck \u00d6nnek.<\/p>\n<figure id=\"attachment_25363\" aria-describedby=\"caption-attachment-25363\" style=\"width: 800px\" class=\"wp-caption aligncenter\"><img fetchpriority=\"high\" decoding=\"async\" class=\"wp-image-25363 size-full\" src=\"https:\/\/mouldking.store\/wp-content\/uploads\/2021\/10\/Mould-King-18018-Lighting-Racing-Car-with-515-pieces-1.jpg\" alt=\"Mould King 18018 Lighting Racing Car with 515 pieces\" width=\"800\" height=\"800\" title=\"-\" srcset=\"https:\/\/mouldking.store\/wp-content\/uploads\/2021\/10\/Mould-King-18018-Lighting-Racing-Car-with-515-pieces-1.jpg 800w, https:\/\/mouldking.store\/wp-content\/uploads\/2021\/10\/Mould-King-18018-Lighting-Racing-Car-with-515-pieces-1-300x300.jpg 300w, https:\/\/mouldking.store\/wp-content\/uploads\/2021\/10\/Mould-King-18018-Lighting-Racing-Car-with-515-pieces-1-768x768.jpg 768w, https:\/\/mouldking.store\/wp-content\/uploads\/2021\/10\/Mould-King-18018-Lighting-Racing-Car-with-515-pieces-1-600x600.jpg 600w, https:\/\/mouldking.store\/wp-content\/uploads\/2021\/10\/Mould-King-18018-Lighting-Racing-Car-with-515-pieces-1-150x150.jpg 150w\" sizes=\"(max-width: 800px) 100vw, 800px\" \/><figcaption id=\"caption-attachment-25363\" class=\"wp-caption-text\">Mold King 18018 vil\u00e1g\u00edt\u00f3 versenyaut\u00f3 515 darabbal<\/figcaption><\/figure>\n<figure id=\"attachment_25368\" aria-describedby=\"caption-attachment-25368\" style=\"width: 750px\" class=\"wp-caption aligncenter\"><img decoding=\"async\" class=\"wp-image-25368 size-full\" src=\"https:\/\/mouldking.store\/wp-content\/uploads\/2021\/10\/Mould-King-18018-Lighting-Racing-Car-with-515-pieces-6.jpg\" alt=\"Mould King 18018 Lighting Racing Car with 515 pieces\" width=\"750\" height=\"542\" title=\"-\" srcset=\"https:\/\/mouldking.store\/wp-content\/uploads\/2021\/10\/Mould-King-18018-Lighting-Racing-Car-with-515-pieces-6.jpg 750w, https:\/\/mouldking.store\/wp-content\/uploads\/2021\/10\/Mould-King-18018-Lighting-Racing-Car-with-515-pieces-6-300x217.jpg 300w, https:\/\/mouldking.store\/wp-content\/uploads\/2021\/10\/Mould-King-18018-Lighting-Racing-Car-with-515-pieces-6-600x434.jpg 600w, https:\/\/mouldking.store\/wp-content\/uploads\/2021\/10\/Mould-King-18018-Lighting-Racing-Car-with-515-pieces-6-150x108.jpg 150w\" sizes=\"(max-width: 750px) 100vw, 750px\" \/><figcaption id=\"caption-attachment-25368\" class=\"wp-caption-text\">Mold King 18018 vil\u00e1g\u00edt\u00f3 versenyaut\u00f3 515 darabbal<\/figcaption><\/figure>\n<figure id=\"attachment_25367\" aria-describedby=\"caption-attachment-25367\" style=\"width: 750px\" class=\"wp-caption aligncenter\"><img decoding=\"async\" class=\"wp-image-25367 size-full\" src=\"https:\/\/mouldking.store\/wp-content\/uploads\/2021\/10\/Mould-King-18018-Lighting-Racing-Car-with-515-pieces-5.jpg\" alt=\"Mould King 18018 Lighting Racing Car with 515 pieces\" width=\"750\" height=\"926\" title=\"-\" srcset=\"https:\/\/mouldking.store\/wp-content\/uploads\/2021\/10\/Mould-King-18018-Lighting-Racing-Car-with-515-pieces-5.jpg 750w, https:\/\/mouldking.store\/wp-content\/uploads\/2021\/10\/Mould-King-18018-Lighting-Racing-Car-with-515-pieces-5-243x300.jpg 243w, https:\/\/mouldking.store\/wp-content\/uploads\/2021\/10\/Mould-King-18018-Lighting-Racing-Car-with-515-pieces-5-300x370.jpg 300w, https:\/\/mouldking.store\/wp-content\/uploads\/2021\/10\/Mould-King-18018-Lighting-Racing-Car-with-515-pieces-5-600x741.jpg 600w, https:\/\/mouldking.store\/wp-content\/uploads\/2021\/10\/Mould-King-18018-Lighting-Racing-Car-with-515-pieces-5-121x150.jpg 121w\" sizes=\"(max-width: 750px) 100vw, 750px\" \/><figcaption id=\"caption-attachment-25367\" class=\"wp-caption-text\">Mold King 18018 vil\u00e1g\u00edt\u00f3 versenyaut\u00f3 515 darabbal<\/figcaption><\/figure>\n<figure id=\"attachment_25366\" aria-describedby=\"caption-attachment-25366\" style=\"width: 750px\" class=\"wp-caption aligncenter\"><img loading=\"lazy\" decoding=\"async\" class=\"wp-image-25366\" src=\"https:\/\/mouldking.store\/wp-content\/uploads\/2021\/10\/Mould-King-18018-Lighting-Racing-Car-with-515-pieces-4-190x300.jpg\" alt=\"Mould King 18018 Lighting Racing Car with 515 pieces\" width=\"750\" height=\"1183\" title=\"-\" srcset=\"https:\/\/mouldking.store\/wp-content\/uploads\/2021\/10\/Mould-King-18018-Lighting-Racing-Car-with-515-pieces-4-190x300.jpg 190w, https:\/\/mouldking.store\/wp-content\/uploads\/2021\/10\/Mould-King-18018-Lighting-Racing-Car-with-515-pieces-4-300x473.jpg 300w, https:\/\/mouldking.store\/wp-content\/uploads\/2021\/10\/Mould-King-18018-Lighting-Racing-Car-with-515-pieces-4-600x947.jpg 600w, https:\/\/mouldking.store\/wp-content\/uploads\/2021\/10\/Mould-King-18018-Lighting-Racing-Car-with-515-pieces-4-95x150.jpg 95w, https:\/\/mouldking.store\/wp-content\/uploads\/2021\/10\/Mould-King-18018-Lighting-Racing-Car-with-515-pieces-4.jpg 649w\" sizes=\"(max-width: 750px) 100vw, 750px\" \/><figcaption id=\"caption-attachment-25366\" class=\"wp-caption-text\">Mold King 18018 vil\u00e1g\u00edt\u00f3 versenyaut\u00f3 515 darabbal<\/figcaption><\/figure>\n<figure id=\"attachment_25364\" aria-describedby=\"caption-attachment-25364\" style=\"width: 750px\" class=\"wp-caption aligncenter\"><img loading=\"lazy\" decoding=\"async\" class=\"wp-image-25364 size-full\" src=\"https:\/\/mouldking.store\/wp-content\/uploads\/2021\/10\/Mould-King-18018-Lighting-Racing-Car-with-515-pieces-2.jpg\" alt=\"Mould King 18018 Lighting Racing Car with 515 pieces\" width=\"750\" height=\"592\" title=\"-\" srcset=\"https:\/\/mouldking.store\/wp-content\/uploads\/2021\/10\/Mould-King-18018-Lighting-Racing-Car-with-515-pieces-2.jpg 750w, https:\/\/mouldking.store\/wp-content\/uploads\/2021\/10\/Mould-King-18018-Lighting-Racing-Car-with-515-pieces-2-300x237.jpg 300w, https:\/\/mouldking.store\/wp-content\/uploads\/2021\/10\/Mould-King-18018-Lighting-Racing-Car-with-515-pieces-2-600x474.jpg 600w, https:\/\/mouldking.store\/wp-content\/uploads\/2021\/10\/Mould-King-18018-Lighting-Racing-Car-with-515-pieces-2-150x118.jpg 150w\" sizes=\"(max-width: 750px) 100vw, 750px\" \/><figcaption id=\"caption-attachment-25364\" class=\"wp-caption-text\">Mold King 18018 vil\u00e1g\u00edt\u00f3 versenyaut\u00f3 515 darabbal<\/figcaption><\/figure>\n<figure id=\"attachment_25365\" aria-describedby=\"caption-attachment-25365\" style=\"width: 750px\" class=\"wp-caption aligncenter\"><img loading=\"lazy\" decoding=\"async\" class=\"wp-image-25365 size-full\" src=\"https:\/\/mouldking.store\/wp-content\/uploads\/2021\/10\/Mould-King-18018-Lighting-Racing-Car-with-515-pieces-3.jpg\" alt=\"Mould King 18018 Lighting Racing Car with 515 pieces\" width=\"750\" height=\"842\" title=\"-\" srcset=\"https:\/\/mouldking.store\/wp-content\/uploads\/2021\/10\/Mould-King-18018-Lighting-Racing-Car-with-515-pieces-3.jpg 750w, https:\/\/mouldking.store\/wp-content\/uploads\/2021\/10\/Mould-King-18018-Lighting-Racing-Car-with-515-pieces-3-267x300.jpg 267w, https:\/\/mouldking.store\/wp-content\/uploads\/2021\/10\/Mould-King-18018-Lighting-Racing-Car-with-515-pieces-3-300x337.jpg 300w, https:\/\/mouldking.store\/wp-content\/uploads\/2021\/10\/Mould-King-18018-Lighting-Racing-Car-with-515-pieces-3-600x674.jpg 600w, https:\/\/mouldking.store\/wp-content\/uploads\/2021\/10\/Mould-King-18018-Lighting-Racing-Car-with-515-pieces-3-134x150.jpg 134w\" sizes=\"(max-width: 750px) 100vw, 750px\" \/><figcaption id=\"caption-attachment-25365\" class=\"wp-caption-text\">Mold King 18018 vil\u00e1g\u00edt\u00f3 versenyaut\u00f3 515 darabbal<\/figcaption><\/figure>","protected":false},"excerpt":{"rendered":"<p>Product information: 1. Brand: Mould King 2. Gender: Unisex 3. Name: Lighting Racing Car 4. Age Range: &gt; 14 years old 5. Model Number: 18018 6. Classification: Assemblage 7. Plastic Block Shape: Self-Locking Bricks 8. Material: Plastic 9. Plastic Type: ABS 10. Bricks Blocks: 515 PCS 11. Contains detailed assembly instructions. Notice: 1. Without an [&hellip;]<\/p>","protected":false},"featured_media":25363,"comment_status":"open","ping_status":"closed","template":"","meta":{"_acf_changed":false},"product_cat":[364],"product_tag":[2396,2397,2395,615,2394,2393,2398,2399,480],"class_list":["product","first","instock","shipping-taxable","purchasable","product-type-simple"],"acf":[],"_links":{"self":[{"href":"https:\/\/mouldking.store\/hu\/wp-json\/wp\/v2\/product\/25362","targetHints":{"allow":["GET"]}}],"collection":[{"href":"https:\/\/mouldking.store\/hu\/wp-json\/wp\/v2\/product"}],"about":[{"href":"https:\/\/mouldking.store\/hu\/wp-json\/wp\/v2\/types\/product"}],"replies":[{"embeddable":true,"href":"https:\/\/mouldking.store\/hu\/wp-json\/wp\/v2\/comments?post=25362"}],"wp:featuredmedia":[{"embeddable":true,"href":"https:\/\/mouldking.store\/hu\/wp-json\/wp\/v2\/media\/25363"}],"wp:attachment":[{"href":"https:\/\/mouldking.store\/hu\/wp-json\/wp\/v2\/media?parent=25362"}],"wp:term":[{"taxonomy":"product_cat","embeddable":true,"href":"https:\/\/mouldking.store\/hu\/wp-json\/wp\/v2\/product_cat?post=25362"},{"taxonomy":"product_tag","embeddable":true,"href":"https:\/\/mouldking.store\/hu\/wp-json\/wp\/v2\/product_tag?post=25362"}],"curies":[{"name":"wp","href":"https:\/\/api.w.org\/{rel}","templated":true}]}}