{"id":25369,"date":"2021-10-21T04:50:36","date_gmt":"2021-10-21T04:50:36","guid":{"rendered":"https:\/\/mouldking.store\/?post_type=product&#038;p=25369"},"modified":"2021-12-23T09:41:55","modified_gmt":"2021-12-23T09:41:55","slug":"mould-king-17003-all-terrain-piling-platform-with-2828-pieces","status":"publish","type":"product","link":"https:\/\/mouldking.store\/hu\/shop\/mould-king-17003-all-terrain-piling-platform-with-2828-pieces\/","title":{"rendered":"Mold King 17003 terepc\u00f6l\u00f6z\u0151 platform 2828 darabbal"},"content":{"rendered":"<p>Term\u00e9k inform\u00e1ci\u00f3:<br \/>\n1. M\u00e1rka: Mold King<br \/>\n2. Nem: Uniszex<br \/>\n3. Name: All Terrain Piling Platform<br \/>\n4. Korhat\u00e1r: &gt; 14 \u00e9v<br \/>\n5. Model Number: 17003<br \/>\n6. Oszt\u00e1lyoz\u00e1s: \u00d6sszeszerel\u00e9s<br \/>\n7. M\u0171anyag blokk alakja: \u00f6nz\u00e1r\u00f3 t\u00e9gl\u00e1k<br \/>\n8. Anyaga: M\u0171anyag<br \/>\n9. M\u0171anyag t\u00edpus: ABS<br \/>\n10. Bricks Blocks: 2828 PCS<br \/>\n11. R\u00e9szletes \u00f6sszeszerel\u00e9si \u00fatmutat\u00f3t tartalmaz.<br \/>\n\u00c9rtes\u00edt\u00e9s:<br \/>\n1. Eredeti doboz n\u00e9lk\u00fcl, de garant\u00e1ljuk, hogy term\u00e9keink min\u0151s\u00e9gbiztos\u00edt\u00e1ssal \u00e9s sz\u00e9p csomagol\u00e1ssal rendelkeznek.<br \/>\n2. Mint minden alkatr\u00e9szt, amelyet a sz\u00e1ll\u00edt\u00e1s el\u0151tt ellen\u0151rizt\u00fcnk, ez\u00e9rt ha \u00fagy tal\u00e1lja, hogy n\u00e9h\u00e1ny alkatr\u00e9sz hi\u00e1nyzik vagy s\u00e9r\u00fclt, ne agg\u00f3djon, \u00e9s k\u00e9rj\u00fck, vegye fel vel\u00fcnk a kapcsolatot, \u00e9s azonnal ingyenesen elk\u00fcldj\u00fck \u00d6nnek.<\/p>\n<figure id=\"attachment_25370\" aria-describedby=\"caption-attachment-25370\" style=\"width: 800px\" class=\"wp-caption aligncenter\"><img fetchpriority=\"high\" decoding=\"async\" class=\"wp-image-25370 size-full\" src=\"https:\/\/mouldking.store\/wp-content\/uploads\/2021\/10\/Mould-King-17003-All-Terrain-Piling-Platform-with-2828-pieces-1.jpg\" alt=\"Mould King 17003 All Terrain Piling Platform with 2828 pieces\" width=\"800\" height=\"800\" title=\"-\" srcset=\"https:\/\/mouldking.store\/wp-content\/uploads\/2021\/10\/Mould-King-17003-All-Terrain-Piling-Platform-with-2828-pieces-1.jpg 800w, https:\/\/mouldking.store\/wp-content\/uploads\/2021\/10\/Mould-King-17003-All-Terrain-Piling-Platform-with-2828-pieces-1-300x300.jpg 300w, https:\/\/mouldking.store\/wp-content\/uploads\/2021\/10\/Mould-King-17003-All-Terrain-Piling-Platform-with-2828-pieces-1-768x768.jpg 768w, https:\/\/mouldking.store\/wp-content\/uploads\/2021\/10\/Mould-King-17003-All-Terrain-Piling-Platform-with-2828-pieces-1-600x600.jpg 600w, https:\/\/mouldking.store\/wp-content\/uploads\/2021\/10\/Mould-King-17003-All-Terrain-Piling-Platform-with-2828-pieces-1-150x150.jpg 150w\" sizes=\"(max-width: 800px) 100vw, 800px\" \/><figcaption id=\"caption-attachment-25370\" class=\"wp-caption-text\">Mold King 17003 terepc\u00f6l\u00f6z\u0151 platform 2828 darabbal<\/figcaption><\/figure>\n<figure id=\"attachment_25376\" aria-describedby=\"caption-attachment-25376\" style=\"width: 790px\" class=\"wp-caption aligncenter\"><img decoding=\"async\" class=\"wp-image-25376 size-full\" src=\"https:\/\/mouldking.store\/wp-content\/uploads\/2021\/10\/Mould-King-17003-All-Terrain-Piling-Platform-with-2828-pieces-7.jpg\" alt=\"Mould King 17003 All Terrain Piling Platform with 2828 pieces\" width=\"790\" height=\"817\" title=\"-\" srcset=\"https:\/\/mouldking.store\/wp-content\/uploads\/2021\/10\/Mould-King-17003-All-Terrain-Piling-Platform-with-2828-pieces-7.jpg 790w, https:\/\/mouldking.store\/wp-content\/uploads\/2021\/10\/Mould-King-17003-All-Terrain-Piling-Platform-with-2828-pieces-7-290x300.jpg 290w, https:\/\/mouldking.store\/wp-content\/uploads\/2021\/10\/Mould-King-17003-All-Terrain-Piling-Platform-with-2828-pieces-7-768x794.jpg 768w, https:\/\/mouldking.store\/wp-content\/uploads\/2021\/10\/Mould-King-17003-All-Terrain-Piling-Platform-with-2828-pieces-7-300x310.jpg 300w, https:\/\/mouldking.store\/wp-content\/uploads\/2021\/10\/Mould-King-17003-All-Terrain-Piling-Platform-with-2828-pieces-7-600x621.jpg 600w, https:\/\/mouldking.store\/wp-content\/uploads\/2021\/10\/Mould-King-17003-All-Terrain-Piling-Platform-with-2828-pieces-7-145x150.jpg 145w\" sizes=\"(max-width: 790px) 100vw, 790px\" \/><figcaption id=\"caption-attachment-25376\" class=\"wp-caption-text\">Mold King 17003 terepc\u00f6l\u00f6z\u0151 platform 2828 darabbal<\/figcaption><\/figure>\n<figure id=\"attachment_25377\" aria-describedby=\"caption-attachment-25377\" style=\"width: 790px\" class=\"wp-caption aligncenter\"><img decoding=\"async\" class=\"wp-image-25377 size-full\" src=\"https:\/\/mouldking.store\/wp-content\/uploads\/2021\/10\/Mould-King-17003-All-Terrain-Piling-Platform-with-2828-pieces-8.jpg\" alt=\"Mould King 17003 All Terrain Piling Platform with 2828 pieces\" width=\"790\" height=\"788\" title=\"-\" srcset=\"https:\/\/mouldking.store\/wp-content\/uploads\/2021\/10\/Mould-King-17003-All-Terrain-Piling-Platform-with-2828-pieces-8.jpg 790w, https:\/\/mouldking.store\/wp-content\/uploads\/2021\/10\/Mould-King-17003-All-Terrain-Piling-Platform-with-2828-pieces-8-300x299.jpg 300w, https:\/\/mouldking.store\/wp-content\/uploads\/2021\/10\/Mould-King-17003-All-Terrain-Piling-Platform-with-2828-pieces-8-768x766.jpg 768w, https:\/\/mouldking.store\/wp-content\/uploads\/2021\/10\/Mould-King-17003-All-Terrain-Piling-Platform-with-2828-pieces-8-600x598.jpg 600w, https:\/\/mouldking.store\/wp-content\/uploads\/2021\/10\/Mould-King-17003-All-Terrain-Piling-Platform-with-2828-pieces-8-150x150.jpg 150w\" sizes=\"(max-width: 790px) 100vw, 790px\" \/><figcaption id=\"caption-attachment-25377\" class=\"wp-caption-text\">Mold King 17003 terepc\u00f6l\u00f6z\u0151 platform 2828 darabbal<\/figcaption><\/figure>\n<figure id=\"attachment_25375\" aria-describedby=\"caption-attachment-25375\" style=\"width: 790px\" class=\"wp-caption aligncenter\"><img loading=\"lazy\" decoding=\"async\" class=\"wp-image-25375 size-full\" src=\"https:\/\/mouldking.store\/wp-content\/uploads\/2021\/10\/Mould-King-17003-All-Terrain-Piling-Platform-with-2828-pieces-6.jpg\" alt=\"Mould King 17003 All Terrain Piling Platform with 2828 pieces\" width=\"790\" height=\"631\" title=\"-\" srcset=\"https:\/\/mouldking.store\/wp-content\/uploads\/2021\/10\/Mould-King-17003-All-Terrain-Piling-Platform-with-2828-pieces-6.jpg 790w, https:\/\/mouldking.store\/wp-content\/uploads\/2021\/10\/Mould-King-17003-All-Terrain-Piling-Platform-with-2828-pieces-6-300x240.jpg 300w, https:\/\/mouldking.store\/wp-content\/uploads\/2021\/10\/Mould-King-17003-All-Terrain-Piling-Platform-with-2828-pieces-6-768x613.jpg 768w, https:\/\/mouldking.store\/wp-content\/uploads\/2021\/10\/Mould-King-17003-All-Terrain-Piling-Platform-with-2828-pieces-6-600x479.jpg 600w, https:\/\/mouldking.store\/wp-content\/uploads\/2021\/10\/Mould-King-17003-All-Terrain-Piling-Platform-with-2828-pieces-6-150x120.jpg 150w\" sizes=\"(max-width: 790px) 100vw, 790px\" \/><figcaption id=\"caption-attachment-25375\" class=\"wp-caption-text\">Mold King 17003 terepc\u00f6l\u00f6z\u0151 platform 2828 darabbal<\/figcaption><\/figure>\n<figure id=\"attachment_25374\" aria-describedby=\"caption-attachment-25374\" style=\"width: 790px\" class=\"wp-caption aligncenter\"><img loading=\"lazy\" decoding=\"async\" class=\"wp-image-25374 size-full\" src=\"https:\/\/mouldking.store\/wp-content\/uploads\/2021\/10\/Mould-King-17003-All-Terrain-Piling-Platform-with-2828-pieces-5.jpg\" alt=\"Mould King 17003 All Terrain Piling Platform with 2828 pieces\" width=\"790\" height=\"635\" title=\"-\" srcset=\"https:\/\/mouldking.store\/wp-content\/uploads\/2021\/10\/Mould-King-17003-All-Terrain-Piling-Platform-with-2828-pieces-5.jpg 790w, https:\/\/mouldking.store\/wp-content\/uploads\/2021\/10\/Mould-King-17003-All-Terrain-Piling-Platform-with-2828-pieces-5-300x241.jpg 300w, https:\/\/mouldking.store\/wp-content\/uploads\/2021\/10\/Mould-King-17003-All-Terrain-Piling-Platform-with-2828-pieces-5-768x617.jpg 768w, https:\/\/mouldking.store\/wp-content\/uploads\/2021\/10\/Mould-King-17003-All-Terrain-Piling-Platform-with-2828-pieces-5-600x482.jpg 600w, https:\/\/mouldking.store\/wp-content\/uploads\/2021\/10\/Mould-King-17003-All-Terrain-Piling-Platform-with-2828-pieces-5-150x121.jpg 150w\" sizes=\"(max-width: 790px) 100vw, 790px\" \/><figcaption id=\"caption-attachment-25374\" class=\"wp-caption-text\">Mold King 17003 terepc\u00f6l\u00f6z\u0151 platform 2828 darabbal<\/figcaption><\/figure>\n<figure id=\"attachment_25373\" aria-describedby=\"caption-attachment-25373\" style=\"width: 790px\" class=\"wp-caption aligncenter\"><img loading=\"lazy\" decoding=\"async\" class=\"wp-image-25373 size-full\" src=\"https:\/\/mouldking.store\/wp-content\/uploads\/2021\/10\/Mould-King-17003-All-Terrain-Piling-Platform-with-2828-pieces-4.jpg\" alt=\"Mould King 17003 All Terrain Piling Platform with 2828 pieces\" width=\"790\" height=\"578\" title=\"-\" srcset=\"https:\/\/mouldking.store\/wp-content\/uploads\/2021\/10\/Mould-King-17003-All-Terrain-Piling-Platform-with-2828-pieces-4.jpg 790w, https:\/\/mouldking.store\/wp-content\/uploads\/2021\/10\/Mould-King-17003-All-Terrain-Piling-Platform-with-2828-pieces-4-300x219.jpg 300w, https:\/\/mouldking.store\/wp-content\/uploads\/2021\/10\/Mould-King-17003-All-Terrain-Piling-Platform-with-2828-pieces-4-768x562.jpg 768w, https:\/\/mouldking.store\/wp-content\/uploads\/2021\/10\/Mould-King-17003-All-Terrain-Piling-Platform-with-2828-pieces-4-600x439.jpg 600w, https:\/\/mouldking.store\/wp-content\/uploads\/2021\/10\/Mould-King-17003-All-Terrain-Piling-Platform-with-2828-pieces-4-150x110.jpg 150w\" sizes=\"(max-width: 790px) 100vw, 790px\" \/><figcaption id=\"caption-attachment-25373\" class=\"wp-caption-text\">Mold King 17003 terepc\u00f6l\u00f6z\u0151 platform 2828 darabbal<\/figcaption><\/figure>\n<figure id=\"attachment_25372\" aria-describedby=\"caption-attachment-25372\" style=\"width: 790px\" class=\"wp-caption aligncenter\"><img loading=\"lazy\" decoding=\"async\" class=\"wp-image-25372 size-full\" src=\"https:\/\/mouldking.store\/wp-content\/uploads\/2021\/10\/Mould-King-17003-All-Terrain-Piling-Platform-with-2828-pieces-3.jpg\" alt=\"Mould King 17003 All Terrain Piling Platform with 2828 pieces\" width=\"790\" height=\"565\" title=\"-\" srcset=\"https:\/\/mouldking.store\/wp-content\/uploads\/2021\/10\/Mould-King-17003-All-Terrain-Piling-Platform-with-2828-pieces-3.jpg 790w, https:\/\/mouldking.store\/wp-content\/uploads\/2021\/10\/Mould-King-17003-All-Terrain-Piling-Platform-with-2828-pieces-3-300x215.jpg 300w, https:\/\/mouldking.store\/wp-content\/uploads\/2021\/10\/Mould-King-17003-All-Terrain-Piling-Platform-with-2828-pieces-3-768x549.jpg 768w, https:\/\/mouldking.store\/wp-content\/uploads\/2021\/10\/Mould-King-17003-All-Terrain-Piling-Platform-with-2828-pieces-3-600x429.jpg 600w, https:\/\/mouldking.store\/wp-content\/uploads\/2021\/10\/Mould-King-17003-All-Terrain-Piling-Platform-with-2828-pieces-3-150x107.jpg 150w\" sizes=\"(max-width: 790px) 100vw, 790px\" \/><figcaption id=\"caption-attachment-25372\" class=\"wp-caption-text\">Mold King 17003 terepc\u00f6l\u00f6z\u0151 platform 2828 darabbal<\/figcaption><\/figure>\n<figure id=\"attachment_25371\" aria-describedby=\"caption-attachment-25371\" style=\"width: 790px\" class=\"wp-caption aligncenter\"><img loading=\"lazy\" decoding=\"async\" class=\"wp-image-25371 size-full\" src=\"https:\/\/mouldking.store\/wp-content\/uploads\/2021\/10\/Mould-King-17003-All-Terrain-Piling-Platform-with-2828-pieces-2.jpg\" alt=\"Mould King 17003 All Terrain Piling Platform with 2828 pieces\" width=\"790\" height=\"605\" title=\"-\" srcset=\"https:\/\/mouldking.store\/wp-content\/uploads\/2021\/10\/Mould-King-17003-All-Terrain-Piling-Platform-with-2828-pieces-2.jpg 790w, https:\/\/mouldking.store\/wp-content\/uploads\/2021\/10\/Mould-King-17003-All-Terrain-Piling-Platform-with-2828-pieces-2-300x230.jpg 300w, https:\/\/mouldking.store\/wp-content\/uploads\/2021\/10\/Mould-King-17003-All-Terrain-Piling-Platform-with-2828-pieces-2-768x588.jpg 768w, https:\/\/mouldking.store\/wp-content\/uploads\/2021\/10\/Mould-King-17003-All-Terrain-Piling-Platform-with-2828-pieces-2-600x459.jpg 600w, https:\/\/mouldking.store\/wp-content\/uploads\/2021\/10\/Mould-King-17003-All-Terrain-Piling-Platform-with-2828-pieces-2-150x115.jpg 150w\" sizes=\"(max-width: 790px) 100vw, 790px\" \/><figcaption id=\"caption-attachment-25371\" class=\"wp-caption-text\">Mold King 17003 terepc\u00f6l\u00f6z\u0151 platform 2828 darabbal<\/figcaption><\/figure>\n<figure id=\"attachment_25378\" aria-describedby=\"caption-attachment-25378\" style=\"width: 790px\" class=\"wp-caption aligncenter\"><img loading=\"lazy\" decoding=\"async\" class=\"wp-image-25378 size-full\" src=\"https:\/\/mouldking.store\/wp-content\/uploads\/2021\/10\/Mould-King-17003-All-Terrain-Piling-Platform-with-2828-pieces-9.jpg\" alt=\"Mould King 17003 All Terrain Piling Platform with 2828 pieces\" width=\"790\" height=\"771\" title=\"-\" srcset=\"https:\/\/mouldking.store\/wp-content\/uploads\/2021\/10\/Mould-King-17003-All-Terrain-Piling-Platform-with-2828-pieces-9.jpg 790w, https:\/\/mouldking.store\/wp-content\/uploads\/2021\/10\/Mould-King-17003-All-Terrain-Piling-Platform-with-2828-pieces-9-300x293.jpg 300w, https:\/\/mouldking.store\/wp-content\/uploads\/2021\/10\/Mould-King-17003-All-Terrain-Piling-Platform-with-2828-pieces-9-768x750.jpg 768w, https:\/\/mouldking.store\/wp-content\/uploads\/2021\/10\/Mould-King-17003-All-Terrain-Piling-Platform-with-2828-pieces-9-600x586.jpg 600w, https:\/\/mouldking.store\/wp-content\/uploads\/2021\/10\/Mould-King-17003-All-Terrain-Piling-Platform-with-2828-pieces-9-150x146.jpg 150w\" sizes=\"(max-width: 790px) 100vw, 790px\" \/><figcaption id=\"caption-attachment-25378\" class=\"wp-caption-text\">Mold King 17003 terepc\u00f6l\u00f6z\u0151 platform 2828 darabbal<\/figcaption><\/figure>","protected":false},"excerpt":{"rendered":"<p>Product information: 1. Brand: Mould King 2. Gender: Unisex 3. Name: All Terrain Piling Platform 4. Age Range: &gt; 14 years old 5. Model Number: 17003 6. Classification: Assemblage 7. Plastic Block Shape: Self-Locking Bricks 8. Material: Plastic 9. Plastic Type: ABS 10. Bricks Blocks: 2828 PCS 11. Contains detailed assembly instructions. Notice: 1. Without [&hellip;]<\/p>","protected":false},"featured_media":25370,"comment_status":"open","ping_status":"closed","template":"","meta":{"_acf_changed":false},"product_cat":[364],"product_tag":[2403,2402,615,2401,2400],"class_list":["product","first","instock","shipping-taxable","purchasable","product-type-simple"],"acf":[],"_links":{"self":[{"href":"https:\/\/mouldking.store\/hu\/wp-json\/wp\/v2\/product\/25369","targetHints":{"allow":["GET"]}}],"collection":[{"href":"https:\/\/mouldking.store\/hu\/wp-json\/wp\/v2\/product"}],"about":[{"href":"https:\/\/mouldking.store\/hu\/wp-json\/wp\/v2\/types\/product"}],"replies":[{"embeddable":true,"href":"https:\/\/mouldking.store\/hu\/wp-json\/wp\/v2\/comments?post=25369"}],"wp:featuredmedia":[{"embeddable":true,"href":"https:\/\/mouldking.store\/hu\/wp-json\/wp\/v2\/media\/25370"}],"wp:attachment":[{"href":"https:\/\/mouldking.store\/hu\/wp-json\/wp\/v2\/media?parent=25369"}],"wp:term":[{"taxonomy":"product_cat","embeddable":true,"href":"https:\/\/mouldking.store\/hu\/wp-json\/wp\/v2\/product_cat?post=25369"},{"taxonomy":"product_tag","embeddable":true,"href":"https:\/\/mouldking.store\/hu\/wp-json\/wp\/v2\/product_tag?post=25369"}],"curies":[{"name":"wp","href":"https:\/\/api.w.org\/{rel}","templated":true}]}}