{"id":25403,"date":"2021-08-21T05:05:47","date_gmt":"2021-08-21T05:05:47","guid":{"rendered":"https:\/\/mouldking.store\/?post_type=product&#038;p=25403"},"modified":"2021-12-23T09:41:55","modified_gmt":"2021-12-23T09:41:55","slug":"zhegao-ql1804-pirates-ship-with-1352-pieces","status":"publish","type":"product","link":"https:\/\/mouldking.store\/hu\/shop\/zhegao-ql1804-pirates-ship-with-1352-pieces\/","title":{"rendered":"ZHEGAO QL1804 Kal\u00f3zhaj\u00f3 1352 darabbal"},"content":{"rendered":"<p>Term\u00e9k inform\u00e1ci\u00f3:<br \/>\n1. M\u00e1rka: HSANHE<br \/>\n2. Gender: ZHEGAO<br \/>\n3. Name: Pirates Ship<br \/>\n4. Korhat\u00e1r: &gt; 6 \u00e9ves<br \/>\n5. Model Number: QL1804<br \/>\n6. Oszt\u00e1lyoz\u00e1s: \u00d6sszeszerel\u00e9s<br \/>\n7. M\u0171anyag blokk alakja: \u00f6nz\u00e1r\u00f3 t\u00e9gl\u00e1k<br \/>\n8. Anyaga: M\u0171anyag<br \/>\n9. M\u0171anyag t\u00edpus: ABS<br \/>\n10. Bricks Blocks: 1352 PCS<br \/>\n11. R\u00e9szletes \u00f6sszeszerel\u00e9si \u00fatmutat\u00f3t tartalmaz.<br \/>\n\u00c9rtes\u00edt\u00e9s:<br \/>\n1. Eredeti doboz n\u00e9lk\u00fcl, de garant\u00e1ljuk, hogy term\u00e9keink min\u0151s\u00e9gbiztos\u00edt\u00e1ssal \u00e9s sz\u00e9p csomagol\u00e1ssal rendelkeznek.<br \/>\n2. Mint minden alkatr\u00e9szt, amelyet a sz\u00e1ll\u00edt\u00e1s el\u0151tt ellen\u0151rizt\u00fcnk, ez\u00e9rt ha \u00fagy tal\u00e1lja, hogy n\u00e9h\u00e1ny alkatr\u00e9sz hi\u00e1nyzik vagy s\u00e9r\u00fclt, ne agg\u00f3djon, \u00e9s k\u00e9rj\u00fck, vegye fel vel\u00fcnk a kapcsolatot, \u00e9s azonnal ingyenesen elk\u00fcldj\u00fck \u00d6nnek.<\/p>\n<figure id=\"attachment_25404\" aria-describedby=\"caption-attachment-25404\" style=\"width: 800px\" class=\"wp-caption aligncenter\"><img fetchpriority=\"high\" decoding=\"async\" class=\"wp-image-25404 size-full\" src=\"https:\/\/mouldking.store\/wp-content\/uploads\/2021\/10\/ZHEGAO-QL1804-Pirates-Ship-with-1352-pieces-1.jpg\" alt=\"ZHEGAO QL1804 Pirates Ship with 1352 pieces\" width=\"800\" height=\"800\" title=\"-\" srcset=\"https:\/\/mouldking.store\/wp-content\/uploads\/2021\/10\/ZHEGAO-QL1804-Pirates-Ship-with-1352-pieces-1.jpg 800w, https:\/\/mouldking.store\/wp-content\/uploads\/2021\/10\/ZHEGAO-QL1804-Pirates-Ship-with-1352-pieces-1-300x300.jpg 300w, https:\/\/mouldking.store\/wp-content\/uploads\/2021\/10\/ZHEGAO-QL1804-Pirates-Ship-with-1352-pieces-1-768x768.jpg 768w, https:\/\/mouldking.store\/wp-content\/uploads\/2021\/10\/ZHEGAO-QL1804-Pirates-Ship-with-1352-pieces-1-600x600.jpg 600w, https:\/\/mouldking.store\/wp-content\/uploads\/2021\/10\/ZHEGAO-QL1804-Pirates-Ship-with-1352-pieces-1-150x150.jpg 150w\" sizes=\"(max-width: 800px) 100vw, 800px\" \/><figcaption id=\"caption-attachment-25404\" class=\"wp-caption-text\">ZHEGAO QL1804 Kal\u00f3zhaj\u00f3 1352 darabbal<\/figcaption><\/figure>\n<figure id=\"attachment_25406\" aria-describedby=\"caption-attachment-25406\" style=\"width: 800px\" class=\"wp-caption aligncenter\"><img decoding=\"async\" class=\"wp-image-25406\" src=\"https:\/\/mouldking.store\/wp-content\/uploads\/2021\/10\/ZHEGAO-QL1804-Pirates-Ship-with-1352-pieces-3-300x300.jpg\" alt=\"ZHEGAO QL1804 Pirates Ship with 1352 pieces\" width=\"800\" height=\"800\" title=\"-\" srcset=\"https:\/\/mouldking.store\/wp-content\/uploads\/2021\/10\/ZHEGAO-QL1804-Pirates-Ship-with-1352-pieces-3-300x300.jpg 300w, https:\/\/mouldking.store\/wp-content\/uploads\/2021\/10\/ZHEGAO-QL1804-Pirates-Ship-with-1352-pieces-3-768x768.jpg 768w, https:\/\/mouldking.store\/wp-content\/uploads\/2021\/10\/ZHEGAO-QL1804-Pirates-Ship-with-1352-pieces-3-600x600.jpg 600w, https:\/\/mouldking.store\/wp-content\/uploads\/2021\/10\/ZHEGAO-QL1804-Pirates-Ship-with-1352-pieces-3-150x150.jpg 150w, https:\/\/mouldking.store\/wp-content\/uploads\/2021\/10\/ZHEGAO-QL1804-Pirates-Ship-with-1352-pieces-3.jpg 1024w\" sizes=\"(max-width: 800px) 100vw, 800px\" \/><figcaption id=\"caption-attachment-25406\" class=\"wp-caption-text\">ZHEGAO QL1804 Kal\u00f3zhaj\u00f3 1352 darabbal<\/figcaption><\/figure>\n<figure id=\"attachment_25405\" aria-describedby=\"caption-attachment-25405\" style=\"width: 800px\" class=\"wp-caption aligncenter\"><img decoding=\"async\" class=\"wp-image-25405\" src=\"https:\/\/mouldking.store\/wp-content\/uploads\/2021\/10\/ZHEGAO-QL1804-Pirates-Ship-with-1352-pieces-2-300x300.jpg\" alt=\"ZHEGAO QL1804 Pirates Ship with 1352 pieces\" width=\"800\" height=\"800\" title=\"-\" srcset=\"https:\/\/mouldking.store\/wp-content\/uploads\/2021\/10\/ZHEGAO-QL1804-Pirates-Ship-with-1352-pieces-2-300x300.jpg 300w, https:\/\/mouldking.store\/wp-content\/uploads\/2021\/10\/ZHEGAO-QL1804-Pirates-Ship-with-1352-pieces-2-768x768.jpg 768w, https:\/\/mouldking.store\/wp-content\/uploads\/2021\/10\/ZHEGAO-QL1804-Pirates-Ship-with-1352-pieces-2-600x600.jpg 600w, https:\/\/mouldking.store\/wp-content\/uploads\/2021\/10\/ZHEGAO-QL1804-Pirates-Ship-with-1352-pieces-2-150x150.jpg 150w, https:\/\/mouldking.store\/wp-content\/uploads\/2021\/10\/ZHEGAO-QL1804-Pirates-Ship-with-1352-pieces-2.jpg 1024w\" sizes=\"(max-width: 800px) 100vw, 800px\" \/><figcaption id=\"caption-attachment-25405\" class=\"wp-caption-text\">ZHEGAO QL1804 Kal\u00f3zhaj\u00f3 1352 darabbal<\/figcaption><\/figure>","protected":false},"excerpt":{"rendered":"<p>Product information: 1. Brand: HSANHE 2. Gender: ZHEGAO 3. Name: Pirates Ship 4. Age Range: &gt; 6 years old 5. Model Number: QL1804 6. Classification: Assemblage 7. Plastic Block Shape: Self-Locking Bricks 8. Material: Plastic 9. Plastic Type: ABS 10. Bricks Blocks: 1352 PCS 11. Contains detailed assembly instructions. Notice: 1. Without an original box, [&hellip;]<\/p>","protected":false},"featured_media":25404,"comment_status":"open","ping_status":"closed","template":"","meta":{"_acf_changed":false},"product_cat":[581],"product_tag":[2429,1880,2428,304,1698,2430,2427,2426],"class_list":["product","first","outofstock","shipping-taxable","purchasable","product-type-simple"],"acf":[],"_links":{"self":[{"href":"https:\/\/mouldking.store\/hu\/wp-json\/wp\/v2\/product\/25403","targetHints":{"allow":["GET"]}}],"collection":[{"href":"https:\/\/mouldking.store\/hu\/wp-json\/wp\/v2\/product"}],"about":[{"href":"https:\/\/mouldking.store\/hu\/wp-json\/wp\/v2\/types\/product"}],"replies":[{"embeddable":true,"href":"https:\/\/mouldking.store\/hu\/wp-json\/wp\/v2\/comments?post=25403"}],"wp:featuredmedia":[{"embeddable":true,"href":"https:\/\/mouldking.store\/hu\/wp-json\/wp\/v2\/media\/25404"}],"wp:attachment":[{"href":"https:\/\/mouldking.store\/hu\/wp-json\/wp\/v2\/media?parent=25403"}],"wp:term":[{"taxonomy":"product_cat","embeddable":true,"href":"https:\/\/mouldking.store\/hu\/wp-json\/wp\/v2\/product_cat?post=25403"},{"taxonomy":"product_tag","embeddable":true,"href":"https:\/\/mouldking.store\/hu\/wp-json\/wp\/v2\/product_tag?post=25403"}],"curies":[{"name":"wp","href":"https:\/\/api.w.org\/{rel}","templated":true}]}}