{"id":25491,"date":"2021-10-22T03:30:25","date_gmt":"2021-10-22T03:30:25","guid":{"rendered":"https:\/\/mouldking.store\/?post_type=product&#038;p=25491"},"modified":"2021-12-23T09:41:57","modified_gmt":"2021-12-23T09:41:57","slug":"enlighten-a0101-a0106-pokemon","status":"publish","type":"product","link":"https:\/\/mouldking.store\/hu\/shop\/enlighten-a0101-a0106-pokemon\/","title":{"rendered":"VIL\u00c1G\u00cdT\u00c1S A0101-A0106 Pok\u00e9mon"},"content":{"rendered":"<p>Term\u00e9k inform\u00e1ci\u00f3:<\/p>\n<ol>\n<li>Brand: ENLIGHTEN<\/li>\n<li>Nem: Uniszex<\/li>\n<li>Name: Pokemon<\/li>\n<li>Koroszt\u00e1ly: &gt; 6 \u00e9v<\/li>\n<li>Model Number: A0101-A0106<\/li>\n<li>Besorol\u00e1s: \u00d6sszeszerel\u00e9s<\/li>\n<li>M\u0171anyag blokk forma: \u00f6nz\u00e1r\u00f3 t\u00e9gla<\/li>\n<li>Anyaga: M\u0171anyag<\/li>\n<li>M\u0171anyag t\u00edpus: ABS<\/li>\n<li>R\u00e9szletes \u00f6sszeszerel\u00e9si \u00fatmutat\u00f3t tartalmaz.<\/li>\n<\/ol>\n<p>\u00c9rtes\u00edt\u00e9s:<br \/>\n1. Eredeti doboz n\u00e9lk\u00fcl, de garant\u00e1ljuk, hogy term\u00e9keink min\u0151s\u00e9gbiztos\u00edt\u00e1ssal \u00e9s sz\u00e9p csomagol\u00e1ssal rendelkeznek.<br \/>\n2. Mint minden alkatr\u00e9szt, amelyet a sz\u00e1ll\u00edt\u00e1s el\u0151tt ellen\u0151rizt\u00fcnk, ez\u00e9rt ha \u00fagy tal\u00e1lja, hogy n\u00e9h\u00e1ny alkatr\u00e9sz hi\u00e1nyzik vagy s\u00e9r\u00fclt, ne agg\u00f3djon, \u00e9s k\u00e9rj\u00fck, vegye fel vel\u00fcnk a kapcsolatot, \u00e9s azonnal ingyenesen elk\u00fcldj\u00fck \u00d6nnek.<\/p>\n<figure id=\"attachment_25492\" aria-describedby=\"caption-attachment-25492\" style=\"width: 800px\" class=\"wp-caption aligncenter\"><img fetchpriority=\"high\" decoding=\"async\" class=\"wp-image-25492 size-full\" src=\"https:\/\/mouldking.store\/wp-content\/uploads\/2021\/10\/ENLIGHTEN-A0101-A0106-Pokemon-1.jpg\" alt=\"ENLIGHTEN A0101-A0106 Pokemon\" width=\"800\" height=\"800\" title=\"-\" srcset=\"https:\/\/mouldking.store\/wp-content\/uploads\/2021\/10\/ENLIGHTEN-A0101-A0106-Pokemon-1.jpg 800w, https:\/\/mouldking.store\/wp-content\/uploads\/2021\/10\/ENLIGHTEN-A0101-A0106-Pokemon-1-300x300.jpg 300w, https:\/\/mouldking.store\/wp-content\/uploads\/2021\/10\/ENLIGHTEN-A0101-A0106-Pokemon-1-768x768.jpg 768w, https:\/\/mouldking.store\/wp-content\/uploads\/2021\/10\/ENLIGHTEN-A0101-A0106-Pokemon-1-600x600.jpg 600w, https:\/\/mouldking.store\/wp-content\/uploads\/2021\/10\/ENLIGHTEN-A0101-A0106-Pokemon-1-150x150.jpg 150w\" sizes=\"(max-width: 800px) 100vw, 800px\" \/><figcaption id=\"caption-attachment-25492\" class=\"wp-caption-text\">VIL\u00c1G\u00cdT\u00c1S A0101-A0106 Pok\u00e9mon<\/figcaption><\/figure>\n<figure id=\"attachment_25499\" aria-describedby=\"caption-attachment-25499\" style=\"width: 800px\" class=\"wp-caption aligncenter\"><img decoding=\"async\" class=\"wp-image-25499 size-full\" src=\"https:\/\/mouldking.store\/wp-content\/uploads\/2021\/10\/ENLIGHTEN-A0101-A0106-Pokemon-8.jpg\" alt=\"ENLIGHTEN A0101-A0106 Pokemon\" width=\"800\" height=\"800\" title=\"-\" srcset=\"https:\/\/mouldking.store\/wp-content\/uploads\/2021\/10\/ENLIGHTEN-A0101-A0106-Pokemon-8.jpg 800w, https:\/\/mouldking.store\/wp-content\/uploads\/2021\/10\/ENLIGHTEN-A0101-A0106-Pokemon-8-300x300.jpg 300w, https:\/\/mouldking.store\/wp-content\/uploads\/2021\/10\/ENLIGHTEN-A0101-A0106-Pokemon-8-768x768.jpg 768w, https:\/\/mouldking.store\/wp-content\/uploads\/2021\/10\/ENLIGHTEN-A0101-A0106-Pokemon-8-600x600.jpg 600w, https:\/\/mouldking.store\/wp-content\/uploads\/2021\/10\/ENLIGHTEN-A0101-A0106-Pokemon-8-150x150.jpg 150w\" sizes=\"(max-width: 800px) 100vw, 800px\" \/><figcaption id=\"caption-attachment-25499\" class=\"wp-caption-text\">VIL\u00c1G\u00cdT\u00c1S A0101-A0106 Pok\u00e9mon<\/figcaption><\/figure>\n<figure id=\"attachment_25493\" aria-describedby=\"caption-attachment-25493\" style=\"width: 800px\" class=\"wp-caption aligncenter\"><img decoding=\"async\" class=\"wp-image-25493 size-full\" src=\"https:\/\/mouldking.store\/wp-content\/uploads\/2021\/10\/ENLIGHTEN-A0101-A0106-Pokemon-2.jpg\" alt=\"ENLIGHTEN A0101-A0106 Pokemon\" width=\"800\" height=\"800\" title=\"-\" srcset=\"https:\/\/mouldking.store\/wp-content\/uploads\/2021\/10\/ENLIGHTEN-A0101-A0106-Pokemon-2.jpg 800w, https:\/\/mouldking.store\/wp-content\/uploads\/2021\/10\/ENLIGHTEN-A0101-A0106-Pokemon-2-300x300.jpg 300w, https:\/\/mouldking.store\/wp-content\/uploads\/2021\/10\/ENLIGHTEN-A0101-A0106-Pokemon-2-768x768.jpg 768w, https:\/\/mouldking.store\/wp-content\/uploads\/2021\/10\/ENLIGHTEN-A0101-A0106-Pokemon-2-600x600.jpg 600w, https:\/\/mouldking.store\/wp-content\/uploads\/2021\/10\/ENLIGHTEN-A0101-A0106-Pokemon-2-150x150.jpg 150w\" sizes=\"(max-width: 800px) 100vw, 800px\" \/><figcaption id=\"caption-attachment-25493\" class=\"wp-caption-text\">VIL\u00c1G\u00cdT\u00c1S A0101-A0106 Pok\u00e9mon<\/figcaption><\/figure>\n<figure id=\"attachment_25494\" aria-describedby=\"caption-attachment-25494\" style=\"width: 800px\" class=\"wp-caption aligncenter\"><img loading=\"lazy\" decoding=\"async\" class=\"wp-image-25494 size-full\" src=\"https:\/\/mouldking.store\/wp-content\/uploads\/2021\/10\/ENLIGHTEN-A0101-A0106-Pokemon-3.jpg\" alt=\"ENLIGHTEN A0101-A0106 Pokemon\" width=\"800\" height=\"800\" title=\"-\" srcset=\"https:\/\/mouldking.store\/wp-content\/uploads\/2021\/10\/ENLIGHTEN-A0101-A0106-Pokemon-3.jpg 800w, https:\/\/mouldking.store\/wp-content\/uploads\/2021\/10\/ENLIGHTEN-A0101-A0106-Pokemon-3-300x300.jpg 300w, https:\/\/mouldking.store\/wp-content\/uploads\/2021\/10\/ENLIGHTEN-A0101-A0106-Pokemon-3-768x768.jpg 768w, https:\/\/mouldking.store\/wp-content\/uploads\/2021\/10\/ENLIGHTEN-A0101-A0106-Pokemon-3-600x600.jpg 600w, https:\/\/mouldking.store\/wp-content\/uploads\/2021\/10\/ENLIGHTEN-A0101-A0106-Pokemon-3-150x150.jpg 150w\" sizes=\"(max-width: 800px) 100vw, 800px\" \/><figcaption id=\"caption-attachment-25494\" class=\"wp-caption-text\">VIL\u00c1G\u00cdT\u00c1S A0101-A0106 Pok\u00e9mon<\/figcaption><\/figure>\n<figure id=\"attachment_25495\" aria-describedby=\"caption-attachment-25495\" style=\"width: 800px\" class=\"wp-caption aligncenter\"><img loading=\"lazy\" decoding=\"async\" class=\"wp-image-25495 size-full\" src=\"https:\/\/mouldking.store\/wp-content\/uploads\/2021\/10\/ENLIGHTEN-A0101-A0106-Pokemon-4.jpg\" alt=\"ENLIGHTEN A0101-A0106 Pokemon\" width=\"800\" height=\"800\" title=\"-\" srcset=\"https:\/\/mouldking.store\/wp-content\/uploads\/2021\/10\/ENLIGHTEN-A0101-A0106-Pokemon-4.jpg 800w, https:\/\/mouldking.store\/wp-content\/uploads\/2021\/10\/ENLIGHTEN-A0101-A0106-Pokemon-4-300x300.jpg 300w, https:\/\/mouldking.store\/wp-content\/uploads\/2021\/10\/ENLIGHTEN-A0101-A0106-Pokemon-4-768x768.jpg 768w, https:\/\/mouldking.store\/wp-content\/uploads\/2021\/10\/ENLIGHTEN-A0101-A0106-Pokemon-4-600x600.jpg 600w, https:\/\/mouldking.store\/wp-content\/uploads\/2021\/10\/ENLIGHTEN-A0101-A0106-Pokemon-4-150x150.jpg 150w\" sizes=\"(max-width: 800px) 100vw, 800px\" \/><figcaption id=\"caption-attachment-25495\" class=\"wp-caption-text\">VIL\u00c1G\u00cdT\u00c1S A0101-A0106 Pok\u00e9mon<\/figcaption><\/figure>\n<figure id=\"attachment_25496\" aria-describedby=\"caption-attachment-25496\" style=\"width: 800px\" class=\"wp-caption aligncenter\"><img loading=\"lazy\" decoding=\"async\" class=\"wp-image-25496 size-full\" src=\"https:\/\/mouldking.store\/wp-content\/uploads\/2021\/10\/ENLIGHTEN-A0101-A0106-Pokemon-5.jpg\" alt=\"ENLIGHTEN A0101-A0106 Pokemon\" width=\"800\" height=\"800\" title=\"-\" srcset=\"https:\/\/mouldking.store\/wp-content\/uploads\/2021\/10\/ENLIGHTEN-A0101-A0106-Pokemon-5.jpg 800w, https:\/\/mouldking.store\/wp-content\/uploads\/2021\/10\/ENLIGHTEN-A0101-A0106-Pokemon-5-300x300.jpg 300w, https:\/\/mouldking.store\/wp-content\/uploads\/2021\/10\/ENLIGHTEN-A0101-A0106-Pokemon-5-768x768.jpg 768w, https:\/\/mouldking.store\/wp-content\/uploads\/2021\/10\/ENLIGHTEN-A0101-A0106-Pokemon-5-600x600.jpg 600w, https:\/\/mouldking.store\/wp-content\/uploads\/2021\/10\/ENLIGHTEN-A0101-A0106-Pokemon-5-150x150.jpg 150w\" sizes=\"(max-width: 800px) 100vw, 800px\" \/><figcaption id=\"caption-attachment-25496\" class=\"wp-caption-text\">VIL\u00c1G\u00cdT\u00c1S A0101-A0106 Pok\u00e9mon<\/figcaption><\/figure>\n<figure id=\"attachment_25497\" aria-describedby=\"caption-attachment-25497\" style=\"width: 800px\" class=\"wp-caption aligncenter\"><img loading=\"lazy\" decoding=\"async\" class=\"wp-image-25497 size-full\" src=\"https:\/\/mouldking.store\/wp-content\/uploads\/2021\/10\/ENLIGHTEN-A0101-A0106-Pokemon-6.jpg\" alt=\"ENLIGHTEN A0101-A0106 Pokemon\" width=\"800\" height=\"800\" title=\"-\" srcset=\"https:\/\/mouldking.store\/wp-content\/uploads\/2021\/10\/ENLIGHTEN-A0101-A0106-Pokemon-6.jpg 800w, https:\/\/mouldking.store\/wp-content\/uploads\/2021\/10\/ENLIGHTEN-A0101-A0106-Pokemon-6-300x300.jpg 300w, https:\/\/mouldking.store\/wp-content\/uploads\/2021\/10\/ENLIGHTEN-A0101-A0106-Pokemon-6-768x768.jpg 768w, https:\/\/mouldking.store\/wp-content\/uploads\/2021\/10\/ENLIGHTEN-A0101-A0106-Pokemon-6-600x600.jpg 600w, https:\/\/mouldking.store\/wp-content\/uploads\/2021\/10\/ENLIGHTEN-A0101-A0106-Pokemon-6-150x150.jpg 150w\" sizes=\"(max-width: 800px) 100vw, 800px\" \/><figcaption id=\"caption-attachment-25497\" class=\"wp-caption-text\">VIL\u00c1G\u00cdT\u00c1S A0101-A0106 Pok\u00e9mon<\/figcaption><\/figure>\n<figure id=\"attachment_25498\" aria-describedby=\"caption-attachment-25498\" style=\"width: 800px\" class=\"wp-caption aligncenter\"><img loading=\"lazy\" decoding=\"async\" class=\"wp-image-25498 size-full\" src=\"https:\/\/mouldking.store\/wp-content\/uploads\/2021\/10\/ENLIGHTEN-A0101-A0106-Pokemon-7.jpg\" alt=\"ENLIGHTEN A0101-A0106 Pokemon\" width=\"800\" height=\"800\" title=\"-\" srcset=\"https:\/\/mouldking.store\/wp-content\/uploads\/2021\/10\/ENLIGHTEN-A0101-A0106-Pokemon-7.jpg 800w, https:\/\/mouldking.store\/wp-content\/uploads\/2021\/10\/ENLIGHTEN-A0101-A0106-Pokemon-7-300x300.jpg 300w, https:\/\/mouldking.store\/wp-content\/uploads\/2021\/10\/ENLIGHTEN-A0101-A0106-Pokemon-7-768x768.jpg 768w, https:\/\/mouldking.store\/wp-content\/uploads\/2021\/10\/ENLIGHTEN-A0101-A0106-Pokemon-7-600x600.jpg 600w, https:\/\/mouldking.store\/wp-content\/uploads\/2021\/10\/ENLIGHTEN-A0101-A0106-Pokemon-7-150x150.jpg 150w\" sizes=\"(max-width: 800px) 100vw, 800px\" \/><figcaption id=\"caption-attachment-25498\" class=\"wp-caption-text\">VIL\u00c1G\u00cdT\u00c1S A0101-A0106 Pok\u00e9mon<\/figcaption><\/figure>","protected":false},"excerpt":{"rendered":"<p>Product information: Brand: ENLIGHTEN Gender: Unisex Name: Pokemon Age Range: &gt; 6 years old Model Number: A0101-A0106 Classification: Assemblage Plastic Block Shape: Self-Locking Bricks Material: Plastic Plastic Type: ABS Contains detailed assembly instructions. Notice: 1. Without an original box, but we guarantee our products have quality assurance and nice packaging. 2. As all the parts [&hellip;]<\/p>","protected":false},"featured_media":25492,"comment_status":"open","ping_status":"closed","template":"","meta":{"_acf_changed":false},"product_cat":[581],"product_tag":[2470,2469,2467,2466,2468],"class_list":["product","first","instock","shipping-taxable","purchasable","product-type-variable"],"acf":[],"_links":{"self":[{"href":"https:\/\/mouldking.store\/hu\/wp-json\/wp\/v2\/product\/25491","targetHints":{"allow":["GET"]}}],"collection":[{"href":"https:\/\/mouldking.store\/hu\/wp-json\/wp\/v2\/product"}],"about":[{"href":"https:\/\/mouldking.store\/hu\/wp-json\/wp\/v2\/types\/product"}],"replies":[{"embeddable":true,"href":"https:\/\/mouldking.store\/hu\/wp-json\/wp\/v2\/comments?post=25491"}],"wp:featuredmedia":[{"embeddable":true,"href":"https:\/\/mouldking.store\/hu\/wp-json\/wp\/v2\/media\/25492"}],"wp:attachment":[{"href":"https:\/\/mouldking.store\/hu\/wp-json\/wp\/v2\/media?parent=25491"}],"wp:term":[{"taxonomy":"product_cat","embeddable":true,"href":"https:\/\/mouldking.store\/hu\/wp-json\/wp\/v2\/product_cat?post=25491"},{"taxonomy":"product_tag","embeddable":true,"href":"https:\/\/mouldking.store\/hu\/wp-json\/wp\/v2\/product_tag?post=25491"}],"curies":[{"name":"wp","href":"https:\/\/api.w.org\/{rel}","templated":true}]}}