{"id":25568,"date":"2021-10-22T04:05:26","date_gmt":"2021-10-22T04:05:26","guid":{"rendered":"https:\/\/mouldking.store\/?post_type=product&#038;p=25568"},"modified":"2021-12-23T09:41:52","modified_gmt":"2021-12-23T09:41:52","slug":"sixsix-bricks-992-king-kong-with-3000-pieces","status":"publish","type":"product","link":"https:\/\/mouldking.store\/hu\/shop\/sixsix-bricks-992-king-kong-with-3000-pieces\/","title":{"rendered":"SixSix Bricks 992 King Kong 3000 darabbal"},"content":{"rendered":"<p>Term\u00e9k inform\u00e1ci\u00f3:<\/p>\n<ol>\n<li>M\u00e1rka: SixSix Bricks<\/li>\n<li>Nem: Uniszex<\/li>\n<li>N\u00e9v: King Kong<\/li>\n<li>Koroszt\u00e1ly: &gt; 6 \u00e9v<\/li>\n<li>Modellsz\u00e1m: 992<\/li>\n<li>Besorol\u00e1s: \u00d6sszeszerel\u00e9s<\/li>\n<li>M\u0171anyag blokk forma: \u00f6nz\u00e1r\u00f3 t\u00e9gla<\/li>\n<li>Anyaga: M\u0171anyag<\/li>\n<li>M\u0171anyag t\u00edpus: ABS<\/li>\n<li>T\u00e9gla blokkok: 3000 DB<\/li>\n<li>R\u00e9szletes \u00f6sszeszerel\u00e9si \u00fatmutat\u00f3t tartalmaz.<\/li>\n<\/ol>\n<p>\u00c9rtes\u00edt\u00e9s:<br \/>\n1. Eredeti doboz n\u00e9lk\u00fcl, de garant\u00e1ljuk, hogy term\u00e9keink min\u0151s\u00e9gbiztos\u00edt\u00e1ssal \u00e9s sz\u00e9p csomagol\u00e1ssal rendelkeznek.<br \/>\n2. Mint minden alkatr\u00e9szt, amelyet a sz\u00e1ll\u00edt\u00e1s el\u0151tt ellen\u0151rizt\u00fcnk, ez\u00e9rt ha \u00fagy tal\u00e1lja, hogy n\u00e9h\u00e1ny alkatr\u00e9sz hi\u00e1nyzik vagy s\u00e9r\u00fclt, ne agg\u00f3djon, \u00e9s k\u00e9rj\u00fck, vegye fel vel\u00fcnk a kapcsolatot, \u00e9s azonnal ingyenesen elk\u00fcldj\u00fck \u00d6nnek.<\/p>\n<figure id=\"attachment_25575\" aria-describedby=\"caption-attachment-25575\" style=\"width: 800px\" class=\"wp-caption aligncenter\"><img fetchpriority=\"high\" decoding=\"async\" class=\"wp-image-25575 size-full\" src=\"https:\/\/mouldking.store\/wp-content\/uploads\/2021\/10\/SixSix-Bricks-992-King-Kong-with-3000-pieces-7.jpg\" alt=\"SixSix Bricks 992 King Kong with 3000 pieces\" width=\"800\" height=\"1013\" title=\"-\" srcset=\"https:\/\/mouldking.store\/wp-content\/uploads\/2021\/10\/SixSix-Bricks-992-King-Kong-with-3000-pieces-7.jpg 800w, https:\/\/mouldking.store\/wp-content\/uploads\/2021\/10\/SixSix-Bricks-992-King-Kong-with-3000-pieces-7-237x300.jpg 237w, https:\/\/mouldking.store\/wp-content\/uploads\/2021\/10\/SixSix-Bricks-992-King-Kong-with-3000-pieces-7-768x972.jpg 768w, https:\/\/mouldking.store\/wp-content\/uploads\/2021\/10\/SixSix-Bricks-992-King-Kong-with-3000-pieces-7-300x380.jpg 300w, https:\/\/mouldking.store\/wp-content\/uploads\/2021\/10\/SixSix-Bricks-992-King-Kong-with-3000-pieces-7-600x760.jpg 600w, https:\/\/mouldking.store\/wp-content\/uploads\/2021\/10\/SixSix-Bricks-992-King-Kong-with-3000-pieces-7-118x150.jpg 118w\" sizes=\"(max-width: 800px) 100vw, 800px\" \/><figcaption id=\"caption-attachment-25575\" class=\"wp-caption-text\">SixSix Bricks 992 King Kong 3000 darabbal<\/figcaption><\/figure>\n<figure id=\"attachment_25574\" aria-describedby=\"caption-attachment-25574\" style=\"width: 432px\" class=\"wp-caption aligncenter\"><img decoding=\"async\" class=\"wp-image-25574 size-full\" src=\"https:\/\/mouldking.store\/wp-content\/uploads\/2021\/10\/SixSix-Bricks-992-King-Kong-with-3000-pieces-6.jpg\" alt=\"SixSix Bricks 992 King Kong with 3000 pieces\" width=\"432\" height=\"1024\" title=\"-\" srcset=\"https:\/\/mouldking.store\/wp-content\/uploads\/2021\/10\/SixSix-Bricks-992-King-Kong-with-3000-pieces-6.jpg 432w, https:\/\/mouldking.store\/wp-content\/uploads\/2021\/10\/SixSix-Bricks-992-King-Kong-with-3000-pieces-6-127x300.jpg 127w, https:\/\/mouldking.store\/wp-content\/uploads\/2021\/10\/SixSix-Bricks-992-King-Kong-with-3000-pieces-6-300x711.jpg 300w, https:\/\/mouldking.store\/wp-content\/uploads\/2021\/10\/SixSix-Bricks-992-King-Kong-with-3000-pieces-6-63x150.jpg 63w\" sizes=\"(max-width: 432px) 100vw, 432px\" \/><figcaption id=\"caption-attachment-25574\" class=\"wp-caption-text\">SixSix Bricks 992 King Kong 3000 darabbal<\/figcaption><\/figure>\n<figure id=\"attachment_25573\" aria-describedby=\"caption-attachment-25573\" style=\"width: 389px\" class=\"wp-caption aligncenter\"><img decoding=\"async\" class=\"wp-image-25573 size-full\" src=\"https:\/\/mouldking.store\/wp-content\/uploads\/2021\/10\/SixSix-Bricks-992-King-Kong-with-3000-pieces-5.jpg\" alt=\"SixSix Bricks 992 King Kong with 3000 pieces\" width=\"389\" height=\"1024\" title=\"-\" srcset=\"https:\/\/mouldking.store\/wp-content\/uploads\/2021\/10\/SixSix-Bricks-992-King-Kong-with-3000-pieces-5.jpg 389w, https:\/\/mouldking.store\/wp-content\/uploads\/2021\/10\/SixSix-Bricks-992-King-Kong-with-3000-pieces-5-114x300.jpg 114w, https:\/\/mouldking.store\/wp-content\/uploads\/2021\/10\/SixSix-Bricks-992-King-Kong-with-3000-pieces-5-300x790.jpg 300w, https:\/\/mouldking.store\/wp-content\/uploads\/2021\/10\/SixSix-Bricks-992-King-Kong-with-3000-pieces-5-57x150.jpg 57w\" sizes=\"(max-width: 389px) 100vw, 389px\" \/><figcaption id=\"caption-attachment-25573\" class=\"wp-caption-text\">SixSix Bricks 992 King Kong 3000 darabbal<\/figcaption><\/figure>\n<figure id=\"attachment_25572\" aria-describedby=\"caption-attachment-25572\" style=\"width: 492px\" class=\"wp-caption aligncenter\"><img loading=\"lazy\" decoding=\"async\" class=\"wp-image-25572 size-full\" src=\"https:\/\/mouldking.store\/wp-content\/uploads\/2021\/10\/SixSix-Bricks-992-King-Kong-with-3000-pieces-4.jpg\" alt=\"SixSix Bricks 992 King Kong with 3000 pieces\" width=\"492\" height=\"1023\" title=\"-\" srcset=\"https:\/\/mouldking.store\/wp-content\/uploads\/2021\/10\/SixSix-Bricks-992-King-Kong-with-3000-pieces-4.jpg 492w, https:\/\/mouldking.store\/wp-content\/uploads\/2021\/10\/SixSix-Bricks-992-King-Kong-with-3000-pieces-4-144x300.jpg 144w, https:\/\/mouldking.store\/wp-content\/uploads\/2021\/10\/SixSix-Bricks-992-King-Kong-with-3000-pieces-4-300x624.jpg 300w, https:\/\/mouldking.store\/wp-content\/uploads\/2021\/10\/SixSix-Bricks-992-King-Kong-with-3000-pieces-4-72x150.jpg 72w\" sizes=\"(max-width: 492px) 100vw, 492px\" \/><figcaption id=\"caption-attachment-25572\" class=\"wp-caption-text\">SixSix Bricks 992 King Kong 3000 darabbal<\/figcaption><\/figure>\n<figure id=\"attachment_25571\" aria-describedby=\"caption-attachment-25571\" style=\"width: 504px\" class=\"wp-caption aligncenter\"><img loading=\"lazy\" decoding=\"async\" class=\"wp-image-25571 size-full\" src=\"https:\/\/mouldking.store\/wp-content\/uploads\/2021\/10\/SixSix-Bricks-992-King-Kong-with-3000-pieces-3.jpg\" alt=\"SixSix Bricks 992 King Kong with 3000 pieces\" width=\"504\" height=\"1023\" title=\"-\" srcset=\"https:\/\/mouldking.store\/wp-content\/uploads\/2021\/10\/SixSix-Bricks-992-King-Kong-with-3000-pieces-3.jpg 504w, https:\/\/mouldking.store\/wp-content\/uploads\/2021\/10\/SixSix-Bricks-992-King-Kong-with-3000-pieces-3-148x300.jpg 148w, https:\/\/mouldking.store\/wp-content\/uploads\/2021\/10\/SixSix-Bricks-992-King-Kong-with-3000-pieces-3-300x609.jpg 300w, https:\/\/mouldking.store\/wp-content\/uploads\/2021\/10\/SixSix-Bricks-992-King-Kong-with-3000-pieces-3-74x150.jpg 74w\" sizes=\"(max-width: 504px) 100vw, 504px\" \/><figcaption id=\"caption-attachment-25571\" class=\"wp-caption-text\">SixSix Bricks 992 King Kong 3000 darabbal<\/figcaption><\/figure>\n<figure id=\"attachment_25570\" aria-describedby=\"caption-attachment-25570\" style=\"width: 766px\" class=\"wp-caption aligncenter\"><img loading=\"lazy\" decoding=\"async\" class=\"wp-image-25570 size-full\" src=\"https:\/\/mouldking.store\/wp-content\/uploads\/2021\/10\/SixSix-Bricks-992-King-Kong-with-3000-pieces-2.jpg\" alt=\"SixSix Bricks 992 King Kong with 3000 pieces\" width=\"766\" height=\"1024\" title=\"-\" srcset=\"https:\/\/mouldking.store\/wp-content\/uploads\/2021\/10\/SixSix-Bricks-992-King-Kong-with-3000-pieces-2.jpg 766w, https:\/\/mouldking.store\/wp-content\/uploads\/2021\/10\/SixSix-Bricks-992-King-Kong-with-3000-pieces-2-224x300.jpg 224w, https:\/\/mouldking.store\/wp-content\/uploads\/2021\/10\/SixSix-Bricks-992-King-Kong-with-3000-pieces-2-300x401.jpg 300w, https:\/\/mouldking.store\/wp-content\/uploads\/2021\/10\/SixSix-Bricks-992-King-Kong-with-3000-pieces-2-600x802.jpg 600w, https:\/\/mouldking.store\/wp-content\/uploads\/2021\/10\/SixSix-Bricks-992-King-Kong-with-3000-pieces-2-112x150.jpg 112w\" sizes=\"(max-width: 766px) 100vw, 766px\" \/><figcaption id=\"caption-attachment-25570\" class=\"wp-caption-text\">SixSix Bricks 992 King Kong 3000 darabbal<\/figcaption><\/figure>","protected":false},"excerpt":{"rendered":"<p>Product information: Brand: SixSix Bricks Gender: Unisex Name: King Kong Age Range: &gt; 6 years old Model Number: 992 Classification: Assemblage Plastic Block Shape: Self-Locking Bricks Material: Plastic Plastic Type: ABS Bricks Blocks: 3000 PCS Contains detailed assembly instructions. Notice: 1. Without an original box, but we guarantee our products have quality assurance and nice [&hellip;]<\/p>","protected":false},"featured_media":25569,"comment_status":"open","ping_status":"closed","template":"","meta":{"_acf_changed":false},"product_cat":[581],"product_tag":[2511,2508,2510,2507,2506,2509],"class_list":["product","first","instock","shipping-taxable","purchasable","product-type-simple"],"acf":[],"_links":{"self":[{"href":"https:\/\/mouldking.store\/hu\/wp-json\/wp\/v2\/product\/25568","targetHints":{"allow":["GET"]}}],"collection":[{"href":"https:\/\/mouldking.store\/hu\/wp-json\/wp\/v2\/product"}],"about":[{"href":"https:\/\/mouldking.store\/hu\/wp-json\/wp\/v2\/types\/product"}],"replies":[{"embeddable":true,"href":"https:\/\/mouldking.store\/hu\/wp-json\/wp\/v2\/comments?post=25568"}],"wp:featuredmedia":[{"embeddable":true,"href":"https:\/\/mouldking.store\/hu\/wp-json\/wp\/v2\/media\/25569"}],"wp:attachment":[{"href":"https:\/\/mouldking.store\/hu\/wp-json\/wp\/v2\/media?parent=25568"}],"wp:term":[{"taxonomy":"product_cat","embeddable":true,"href":"https:\/\/mouldking.store\/hu\/wp-json\/wp\/v2\/product_cat?post=25568"},{"taxonomy":"product_tag","embeddable":true,"href":"https:\/\/mouldking.store\/hu\/wp-json\/wp\/v2\/product_tag?post=25568"}],"curies":[{"name":"wp","href":"https:\/\/api.w.org\/{rel}","templated":true}]}}