{"id":25592,"date":"2021-10-22T04:20:47","date_gmt":"2021-10-22T04:20:47","guid":{"rendered":"https:\/\/mouldking.store\/?post_type=product&#038;p=25592"},"modified":"2021-12-23T09:41:51","modified_gmt":"2021-12-23T09:41:51","slug":"cada-c61076-bell-v-280-valor-with-1424-pieces","status":"publish","type":"product","link":"https:\/\/mouldking.store\/hu\/shop\/cada-c61076-bell-v-280-valor-with-1424-pieces\/","title":{"rendered":"CADA C61076 Bell V-280 Valor 1424 darabbal"},"content":{"rendered":"<p>Term\u00e9k inform\u00e1ci\u00f3:<\/p>\n<ol>\n<li>M\u00e1rka: CADA<\/li>\n<li>Nem: Uniszex<\/li>\n<li>Name: Bell V-280 Valor<\/li>\n<li>Koroszt\u00e1ly: &gt; 6 \u00e9v<\/li>\n<li>Model Number: C61076<\/li>\n<li>Besorol\u00e1s: \u00d6sszeszerel\u00e9s<\/li>\n<li>M\u0171anyag blokk forma: \u00f6nz\u00e1r\u00f3 t\u00e9gla<\/li>\n<li>Anyaga: M\u0171anyag<\/li>\n<li>M\u0171anyag t\u00edpus: ABS<\/li>\n<li>Bricks Blocks: 1424 PCS<\/li>\n<li>R\u00e9szletes \u00f6sszeszerel\u00e9si \u00fatmutat\u00f3t tartalmaz.<\/li>\n<\/ol>\n<p>\u00c9rtes\u00edt\u00e9s:<br \/>\n1. Eredeti doboz n\u00e9lk\u00fcl, de garant\u00e1ljuk, hogy term\u00e9keink min\u0151s\u00e9gbiztos\u00edt\u00e1ssal \u00e9s sz\u00e9p csomagol\u00e1ssal rendelkeznek.<br \/>\n2. Mint minden alkatr\u00e9szt, amelyet a sz\u00e1ll\u00edt\u00e1s el\u0151tt ellen\u0151rizt\u00fcnk, ez\u00e9rt ha \u00fagy tal\u00e1lja, hogy n\u00e9h\u00e1ny alkatr\u00e9sz hi\u00e1nyzik vagy s\u00e9r\u00fclt, ne agg\u00f3djon, \u00e9s k\u00e9rj\u00fck, vegye fel vel\u00fcnk a kapcsolatot, \u00e9s azonnal ingyenesen elk\u00fcldj\u00fck \u00d6nnek.<\/p>\n<figure id=\"attachment_25594\" aria-describedby=\"caption-attachment-25594\" style=\"width: 800px\" class=\"wp-caption aligncenter\"><img fetchpriority=\"high\" decoding=\"async\" class=\"wp-image-25594\" src=\"https:\/\/mouldking.store\/wp-content\/uploads\/2021\/10\/CADA-C61076-Bell-V-280-Valor-with-1424-pieces-2-300x300.jpg\" alt=\"CADA C61076 Bell V-280 Valor with 1424 pieces\" width=\"800\" height=\"800\" title=\"-\" srcset=\"https:\/\/mouldking.store\/wp-content\/uploads\/2021\/10\/CADA-C61076-Bell-V-280-Valor-with-1424-pieces-2-300x300.jpg 300w, https:\/\/mouldking.store\/wp-content\/uploads\/2021\/10\/CADA-C61076-Bell-V-280-Valor-with-1424-pieces-2-768x768.jpg 768w, https:\/\/mouldking.store\/wp-content\/uploads\/2021\/10\/CADA-C61076-Bell-V-280-Valor-with-1424-pieces-2-600x600.jpg 600w, https:\/\/mouldking.store\/wp-content\/uploads\/2021\/10\/CADA-C61076-Bell-V-280-Valor-with-1424-pieces-2-150x150.jpg 150w, https:\/\/mouldking.store\/wp-content\/uploads\/2021\/10\/CADA-C61076-Bell-V-280-Valor-with-1424-pieces-2.jpg 1000w\" sizes=\"(max-width: 800px) 100vw, 800px\" \/><figcaption id=\"caption-attachment-25594\" class=\"wp-caption-text\">CADA C61076 Bell V-280 Valor 1424 darabbal<\/figcaption><\/figure>\n<figure id=\"attachment_25606\" aria-describedby=\"caption-attachment-25606\" style=\"width: 698px\" class=\"wp-caption aligncenter\"><img decoding=\"async\" class=\"wp-image-25606 size-full\" src=\"https:\/\/mouldking.store\/wp-content\/uploads\/2021\/10\/CADA-C61076-Bell-V-280-Valor-with-1424-pieces-14.jpg\" alt=\"CADA C61076 Bell V-280 Valor with 1424 pieces\" width=\"698\" height=\"1024\" title=\"-\" srcset=\"https:\/\/mouldking.store\/wp-content\/uploads\/2021\/10\/CADA-C61076-Bell-V-280-Valor-with-1424-pieces-14.jpg 698w, https:\/\/mouldking.store\/wp-content\/uploads\/2021\/10\/CADA-C61076-Bell-V-280-Valor-with-1424-pieces-14-204x300.jpg 204w, https:\/\/mouldking.store\/wp-content\/uploads\/2021\/10\/CADA-C61076-Bell-V-280-Valor-with-1424-pieces-14-300x440.jpg 300w, https:\/\/mouldking.store\/wp-content\/uploads\/2021\/10\/CADA-C61076-Bell-V-280-Valor-with-1424-pieces-14-600x880.jpg 600w, https:\/\/mouldking.store\/wp-content\/uploads\/2021\/10\/CADA-C61076-Bell-V-280-Valor-with-1424-pieces-14-102x150.jpg 102w\" sizes=\"(max-width: 698px) 100vw, 698px\" \/><figcaption id=\"caption-attachment-25606\" class=\"wp-caption-text\">CADA C61076 Bell V-280 Valor 1424 darabbal<\/figcaption><\/figure>\n<figure id=\"attachment_25595\" aria-describedby=\"caption-attachment-25595\" style=\"width: 800px\" class=\"wp-caption aligncenter\"><img decoding=\"async\" class=\"wp-image-25595 size-full\" src=\"https:\/\/mouldking.store\/wp-content\/uploads\/2021\/10\/CADA-C61076-Bell-V-280-Valor-with-1424-pieces-3.jpg\" alt=\"CADA C61076 Bell V-280 Valor with 1424 pieces\" width=\"800\" height=\"800\" title=\"-\" srcset=\"https:\/\/mouldking.store\/wp-content\/uploads\/2021\/10\/CADA-C61076-Bell-V-280-Valor-with-1424-pieces-3.jpg 800w, https:\/\/mouldking.store\/wp-content\/uploads\/2021\/10\/CADA-C61076-Bell-V-280-Valor-with-1424-pieces-3-300x300.jpg 300w, https:\/\/mouldking.store\/wp-content\/uploads\/2021\/10\/CADA-C61076-Bell-V-280-Valor-with-1424-pieces-3-768x768.jpg 768w, https:\/\/mouldking.store\/wp-content\/uploads\/2021\/10\/CADA-C61076-Bell-V-280-Valor-with-1424-pieces-3-600x600.jpg 600w, https:\/\/mouldking.store\/wp-content\/uploads\/2021\/10\/CADA-C61076-Bell-V-280-Valor-with-1424-pieces-3-150x150.jpg 150w\" sizes=\"(max-width: 800px) 100vw, 800px\" \/><figcaption id=\"caption-attachment-25595\" class=\"wp-caption-text\">CADA C61076 Bell V-280 Valor 1424 darabbal<\/figcaption><\/figure>\n<figure id=\"attachment_25596\" aria-describedby=\"caption-attachment-25596\" style=\"width: 800px\" class=\"wp-caption aligncenter\"><img loading=\"lazy\" decoding=\"async\" class=\"wp-image-25596 size-full\" src=\"https:\/\/mouldking.store\/wp-content\/uploads\/2021\/10\/CADA-C61076-Bell-V-280-Valor-with-1424-pieces-4.jpg\" alt=\"CADA C61076 Bell V-280 Valor with 1424 pieces\" width=\"800\" height=\"1018\" title=\"-\" srcset=\"https:\/\/mouldking.store\/wp-content\/uploads\/2021\/10\/CADA-C61076-Bell-V-280-Valor-with-1424-pieces-4.jpg 800w, https:\/\/mouldking.store\/wp-content\/uploads\/2021\/10\/CADA-C61076-Bell-V-280-Valor-with-1424-pieces-4-236x300.jpg 236w, https:\/\/mouldking.store\/wp-content\/uploads\/2021\/10\/CADA-C61076-Bell-V-280-Valor-with-1424-pieces-4-768x977.jpg 768w, https:\/\/mouldking.store\/wp-content\/uploads\/2021\/10\/CADA-C61076-Bell-V-280-Valor-with-1424-pieces-4-300x382.jpg 300w, https:\/\/mouldking.store\/wp-content\/uploads\/2021\/10\/CADA-C61076-Bell-V-280-Valor-with-1424-pieces-4-600x764.jpg 600w, https:\/\/mouldking.store\/wp-content\/uploads\/2021\/10\/CADA-C61076-Bell-V-280-Valor-with-1424-pieces-4-118x150.jpg 118w\" sizes=\"(max-width: 800px) 100vw, 800px\" \/><figcaption id=\"caption-attachment-25596\" class=\"wp-caption-text\">CADA C61076 Bell V-280 Valor 1424 darabbal<\/figcaption><\/figure>\n<figure id=\"attachment_25597\" aria-describedby=\"caption-attachment-25597\" style=\"width: 615px\" class=\"wp-caption aligncenter\"><img loading=\"lazy\" decoding=\"async\" class=\"wp-image-25597 size-full\" src=\"https:\/\/mouldking.store\/wp-content\/uploads\/2021\/10\/CADA-C61076-Bell-V-280-Valor-with-1424-pieces-5.jpg\" alt=\"CADA C61076 Bell V-280 Valor with 1424 pieces\" width=\"615\" height=\"1024\" title=\"-\" srcset=\"https:\/\/mouldking.store\/wp-content\/uploads\/2021\/10\/CADA-C61076-Bell-V-280-Valor-with-1424-pieces-5.jpg 615w, https:\/\/mouldking.store\/wp-content\/uploads\/2021\/10\/CADA-C61076-Bell-V-280-Valor-with-1424-pieces-5-180x300.jpg 180w, https:\/\/mouldking.store\/wp-content\/uploads\/2021\/10\/CADA-C61076-Bell-V-280-Valor-with-1424-pieces-5-300x500.jpg 300w, https:\/\/mouldking.store\/wp-content\/uploads\/2021\/10\/CADA-C61076-Bell-V-280-Valor-with-1424-pieces-5-600x999.jpg 600w, https:\/\/mouldking.store\/wp-content\/uploads\/2021\/10\/CADA-C61076-Bell-V-280-Valor-with-1424-pieces-5-90x150.jpg 90w\" sizes=\"(max-width: 615px) 100vw, 615px\" \/><figcaption id=\"caption-attachment-25597\" class=\"wp-caption-text\">CADA C61076 Bell V-280 Valor 1424 darabbal<\/figcaption><\/figure>\n<figure id=\"attachment_25598\" aria-describedby=\"caption-attachment-25598\" style=\"width: 555px\" class=\"wp-caption aligncenter\"><img loading=\"lazy\" decoding=\"async\" class=\"wp-image-25598 size-full\" src=\"https:\/\/mouldking.store\/wp-content\/uploads\/2021\/10\/CADA-C61076-Bell-V-280-Valor-with-1424-pieces-6.jpg\" alt=\"CADA C61076 Bell V-280 Valor with 1424 pieces\" width=\"555\" height=\"1023\" title=\"-\" srcset=\"https:\/\/mouldking.store\/wp-content\/uploads\/2021\/10\/CADA-C61076-Bell-V-280-Valor-with-1424-pieces-6.jpg 555w, https:\/\/mouldking.store\/wp-content\/uploads\/2021\/10\/CADA-C61076-Bell-V-280-Valor-with-1424-pieces-6-163x300.jpg 163w, https:\/\/mouldking.store\/wp-content\/uploads\/2021\/10\/CADA-C61076-Bell-V-280-Valor-with-1424-pieces-6-300x553.jpg 300w, https:\/\/mouldking.store\/wp-content\/uploads\/2021\/10\/CADA-C61076-Bell-V-280-Valor-with-1424-pieces-6-81x150.jpg 81w\" sizes=\"(max-width: 555px) 100vw, 555px\" \/><figcaption id=\"caption-attachment-25598\" class=\"wp-caption-text\">CADA C61076 Bell V-280 Valor 1424 darabbal<\/figcaption><\/figure>\n<figure id=\"attachment_25604\" aria-describedby=\"caption-attachment-25604\" style=\"width: 800px\" class=\"wp-caption aligncenter\"><img loading=\"lazy\" decoding=\"async\" class=\"wp-image-25604 size-full\" src=\"https:\/\/mouldking.store\/wp-content\/uploads\/2021\/10\/CADA-C61076-Bell-V-280-Valor-with-1424-pieces-12.jpg\" alt=\"CADA C61076 Bell V-280 Valor with 1424 pieces\" width=\"800\" height=\"911\" title=\"-\" srcset=\"https:\/\/mouldking.store\/wp-content\/uploads\/2021\/10\/CADA-C61076-Bell-V-280-Valor-with-1424-pieces-12.jpg 800w, https:\/\/mouldking.store\/wp-content\/uploads\/2021\/10\/CADA-C61076-Bell-V-280-Valor-with-1424-pieces-12-263x300.jpg 263w, https:\/\/mouldking.store\/wp-content\/uploads\/2021\/10\/CADA-C61076-Bell-V-280-Valor-with-1424-pieces-12-768x875.jpg 768w, https:\/\/mouldking.store\/wp-content\/uploads\/2021\/10\/CADA-C61076-Bell-V-280-Valor-with-1424-pieces-12-300x342.jpg 300w, https:\/\/mouldking.store\/wp-content\/uploads\/2021\/10\/CADA-C61076-Bell-V-280-Valor-with-1424-pieces-12-600x683.jpg 600w, https:\/\/mouldking.store\/wp-content\/uploads\/2021\/10\/CADA-C61076-Bell-V-280-Valor-with-1424-pieces-12-132x150.jpg 132w\" sizes=\"(max-width: 800px) 100vw, 800px\" \/><figcaption id=\"caption-attachment-25604\" class=\"wp-caption-text\">CADA C61076 Bell V-280 Valor 1424 darabbal<\/figcaption><\/figure>\n<figure id=\"attachment_25603\" aria-describedby=\"caption-attachment-25603\" style=\"width: 800px\" class=\"wp-caption aligncenter\"><img loading=\"lazy\" decoding=\"async\" class=\"wp-image-25603 size-full\" src=\"https:\/\/mouldking.store\/wp-content\/uploads\/2021\/10\/CADA-C61076-Bell-V-280-Valor-with-1424-pieces-11.jpg\" alt=\"CADA C61076 Bell V-280 Valor with 1424 pieces\" width=\"800\" height=\"998\" title=\"-\" srcset=\"https:\/\/mouldking.store\/wp-content\/uploads\/2021\/10\/CADA-C61076-Bell-V-280-Valor-with-1424-pieces-11.jpg 800w, https:\/\/mouldking.store\/wp-content\/uploads\/2021\/10\/CADA-C61076-Bell-V-280-Valor-with-1424-pieces-11-240x300.jpg 240w, https:\/\/mouldking.store\/wp-content\/uploads\/2021\/10\/CADA-C61076-Bell-V-280-Valor-with-1424-pieces-11-768x958.jpg 768w, https:\/\/mouldking.store\/wp-content\/uploads\/2021\/10\/CADA-C61076-Bell-V-280-Valor-with-1424-pieces-11-300x374.jpg 300w, https:\/\/mouldking.store\/wp-content\/uploads\/2021\/10\/CADA-C61076-Bell-V-280-Valor-with-1424-pieces-11-600x749.jpg 600w, https:\/\/mouldking.store\/wp-content\/uploads\/2021\/10\/CADA-C61076-Bell-V-280-Valor-with-1424-pieces-11-120x150.jpg 120w\" sizes=\"(max-width: 800px) 100vw, 800px\" \/><figcaption id=\"caption-attachment-25603\" class=\"wp-caption-text\">CADA C61076 Bell V-280 Valor 1424 darabbal<\/figcaption><\/figure>\n<figure id=\"attachment_25602\" aria-describedby=\"caption-attachment-25602\" style=\"width: 670px\" class=\"wp-caption aligncenter\"><img loading=\"lazy\" decoding=\"async\" class=\"wp-image-25602 size-full\" src=\"https:\/\/mouldking.store\/wp-content\/uploads\/2021\/10\/CADA-C61076-Bell-V-280-Valor-with-1424-pieces-10.jpg\" alt=\"CADA C61076 Bell V-280 Valor with 1424 pieces\" width=\"670\" height=\"1023\" title=\"-\" srcset=\"https:\/\/mouldking.store\/wp-content\/uploads\/2021\/10\/CADA-C61076-Bell-V-280-Valor-with-1424-pieces-10.jpg 670w, https:\/\/mouldking.store\/wp-content\/uploads\/2021\/10\/CADA-C61076-Bell-V-280-Valor-with-1424-pieces-10-196x300.jpg 196w, https:\/\/mouldking.store\/wp-content\/uploads\/2021\/10\/CADA-C61076-Bell-V-280-Valor-with-1424-pieces-10-300x458.jpg 300w, https:\/\/mouldking.store\/wp-content\/uploads\/2021\/10\/CADA-C61076-Bell-V-280-Valor-with-1424-pieces-10-600x916.jpg 600w, https:\/\/mouldking.store\/wp-content\/uploads\/2021\/10\/CADA-C61076-Bell-V-280-Valor-with-1424-pieces-10-98x150.jpg 98w\" sizes=\"(max-width: 670px) 100vw, 670px\" \/><figcaption id=\"caption-attachment-25602\" class=\"wp-caption-text\">CADA C61076 Bell V-280 Valor 1424 darabbal<\/figcaption><\/figure>\n<figure id=\"attachment_25601\" aria-describedby=\"caption-attachment-25601\" style=\"width: 766px\" class=\"wp-caption aligncenter\"><img loading=\"lazy\" decoding=\"async\" class=\"wp-image-25601 size-full\" src=\"https:\/\/mouldking.store\/wp-content\/uploads\/2021\/10\/CADA-C61076-Bell-V-280-Valor-with-1424-pieces-9.jpg\" alt=\"CADA C61076 Bell V-280 Valor with 1424 pieces\" width=\"766\" height=\"1024\" title=\"-\" srcset=\"https:\/\/mouldking.store\/wp-content\/uploads\/2021\/10\/CADA-C61076-Bell-V-280-Valor-with-1424-pieces-9.jpg 766w, https:\/\/mouldking.store\/wp-content\/uploads\/2021\/10\/CADA-C61076-Bell-V-280-Valor-with-1424-pieces-9-224x300.jpg 224w, https:\/\/mouldking.store\/wp-content\/uploads\/2021\/10\/CADA-C61076-Bell-V-280-Valor-with-1424-pieces-9-300x401.jpg 300w, https:\/\/mouldking.store\/wp-content\/uploads\/2021\/10\/CADA-C61076-Bell-V-280-Valor-with-1424-pieces-9-600x802.jpg 600w, https:\/\/mouldking.store\/wp-content\/uploads\/2021\/10\/CADA-C61076-Bell-V-280-Valor-with-1424-pieces-9-112x150.jpg 112w\" sizes=\"(max-width: 766px) 100vw, 766px\" \/><figcaption id=\"caption-attachment-25601\" class=\"wp-caption-text\">CADA C61076 Bell V-280 Valor 1424 darabbal<\/figcaption><\/figure>\n<figure id=\"attachment_25600\" aria-describedby=\"caption-attachment-25600\" style=\"width: 718px\" class=\"wp-caption aligncenter\"><img loading=\"lazy\" decoding=\"async\" class=\"wp-image-25600 size-full\" src=\"https:\/\/mouldking.store\/wp-content\/uploads\/2021\/10\/CADA-C61076-Bell-V-280-Valor-with-1424-pieces-8.jpg\" alt=\"CADA C61076 Bell V-280 Valor with 1424 pieces\" width=\"718\" height=\"1024\" title=\"-\" srcset=\"https:\/\/mouldking.store\/wp-content\/uploads\/2021\/10\/CADA-C61076-Bell-V-280-Valor-with-1424-pieces-8.jpg 718w, https:\/\/mouldking.store\/wp-content\/uploads\/2021\/10\/CADA-C61076-Bell-V-280-Valor-with-1424-pieces-8-210x300.jpg 210w, https:\/\/mouldking.store\/wp-content\/uploads\/2021\/10\/CADA-C61076-Bell-V-280-Valor-with-1424-pieces-8-300x428.jpg 300w, https:\/\/mouldking.store\/wp-content\/uploads\/2021\/10\/CADA-C61076-Bell-V-280-Valor-with-1424-pieces-8-600x856.jpg 600w, https:\/\/mouldking.store\/wp-content\/uploads\/2021\/10\/CADA-C61076-Bell-V-280-Valor-with-1424-pieces-8-105x150.jpg 105w\" sizes=\"(max-width: 718px) 100vw, 718px\" \/><figcaption id=\"caption-attachment-25600\" class=\"wp-caption-text\">CADA C61076 Bell V-280 Valor 1424 darabbal<\/figcaption><\/figure>\n<figure id=\"attachment_25605\" aria-describedby=\"caption-attachment-25605\" style=\"width: 800px\" class=\"wp-caption aligncenter\"><img loading=\"lazy\" decoding=\"async\" class=\"wp-image-25605 size-full\" src=\"https:\/\/mouldking.store\/wp-content\/uploads\/2021\/10\/CADA-C61076-Bell-V-280-Valor-with-1424-pieces-13.jpg\" alt=\"CADA C61076 Bell V-280 Valor with 1424 pieces\" width=\"800\" height=\"860\" title=\"-\" srcset=\"https:\/\/mouldking.store\/wp-content\/uploads\/2021\/10\/CADA-C61076-Bell-V-280-Valor-with-1424-pieces-13.jpg 800w, https:\/\/mouldking.store\/wp-content\/uploads\/2021\/10\/CADA-C61076-Bell-V-280-Valor-with-1424-pieces-13-279x300.jpg 279w, https:\/\/mouldking.store\/wp-content\/uploads\/2021\/10\/CADA-C61076-Bell-V-280-Valor-with-1424-pieces-13-768x826.jpg 768w, https:\/\/mouldking.store\/wp-content\/uploads\/2021\/10\/CADA-C61076-Bell-V-280-Valor-with-1424-pieces-13-300x323.jpg 300w, https:\/\/mouldking.store\/wp-content\/uploads\/2021\/10\/CADA-C61076-Bell-V-280-Valor-with-1424-pieces-13-600x645.jpg 600w, https:\/\/mouldking.store\/wp-content\/uploads\/2021\/10\/CADA-C61076-Bell-V-280-Valor-with-1424-pieces-13-140x150.jpg 140w\" sizes=\"(max-width: 800px) 100vw, 800px\" \/><figcaption id=\"caption-attachment-25605\" class=\"wp-caption-text\">CADA C61076 Bell V-280 Valor 1424 darabbal<\/figcaption><\/figure>\n<figure id=\"attachment_25599\" aria-describedby=\"caption-attachment-25599\" style=\"width: 800px\" class=\"wp-caption aligncenter\"><img loading=\"lazy\" decoding=\"async\" class=\"wp-image-25599 size-full\" src=\"https:\/\/mouldking.store\/wp-content\/uploads\/2021\/10\/CADA-C61076-Bell-V-280-Valor-with-1424-pieces-7.jpg\" alt=\"CADA C61076 Bell V-280 Valor with 1424 pieces\" width=\"800\" height=\"750\" title=\"-\" srcset=\"https:\/\/mouldking.store\/wp-content\/uploads\/2021\/10\/CADA-C61076-Bell-V-280-Valor-with-1424-pieces-7.jpg 800w, https:\/\/mouldking.store\/wp-content\/uploads\/2021\/10\/CADA-C61076-Bell-V-280-Valor-with-1424-pieces-7-300x281.jpg 300w, https:\/\/mouldking.store\/wp-content\/uploads\/2021\/10\/CADA-C61076-Bell-V-280-Valor-with-1424-pieces-7-768x720.jpg 768w, https:\/\/mouldking.store\/wp-content\/uploads\/2021\/10\/CADA-C61076-Bell-V-280-Valor-with-1424-pieces-7-600x563.jpg 600w, https:\/\/mouldking.store\/wp-content\/uploads\/2021\/10\/CADA-C61076-Bell-V-280-Valor-with-1424-pieces-7-150x141.jpg 150w\" sizes=\"(max-width: 800px) 100vw, 800px\" \/><figcaption id=\"caption-attachment-25599\" class=\"wp-caption-text\">CADA C61076 Bell V-280 Valor 1424 darabbal<\/figcaption><\/figure>","protected":false},"excerpt":{"rendered":"<p>With PF PACKAGE<\/p>","protected":false},"featured_media":25593,"comment_status":"open","ping_status":"closed","template":"","meta":{"_acf_changed":false},"product_cat":[372],"product_tag":[2521,2519,2520,1916,2523,2518,2517,2522],"class_list":["product","first","instock","shipping-taxable","purchasable","product-type-simple"],"acf":[],"_links":{"self":[{"href":"https:\/\/mouldking.store\/hu\/wp-json\/wp\/v2\/product\/25592","targetHints":{"allow":["GET"]}}],"collection":[{"href":"https:\/\/mouldking.store\/hu\/wp-json\/wp\/v2\/product"}],"about":[{"href":"https:\/\/mouldking.store\/hu\/wp-json\/wp\/v2\/types\/product"}],"replies":[{"embeddable":true,"href":"https:\/\/mouldking.store\/hu\/wp-json\/wp\/v2\/comments?post=25592"}],"wp:featuredmedia":[{"embeddable":true,"href":"https:\/\/mouldking.store\/hu\/wp-json\/wp\/v2\/media\/25593"}],"wp:attachment":[{"href":"https:\/\/mouldking.store\/hu\/wp-json\/wp\/v2\/media?parent=25592"}],"wp:term":[{"taxonomy":"product_cat","embeddable":true,"href":"https:\/\/mouldking.store\/hu\/wp-json\/wp\/v2\/product_cat?post=25592"},{"taxonomy":"product_tag","embeddable":true,"href":"https:\/\/mouldking.store\/hu\/wp-json\/wp\/v2\/product_tag?post=25592"}],"curies":[{"name":"wp","href":"https:\/\/api.w.org\/{rel}","templated":true}]}}