{"id":25618,"date":"2021-10-22T04:29:00","date_gmt":"2021-10-22T04:29:00","guid":{"rendered":"https:\/\/mouldking.store\/?post_type=product&#038;p=25618"},"modified":"2021-12-23T09:41:51","modified_gmt":"2021-12-23T09:41:51","slug":"panlos-611006-brontosaurus-with-1715-pieces","status":"publish","type":"product","link":"https:\/\/mouldking.store\/hu\/shop\/panlos-611006-brontosaurus-with-1715-pieces\/","title":{"rendered":"PANLOS 611006 Brontosaurus 1715 darabbal"},"content":{"rendered":"<p>Term\u00e9k inform\u00e1ci\u00f3:<\/p>\n<ol>\n<li>M\u00e1rka: PANLOS<\/li>\n<li>Nem: Uniszex<\/li>\n<li>N\u00e9v: Brontosaurus<\/li>\n<li>Koroszt\u00e1ly: &gt; 6 \u00e9v<\/li>\n<li>Modellsz\u00e1m: 611006<\/li>\n<li>Besorol\u00e1s: \u00d6sszeszerel\u00e9s<\/li>\n<li>M\u0171anyag blokk forma: \u00f6nz\u00e1r\u00f3 t\u00e9gla<\/li>\n<li>Anyaga: M\u0171anyag<\/li>\n<li>M\u0171anyag t\u00edpus: ABS<\/li>\n<li>T\u00e9glablokkok: 1715 DB<\/li>\n<li>R\u00e9szletes \u00f6sszeszerel\u00e9si \u00fatmutat\u00f3t tartalmaz.<\/li>\n<\/ol>\n<p>\u00c9rtes\u00edt\u00e9s:<br \/>\n1. Eredeti doboz n\u00e9lk\u00fcl, de garant\u00e1ljuk, hogy term\u00e9keink min\u0151s\u00e9gbiztos\u00edt\u00e1ssal \u00e9s sz\u00e9p csomagol\u00e1ssal rendelkeznek.<br \/>\n2. Mint minden alkatr\u00e9szt, amelyet a sz\u00e1ll\u00edt\u00e1s el\u0151tt ellen\u0151rizt\u00fcnk, ez\u00e9rt ha \u00fagy tal\u00e1lja, hogy n\u00e9h\u00e1ny alkatr\u00e9sz hi\u00e1nyzik vagy s\u00e9r\u00fclt, ne agg\u00f3djon, \u00e9s k\u00e9rj\u00fck, vegye fel vel\u00fcnk a kapcsolatot, \u00e9s azonnal ingyenesen elk\u00fcldj\u00fck \u00d6nnek.<\/p>\n<figure id=\"attachment_25623\" aria-describedby=\"caption-attachment-25623\" style=\"width: 741px\" class=\"wp-caption aligncenter\"><img fetchpriority=\"high\" decoding=\"async\" class=\"wp-image-25623 size-full\" src=\"https:\/\/mouldking.store\/wp-content\/uploads\/2021\/10\/PANLOS-611006-Brontosaurus-with-1715-pieces-5.jpg\" alt=\"PANLOS 611006 Brontosaurus with 1715 pieces\" width=\"741\" height=\"1024\" title=\"-\" srcset=\"https:\/\/mouldking.store\/wp-content\/uploads\/2021\/10\/PANLOS-611006-Brontosaurus-with-1715-pieces-5.jpg 741w, https:\/\/mouldking.store\/wp-content\/uploads\/2021\/10\/PANLOS-611006-Brontosaurus-with-1715-pieces-5-217x300.jpg 217w, https:\/\/mouldking.store\/wp-content\/uploads\/2021\/10\/PANLOS-611006-Brontosaurus-with-1715-pieces-5-300x415.jpg 300w, https:\/\/mouldking.store\/wp-content\/uploads\/2021\/10\/PANLOS-611006-Brontosaurus-with-1715-pieces-5-600x829.jpg 600w, https:\/\/mouldking.store\/wp-content\/uploads\/2021\/10\/PANLOS-611006-Brontosaurus-with-1715-pieces-5-109x150.jpg 109w\" sizes=\"(max-width: 741px) 100vw, 741px\" \/><figcaption id=\"caption-attachment-25623\" class=\"wp-caption-text\">PANLOS 611006 Brontosaurus 1715 darabbal<\/figcaption><\/figure>\n<figure id=\"attachment_25622\" aria-describedby=\"caption-attachment-25622\" style=\"width: 667px\" class=\"wp-caption aligncenter\"><img decoding=\"async\" class=\"wp-image-25622 size-full\" src=\"https:\/\/mouldking.store\/wp-content\/uploads\/2021\/10\/PANLOS-611006-Brontosaurus-with-1715-pieces-4.jpg\" alt=\"PANLOS 611006 Brontosaurus with 1715 pieces\" width=\"667\" height=\"1024\" title=\"-\" srcset=\"https:\/\/mouldking.store\/wp-content\/uploads\/2021\/10\/PANLOS-611006-Brontosaurus-with-1715-pieces-4.jpg 667w, https:\/\/mouldking.store\/wp-content\/uploads\/2021\/10\/PANLOS-611006-Brontosaurus-with-1715-pieces-4-195x300.jpg 195w, https:\/\/mouldking.store\/wp-content\/uploads\/2021\/10\/PANLOS-611006-Brontosaurus-with-1715-pieces-4-300x461.jpg 300w, https:\/\/mouldking.store\/wp-content\/uploads\/2021\/10\/PANLOS-611006-Brontosaurus-with-1715-pieces-4-600x921.jpg 600w, https:\/\/mouldking.store\/wp-content\/uploads\/2021\/10\/PANLOS-611006-Brontosaurus-with-1715-pieces-4-98x150.jpg 98w\" sizes=\"(max-width: 667px) 100vw, 667px\" \/><figcaption id=\"caption-attachment-25622\" class=\"wp-caption-text\">PANLOS 611006 Brontosaurus 1715 darabbal<\/figcaption><\/figure>\n<figure id=\"attachment_25621\" aria-describedby=\"caption-attachment-25621\" style=\"width: 589px\" class=\"wp-caption aligncenter\"><img decoding=\"async\" class=\"wp-image-25621 size-full\" src=\"https:\/\/mouldking.store\/wp-content\/uploads\/2021\/10\/PANLOS-611006-Brontosaurus-with-1715-pieces-3.jpg\" alt=\"PANLOS 611006 Brontosaurus with 1715 pieces\" width=\"589\" height=\"1024\" title=\"-\" srcset=\"https:\/\/mouldking.store\/wp-content\/uploads\/2021\/10\/PANLOS-611006-Brontosaurus-with-1715-pieces-3.jpg 589w, https:\/\/mouldking.store\/wp-content\/uploads\/2021\/10\/PANLOS-611006-Brontosaurus-with-1715-pieces-3-173x300.jpg 173w, https:\/\/mouldking.store\/wp-content\/uploads\/2021\/10\/PANLOS-611006-Brontosaurus-with-1715-pieces-3-300x522.jpg 300w, https:\/\/mouldking.store\/wp-content\/uploads\/2021\/10\/PANLOS-611006-Brontosaurus-with-1715-pieces-3-86x150.jpg 86w\" sizes=\"(max-width: 589px) 100vw, 589px\" \/><figcaption id=\"caption-attachment-25621\" class=\"wp-caption-text\">PANLOS 611006 Brontosaurus 1715 darabbal<\/figcaption><\/figure>\n<figure id=\"attachment_25620\" aria-describedby=\"caption-attachment-25620\" style=\"width: 800px\" class=\"wp-caption aligncenter\"><img loading=\"lazy\" decoding=\"async\" class=\"wp-image-25620 size-full\" src=\"https:\/\/mouldking.store\/wp-content\/uploads\/2021\/10\/PANLOS-611006-Brontosaurus-with-1715-pieces-2.jpg\" alt=\"PANLOS 611006 Brontosaurus with 1715 pieces\" width=\"800\" height=\"800\" title=\"-\" srcset=\"https:\/\/mouldking.store\/wp-content\/uploads\/2021\/10\/PANLOS-611006-Brontosaurus-with-1715-pieces-2.jpg 800w, https:\/\/mouldking.store\/wp-content\/uploads\/2021\/10\/PANLOS-611006-Brontosaurus-with-1715-pieces-2-300x300.jpg 300w, https:\/\/mouldking.store\/wp-content\/uploads\/2021\/10\/PANLOS-611006-Brontosaurus-with-1715-pieces-2-768x768.jpg 768w, https:\/\/mouldking.store\/wp-content\/uploads\/2021\/10\/PANLOS-611006-Brontosaurus-with-1715-pieces-2-600x600.jpg 600w, https:\/\/mouldking.store\/wp-content\/uploads\/2021\/10\/PANLOS-611006-Brontosaurus-with-1715-pieces-2-150x150.jpg 150w\" sizes=\"(max-width: 800px) 100vw, 800px\" \/><figcaption id=\"caption-attachment-25620\" class=\"wp-caption-text\">PANLOS 611006 Brontosaurus 1715 darabbal<\/figcaption><\/figure>","protected":false},"excerpt":{"rendered":"<p>Product information: Brand: PANLOS Gender: Unisex Name: Brontosaurus Age Range: &gt; 6 years old Model Number: 611006 Classification: Assemblage Plastic Block Shape: Self-Locking Bricks Material: Plastic Plastic Type: ABS Bricks Blocks: 1715 PCS Contains detailed assembly instructions. Notice: 1. Without an original box, but we guarantee our products have quality assurance and nice packaging. 2. [&hellip;]<\/p>","protected":false},"featured_media":25619,"comment_status":"open","ping_status":"closed","template":"","meta":{"_acf_changed":false},"product_cat":[371],"product_tag":[2532,2234,1851,2531,2530,2235],"class_list":["product","first","instock","shipping-taxable","purchasable","product-type-simple"],"acf":[],"_links":{"self":[{"href":"https:\/\/mouldking.store\/hu\/wp-json\/wp\/v2\/product\/25618","targetHints":{"allow":["GET"]}}],"collection":[{"href":"https:\/\/mouldking.store\/hu\/wp-json\/wp\/v2\/product"}],"about":[{"href":"https:\/\/mouldking.store\/hu\/wp-json\/wp\/v2\/types\/product"}],"replies":[{"embeddable":true,"href":"https:\/\/mouldking.store\/hu\/wp-json\/wp\/v2\/comments?post=25618"}],"wp:featuredmedia":[{"embeddable":true,"href":"https:\/\/mouldking.store\/hu\/wp-json\/wp\/v2\/media\/25619"}],"wp:attachment":[{"href":"https:\/\/mouldking.store\/hu\/wp-json\/wp\/v2\/media?parent=25618"}],"wp:term":[{"taxonomy":"product_cat","embeddable":true,"href":"https:\/\/mouldking.store\/hu\/wp-json\/wp\/v2\/product_cat?post=25618"},{"taxonomy":"product_tag","embeddable":true,"href":"https:\/\/mouldking.store\/hu\/wp-json\/wp\/v2\/product_tag?post=25618"}],"curies":[{"name":"wp","href":"https:\/\/api.w.org\/{rel}","templated":true}]}}