{"id":25726,"date":"2021-10-25T10:24:07","date_gmt":"2021-10-25T10:24:07","guid":{"rendered":"https:\/\/mouldking.store\/?post_type=product&#038;p=25726"},"modified":"2021-12-23T09:41:51","modified_gmt":"2021-12-23T09:41:51","slug":"mould-king-15024-rc-rx78-gundam-with-986-pieces","status":"publish","type":"product","link":"https:\/\/mouldking.store\/hu\/shop\/mould-king-15024-rc-rx78-gundam-with-986-pieces\/","title":{"rendered":"Mold King 15024 RC RX78 Gundam 986 darabbal"},"content":{"rendered":"<p>Term\u00e9k inform\u00e1ci\u00f3:<\/p>\n<ol>\n<li>M\u00e1rka: Mold King<\/li>\n<li>Nem: Uniszex<\/li>\n<li>Name: RC RX78 Gundam<\/li>\n<li>Koroszt\u00e1ly: 8 \u00e9v felett<\/li>\n<li>Model Number: 15024<\/li>\n<li>Besorol\u00e1s: \u00d6sszeszerel\u00e9s<\/li>\n<li>M\u0171anyag blokk forma: \u00f6nz\u00e1r\u00f3 t\u00e9gla<\/li>\n<li>Anyaga: M\u0171anyag<\/li>\n<li>M\u0171anyag t\u00edpus: ABS<\/li>\n<li>Bricks Blocks: 986 PCS<\/li>\n<li>R\u00e9szletes \u00f6sszeszerel\u00e9si \u00fatmutat\u00f3t tartalmaz.<\/li>\n<\/ol>\n<p>\u00c9rtes\u00edt\u00e9s:<br \/>\n1. Eredeti doboz n\u00e9lk\u00fcl, de garant\u00e1ljuk, hogy term\u00e9keink min\u0151s\u00e9gbiztos\u00edt\u00e1ssal \u00e9s sz\u00e9p csomagol\u00e1ssal rendelkeznek.<br \/>\n2. Mint minden alkatr\u00e9szt, amelyet a sz\u00e1ll\u00edt\u00e1s el\u0151tt ellen\u0151rizt\u00fcnk, ez\u00e9rt ha \u00fagy tal\u00e1lja, hogy n\u00e9h\u00e1ny alkatr\u00e9sz hi\u00e1nyzik vagy s\u00e9r\u00fclt, ne agg\u00f3djon, \u00e9s k\u00e9rj\u00fck, vegye fel vel\u00fcnk a kapcsolatot, \u00e9s azonnal ingyenesen elk\u00fcldj\u00fck \u00d6nnek.<\/p>\n<figure id=\"attachment_25727\" aria-describedby=\"caption-attachment-25727\" style=\"width: 800px\" class=\"wp-caption aligncenter\"><img fetchpriority=\"high\" decoding=\"async\" class=\"wp-image-25727 size-full\" src=\"https:\/\/mouldking.store\/wp-content\/uploads\/2021\/10\/Mould-King-15024-RC-RX78-Gundam-with-986-pieces-1.jpg\" alt=\"Mould King 15024 RC RX78 Gundam with 986 pieces\" width=\"800\" height=\"800\" title=\"-\" srcset=\"https:\/\/mouldking.store\/wp-content\/uploads\/2021\/10\/Mould-King-15024-RC-RX78-Gundam-with-986-pieces-1.jpg 800w, https:\/\/mouldking.store\/wp-content\/uploads\/2021\/10\/Mould-King-15024-RC-RX78-Gundam-with-986-pieces-1-300x300.jpg 300w, https:\/\/mouldking.store\/wp-content\/uploads\/2021\/10\/Mould-King-15024-RC-RX78-Gundam-with-986-pieces-1-768x768.jpg 768w, https:\/\/mouldking.store\/wp-content\/uploads\/2021\/10\/Mould-King-15024-RC-RX78-Gundam-with-986-pieces-1-600x600.jpg 600w, https:\/\/mouldking.store\/wp-content\/uploads\/2021\/10\/Mould-King-15024-RC-RX78-Gundam-with-986-pieces-1-150x150.jpg 150w\" sizes=\"(max-width: 800px) 100vw, 800px\" \/><figcaption id=\"caption-attachment-25727\" class=\"wp-caption-text\">Mold King 15024 RC RX78 Gundam 986 darabbal<\/figcaption><\/figure>\n<figure id=\"attachment_25731\" aria-describedby=\"caption-attachment-25731\" style=\"width: 781px\" class=\"wp-caption aligncenter\"><img decoding=\"async\" class=\"wp-image-25731 size-full\" src=\"https:\/\/mouldking.store\/wp-content\/uploads\/2021\/10\/Mould-King-15024-RC-RX78-Gundam-with-986-pieces-5.jpg\" alt=\"Mould King 15024 RC RX78 Gundam with 986 pieces\" width=\"781\" height=\"1024\" title=\"-\" srcset=\"https:\/\/mouldking.store\/wp-content\/uploads\/2021\/10\/Mould-King-15024-RC-RX78-Gundam-with-986-pieces-5.jpg 781w, https:\/\/mouldking.store\/wp-content\/uploads\/2021\/10\/Mould-King-15024-RC-RX78-Gundam-with-986-pieces-5-229x300.jpg 229w, https:\/\/mouldking.store\/wp-content\/uploads\/2021\/10\/Mould-King-15024-RC-RX78-Gundam-with-986-pieces-5-768x1007.jpg 768w, https:\/\/mouldking.store\/wp-content\/uploads\/2021\/10\/Mould-King-15024-RC-RX78-Gundam-with-986-pieces-5-300x393.jpg 300w, https:\/\/mouldking.store\/wp-content\/uploads\/2021\/10\/Mould-King-15024-RC-RX78-Gundam-with-986-pieces-5-600x787.jpg 600w, https:\/\/mouldking.store\/wp-content\/uploads\/2021\/10\/Mould-King-15024-RC-RX78-Gundam-with-986-pieces-5-114x150.jpg 114w\" sizes=\"(max-width: 781px) 100vw, 781px\" \/><figcaption id=\"caption-attachment-25731\" class=\"wp-caption-text\">Mold King 15024 RC RX78 Gundam 986 darabbal<\/figcaption><\/figure>\n<figure id=\"attachment_25729\" aria-describedby=\"caption-attachment-25729\" style=\"width: 790px\" class=\"wp-caption aligncenter\"><img decoding=\"async\" class=\"wp-image-25729 size-full\" src=\"https:\/\/mouldking.store\/wp-content\/uploads\/2021\/10\/Mould-King-15024-RC-RX78-Gundam-with-986-pieces-3.jpg\" alt=\"Mould King 15024 RC RX78 Gundam with 986 pieces\" width=\"790\" height=\"977\" title=\"-\" srcset=\"https:\/\/mouldking.store\/wp-content\/uploads\/2021\/10\/Mould-King-15024-RC-RX78-Gundam-with-986-pieces-3.jpg 790w, https:\/\/mouldking.store\/wp-content\/uploads\/2021\/10\/Mould-King-15024-RC-RX78-Gundam-with-986-pieces-3-243x300.jpg 243w, https:\/\/mouldking.store\/wp-content\/uploads\/2021\/10\/Mould-King-15024-RC-RX78-Gundam-with-986-pieces-3-768x950.jpg 768w, https:\/\/mouldking.store\/wp-content\/uploads\/2021\/10\/Mould-King-15024-RC-RX78-Gundam-with-986-pieces-3-300x371.jpg 300w, https:\/\/mouldking.store\/wp-content\/uploads\/2021\/10\/Mould-King-15024-RC-RX78-Gundam-with-986-pieces-3-600x742.jpg 600w, https:\/\/mouldking.store\/wp-content\/uploads\/2021\/10\/Mould-King-15024-RC-RX78-Gundam-with-986-pieces-3-121x150.jpg 121w\" sizes=\"(max-width: 790px) 100vw, 790px\" \/><figcaption id=\"caption-attachment-25729\" class=\"wp-caption-text\">Mold King 15024 RC RX78 Gundam 986 darabbal<\/figcaption><\/figure>\n<figure id=\"attachment_25730\" aria-describedby=\"caption-attachment-25730\" style=\"width: 790px\" class=\"wp-caption aligncenter\"><img loading=\"lazy\" decoding=\"async\" class=\"wp-image-25730 size-full\" src=\"https:\/\/mouldking.store\/wp-content\/uploads\/2021\/10\/Mould-King-15024-RC-RX78-Gundam-with-986-pieces-4.jpg\" alt=\"Mould King 15024 RC RX78 Gundam with 986 pieces\" width=\"790\" height=\"890\" title=\"-\" srcset=\"https:\/\/mouldking.store\/wp-content\/uploads\/2021\/10\/Mould-King-15024-RC-RX78-Gundam-with-986-pieces-4.jpg 790w, https:\/\/mouldking.store\/wp-content\/uploads\/2021\/10\/Mould-King-15024-RC-RX78-Gundam-with-986-pieces-4-266x300.jpg 266w, https:\/\/mouldking.store\/wp-content\/uploads\/2021\/10\/Mould-King-15024-RC-RX78-Gundam-with-986-pieces-4-768x865.jpg 768w, https:\/\/mouldking.store\/wp-content\/uploads\/2021\/10\/Mould-King-15024-RC-RX78-Gundam-with-986-pieces-4-300x338.jpg 300w, https:\/\/mouldking.store\/wp-content\/uploads\/2021\/10\/Mould-King-15024-RC-RX78-Gundam-with-986-pieces-4-600x676.jpg 600w, https:\/\/mouldking.store\/wp-content\/uploads\/2021\/10\/Mould-King-15024-RC-RX78-Gundam-with-986-pieces-4-133x150.jpg 133w\" sizes=\"(max-width: 790px) 100vw, 790px\" \/><figcaption id=\"caption-attachment-25730\" class=\"wp-caption-text\">Mold King 15024 RC RX78 Gundam 986 darabbal<\/figcaption><\/figure>\n<figure id=\"attachment_25728\" aria-describedby=\"caption-attachment-25728\" style=\"width: 790px\" class=\"wp-caption aligncenter\"><img loading=\"lazy\" decoding=\"async\" class=\"wp-image-25728 size-full\" src=\"https:\/\/mouldking.store\/wp-content\/uploads\/2021\/10\/Mould-King-15024-RC-RX78-Gundam-with-986-pieces-2.jpg\" alt=\"Mould King 15024 RC RX78 Gundam with 986 pieces\" width=\"790\" height=\"504\" title=\"-\" srcset=\"https:\/\/mouldking.store\/wp-content\/uploads\/2021\/10\/Mould-King-15024-RC-RX78-Gundam-with-986-pieces-2.jpg 790w, https:\/\/mouldking.store\/wp-content\/uploads\/2021\/10\/Mould-King-15024-RC-RX78-Gundam-with-986-pieces-2-300x191.jpg 300w, https:\/\/mouldking.store\/wp-content\/uploads\/2021\/10\/Mould-King-15024-RC-RX78-Gundam-with-986-pieces-2-768x490.jpg 768w, https:\/\/mouldking.store\/wp-content\/uploads\/2021\/10\/Mould-King-15024-RC-RX78-Gundam-with-986-pieces-2-600x383.jpg 600w, https:\/\/mouldking.store\/wp-content\/uploads\/2021\/10\/Mould-King-15024-RC-RX78-Gundam-with-986-pieces-2-150x96.jpg 150w\" sizes=\"(max-width: 790px) 100vw, 790px\" \/><figcaption id=\"caption-attachment-25728\" class=\"wp-caption-text\">Mold King 15024 RC RX78 Gundam 986 darabbal<\/figcaption><\/figure>","protected":false},"excerpt":{"rendered":"<p>Product information: Brand: Mould King Gender: Unisex Name: RC RX78 Gundam Age Range: &gt; 8 years old Model Number: 15024 Classification: Assemblage Plastic Block Shape: Self-Locking Bricks Material: Plastic Plastic Type: ABS Bricks Blocks: 986 PCS Contains detailed assembly instructions. Notice: 1. Without an original box, but we guarantee our products have quality assurance and [&hellip;]<\/p>","protected":false},"featured_media":25727,"comment_status":"open","ping_status":"closed","template":"","meta":{"_acf_changed":false},"product_cat":[581],"product_tag":[2575,2581,615,2573,2572,2578,2577,2579,481,2574,2580,2576],"class_list":["product","first","instock","shipping-taxable","purchasable","product-type-simple"],"acf":[],"_links":{"self":[{"href":"https:\/\/mouldking.store\/hu\/wp-json\/wp\/v2\/product\/25726","targetHints":{"allow":["GET"]}}],"collection":[{"href":"https:\/\/mouldking.store\/hu\/wp-json\/wp\/v2\/product"}],"about":[{"href":"https:\/\/mouldking.store\/hu\/wp-json\/wp\/v2\/types\/product"}],"replies":[{"embeddable":true,"href":"https:\/\/mouldking.store\/hu\/wp-json\/wp\/v2\/comments?post=25726"}],"wp:featuredmedia":[{"embeddable":true,"href":"https:\/\/mouldking.store\/hu\/wp-json\/wp\/v2\/media\/25727"}],"wp:attachment":[{"href":"https:\/\/mouldking.store\/hu\/wp-json\/wp\/v2\/media?parent=25726"}],"wp:term":[{"taxonomy":"product_cat","embeddable":true,"href":"https:\/\/mouldking.store\/hu\/wp-json\/wp\/v2\/product_cat?post=25726"},{"taxonomy":"product_tag","embeddable":true,"href":"https:\/\/mouldking.store\/hu\/wp-json\/wp\/v2\/product_tag?post=25726"}],"curies":[{"name":"wp","href":"https:\/\/api.w.org\/{rel}","templated":true}]}}