{"id":25745,"date":"2021-10-25T13:40:25","date_gmt":"2021-10-25T13:40:25","guid":{"rendered":"https:\/\/mouldking.store\/?post_type=product&#038;p=25745"},"modified":"2024-10-31T16:12:02","modified_gmt":"2024-10-31T09:12:02","slug":"forange-fc6201-6206-dinosaur","status":"publish","type":"product","link":"https:\/\/mouldking.store\/hu\/shop\/forange-fc6201-6206-dinosaur\/","title":{"rendered":"FORANGE FC6201-6206 Dinoszaurusz"},"content":{"rendered":"<p>Term\u00e9k inform\u00e1ci\u00f3:<\/p>\n<ol>\n<li>M\u00e1rka: FORANGE<\/li>\n<li>Nem: Uniszex<\/li>\n<li>Name: Dinosaur<\/li>\n<li>Koroszt\u00e1ly: &gt; 6 \u00e9v<\/li>\n<li>Model Number: FC6201-6206<\/li>\n<li>Besorol\u00e1s: \u00d6sszeszerel\u00e9s<\/li>\n<li>M\u0171anyag blokk forma: \u00f6nz\u00e1r\u00f3 t\u00e9gla<\/li>\n<li>Anyaga: M\u0171anyag<\/li>\n<li>M\u0171anyag t\u00edpus: ABS<\/li>\n<li>R\u00e9szletes \u00f6sszeszerel\u00e9si \u00fatmutat\u00f3t tartalmaz.<\/li>\n<\/ol>\n<p>\u00c9rtes\u00edt\u00e9s:<br \/>\n1. Eredeti doboz n\u00e9lk\u00fcl, de garant\u00e1ljuk, hogy term\u00e9keink min\u0151s\u00e9gbiztos\u00edt\u00e1ssal \u00e9s sz\u00e9p csomagol\u00e1ssal rendelkeznek.<br \/>\n2. Mint minden alkatr\u00e9szt, amelyet a sz\u00e1ll\u00edt\u00e1s el\u0151tt ellen\u0151rizt\u00fcnk, ez\u00e9rt ha \u00fagy tal\u00e1lja, hogy n\u00e9h\u00e1ny alkatr\u00e9sz hi\u00e1nyzik vagy s\u00e9r\u00fclt, ne agg\u00f3djon, \u00e9s k\u00e9rj\u00fck, vegye fel vel\u00fcnk a kapcsolatot, \u00e9s azonnal ingyenesen elk\u00fcldj\u00fck \u00d6nnek.<\/p>\n<figure id=\"attachment_25747\" aria-describedby=\"caption-attachment-25747\" style=\"width: 800px\" class=\"wp-caption aligncenter\"><img fetchpriority=\"high\" decoding=\"async\" class=\"wp-image-25747 size-full\" src=\"https:\/\/mouldking.store\/wp-content\/uploads\/2021\/10\/FORANGE-FC6201-6206-Dinosaur-43.jpg\" alt=\"FORANGE FC6201-6206 Dinosaur\" width=\"800\" height=\"800\" title=\"-\" srcset=\"https:\/\/mouldking.store\/wp-content\/uploads\/2021\/10\/FORANGE-FC6201-6206-Dinosaur-43.jpg 800w, https:\/\/mouldking.store\/wp-content\/uploads\/2021\/10\/FORANGE-FC6201-6206-Dinosaur-43-300x300.jpg 300w, https:\/\/mouldking.store\/wp-content\/uploads\/2021\/10\/FORANGE-FC6201-6206-Dinosaur-43-768x768.jpg 768w, https:\/\/mouldking.store\/wp-content\/uploads\/2021\/10\/FORANGE-FC6201-6206-Dinosaur-43-600x600.jpg 600w, https:\/\/mouldking.store\/wp-content\/uploads\/2021\/10\/FORANGE-FC6201-6206-Dinosaur-43-150x150.jpg 150w\" sizes=\"(max-width: 800px) 100vw, 800px\" \/><figcaption id=\"caption-attachment-25747\" class=\"wp-caption-text\">FORANGE FC6201-6206 Dinoszaurusz<\/figcaption><\/figure>\n<figure id=\"attachment_25749\" aria-describedby=\"caption-attachment-25749\" style=\"width: 669px\" class=\"wp-caption aligncenter\"><img decoding=\"async\" class=\"wp-image-25749 size-full\" src=\"https:\/\/mouldking.store\/wp-content\/uploads\/2021\/10\/FORANGE-FC6201-6206-Dinosaur-2.jpg\" alt=\"FORANGE FC6201-6206 Dinosaur\" width=\"669\" height=\"1024\" title=\"-\" srcset=\"https:\/\/mouldking.store\/wp-content\/uploads\/2021\/10\/FORANGE-FC6201-6206-Dinosaur-2.jpg 669w, https:\/\/mouldking.store\/wp-content\/uploads\/2021\/10\/FORANGE-FC6201-6206-Dinosaur-2-196x300.jpg 196w, https:\/\/mouldking.store\/wp-content\/uploads\/2021\/10\/FORANGE-FC6201-6206-Dinosaur-2-300x459.jpg 300w, https:\/\/mouldking.store\/wp-content\/uploads\/2021\/10\/FORANGE-FC6201-6206-Dinosaur-2-600x918.jpg 600w, https:\/\/mouldking.store\/wp-content\/uploads\/2021\/10\/FORANGE-FC6201-6206-Dinosaur-2-98x150.jpg 98w\" sizes=\"(max-width: 669px) 100vw, 669px\" \/><figcaption id=\"caption-attachment-25749\" class=\"wp-caption-text\">FORANGE FC6201-6206 Dinoszaurusz<\/figcaption><\/figure>\n<figure id=\"attachment_25750\" aria-describedby=\"caption-attachment-25750\" style=\"width: 727px\" class=\"wp-caption aligncenter\"><img decoding=\"async\" class=\"wp-image-25750 size-full\" src=\"https:\/\/mouldking.store\/wp-content\/uploads\/2021\/10\/FORANGE-FC6201-6206-Dinosaur-3.jpg\" alt=\"FORANGE FC6201-6206 Dinosaur\" width=\"727\" height=\"1023\" title=\"-\" srcset=\"https:\/\/mouldking.store\/wp-content\/uploads\/2021\/10\/FORANGE-FC6201-6206-Dinosaur-3.jpg 727w, https:\/\/mouldking.store\/wp-content\/uploads\/2021\/10\/FORANGE-FC6201-6206-Dinosaur-3-213x300.jpg 213w, https:\/\/mouldking.store\/wp-content\/uploads\/2021\/10\/FORANGE-FC6201-6206-Dinosaur-3-300x422.jpg 300w, https:\/\/mouldking.store\/wp-content\/uploads\/2021\/10\/FORANGE-FC6201-6206-Dinosaur-3-600x844.jpg 600w, https:\/\/mouldking.store\/wp-content\/uploads\/2021\/10\/FORANGE-FC6201-6206-Dinosaur-3-107x150.jpg 107w\" sizes=\"(max-width: 727px) 100vw, 727px\" \/><figcaption id=\"caption-attachment-25750\" class=\"wp-caption-text\">FORANGE FC6201-6206 Dinoszaurusz<\/figcaption><\/figure>\n<figure id=\"attachment_25751\" aria-describedby=\"caption-attachment-25751\" style=\"width: 790px\" class=\"wp-caption aligncenter\"><img loading=\"lazy\" decoding=\"async\" class=\"wp-image-25751 size-full\" src=\"https:\/\/mouldking.store\/wp-content\/uploads\/2021\/10\/FORANGE-FC6201-6206-Dinosaur-4.jpg\" alt=\"FORANGE FC6201-6206 Dinosaur\" width=\"790\" height=\"659\" title=\"-\" srcset=\"https:\/\/mouldking.store\/wp-content\/uploads\/2021\/10\/FORANGE-FC6201-6206-Dinosaur-4.jpg 790w, https:\/\/mouldking.store\/wp-content\/uploads\/2021\/10\/FORANGE-FC6201-6206-Dinosaur-4-300x250.jpg 300w, https:\/\/mouldking.store\/wp-content\/uploads\/2021\/10\/FORANGE-FC6201-6206-Dinosaur-4-768x641.jpg 768w, https:\/\/mouldking.store\/wp-content\/uploads\/2021\/10\/FORANGE-FC6201-6206-Dinosaur-4-600x501.jpg 600w, https:\/\/mouldking.store\/wp-content\/uploads\/2021\/10\/FORANGE-FC6201-6206-Dinosaur-4-150x125.jpg 150w\" sizes=\"(max-width: 790px) 100vw, 790px\" \/><figcaption id=\"caption-attachment-25751\" class=\"wp-caption-text\">FORANGE FC6201-6206 Dinoszaurusz<\/figcaption><\/figure>\n<figure id=\"attachment_25752\" aria-describedby=\"caption-attachment-25752\" style=\"width: 790px\" class=\"wp-caption aligncenter\"><img loading=\"lazy\" decoding=\"async\" class=\"wp-image-25752 size-full\" src=\"https:\/\/mouldking.store\/wp-content\/uploads\/2021\/10\/FORANGE-FC6201-6206-Dinosaur-5.jpg\" alt=\"FORANGE FC6201-6206 Dinosaur\" width=\"790\" height=\"976\" title=\"-\" srcset=\"https:\/\/mouldking.store\/wp-content\/uploads\/2021\/10\/FORANGE-FC6201-6206-Dinosaur-5.jpg 790w, https:\/\/mouldking.store\/wp-content\/uploads\/2021\/10\/FORANGE-FC6201-6206-Dinosaur-5-243x300.jpg 243w, https:\/\/mouldking.store\/wp-content\/uploads\/2021\/10\/FORANGE-FC6201-6206-Dinosaur-5-768x949.jpg 768w, https:\/\/mouldking.store\/wp-content\/uploads\/2021\/10\/FORANGE-FC6201-6206-Dinosaur-5-300x371.jpg 300w, https:\/\/mouldking.store\/wp-content\/uploads\/2021\/10\/FORANGE-FC6201-6206-Dinosaur-5-600x741.jpg 600w, https:\/\/mouldking.store\/wp-content\/uploads\/2021\/10\/FORANGE-FC6201-6206-Dinosaur-5-121x150.jpg 121w\" sizes=\"(max-width: 790px) 100vw, 790px\" \/><figcaption id=\"caption-attachment-25752\" class=\"wp-caption-text\">FORANGE FC6201-6206 Dinoszaurusz<\/figcaption><\/figure>\n<figure id=\"attachment_25753\" aria-describedby=\"caption-attachment-25753\" style=\"width: 790px\" class=\"wp-caption aligncenter\"><img loading=\"lazy\" decoding=\"async\" class=\"wp-image-25753 size-full\" src=\"https:\/\/mouldking.store\/wp-content\/uploads\/2021\/10\/FORANGE-FC6201-6206-Dinosaur-6.jpg\" alt=\"FORANGE FC6201-6206 Dinosaur\" width=\"790\" height=\"653\" title=\"-\" srcset=\"https:\/\/mouldking.store\/wp-content\/uploads\/2021\/10\/FORANGE-FC6201-6206-Dinosaur-6.jpg 790w, https:\/\/mouldking.store\/wp-content\/uploads\/2021\/10\/FORANGE-FC6201-6206-Dinosaur-6-300x248.jpg 300w, https:\/\/mouldking.store\/wp-content\/uploads\/2021\/10\/FORANGE-FC6201-6206-Dinosaur-6-768x635.jpg 768w, https:\/\/mouldking.store\/wp-content\/uploads\/2021\/10\/FORANGE-FC6201-6206-Dinosaur-6-600x496.jpg 600w, https:\/\/mouldking.store\/wp-content\/uploads\/2021\/10\/FORANGE-FC6201-6206-Dinosaur-6-150x124.jpg 150w\" sizes=\"(max-width: 790px) 100vw, 790px\" \/><figcaption id=\"caption-attachment-25753\" class=\"wp-caption-text\">FORANGE FC6201-6206 Dinoszaurusz<\/figcaption><\/figure>\n<figure id=\"attachment_25754\" aria-describedby=\"caption-attachment-25754\" style=\"width: 790px\" class=\"wp-caption aligncenter\"><img loading=\"lazy\" decoding=\"async\" class=\"wp-image-25754 size-full\" src=\"https:\/\/mouldking.store\/wp-content\/uploads\/2021\/10\/FORANGE-FC6201-6206-Dinosaur-7.jpg\" alt=\"FORANGE FC6201-6206 Dinosaur\" width=\"790\" height=\"883\" title=\"-\" srcset=\"https:\/\/mouldking.store\/wp-content\/uploads\/2021\/10\/FORANGE-FC6201-6206-Dinosaur-7.jpg 790w, https:\/\/mouldking.store\/wp-content\/uploads\/2021\/10\/FORANGE-FC6201-6206-Dinosaur-7-268x300.jpg 268w, https:\/\/mouldking.store\/wp-content\/uploads\/2021\/10\/FORANGE-FC6201-6206-Dinosaur-7-768x858.jpg 768w, https:\/\/mouldking.store\/wp-content\/uploads\/2021\/10\/FORANGE-FC6201-6206-Dinosaur-7-300x335.jpg 300w, https:\/\/mouldking.store\/wp-content\/uploads\/2021\/10\/FORANGE-FC6201-6206-Dinosaur-7-600x671.jpg 600w, https:\/\/mouldking.store\/wp-content\/uploads\/2021\/10\/FORANGE-FC6201-6206-Dinosaur-7-134x150.jpg 134w\" sizes=\"(max-width: 790px) 100vw, 790px\" \/><figcaption id=\"caption-attachment-25754\" class=\"wp-caption-text\">FORANGE FC6201-6206 Dinoszaurusz<\/figcaption><\/figure>\n<figure id=\"attachment_25755\" aria-describedby=\"caption-attachment-25755\" style=\"width: 790px\" class=\"wp-caption aligncenter\"><img loading=\"lazy\" decoding=\"async\" class=\"wp-image-25755 size-full\" src=\"https:\/\/mouldking.store\/wp-content\/uploads\/2021\/10\/FORANGE-FC6201-6206-Dinosaur-8.jpg\" alt=\"FORANGE FC6201-6206 Dinosaur\" width=\"790\" height=\"1012\" title=\"-\" srcset=\"https:\/\/mouldking.store\/wp-content\/uploads\/2021\/10\/FORANGE-FC6201-6206-Dinosaur-8.jpg 790w, https:\/\/mouldking.store\/wp-content\/uploads\/2021\/10\/FORANGE-FC6201-6206-Dinosaur-8-234x300.jpg 234w, https:\/\/mouldking.store\/wp-content\/uploads\/2021\/10\/FORANGE-FC6201-6206-Dinosaur-8-768x984.jpg 768w, https:\/\/mouldking.store\/wp-content\/uploads\/2021\/10\/FORANGE-FC6201-6206-Dinosaur-8-300x384.jpg 300w, https:\/\/mouldking.store\/wp-content\/uploads\/2021\/10\/FORANGE-FC6201-6206-Dinosaur-8-600x769.jpg 600w, https:\/\/mouldking.store\/wp-content\/uploads\/2021\/10\/FORANGE-FC6201-6206-Dinosaur-8-117x150.jpg 117w\" sizes=\"(max-width: 790px) 100vw, 790px\" \/><figcaption id=\"caption-attachment-25755\" class=\"wp-caption-text\">FORANGE FC6201-6206 Dinoszaurusz<\/figcaption><\/figure>\n<figure id=\"attachment_25756\" aria-describedby=\"caption-attachment-25756\" style=\"width: 782px\" class=\"wp-caption aligncenter\"><img loading=\"lazy\" decoding=\"async\" class=\"wp-image-25756 size-full\" src=\"https:\/\/mouldking.store\/wp-content\/uploads\/2021\/10\/FORANGE-FC6201-6206-Dinosaur-9.jpg\" alt=\"FORANGE FC6201-6206 Dinosaur\" width=\"782\" height=\"1024\" title=\"-\" srcset=\"https:\/\/mouldking.store\/wp-content\/uploads\/2021\/10\/FORANGE-FC6201-6206-Dinosaur-9.jpg 782w, https:\/\/mouldking.store\/wp-content\/uploads\/2021\/10\/FORANGE-FC6201-6206-Dinosaur-9-229x300.jpg 229w, https:\/\/mouldking.store\/wp-content\/uploads\/2021\/10\/FORANGE-FC6201-6206-Dinosaur-9-768x1006.jpg 768w, https:\/\/mouldking.store\/wp-content\/uploads\/2021\/10\/FORANGE-FC6201-6206-Dinosaur-9-300x393.jpg 300w, https:\/\/mouldking.store\/wp-content\/uploads\/2021\/10\/FORANGE-FC6201-6206-Dinosaur-9-600x786.jpg 600w, https:\/\/mouldking.store\/wp-content\/uploads\/2021\/10\/FORANGE-FC6201-6206-Dinosaur-9-115x150.jpg 115w\" sizes=\"(max-width: 782px) 100vw, 782px\" \/><figcaption id=\"caption-attachment-25756\" class=\"wp-caption-text\">FORANGE FC6201-6206 Dinoszaurusz<\/figcaption><\/figure>\n<figure id=\"attachment_25757\" aria-describedby=\"caption-attachment-25757\" style=\"width: 606px\" class=\"wp-caption aligncenter\"><img loading=\"lazy\" decoding=\"async\" class=\"wp-image-25757 size-full\" src=\"https:\/\/mouldking.store\/wp-content\/uploads\/2021\/10\/FORANGE-FC6201-6206-Dinosaur-10.jpg\" alt=\"FORANGE FC6201-6206 Dinosaur\" width=\"606\" height=\"1023\" title=\"-\" srcset=\"https:\/\/mouldking.store\/wp-content\/uploads\/2021\/10\/FORANGE-FC6201-6206-Dinosaur-10.jpg 606w, https:\/\/mouldking.store\/wp-content\/uploads\/2021\/10\/FORANGE-FC6201-6206-Dinosaur-10-178x300.jpg 178w, https:\/\/mouldking.store\/wp-content\/uploads\/2021\/10\/FORANGE-FC6201-6206-Dinosaur-10-300x506.jpg 300w, https:\/\/mouldking.store\/wp-content\/uploads\/2021\/10\/FORANGE-FC6201-6206-Dinosaur-10-600x1013.jpg 600w, https:\/\/mouldking.store\/wp-content\/uploads\/2021\/10\/FORANGE-FC6201-6206-Dinosaur-10-89x150.jpg 89w\" sizes=\"(max-width: 606px) 100vw, 606px\" \/><figcaption id=\"caption-attachment-25757\" class=\"wp-caption-text\">FORANGE FC6201-6206 Dinoszaurusz<\/figcaption><\/figure>\n<figure id=\"attachment_25758\" aria-describedby=\"caption-attachment-25758\" style=\"width: 696px\" class=\"wp-caption aligncenter\"><img loading=\"lazy\" decoding=\"async\" class=\"wp-image-25758 size-full\" src=\"https:\/\/mouldking.store\/wp-content\/uploads\/2021\/10\/FORANGE-FC6201-6206-Dinosaur-11.jpg\" alt=\"FORANGE FC6201-6206 Dinosaur\" width=\"696\" height=\"1024\" title=\"-\" srcset=\"https:\/\/mouldking.store\/wp-content\/uploads\/2021\/10\/FORANGE-FC6201-6206-Dinosaur-11.jpg 696w, https:\/\/mouldking.store\/wp-content\/uploads\/2021\/10\/FORANGE-FC6201-6206-Dinosaur-11-204x300.jpg 204w, https:\/\/mouldking.store\/wp-content\/uploads\/2021\/10\/FORANGE-FC6201-6206-Dinosaur-11-300x441.jpg 300w, https:\/\/mouldking.store\/wp-content\/uploads\/2021\/10\/FORANGE-FC6201-6206-Dinosaur-11-600x883.jpg 600w, https:\/\/mouldking.store\/wp-content\/uploads\/2021\/10\/FORANGE-FC6201-6206-Dinosaur-11-102x150.jpg 102w\" sizes=\"(max-width: 696px) 100vw, 696px\" \/><figcaption id=\"caption-attachment-25758\" class=\"wp-caption-text\">FORANGE FC6201-6206 Dinoszaurusz<\/figcaption><\/figure>\n<figure id=\"attachment_25759\" aria-describedby=\"caption-attachment-25759\" style=\"width: 592px\" class=\"wp-caption aligncenter\"><img loading=\"lazy\" decoding=\"async\" class=\"wp-image-25759 size-full\" src=\"https:\/\/mouldking.store\/wp-content\/uploads\/2021\/10\/FORANGE-FC6201-6206-Dinosaur-12.jpg\" alt=\"FORANGE FC6201-6206 Dinosaur\" width=\"592\" height=\"1024\" title=\"-\" srcset=\"https:\/\/mouldking.store\/wp-content\/uploads\/2021\/10\/FORANGE-FC6201-6206-Dinosaur-12.jpg 592w, https:\/\/mouldking.store\/wp-content\/uploads\/2021\/10\/FORANGE-FC6201-6206-Dinosaur-12-173x300.jpg 173w, https:\/\/mouldking.store\/wp-content\/uploads\/2021\/10\/FORANGE-FC6201-6206-Dinosaur-12-300x519.jpg 300w, https:\/\/mouldking.store\/wp-content\/uploads\/2021\/10\/FORANGE-FC6201-6206-Dinosaur-12-87x150.jpg 87w\" sizes=\"(max-width: 592px) 100vw, 592px\" \/><figcaption id=\"caption-attachment-25759\" class=\"wp-caption-text\">FORANGE FC6201-6206 Dinoszaurusz<\/figcaption><\/figure>\n<figure id=\"attachment_25760\" aria-describedby=\"caption-attachment-25760\" style=\"width: 605px\" class=\"wp-caption aligncenter\"><img loading=\"lazy\" decoding=\"async\" class=\"wp-image-25760 size-full\" src=\"https:\/\/mouldking.store\/wp-content\/uploads\/2021\/10\/FORANGE-FC6201-6206-Dinosaur-13.jpg\" alt=\"FORANGE FC6201-6206 Dinosaur\" width=\"605\" height=\"1024\" title=\"-\" srcset=\"https:\/\/mouldking.store\/wp-content\/uploads\/2021\/10\/FORANGE-FC6201-6206-Dinosaur-13.jpg 605w, https:\/\/mouldking.store\/wp-content\/uploads\/2021\/10\/FORANGE-FC6201-6206-Dinosaur-13-177x300.jpg 177w, https:\/\/mouldking.store\/wp-content\/uploads\/2021\/10\/FORANGE-FC6201-6206-Dinosaur-13-300x508.jpg 300w, https:\/\/mouldking.store\/wp-content\/uploads\/2021\/10\/FORANGE-FC6201-6206-Dinosaur-13-600x1016.jpg 600w, https:\/\/mouldking.store\/wp-content\/uploads\/2021\/10\/FORANGE-FC6201-6206-Dinosaur-13-89x150.jpg 89w\" sizes=\"(max-width: 605px) 100vw, 605px\" \/><figcaption id=\"caption-attachment-25760\" class=\"wp-caption-text\">FORANGE FC6201-6206 Dinoszaurusz<\/figcaption><\/figure>\n<figure id=\"attachment_25761\" aria-describedby=\"caption-attachment-25761\" style=\"width: 800px\" class=\"wp-caption aligncenter\"><img loading=\"lazy\" decoding=\"async\" class=\"wp-image-25761 size-full\" src=\"https:\/\/mouldking.store\/wp-content\/uploads\/2021\/10\/FORANGE-FC6201-6206-Dinosaur-14.jpg\" alt=\"FORANGE FC6201-6206 Dinosaur\" width=\"800\" height=\"800\" title=\"-\" srcset=\"https:\/\/mouldking.store\/wp-content\/uploads\/2021\/10\/FORANGE-FC6201-6206-Dinosaur-14.jpg 800w, https:\/\/mouldking.store\/wp-content\/uploads\/2021\/10\/FORANGE-FC6201-6206-Dinosaur-14-300x300.jpg 300w, https:\/\/mouldking.store\/wp-content\/uploads\/2021\/10\/FORANGE-FC6201-6206-Dinosaur-14-768x768.jpg 768w, https:\/\/mouldking.store\/wp-content\/uploads\/2021\/10\/FORANGE-FC6201-6206-Dinosaur-14-600x600.jpg 600w, https:\/\/mouldking.store\/wp-content\/uploads\/2021\/10\/FORANGE-FC6201-6206-Dinosaur-14-150x150.jpg 150w\" sizes=\"(max-width: 800px) 100vw, 800px\" \/><figcaption id=\"caption-attachment-25761\" class=\"wp-caption-text\">FORANGE FC6201-6206 Dinoszaurusz<\/figcaption><\/figure>\n<figure id=\"attachment_25784\" aria-describedby=\"caption-attachment-25784\" style=\"width: 800px\" class=\"wp-caption aligncenter\"><img loading=\"lazy\" decoding=\"async\" class=\"wp-image-25784 size-full\" src=\"https:\/\/mouldking.store\/wp-content\/uploads\/2021\/10\/FORANGE-FC6201-6206-Dinosaur-36.jpg\" alt=\"FORANGE FC6201-6206 Dinosaur\" width=\"800\" height=\"800\" title=\"-\" srcset=\"https:\/\/mouldking.store\/wp-content\/uploads\/2021\/10\/FORANGE-FC6201-6206-Dinosaur-36.jpg 800w, https:\/\/mouldking.store\/wp-content\/uploads\/2021\/10\/FORANGE-FC6201-6206-Dinosaur-36-300x300.jpg 300w, https:\/\/mouldking.store\/wp-content\/uploads\/2021\/10\/FORANGE-FC6201-6206-Dinosaur-36-768x768.jpg 768w, https:\/\/mouldking.store\/wp-content\/uploads\/2021\/10\/FORANGE-FC6201-6206-Dinosaur-36-600x600.jpg 600w, https:\/\/mouldking.store\/wp-content\/uploads\/2021\/10\/FORANGE-FC6201-6206-Dinosaur-36-150x150.jpg 150w\" sizes=\"(max-width: 800px) 100vw, 800px\" \/><figcaption id=\"caption-attachment-25784\" class=\"wp-caption-text\">FORANGE FC6201-6206 Dinoszaurusz<\/figcaption><\/figure>\n<figure id=\"attachment_25785\" aria-describedby=\"caption-attachment-25785\" style=\"width: 800px\" class=\"wp-caption aligncenter\"><img loading=\"lazy\" decoding=\"async\" class=\"wp-image-25785 size-full\" src=\"https:\/\/mouldking.store\/wp-content\/uploads\/2021\/10\/FORANGE-FC6201-6206-Dinosaur-37.jpg\" alt=\"FORANGE FC6201-6206 Dinosaur\" width=\"800\" height=\"800\" title=\"-\" srcset=\"https:\/\/mouldking.store\/wp-content\/uploads\/2021\/10\/FORANGE-FC6201-6206-Dinosaur-37.jpg 800w, https:\/\/mouldking.store\/wp-content\/uploads\/2021\/10\/FORANGE-FC6201-6206-Dinosaur-37-300x300.jpg 300w, https:\/\/mouldking.store\/wp-content\/uploads\/2021\/10\/FORANGE-FC6201-6206-Dinosaur-37-768x768.jpg 768w, https:\/\/mouldking.store\/wp-content\/uploads\/2021\/10\/FORANGE-FC6201-6206-Dinosaur-37-600x600.jpg 600w, https:\/\/mouldking.store\/wp-content\/uploads\/2021\/10\/FORANGE-FC6201-6206-Dinosaur-37-150x150.jpg 150w\" sizes=\"(max-width: 800px) 100vw, 800px\" \/><figcaption id=\"caption-attachment-25785\" class=\"wp-caption-text\">FORANGE FC6201-6206 Dinoszaurusz<\/figcaption><\/figure>\n<figure id=\"attachment_25786\" aria-describedby=\"caption-attachment-25786\" style=\"width: 800px\" class=\"wp-caption aligncenter\"><img loading=\"lazy\" decoding=\"async\" class=\"wp-image-25786 size-full\" src=\"https:\/\/mouldking.store\/wp-content\/uploads\/2021\/10\/FORANGE-FC6201-6206-Dinosaur-38.jpg\" alt=\"FORANGE FC6201-6206 Dinosaur\" width=\"800\" height=\"800\" title=\"-\" srcset=\"https:\/\/mouldking.store\/wp-content\/uploads\/2021\/10\/FORANGE-FC6201-6206-Dinosaur-38.jpg 800w, https:\/\/mouldking.store\/wp-content\/uploads\/2021\/10\/FORANGE-FC6201-6206-Dinosaur-38-300x300.jpg 300w, https:\/\/mouldking.store\/wp-content\/uploads\/2021\/10\/FORANGE-FC6201-6206-Dinosaur-38-768x768.jpg 768w, https:\/\/mouldking.store\/wp-content\/uploads\/2021\/10\/FORANGE-FC6201-6206-Dinosaur-38-600x600.jpg 600w, https:\/\/mouldking.store\/wp-content\/uploads\/2021\/10\/FORANGE-FC6201-6206-Dinosaur-38-150x150.jpg 150w\" sizes=\"(max-width: 800px) 100vw, 800px\" \/><figcaption id=\"caption-attachment-25786\" class=\"wp-caption-text\">FORANGE FC6201-6206 Dinoszaurusz<\/figcaption><\/figure>\n<figure id=\"attachment_25787\" aria-describedby=\"caption-attachment-25787\" style=\"width: 800px\" class=\"wp-caption aligncenter\"><img loading=\"lazy\" decoding=\"async\" class=\"wp-image-25787 size-full\" src=\"https:\/\/mouldking.store\/wp-content\/uploads\/2021\/10\/FORANGE-FC6201-6206-Dinosaur-39.jpg\" alt=\"FORANGE FC6201-6206 Dinosaur\" width=\"800\" height=\"800\" title=\"-\" srcset=\"https:\/\/mouldking.store\/wp-content\/uploads\/2021\/10\/FORANGE-FC6201-6206-Dinosaur-39.jpg 800w, https:\/\/mouldking.store\/wp-content\/uploads\/2021\/10\/FORANGE-FC6201-6206-Dinosaur-39-300x300.jpg 300w, https:\/\/mouldking.store\/wp-content\/uploads\/2021\/10\/FORANGE-FC6201-6206-Dinosaur-39-768x768.jpg 768w, https:\/\/mouldking.store\/wp-content\/uploads\/2021\/10\/FORANGE-FC6201-6206-Dinosaur-39-600x600.jpg 600w, https:\/\/mouldking.store\/wp-content\/uploads\/2021\/10\/FORANGE-FC6201-6206-Dinosaur-39-150x150.jpg 150w\" sizes=\"(max-width: 800px) 100vw, 800px\" \/><figcaption id=\"caption-attachment-25787\" class=\"wp-caption-text\">FORANGE FC6201-6206 Dinoszaurusz<\/figcaption><\/figure>\n<figure id=\"attachment_25788\" aria-describedby=\"caption-attachment-25788\" style=\"width: 800px\" class=\"wp-caption aligncenter\"><img loading=\"lazy\" decoding=\"async\" class=\"wp-image-25788 size-full\" src=\"https:\/\/mouldking.store\/wp-content\/uploads\/2021\/10\/FORANGE-FC6201-6206-Dinosaur-40.jpg\" alt=\"FORANGE FC6201-6206 Dinosaur\" width=\"800\" height=\"800\" title=\"-\" srcset=\"https:\/\/mouldking.store\/wp-content\/uploads\/2021\/10\/FORANGE-FC6201-6206-Dinosaur-40.jpg 800w, https:\/\/mouldking.store\/wp-content\/uploads\/2021\/10\/FORANGE-FC6201-6206-Dinosaur-40-300x300.jpg 300w, https:\/\/mouldking.store\/wp-content\/uploads\/2021\/10\/FORANGE-FC6201-6206-Dinosaur-40-768x768.jpg 768w, https:\/\/mouldking.store\/wp-content\/uploads\/2021\/10\/FORANGE-FC6201-6206-Dinosaur-40-600x600.jpg 600w, https:\/\/mouldking.store\/wp-content\/uploads\/2021\/10\/FORANGE-FC6201-6206-Dinosaur-40-150x150.jpg 150w\" sizes=\"(max-width: 800px) 100vw, 800px\" \/><figcaption id=\"caption-attachment-25788\" class=\"wp-caption-text\">FORANGE FC6201-6206 Dinoszaurusz<\/figcaption><\/figure>\n<figure id=\"attachment_25789\" aria-describedby=\"caption-attachment-25789\" style=\"width: 800px\" class=\"wp-caption aligncenter\"><img loading=\"lazy\" decoding=\"async\" class=\"wp-image-25789 size-full\" src=\"https:\/\/mouldking.store\/wp-content\/uploads\/2021\/10\/FORANGE-FC6201-6206-Dinosaur-41.jpg\" alt=\"FORANGE FC6201-6206 Dinosaur\" width=\"800\" height=\"800\" title=\"-\" srcset=\"https:\/\/mouldking.store\/wp-content\/uploads\/2021\/10\/FORANGE-FC6201-6206-Dinosaur-41.jpg 800w, https:\/\/mouldking.store\/wp-content\/uploads\/2021\/10\/FORANGE-FC6201-6206-Dinosaur-41-300x300.jpg 300w, https:\/\/mouldking.store\/wp-content\/uploads\/2021\/10\/FORANGE-FC6201-6206-Dinosaur-41-768x768.jpg 768w, https:\/\/mouldking.store\/wp-content\/uploads\/2021\/10\/FORANGE-FC6201-6206-Dinosaur-41-600x600.jpg 600w, https:\/\/mouldking.store\/wp-content\/uploads\/2021\/10\/FORANGE-FC6201-6206-Dinosaur-41-150x150.jpg 150w\" sizes=\"(max-width: 800px) 100vw, 800px\" \/><figcaption id=\"caption-attachment-25789\" class=\"wp-caption-text\">FORANGE FC6201-6206 Dinoszaurusz<\/figcaption><\/figure>\n<figure id=\"attachment_25790\" aria-describedby=\"caption-attachment-25790\" style=\"width: 800px\" class=\"wp-caption aligncenter\"><img loading=\"lazy\" decoding=\"async\" class=\"wp-image-25790 size-full\" src=\"https:\/\/mouldking.store\/wp-content\/uploads\/2021\/10\/FORANGE-FC6201-6206-Dinosaur-42.jpg\" alt=\"FORANGE FC6201-6206 Dinosaur\" width=\"800\" height=\"800\" title=\"-\" srcset=\"https:\/\/mouldking.store\/wp-content\/uploads\/2021\/10\/FORANGE-FC6201-6206-Dinosaur-42.jpg 800w, https:\/\/mouldking.store\/wp-content\/uploads\/2021\/10\/FORANGE-FC6201-6206-Dinosaur-42-300x300.jpg 300w, https:\/\/mouldking.store\/wp-content\/uploads\/2021\/10\/FORANGE-FC6201-6206-Dinosaur-42-768x768.jpg 768w, https:\/\/mouldking.store\/wp-content\/uploads\/2021\/10\/FORANGE-FC6201-6206-Dinosaur-42-600x600.jpg 600w, https:\/\/mouldking.store\/wp-content\/uploads\/2021\/10\/FORANGE-FC6201-6206-Dinosaur-42-150x150.jpg 150w\" sizes=\"(max-width: 800px) 100vw, 800px\" \/><figcaption id=\"caption-attachment-25790\" class=\"wp-caption-text\">FORANGE FC6201-6206 Dinoszaurusz<\/figcaption><\/figure>\n<figure id=\"attachment_25748\" aria-describedby=\"caption-attachment-25748\" style=\"width: 800px\" class=\"wp-caption aligncenter\"><img loading=\"lazy\" decoding=\"async\" class=\"wp-image-25748 size-full\" src=\"https:\/\/mouldking.store\/wp-content\/uploads\/2021\/10\/FORANGE-FC6201-6206-Dinosaur-1.jpg\" alt=\"FORANGE FC6201-6206 Dinosaur\" width=\"800\" height=\"800\" title=\"-\" srcset=\"https:\/\/mouldking.store\/wp-content\/uploads\/2021\/10\/FORANGE-FC6201-6206-Dinosaur-1.jpg 800w, https:\/\/mouldking.store\/wp-content\/uploads\/2021\/10\/FORANGE-FC6201-6206-Dinosaur-1-300x300.jpg 300w, https:\/\/mouldking.store\/wp-content\/uploads\/2021\/10\/FORANGE-FC6201-6206-Dinosaur-1-768x768.jpg 768w, https:\/\/mouldking.store\/wp-content\/uploads\/2021\/10\/FORANGE-FC6201-6206-Dinosaur-1-600x600.jpg 600w, https:\/\/mouldking.store\/wp-content\/uploads\/2021\/10\/FORANGE-FC6201-6206-Dinosaur-1-150x150.jpg 150w\" sizes=\"(max-width: 800px) 100vw, 800px\" \/><figcaption id=\"caption-attachment-25748\" class=\"wp-caption-text\">FORANGE FC6201-6206 Dinoszaurusz<\/figcaption><\/figure>","protected":false},"excerpt":{"rendered":"<p>Product information: Brand: FORANGE Gender: Unisex Name: Dinosaur Age Range: &gt; 6 years old Model Number: FC6201-6206 Classification: Assemblage Plastic Block Shape: Self-Locking Bricks Material: Plastic Plastic Type: ABS Contains detailed assembly instructions. Notice: 1. Without an original box, but we guarantee our products have quality assurance and nice packaging. 2. As all the parts [&hellip;]<\/p>","protected":false},"featured_media":25747,"comment_status":"open","ping_status":"closed","template":"","meta":{"_acf_changed":false},"product_cat":[371],"product_tag":[2541,2598,2596,2600,2599,2595,2597,2594],"class_list":["product","first","outofstock","shipping-taxable","purchasable","product-type-variable"],"acf":[],"_links":{"self":[{"href":"https:\/\/mouldking.store\/hu\/wp-json\/wp\/v2\/product\/25745","targetHints":{"allow":["GET"]}}],"collection":[{"href":"https:\/\/mouldking.store\/hu\/wp-json\/wp\/v2\/product"}],"about":[{"href":"https:\/\/mouldking.store\/hu\/wp-json\/wp\/v2\/types\/product"}],"replies":[{"embeddable":true,"href":"https:\/\/mouldking.store\/hu\/wp-json\/wp\/v2\/comments?post=25745"}],"wp:featuredmedia":[{"embeddable":true,"href":"https:\/\/mouldking.store\/hu\/wp-json\/wp\/v2\/media\/25747"}],"wp:attachment":[{"href":"https:\/\/mouldking.store\/hu\/wp-json\/wp\/v2\/media?parent=25745"}],"wp:term":[{"taxonomy":"product_cat","embeddable":true,"href":"https:\/\/mouldking.store\/hu\/wp-json\/wp\/v2\/product_cat?post=25745"},{"taxonomy":"product_tag","embeddable":true,"href":"https:\/\/mouldking.store\/hu\/wp-json\/wp\/v2\/product_tag?post=25745"}],"curies":[{"name":"wp","href":"https:\/\/api.w.org\/{rel}","templated":true}]}}