{"id":25780,"date":"2021-10-25T13:48:54","date_gmt":"2021-10-25T13:48:54","guid":{"rendered":"https:\/\/mouldking.store\/?post_type=product&#038;p=25780"},"modified":"2021-12-23T09:41:51","modified_gmt":"2021-12-23T09:41:51","slug":"forange-fc1802-camper-with-tailer-with-1546-pieces","status":"publish","type":"product","link":"https:\/\/mouldking.store\/hu\/shop\/forange-fc1802-camper-with-tailer-with-1546-pieces\/","title":{"rendered":"FORANGE FC1802 lak\u00f3kocsi szab\u00f3val, 1546 darabbal"},"content":{"rendered":"<p>Term\u00e9k inform\u00e1ci\u00f3:<\/p>\n<ol>\n<li>M\u00e1rka: FORANGE<\/li>\n<li>Nem: Uniszex<\/li>\n<li>Name: Camper with Tailer<\/li>\n<li>Koroszt\u00e1ly: &gt; 6 \u00e9v<\/li>\n<li>Model Number: FC1802<\/li>\n<li>Besorol\u00e1s: \u00d6sszeszerel\u00e9s<\/li>\n<li>M\u0171anyag blokk forma: \u00f6nz\u00e1r\u00f3 t\u00e9gla<\/li>\n<li>Anyaga: M\u0171anyag<\/li>\n<li>M\u0171anyag t\u00edpus: ABS<\/li>\n<li>Bricks Blocks: 1546 PCS<\/li>\n<li>R\u00e9szletes \u00f6sszeszerel\u00e9si \u00fatmutat\u00f3t tartalmaz.<\/li>\n<\/ol>\n<p>\u00c9rtes\u00edt\u00e9s:<br \/>\n1. Eredeti doboz n\u00e9lk\u00fcl, de garant\u00e1ljuk, hogy term\u00e9keink min\u0151s\u00e9gbiztos\u00edt\u00e1ssal \u00e9s sz\u00e9p csomagol\u00e1ssal rendelkeznek.<br \/>\n2. Mint minden alkatr\u00e9szt, amelyet a sz\u00e1ll\u00edt\u00e1s el\u0151tt ellen\u0151rizt\u00fcnk, ez\u00e9rt ha \u00fagy tal\u00e1lja, hogy n\u00e9h\u00e1ny alkatr\u00e9sz hi\u00e1nyzik vagy s\u00e9r\u00fclt, ne agg\u00f3djon, \u00e9s k\u00e9rj\u00fck, vegye fel vel\u00fcnk a kapcsolatot, \u00e9s azonnal ingyenesen elk\u00fcldj\u00fck \u00d6nnek.<\/p>\n<figure id=\"attachment_25811\" aria-describedby=\"caption-attachment-25811\" style=\"width: 800px\" class=\"wp-caption aligncenter\"><img fetchpriority=\"high\" decoding=\"async\" class=\"wp-image-25811 size-full\" src=\"https:\/\/mouldking.store\/wp-content\/uploads\/2021\/10\/FORANGE-FC1802-Camper-with-Tailer-with-1546-pieces-1.jpg\" alt=\"FORANGE FC1802 Camper with Tailer with 1546 pieces\" width=\"800\" height=\"800\" title=\"-\" srcset=\"https:\/\/mouldking.store\/wp-content\/uploads\/2021\/10\/FORANGE-FC1802-Camper-with-Tailer-with-1546-pieces-1.jpg 800w, https:\/\/mouldking.store\/wp-content\/uploads\/2021\/10\/FORANGE-FC1802-Camper-with-Tailer-with-1546-pieces-1-300x300.jpg 300w, https:\/\/mouldking.store\/wp-content\/uploads\/2021\/10\/FORANGE-FC1802-Camper-with-Tailer-with-1546-pieces-1-768x768.jpg 768w, https:\/\/mouldking.store\/wp-content\/uploads\/2021\/10\/FORANGE-FC1802-Camper-with-Tailer-with-1546-pieces-1-600x600.jpg 600w, https:\/\/mouldking.store\/wp-content\/uploads\/2021\/10\/FORANGE-FC1802-Camper-with-Tailer-with-1546-pieces-1-150x150.jpg 150w\" sizes=\"(max-width: 800px) 100vw, 800px\" \/><figcaption id=\"caption-attachment-25811\" class=\"wp-caption-text\">FORANGE FC1802 lak\u00f3kocsi szab\u00f3val, 1546 darabbal<\/figcaption><\/figure>\n<figure id=\"attachment_25821\" aria-describedby=\"caption-attachment-25821\" style=\"width: 648px\" class=\"wp-caption aligncenter\"><img decoding=\"async\" class=\"wp-image-25821 size-full\" src=\"https:\/\/mouldking.store\/wp-content\/uploads\/2021\/10\/FORANGE-FC1802-Camper-with-Tailer-with-1546-pieces-11.jpg\" alt=\"FORANGE FC1802 Camper with Tailer with 1546 pieces\" width=\"648\" height=\"1024\" title=\"-\" srcset=\"https:\/\/mouldking.store\/wp-content\/uploads\/2021\/10\/FORANGE-FC1802-Camper-with-Tailer-with-1546-pieces-11.jpg 648w, https:\/\/mouldking.store\/wp-content\/uploads\/2021\/10\/FORANGE-FC1802-Camper-with-Tailer-with-1546-pieces-11-190x300.jpg 190w, https:\/\/mouldking.store\/wp-content\/uploads\/2021\/10\/FORANGE-FC1802-Camper-with-Tailer-with-1546-pieces-11-300x474.jpg 300w, https:\/\/mouldking.store\/wp-content\/uploads\/2021\/10\/FORANGE-FC1802-Camper-with-Tailer-with-1546-pieces-11-600x948.jpg 600w, https:\/\/mouldking.store\/wp-content\/uploads\/2021\/10\/FORANGE-FC1802-Camper-with-Tailer-with-1546-pieces-11-95x150.jpg 95w\" sizes=\"(max-width: 648px) 100vw, 648px\" \/><figcaption id=\"caption-attachment-25821\" class=\"wp-caption-text\">FORANGE FC1802 lak\u00f3kocsi szab\u00f3val, 1546 darabbal<\/figcaption><\/figure>\n<figure id=\"attachment_25818\" aria-describedby=\"caption-attachment-25818\" style=\"width: 648px\" class=\"wp-caption aligncenter\"><img decoding=\"async\" class=\"wp-image-25818 size-full\" src=\"https:\/\/mouldking.store\/wp-content\/uploads\/2021\/10\/FORANGE-FC1802-Camper-with-Tailer-with-1546-pieces-8.jpg\" alt=\"FORANGE FC1802 Camper with Tailer with 1546 pieces\" width=\"648\" height=\"1024\" title=\"-\" srcset=\"https:\/\/mouldking.store\/wp-content\/uploads\/2021\/10\/FORANGE-FC1802-Camper-with-Tailer-with-1546-pieces-8.jpg 648w, https:\/\/mouldking.store\/wp-content\/uploads\/2021\/10\/FORANGE-FC1802-Camper-with-Tailer-with-1546-pieces-8-190x300.jpg 190w, https:\/\/mouldking.store\/wp-content\/uploads\/2021\/10\/FORANGE-FC1802-Camper-with-Tailer-with-1546-pieces-8-300x474.jpg 300w, https:\/\/mouldking.store\/wp-content\/uploads\/2021\/10\/FORANGE-FC1802-Camper-with-Tailer-with-1546-pieces-8-600x948.jpg 600w, https:\/\/mouldking.store\/wp-content\/uploads\/2021\/10\/FORANGE-FC1802-Camper-with-Tailer-with-1546-pieces-8-95x150.jpg 95w\" sizes=\"(max-width: 648px) 100vw, 648px\" \/><figcaption id=\"caption-attachment-25818\" class=\"wp-caption-text\">FORANGE FC1802 lak\u00f3kocsi szab\u00f3val, 1546 darabbal<\/figcaption><\/figure>\n<figure id=\"attachment_25817\" aria-describedby=\"caption-attachment-25817\" style=\"width: 643px\" class=\"wp-caption aligncenter\"><img loading=\"lazy\" decoding=\"async\" class=\"wp-image-25817 size-full\" src=\"https:\/\/mouldking.store\/wp-content\/uploads\/2021\/10\/FORANGE-FC1802-Camper-with-Tailer-with-1546-pieces-7.jpg\" alt=\"FORANGE FC1802 Camper with Tailer with 1546 pieces\" width=\"643\" height=\"1024\" title=\"-\" srcset=\"https:\/\/mouldking.store\/wp-content\/uploads\/2021\/10\/FORANGE-FC1802-Camper-with-Tailer-with-1546-pieces-7.jpg 643w, https:\/\/mouldking.store\/wp-content\/uploads\/2021\/10\/FORANGE-FC1802-Camper-with-Tailer-with-1546-pieces-7-188x300.jpg 188w, https:\/\/mouldking.store\/wp-content\/uploads\/2021\/10\/FORANGE-FC1802-Camper-with-Tailer-with-1546-pieces-7-300x478.jpg 300w, https:\/\/mouldking.store\/wp-content\/uploads\/2021\/10\/FORANGE-FC1802-Camper-with-Tailer-with-1546-pieces-7-600x956.jpg 600w, https:\/\/mouldking.store\/wp-content\/uploads\/2021\/10\/FORANGE-FC1802-Camper-with-Tailer-with-1546-pieces-7-94x150.jpg 94w\" sizes=\"(max-width: 643px) 100vw, 643px\" \/><figcaption id=\"caption-attachment-25817\" class=\"wp-caption-text\">FORANGE FC1802 lak\u00f3kocsi szab\u00f3val, 1546 darabbal<\/figcaption><\/figure>\n<figure id=\"attachment_25819\" aria-describedby=\"caption-attachment-25819\" style=\"width: 652px\" class=\"wp-caption aligncenter\"><img loading=\"lazy\" decoding=\"async\" class=\"wp-image-25819 size-full\" src=\"https:\/\/mouldking.store\/wp-content\/uploads\/2021\/10\/FORANGE-FC1802-Camper-with-Tailer-with-1546-pieces-9.jpg\" alt=\"FORANGE FC1802 Camper with Tailer with 1546 pieces\" width=\"652\" height=\"1023\" title=\"-\" srcset=\"https:\/\/mouldking.store\/wp-content\/uploads\/2021\/10\/FORANGE-FC1802-Camper-with-Tailer-with-1546-pieces-9.jpg 652w, https:\/\/mouldking.store\/wp-content\/uploads\/2021\/10\/FORANGE-FC1802-Camper-with-Tailer-with-1546-pieces-9-191x300.jpg 191w, https:\/\/mouldking.store\/wp-content\/uploads\/2021\/10\/FORANGE-FC1802-Camper-with-Tailer-with-1546-pieces-9-300x471.jpg 300w, https:\/\/mouldking.store\/wp-content\/uploads\/2021\/10\/FORANGE-FC1802-Camper-with-Tailer-with-1546-pieces-9-600x941.jpg 600w, https:\/\/mouldking.store\/wp-content\/uploads\/2021\/10\/FORANGE-FC1802-Camper-with-Tailer-with-1546-pieces-9-96x150.jpg 96w\" sizes=\"(max-width: 652px) 100vw, 652px\" \/><figcaption id=\"caption-attachment-25819\" class=\"wp-caption-text\">FORANGE FC1802 lak\u00f3kocsi szab\u00f3val, 1546 darabbal<\/figcaption><\/figure>\n<figure id=\"attachment_25820\" aria-describedby=\"caption-attachment-25820\" style=\"width: 633px\" class=\"wp-caption aligncenter\"><img loading=\"lazy\" decoding=\"async\" class=\"wp-image-25820 size-full\" src=\"https:\/\/mouldking.store\/wp-content\/uploads\/2021\/10\/FORANGE-FC1802-Camper-with-Tailer-with-1546-pieces-10.jpg\" alt=\"FORANGE FC1802 Camper with Tailer with 1546 pieces\" width=\"633\" height=\"1024\" title=\"-\" srcset=\"https:\/\/mouldking.store\/wp-content\/uploads\/2021\/10\/FORANGE-FC1802-Camper-with-Tailer-with-1546-pieces-10.jpg 633w, https:\/\/mouldking.store\/wp-content\/uploads\/2021\/10\/FORANGE-FC1802-Camper-with-Tailer-with-1546-pieces-10-185x300.jpg 185w, https:\/\/mouldking.store\/wp-content\/uploads\/2021\/10\/FORANGE-FC1802-Camper-with-Tailer-with-1546-pieces-10-300x485.jpg 300w, https:\/\/mouldking.store\/wp-content\/uploads\/2021\/10\/FORANGE-FC1802-Camper-with-Tailer-with-1546-pieces-10-600x971.jpg 600w, https:\/\/mouldking.store\/wp-content\/uploads\/2021\/10\/FORANGE-FC1802-Camper-with-Tailer-with-1546-pieces-10-93x150.jpg 93w\" sizes=\"(max-width: 633px) 100vw, 633px\" \/><figcaption id=\"caption-attachment-25820\" class=\"wp-caption-text\">FORANGE FC1802 lak\u00f3kocsi szab\u00f3val, 1546 darabbal<\/figcaption><\/figure>\n<figure id=\"attachment_25813\" aria-describedby=\"caption-attachment-25813\" style=\"width: 644px\" class=\"wp-caption aligncenter\"><img loading=\"lazy\" decoding=\"async\" class=\"wp-image-25813 size-full\" src=\"https:\/\/mouldking.store\/wp-content\/uploads\/2021\/10\/FORANGE-FC1802-Camper-with-Tailer-with-1546-pieces-3.jpg\" alt=\"FORANGE FC1802 Camper with Tailer with 1546 pieces\" width=\"644\" height=\"1024\" title=\"-\" srcset=\"https:\/\/mouldking.store\/wp-content\/uploads\/2021\/10\/FORANGE-FC1802-Camper-with-Tailer-with-1546-pieces-3.jpg 644w, https:\/\/mouldking.store\/wp-content\/uploads\/2021\/10\/FORANGE-FC1802-Camper-with-Tailer-with-1546-pieces-3-189x300.jpg 189w, https:\/\/mouldking.store\/wp-content\/uploads\/2021\/10\/FORANGE-FC1802-Camper-with-Tailer-with-1546-pieces-3-300x477.jpg 300w, https:\/\/mouldking.store\/wp-content\/uploads\/2021\/10\/FORANGE-FC1802-Camper-with-Tailer-with-1546-pieces-3-600x954.jpg 600w, https:\/\/mouldking.store\/wp-content\/uploads\/2021\/10\/FORANGE-FC1802-Camper-with-Tailer-with-1546-pieces-3-94x150.jpg 94w\" sizes=\"(max-width: 644px) 100vw, 644px\" \/><figcaption id=\"caption-attachment-25813\" class=\"wp-caption-text\">FORANGE FC1802 lak\u00f3kocsi szab\u00f3val, 1546 darabbal<\/figcaption><\/figure>\n<figure id=\"attachment_25814\" aria-describedby=\"caption-attachment-25814\" style=\"width: 647px\" class=\"wp-caption aligncenter\"><img loading=\"lazy\" decoding=\"async\" class=\"wp-image-25814 size-full\" src=\"https:\/\/mouldking.store\/wp-content\/uploads\/2021\/10\/FORANGE-FC1802-Camper-with-Tailer-with-1546-pieces-4.jpg\" alt=\"FORANGE FC1802 Camper with Tailer with 1546 pieces\" width=\"647\" height=\"1024\" title=\"-\" srcset=\"https:\/\/mouldking.store\/wp-content\/uploads\/2021\/10\/FORANGE-FC1802-Camper-with-Tailer-with-1546-pieces-4.jpg 647w, https:\/\/mouldking.store\/wp-content\/uploads\/2021\/10\/FORANGE-FC1802-Camper-with-Tailer-with-1546-pieces-4-190x300.jpg 190w, https:\/\/mouldking.store\/wp-content\/uploads\/2021\/10\/FORANGE-FC1802-Camper-with-Tailer-with-1546-pieces-4-300x475.jpg 300w, https:\/\/mouldking.store\/wp-content\/uploads\/2021\/10\/FORANGE-FC1802-Camper-with-Tailer-with-1546-pieces-4-600x950.jpg 600w, https:\/\/mouldking.store\/wp-content\/uploads\/2021\/10\/FORANGE-FC1802-Camper-with-Tailer-with-1546-pieces-4-95x150.jpg 95w\" sizes=\"(max-width: 647px) 100vw, 647px\" \/><figcaption id=\"caption-attachment-25814\" class=\"wp-caption-text\">FORANGE FC1802 lak\u00f3kocsi szab\u00f3val, 1546 darabbal<\/figcaption><\/figure>\n<figure id=\"attachment_25815\" aria-describedby=\"caption-attachment-25815\" style=\"width: 644px\" class=\"wp-caption aligncenter\"><img loading=\"lazy\" decoding=\"async\" class=\"wp-image-25815 size-full\" src=\"https:\/\/mouldking.store\/wp-content\/uploads\/2021\/10\/FORANGE-FC1802-Camper-with-Tailer-with-1546-pieces-5.jpg\" alt=\"FORANGE FC1802 Camper with Tailer with 1546 pieces\" width=\"644\" height=\"1024\" title=\"-\" srcset=\"https:\/\/mouldking.store\/wp-content\/uploads\/2021\/10\/FORANGE-FC1802-Camper-with-Tailer-with-1546-pieces-5.jpg 644w, https:\/\/mouldking.store\/wp-content\/uploads\/2021\/10\/FORANGE-FC1802-Camper-with-Tailer-with-1546-pieces-5-189x300.jpg 189w, https:\/\/mouldking.store\/wp-content\/uploads\/2021\/10\/FORANGE-FC1802-Camper-with-Tailer-with-1546-pieces-5-300x477.jpg 300w, https:\/\/mouldking.store\/wp-content\/uploads\/2021\/10\/FORANGE-FC1802-Camper-with-Tailer-with-1546-pieces-5-600x954.jpg 600w, https:\/\/mouldking.store\/wp-content\/uploads\/2021\/10\/FORANGE-FC1802-Camper-with-Tailer-with-1546-pieces-5-94x150.jpg 94w\" sizes=\"(max-width: 644px) 100vw, 644px\" \/><figcaption id=\"caption-attachment-25815\" class=\"wp-caption-text\">FORANGE FC1802 lak\u00f3kocsi szab\u00f3val, 1546 darabbal<\/figcaption><\/figure>\n<figure id=\"attachment_25816\" aria-describedby=\"caption-attachment-25816\" style=\"width: 646px\" class=\"wp-caption aligncenter\"><img loading=\"lazy\" decoding=\"async\" class=\"wp-image-25816 size-full\" src=\"https:\/\/mouldking.store\/wp-content\/uploads\/2021\/10\/FORANGE-FC1802-Camper-with-Tailer-with-1546-pieces-6.jpg\" alt=\"FORANGE FC1802 Camper with Tailer with 1546 pieces\" width=\"646\" height=\"1024\" title=\"-\" srcset=\"https:\/\/mouldking.store\/wp-content\/uploads\/2021\/10\/FORANGE-FC1802-Camper-with-Tailer-with-1546-pieces-6.jpg 646w, https:\/\/mouldking.store\/wp-content\/uploads\/2021\/10\/FORANGE-FC1802-Camper-with-Tailer-with-1546-pieces-6-189x300.jpg 189w, https:\/\/mouldking.store\/wp-content\/uploads\/2021\/10\/FORANGE-FC1802-Camper-with-Tailer-with-1546-pieces-6-300x476.jpg 300w, https:\/\/mouldking.store\/wp-content\/uploads\/2021\/10\/FORANGE-FC1802-Camper-with-Tailer-with-1546-pieces-6-600x951.jpg 600w, https:\/\/mouldking.store\/wp-content\/uploads\/2021\/10\/FORANGE-FC1802-Camper-with-Tailer-with-1546-pieces-6-95x150.jpg 95w\" sizes=\"(max-width: 646px) 100vw, 646px\" \/><figcaption id=\"caption-attachment-25816\" class=\"wp-caption-text\">FORANGE FC1802 lak\u00f3kocsi szab\u00f3val, 1546 darabbal<\/figcaption><\/figure>\n<figure id=\"attachment_25812\" aria-describedby=\"caption-attachment-25812\" style=\"width: 648px\" class=\"wp-caption aligncenter\"><img loading=\"lazy\" decoding=\"async\" class=\"wp-image-25812 size-full\" src=\"https:\/\/mouldking.store\/wp-content\/uploads\/2021\/10\/FORANGE-FC1802-Camper-with-Tailer-with-1546-pieces-2.jpg\" alt=\"FORANGE FC1802 Camper with Tailer with 1546 pieces\" width=\"648\" height=\"1024\" title=\"-\" srcset=\"https:\/\/mouldking.store\/wp-content\/uploads\/2021\/10\/FORANGE-FC1802-Camper-with-Tailer-with-1546-pieces-2.jpg 648w, https:\/\/mouldking.store\/wp-content\/uploads\/2021\/10\/FORANGE-FC1802-Camper-with-Tailer-with-1546-pieces-2-190x300.jpg 190w, https:\/\/mouldking.store\/wp-content\/uploads\/2021\/10\/FORANGE-FC1802-Camper-with-Tailer-with-1546-pieces-2-300x474.jpg 300w, https:\/\/mouldking.store\/wp-content\/uploads\/2021\/10\/FORANGE-FC1802-Camper-with-Tailer-with-1546-pieces-2-600x948.jpg 600w, https:\/\/mouldking.store\/wp-content\/uploads\/2021\/10\/FORANGE-FC1802-Camper-with-Tailer-with-1546-pieces-2-95x150.jpg 95w\" sizes=\"(max-width: 648px) 100vw, 648px\" \/><figcaption id=\"caption-attachment-25812\" class=\"wp-caption-text\">FORANGE FC1802 lak\u00f3kocsi szab\u00f3val, 1546 darabbal<\/figcaption><\/figure>","protected":false},"excerpt":{"rendered":"<p>Product information: Brand: FORANGE Gender: Unisex Name: Camper with Tailer Age Range: &gt; 6 years old Model Number: FC1802 Classification: Assemblage Plastic Block Shape: Self-Locking Bricks Material: Plastic Plastic Type: ABS Bricks Blocks: 1546 PCS Contains detailed assembly instructions. Notice: 1. Without an original box, but we guarantee our products have quality assurance and nice [&hellip;]<\/p>","protected":false},"featured_media":25811,"comment_status":"open","ping_status":"closed","template":"","meta":{"_acf_changed":false},"product_cat":[364],"product_tag":[2605,2603,2604,2595,2608,2602,2607,2601,2606],"class_list":["product","first","instock","shipping-taxable","purchasable","product-type-simple"],"acf":[],"_links":{"self":[{"href":"https:\/\/mouldking.store\/hu\/wp-json\/wp\/v2\/product\/25780","targetHints":{"allow":["GET"]}}],"collection":[{"href":"https:\/\/mouldking.store\/hu\/wp-json\/wp\/v2\/product"}],"about":[{"href":"https:\/\/mouldking.store\/hu\/wp-json\/wp\/v2\/types\/product"}],"replies":[{"embeddable":true,"href":"https:\/\/mouldking.store\/hu\/wp-json\/wp\/v2\/comments?post=25780"}],"wp:featuredmedia":[{"embeddable":true,"href":"https:\/\/mouldking.store\/hu\/wp-json\/wp\/v2\/media\/25811"}],"wp:attachment":[{"href":"https:\/\/mouldking.store\/hu\/wp-json\/wp\/v2\/media?parent=25780"}],"wp:term":[{"taxonomy":"product_cat","embeddable":true,"href":"https:\/\/mouldking.store\/hu\/wp-json\/wp\/v2\/product_cat?post=25780"},{"taxonomy":"product_tag","embeddable":true,"href":"https:\/\/mouldking.store\/hu\/wp-json\/wp\/v2\/product_tag?post=25780"}],"curies":[{"name":"wp","href":"https:\/\/api.w.org\/{rel}","templated":true}]}}