{"id":26018,"date":"2021-10-27T10:22:09","date_gmt":"2021-10-27T10:22:09","guid":{"rendered":"https:\/\/mouldking.store\/?post_type=product&#038;p=26018"},"modified":"2021-12-23T09:41:48","modified_gmt":"2021-12-23T09:41:48","slug":"tgl-t4006-rc-transport-truck-with-2531-pieces","status":"publish","type":"product","link":"https:\/\/mouldking.store\/hu\/shop\/tgl-t4006-rc-transport-truck-with-2531-pieces\/","title":{"rendered":"TGL T4006 RC sz\u00e1ll\u00edt\u00f3 teheraut\u00f3 2531 darabbal"},"content":{"rendered":"<p>Term\u00e9k inform\u00e1ci\u00f3:<\/p>\n<ol>\n<li>M\u00e1rka: TGL<\/li>\n<li>Nem: Uniszex<\/li>\n<li>Name: RC Transport Truck<\/li>\n<li>Koroszt\u00e1ly: &gt; 6 \u00e9v<\/li>\n<li>Model Number: T4006<\/li>\n<li>Besorol\u00e1s: \u00d6sszeszerel\u00e9s<\/li>\n<li>M\u0171anyag blokk forma: \u00f6nz\u00e1r\u00f3 t\u00e9gla<\/li>\n<li>Anyaga: M\u0171anyag<\/li>\n<li>M\u0171anyag t\u00edpus: ABS<\/li>\n<li>Bricks Blocks: 2531 PCS<\/li>\n<li>R\u00e9szletes \u00f6sszeszerel\u00e9si \u00fatmutat\u00f3t tartalmaz.<\/li>\n<\/ol>\n<p>\u00c9rtes\u00edt\u00e9s:<br \/>\n1. Eredeti doboz n\u00e9lk\u00fcl, de garant\u00e1ljuk, hogy term\u00e9keink min\u0151s\u00e9gbiztos\u00edt\u00e1ssal \u00e9s sz\u00e9p csomagol\u00e1ssal rendelkeznek.<br \/>\n2. Mint minden alkatr\u00e9szt, amelyet a sz\u00e1ll\u00edt\u00e1s el\u0151tt ellen\u0151rizt\u00fcnk, ez\u00e9rt ha \u00fagy tal\u00e1lja, hogy n\u00e9h\u00e1ny alkatr\u00e9sz hi\u00e1nyzik vagy s\u00e9r\u00fclt, ne agg\u00f3djon, \u00e9s k\u00e9rj\u00fck, vegye fel vel\u00fcnk a kapcsolatot, \u00e9s azonnal ingyenesen elk\u00fcldj\u00fck \u00d6nnek.<\/p>\n<figure id=\"attachment_26020\" aria-describedby=\"caption-attachment-26020\" style=\"width: 800px\" class=\"wp-caption aligncenter\"><img fetchpriority=\"high\" decoding=\"async\" class=\"wp-image-26020 size-full\" src=\"https:\/\/mouldking.store\/wp-content\/uploads\/2021\/10\/TGL-T4006-RC-Transport-Truck-with-2531-pieces-1.jpg\" alt=\"TGL T4006 RC Transport Truck with 2531 pieces\" width=\"800\" height=\"800\" title=\"-\" srcset=\"https:\/\/mouldking.store\/wp-content\/uploads\/2021\/10\/TGL-T4006-RC-Transport-Truck-with-2531-pieces-1.jpg 800w, https:\/\/mouldking.store\/wp-content\/uploads\/2021\/10\/TGL-T4006-RC-Transport-Truck-with-2531-pieces-1-300x300.jpg 300w, https:\/\/mouldking.store\/wp-content\/uploads\/2021\/10\/TGL-T4006-RC-Transport-Truck-with-2531-pieces-1-768x768.jpg 768w, https:\/\/mouldking.store\/wp-content\/uploads\/2021\/10\/TGL-T4006-RC-Transport-Truck-with-2531-pieces-1-600x600.jpg 600w, https:\/\/mouldking.store\/wp-content\/uploads\/2021\/10\/TGL-T4006-RC-Transport-Truck-with-2531-pieces-1-150x150.jpg 150w\" sizes=\"(max-width: 800px) 100vw, 800px\" \/><figcaption id=\"caption-attachment-26020\" class=\"wp-caption-text\">TGL T4006 RC sz\u00e1ll\u00edt\u00f3 teheraut\u00f3 2531 darabbal<\/figcaption><\/figure>\n<figure id=\"attachment_26023\" aria-describedby=\"caption-attachment-26023\" style=\"width: 800px\" class=\"wp-caption aligncenter\"><img decoding=\"async\" class=\"wp-image-26023 size-full\" src=\"https:\/\/mouldking.store\/wp-content\/uploads\/2021\/10\/TGL-T4006-RC-Transport-Truck-with-2531-pieces-4.jpg\" alt=\"TGL T4006 RC Transport Truck with 2531 pieces\" width=\"800\" height=\"800\" title=\"-\" srcset=\"https:\/\/mouldking.store\/wp-content\/uploads\/2021\/10\/TGL-T4006-RC-Transport-Truck-with-2531-pieces-4.jpg 800w, https:\/\/mouldking.store\/wp-content\/uploads\/2021\/10\/TGL-T4006-RC-Transport-Truck-with-2531-pieces-4-300x300.jpg 300w, https:\/\/mouldking.store\/wp-content\/uploads\/2021\/10\/TGL-T4006-RC-Transport-Truck-with-2531-pieces-4-768x768.jpg 768w, https:\/\/mouldking.store\/wp-content\/uploads\/2021\/10\/TGL-T4006-RC-Transport-Truck-with-2531-pieces-4-600x600.jpg 600w, https:\/\/mouldking.store\/wp-content\/uploads\/2021\/10\/TGL-T4006-RC-Transport-Truck-with-2531-pieces-4-150x150.jpg 150w\" sizes=\"(max-width: 800px) 100vw, 800px\" \/><figcaption id=\"caption-attachment-26023\" class=\"wp-caption-text\">TGL T4006 RC sz\u00e1ll\u00edt\u00f3 teheraut\u00f3 2531 darabbal<\/figcaption><\/figure>\n<figure id=\"attachment_26024\" aria-describedby=\"caption-attachment-26024\" style=\"width: 800px\" class=\"wp-caption aligncenter\"><img decoding=\"async\" class=\"wp-image-26024 size-full\" src=\"https:\/\/mouldking.store\/wp-content\/uploads\/2021\/10\/TGL-T4006-RC-Transport-Truck-with-2531-pieces-5.jpg\" alt=\"TGL T4006 RC Transport Truck with 2531 pieces\" width=\"800\" height=\"800\" title=\"-\" srcset=\"https:\/\/mouldking.store\/wp-content\/uploads\/2021\/10\/TGL-T4006-RC-Transport-Truck-with-2531-pieces-5.jpg 800w, https:\/\/mouldking.store\/wp-content\/uploads\/2021\/10\/TGL-T4006-RC-Transport-Truck-with-2531-pieces-5-300x300.jpg 300w, https:\/\/mouldking.store\/wp-content\/uploads\/2021\/10\/TGL-T4006-RC-Transport-Truck-with-2531-pieces-5-768x768.jpg 768w, https:\/\/mouldking.store\/wp-content\/uploads\/2021\/10\/TGL-T4006-RC-Transport-Truck-with-2531-pieces-5-600x600.jpg 600w, https:\/\/mouldking.store\/wp-content\/uploads\/2021\/10\/TGL-T4006-RC-Transport-Truck-with-2531-pieces-5-150x150.jpg 150w\" sizes=\"(max-width: 800px) 100vw, 800px\" \/><figcaption id=\"caption-attachment-26024\" class=\"wp-caption-text\">TGL T4006 RC sz\u00e1ll\u00edt\u00f3 teheraut\u00f3 2531 darabbal<\/figcaption><\/figure>\n<figure id=\"attachment_26022\" aria-describedby=\"caption-attachment-26022\" style=\"width: 800px\" class=\"wp-caption aligncenter\"><img loading=\"lazy\" decoding=\"async\" class=\"wp-image-26022 size-full\" src=\"https:\/\/mouldking.store\/wp-content\/uploads\/2021\/10\/TGL-T4006-RC-Transport-Truck-with-2531-pieces-3.jpg\" alt=\"TGL T4006 RC Transport Truck with 2531 pieces\" width=\"800\" height=\"800\" title=\"-\" srcset=\"https:\/\/mouldking.store\/wp-content\/uploads\/2021\/10\/TGL-T4006-RC-Transport-Truck-with-2531-pieces-3.jpg 800w, https:\/\/mouldking.store\/wp-content\/uploads\/2021\/10\/TGL-T4006-RC-Transport-Truck-with-2531-pieces-3-300x300.jpg 300w, https:\/\/mouldking.store\/wp-content\/uploads\/2021\/10\/TGL-T4006-RC-Transport-Truck-with-2531-pieces-3-768x768.jpg 768w, https:\/\/mouldking.store\/wp-content\/uploads\/2021\/10\/TGL-T4006-RC-Transport-Truck-with-2531-pieces-3-600x600.jpg 600w, https:\/\/mouldking.store\/wp-content\/uploads\/2021\/10\/TGL-T4006-RC-Transport-Truck-with-2531-pieces-3-150x150.jpg 150w\" sizes=\"(max-width: 800px) 100vw, 800px\" \/><figcaption id=\"caption-attachment-26022\" class=\"wp-caption-text\">TGL T4006 RC sz\u00e1ll\u00edt\u00f3 teheraut\u00f3 2531 darabbal<\/figcaption><\/figure>\n<figure id=\"attachment_26021\" aria-describedby=\"caption-attachment-26021\" style=\"width: 800px\" class=\"wp-caption aligncenter\"><img loading=\"lazy\" decoding=\"async\" class=\"wp-image-26021 size-full\" src=\"https:\/\/mouldking.store\/wp-content\/uploads\/2021\/10\/TGL-T4006-RC-Transport-Truck-with-2531-pieces-2.jpg\" alt=\"TGL T4006 RC Transport Truck with 2531 pieces\" width=\"800\" height=\"411\" title=\"-\" srcset=\"https:\/\/mouldking.store\/wp-content\/uploads\/2021\/10\/TGL-T4006-RC-Transport-Truck-with-2531-pieces-2.jpg 800w, https:\/\/mouldking.store\/wp-content\/uploads\/2021\/10\/TGL-T4006-RC-Transport-Truck-with-2531-pieces-2-300x154.jpg 300w, https:\/\/mouldking.store\/wp-content\/uploads\/2021\/10\/TGL-T4006-RC-Transport-Truck-with-2531-pieces-2-768x395.jpg 768w, https:\/\/mouldking.store\/wp-content\/uploads\/2021\/10\/TGL-T4006-RC-Transport-Truck-with-2531-pieces-2-600x308.jpg 600w, https:\/\/mouldking.store\/wp-content\/uploads\/2021\/10\/TGL-T4006-RC-Transport-Truck-with-2531-pieces-2-150x77.jpg 150w\" sizes=\"(max-width: 800px) 100vw, 800px\" \/><figcaption id=\"caption-attachment-26021\" class=\"wp-caption-text\">TGL T4006 RC sz\u00e1ll\u00edt\u00f3 teheraut\u00f3 2531 darabbal<\/figcaption><\/figure>\n<p>&nbsp;<\/p>","protected":false},"excerpt":{"rendered":"<p>Product information: Brand: TGL Gender: Unisex Name: RC Transport Truck Age Range: &gt; 6 years old Model Number: T4006 Classification: Assemblage Plastic Block Shape: Self-Locking Bricks Material: Plastic Plastic Type: ABS Bricks Blocks: 2531 PCS Contains detailed assembly instructions. Notice: 1. Without an original box, but we guarantee our products have quality assurance and nice [&hellip;]<\/p>","protected":false},"featured_media":26020,"comment_status":"open","ping_status":"closed","template":"","meta":{"_acf_changed":false},"product_cat":[364],"product_tag":[481,2737,2740,2739,2738,2736,2735,2742,2743,2741,466],"class_list":["product","first","instock","shipping-taxable","purchasable","product-type-simple"],"acf":[],"_links":{"self":[{"href":"https:\/\/mouldking.store\/hu\/wp-json\/wp\/v2\/product\/26018","targetHints":{"allow":["GET"]}}],"collection":[{"href":"https:\/\/mouldking.store\/hu\/wp-json\/wp\/v2\/product"}],"about":[{"href":"https:\/\/mouldking.store\/hu\/wp-json\/wp\/v2\/types\/product"}],"replies":[{"embeddable":true,"href":"https:\/\/mouldking.store\/hu\/wp-json\/wp\/v2\/comments?post=26018"}],"wp:featuredmedia":[{"embeddable":true,"href":"https:\/\/mouldking.store\/hu\/wp-json\/wp\/v2\/media\/26020"}],"wp:attachment":[{"href":"https:\/\/mouldking.store\/hu\/wp-json\/wp\/v2\/media?parent=26018"}],"wp:term":[{"taxonomy":"product_cat","embeddable":true,"href":"https:\/\/mouldking.store\/hu\/wp-json\/wp\/v2\/product_cat?post=26018"},{"taxonomy":"product_tag","embeddable":true,"href":"https:\/\/mouldking.store\/hu\/wp-json\/wp\/v2\/product_tag?post=26018"}],"curies":[{"name":"wp","href":"https:\/\/api.w.org\/{rel}","templated":true}]}}