{"id":26115,"date":"2021-10-28T10:45:35","date_gmt":"2021-10-28T10:45:35","guid":{"rendered":"https:\/\/mouldking.store\/?post_type=product&#038;p=26115"},"modified":"2021-12-23T09:40:55","modified_gmt":"2021-12-23T09:40:55","slug":"panlos-639010-04a-infantry-fighting-vehicle-with-1668-pieces","status":"publish","type":"product","link":"https:\/\/mouldking.store\/hu\/shop\/panlos-639010-04a-infantry-fighting-vehicle-with-1668-pieces\/","title":{"rendered":"PANLOS 639010 04A gyalogs\u00e1gi harci j\u00e1rm\u0171 1668 darabbal"},"content":{"rendered":"<p>Term\u00e9k inform\u00e1ci\u00f3:<\/p>\n<ol>\n<li>M\u00e1rka: PANLOS<\/li>\n<li>Nem: Uniszex<\/li>\n<li>Name: 04A Infantry Fighting Vehicle<\/li>\n<li>Koroszt\u00e1ly: &gt; 6 \u00e9v<\/li>\n<li>Model Number: 639010<\/li>\n<li>Besorol\u00e1s: \u00d6sszeszerel\u00e9s<\/li>\n<li>M\u0171anyag blokk forma: \u00f6nz\u00e1r\u00f3 t\u00e9gla<\/li>\n<li>Anyaga: M\u0171anyag<\/li>\n<li>M\u0171anyag t\u00edpus: ABS<\/li>\n<li>Bricks Blocks: 1668 PCS<\/li>\n<li>R\u00e9szletes \u00f6sszeszerel\u00e9si \u00fatmutat\u00f3t tartalmaz.<\/li>\n<\/ol>\n<p>\u00c9rtes\u00edt\u00e9s:<br \/>\n1. Eredeti doboz n\u00e9lk\u00fcl, de garant\u00e1ljuk, hogy term\u00e9keink min\u0151s\u00e9gbiztos\u00edt\u00e1ssal \u00e9s sz\u00e9p csomagol\u00e1ssal rendelkeznek.<br \/>\n2. Mint minden alkatr\u00e9szt, amelyet a sz\u00e1ll\u00edt\u00e1s el\u0151tt ellen\u0151rizt\u00fcnk, ez\u00e9rt ha \u00fagy tal\u00e1lja, hogy n\u00e9h\u00e1ny alkatr\u00e9sz hi\u00e1nyzik vagy s\u00e9r\u00fclt, ne agg\u00f3djon, \u00e9s k\u00e9rj\u00fck, vegye fel vel\u00fcnk a kapcsolatot, \u00e9s azonnal ingyenesen elk\u00fcldj\u00fck \u00d6nnek.<\/p>\n<figure id=\"attachment_26116\" aria-describedby=\"caption-attachment-26116\" style=\"width: 800px\" class=\"wp-caption aligncenter\"><img fetchpriority=\"high\" decoding=\"async\" class=\"wp-image-26116 size-full\" src=\"https:\/\/mouldking.store\/wp-content\/uploads\/2021\/10\/MILITARY-PANLOS-639010-04A-Infantry-Fighting-Vehicle-1.jpg\" alt=\"PANLOS 639010 04A Infantry Fighting Vehicle with 1668 pieces\" width=\"800\" height=\"800\" title=\"-\" srcset=\"https:\/\/mouldking.store\/wp-content\/uploads\/2021\/10\/MILITARY-PANLOS-639010-04A-Infantry-Fighting-Vehicle-1.jpg 800w, https:\/\/mouldking.store\/wp-content\/uploads\/2021\/10\/MILITARY-PANLOS-639010-04A-Infantry-Fighting-Vehicle-1-300x300.jpg 300w, https:\/\/mouldking.store\/wp-content\/uploads\/2021\/10\/MILITARY-PANLOS-639010-04A-Infantry-Fighting-Vehicle-1-768x768.jpg 768w, https:\/\/mouldking.store\/wp-content\/uploads\/2021\/10\/MILITARY-PANLOS-639010-04A-Infantry-Fighting-Vehicle-1-600x600.jpg 600w, https:\/\/mouldking.store\/wp-content\/uploads\/2021\/10\/MILITARY-PANLOS-639010-04A-Infantry-Fighting-Vehicle-1-150x150.jpg 150w\" sizes=\"(max-width: 800px) 100vw, 800px\" \/><figcaption id=\"caption-attachment-26116\" class=\"wp-caption-text\">PANLOS 639010 04A gyalogs\u00e1gi harci j\u00e1rm\u0171 1668 darabbal<\/figcaption><\/figure>\n<figure id=\"attachment_26119\" aria-describedby=\"caption-attachment-26119\" style=\"width: 776px\" class=\"wp-caption aligncenter\"><img decoding=\"async\" class=\"wp-image-26119 size-full\" src=\"https:\/\/mouldking.store\/wp-content\/uploads\/2021\/10\/MILITARY-PANLOS-639010-04A-Infantry-Fighting-Vehicle-4.jpg\" alt=\"PANLOS 639010 04A Infantry Fighting Vehicle with 1668 pieces\" width=\"776\" height=\"1024\" title=\"-\" srcset=\"https:\/\/mouldking.store\/wp-content\/uploads\/2021\/10\/MILITARY-PANLOS-639010-04A-Infantry-Fighting-Vehicle-4.jpg 776w, https:\/\/mouldking.store\/wp-content\/uploads\/2021\/10\/MILITARY-PANLOS-639010-04A-Infantry-Fighting-Vehicle-4-227x300.jpg 227w, https:\/\/mouldking.store\/wp-content\/uploads\/2021\/10\/MILITARY-PANLOS-639010-04A-Infantry-Fighting-Vehicle-4-768x1013.jpg 768w, https:\/\/mouldking.store\/wp-content\/uploads\/2021\/10\/MILITARY-PANLOS-639010-04A-Infantry-Fighting-Vehicle-4-300x396.jpg 300w, https:\/\/mouldking.store\/wp-content\/uploads\/2021\/10\/MILITARY-PANLOS-639010-04A-Infantry-Fighting-Vehicle-4-600x792.jpg 600w, https:\/\/mouldking.store\/wp-content\/uploads\/2021\/10\/MILITARY-PANLOS-639010-04A-Infantry-Fighting-Vehicle-4-114x150.jpg 114w\" sizes=\"(max-width: 776px) 100vw, 776px\" \/><figcaption id=\"caption-attachment-26119\" class=\"wp-caption-text\">PANLOS 639010 04A gyalogs\u00e1gi harci j\u00e1rm\u0171 1668 darabbal<\/figcaption><\/figure>\n<figure id=\"attachment_26121\" aria-describedby=\"caption-attachment-26121\" style=\"width: 790px\" class=\"wp-caption aligncenter\"><img decoding=\"async\" class=\"wp-image-26121 size-full\" src=\"https:\/\/mouldking.store\/wp-content\/uploads\/2021\/10\/MILITARY-PANLOS-639010-04A-Infantry-Fighting-Vehicle-6.jpg\" alt=\"PANLOS 639010 04A Infantry Fighting Vehicle with 1668 pieces\" width=\"790\" height=\"667\" title=\"-\" srcset=\"https:\/\/mouldking.store\/wp-content\/uploads\/2021\/10\/MILITARY-PANLOS-639010-04A-Infantry-Fighting-Vehicle-6.jpg 790w, https:\/\/mouldking.store\/wp-content\/uploads\/2021\/10\/MILITARY-PANLOS-639010-04A-Infantry-Fighting-Vehicle-6-300x253.jpg 300w, https:\/\/mouldking.store\/wp-content\/uploads\/2021\/10\/MILITARY-PANLOS-639010-04A-Infantry-Fighting-Vehicle-6-768x648.jpg 768w, https:\/\/mouldking.store\/wp-content\/uploads\/2021\/10\/MILITARY-PANLOS-639010-04A-Infantry-Fighting-Vehicle-6-600x507.jpg 600w, https:\/\/mouldking.store\/wp-content\/uploads\/2021\/10\/MILITARY-PANLOS-639010-04A-Infantry-Fighting-Vehicle-6-150x127.jpg 150w\" sizes=\"(max-width: 790px) 100vw, 790px\" \/><figcaption id=\"caption-attachment-26121\" class=\"wp-caption-text\">PANLOS 639010 04A gyalogs\u00e1gi harci j\u00e1rm\u0171 1668 darabbal<\/figcaption><\/figure>\n<figure id=\"attachment_26122\" aria-describedby=\"caption-attachment-26122\" style=\"width: 790px\" class=\"wp-caption aligncenter\"><img loading=\"lazy\" decoding=\"async\" class=\"wp-image-26122 size-full\" src=\"https:\/\/mouldking.store\/wp-content\/uploads\/2021\/10\/MILITARY-PANLOS-639010-04A-Infantry-Fighting-Vehicle-7.jpg\" alt=\"PANLOS 639010 04A Infantry Fighting Vehicle with 1668 pieces\" width=\"790\" height=\"749\" title=\"-\" srcset=\"https:\/\/mouldking.store\/wp-content\/uploads\/2021\/10\/MILITARY-PANLOS-639010-04A-Infantry-Fighting-Vehicle-7.jpg 790w, https:\/\/mouldking.store\/wp-content\/uploads\/2021\/10\/MILITARY-PANLOS-639010-04A-Infantry-Fighting-Vehicle-7-300x284.jpg 300w, https:\/\/mouldking.store\/wp-content\/uploads\/2021\/10\/MILITARY-PANLOS-639010-04A-Infantry-Fighting-Vehicle-7-768x728.jpg 768w, https:\/\/mouldking.store\/wp-content\/uploads\/2021\/10\/MILITARY-PANLOS-639010-04A-Infantry-Fighting-Vehicle-7-600x569.jpg 600w, https:\/\/mouldking.store\/wp-content\/uploads\/2021\/10\/MILITARY-PANLOS-639010-04A-Infantry-Fighting-Vehicle-7-150x142.jpg 150w\" sizes=\"(max-width: 790px) 100vw, 790px\" \/><figcaption id=\"caption-attachment-26122\" class=\"wp-caption-text\">PANLOS 639010 04A gyalogs\u00e1gi harci j\u00e1rm\u0171 1668 darabbal<\/figcaption><\/figure>\n<figure id=\"attachment_26117\" aria-describedby=\"caption-attachment-26117\" style=\"width: 790px\" class=\"wp-caption aligncenter\"><img loading=\"lazy\" decoding=\"async\" class=\"wp-image-26117 size-full\" src=\"https:\/\/mouldking.store\/wp-content\/uploads\/2021\/10\/MILITARY-PANLOS-639010-04A-Infantry-Fighting-Vehicle-2.jpg\" alt=\"PANLOS 639010 04A Infantry Fighting Vehicle with 1668 pieces\" width=\"790\" height=\"513\" title=\"-\" srcset=\"https:\/\/mouldking.store\/wp-content\/uploads\/2021\/10\/MILITARY-PANLOS-639010-04A-Infantry-Fighting-Vehicle-2.jpg 790w, https:\/\/mouldking.store\/wp-content\/uploads\/2021\/10\/MILITARY-PANLOS-639010-04A-Infantry-Fighting-Vehicle-2-300x195.jpg 300w, https:\/\/mouldking.store\/wp-content\/uploads\/2021\/10\/MILITARY-PANLOS-639010-04A-Infantry-Fighting-Vehicle-2-768x499.jpg 768w, https:\/\/mouldking.store\/wp-content\/uploads\/2021\/10\/MILITARY-PANLOS-639010-04A-Infantry-Fighting-Vehicle-2-600x390.jpg 600w, https:\/\/mouldking.store\/wp-content\/uploads\/2021\/10\/MILITARY-PANLOS-639010-04A-Infantry-Fighting-Vehicle-2-150x97.jpg 150w\" sizes=\"(max-width: 790px) 100vw, 790px\" \/><figcaption id=\"caption-attachment-26117\" class=\"wp-caption-text\">PANLOS 639010 04A gyalogs\u00e1gi harci j\u00e1rm\u0171 1668 darabbal<\/figcaption><\/figure>\n<figure id=\"attachment_26118\" aria-describedby=\"caption-attachment-26118\" style=\"width: 650px\" class=\"wp-caption aligncenter\"><img loading=\"lazy\" decoding=\"async\" class=\"wp-image-26118\" src=\"https:\/\/mouldking.store\/wp-content\/uploads\/2021\/10\/MILITARY-PANLOS-639010-04A-Infantry-Fighting-Vehicle-3.jpg\" alt=\"PANLOS 639010 04A Infantry Fighting Vehicle with 1668 pieces\" width=\"650\" height=\"1310\" title=\"-\" srcset=\"https:\/\/mouldking.store\/wp-content\/uploads\/2021\/10\/MILITARY-PANLOS-639010-04A-Infantry-Fighting-Vehicle-3.jpg 508w, https:\/\/mouldking.store\/wp-content\/uploads\/2021\/10\/MILITARY-PANLOS-639010-04A-Infantry-Fighting-Vehicle-3-149x300.jpg 149w, https:\/\/mouldking.store\/wp-content\/uploads\/2021\/10\/MILITARY-PANLOS-639010-04A-Infantry-Fighting-Vehicle-3-300x605.jpg 300w, https:\/\/mouldking.store\/wp-content\/uploads\/2021\/10\/MILITARY-PANLOS-639010-04A-Infantry-Fighting-Vehicle-3-74x150.jpg 74w\" sizes=\"(max-width: 650px) 100vw, 650px\" \/><figcaption id=\"caption-attachment-26118\" class=\"wp-caption-text\">PANLOS 639010 04A gyalogs\u00e1gi harci j\u00e1rm\u0171 1668 darabbal<\/figcaption><\/figure>\n<figure id=\"attachment_26123\" aria-describedby=\"caption-attachment-26123\" style=\"width: 790px\" class=\"wp-caption aligncenter\"><img loading=\"lazy\" decoding=\"async\" class=\"wp-image-26123 size-full\" src=\"https:\/\/mouldking.store\/wp-content\/uploads\/2021\/10\/MILITARY-PANLOS-639010-04A-Infantry-Fighting-Vehicle-8.jpg\" alt=\"PANLOS 639010 04A Infantry Fighting Vehicle with 1668 pieces\" width=\"790\" height=\"653\" title=\"-\" srcset=\"https:\/\/mouldking.store\/wp-content\/uploads\/2021\/10\/MILITARY-PANLOS-639010-04A-Infantry-Fighting-Vehicle-8.jpg 790w, https:\/\/mouldking.store\/wp-content\/uploads\/2021\/10\/MILITARY-PANLOS-639010-04A-Infantry-Fighting-Vehicle-8-300x248.jpg 300w, https:\/\/mouldking.store\/wp-content\/uploads\/2021\/10\/MILITARY-PANLOS-639010-04A-Infantry-Fighting-Vehicle-8-768x635.jpg 768w, https:\/\/mouldking.store\/wp-content\/uploads\/2021\/10\/MILITARY-PANLOS-639010-04A-Infantry-Fighting-Vehicle-8-600x496.jpg 600w, https:\/\/mouldking.store\/wp-content\/uploads\/2021\/10\/MILITARY-PANLOS-639010-04A-Infantry-Fighting-Vehicle-8-150x124.jpg 150w\" sizes=\"(max-width: 790px) 100vw, 790px\" \/><figcaption id=\"caption-attachment-26123\" class=\"wp-caption-text\">PANLOS 639010 04A gyalogs\u00e1gi harci j\u00e1rm\u0171 1668 darabbal<\/figcaption><\/figure>\n<figure id=\"attachment_26120\" aria-describedby=\"caption-attachment-26120\" style=\"width: 790px\" class=\"wp-caption aligncenter\"><img loading=\"lazy\" decoding=\"async\" class=\"wp-image-26120 size-full\" src=\"https:\/\/mouldking.store\/wp-content\/uploads\/2021\/10\/MILITARY-PANLOS-639010-04A-Infantry-Fighting-Vehicle-5.jpg\" alt=\"PANLOS 639010 04A Infantry Fighting Vehicle with 1668 pieces\" width=\"790\" height=\"648\" title=\"-\" srcset=\"https:\/\/mouldking.store\/wp-content\/uploads\/2021\/10\/MILITARY-PANLOS-639010-04A-Infantry-Fighting-Vehicle-5.jpg 790w, https:\/\/mouldking.store\/wp-content\/uploads\/2021\/10\/MILITARY-PANLOS-639010-04A-Infantry-Fighting-Vehicle-5-300x246.jpg 300w, https:\/\/mouldking.store\/wp-content\/uploads\/2021\/10\/MILITARY-PANLOS-639010-04A-Infantry-Fighting-Vehicle-5-768x630.jpg 768w, https:\/\/mouldking.store\/wp-content\/uploads\/2021\/10\/MILITARY-PANLOS-639010-04A-Infantry-Fighting-Vehicle-5-600x492.jpg 600w, https:\/\/mouldking.store\/wp-content\/uploads\/2021\/10\/MILITARY-PANLOS-639010-04A-Infantry-Fighting-Vehicle-5-150x123.jpg 150w\" sizes=\"(max-width: 790px) 100vw, 790px\" \/><figcaption id=\"caption-attachment-26120\" class=\"wp-caption-text\">PANLOS 639010 04A gyalogs\u00e1gi harci j\u00e1rm\u0171 1668 darabbal<\/figcaption><\/figure>","protected":false},"excerpt":{"rendered":"<p>Product information: Brand: PANLOS Gender: Unisex Name: 04A Infantry Fighting Vehicle Age Range: &gt; 6 years old Model Number: 639010 Classification: Assemblage Plastic Block Shape: Self-Locking Bricks Material: Plastic Plastic Type: ABS Bricks Blocks: 1668 PCS Contains detailed assembly instructions. Notice: 1. Without an original box, but we guarantee our products have quality assurance and [&hellip;]<\/p>","protected":false},"featured_media":26116,"comment_status":"open","ping_status":"closed","template":"","meta":{"_acf_changed":false},"product_cat":[372],"product_tag":[2801,2798,2800,2802,1851,2799,2797,2796,2803],"class_list":["product","first","instock","shipping-taxable","purchasable","product-type-simple"],"acf":[],"_links":{"self":[{"href":"https:\/\/mouldking.store\/hu\/wp-json\/wp\/v2\/product\/26115","targetHints":{"allow":["GET"]}}],"collection":[{"href":"https:\/\/mouldking.store\/hu\/wp-json\/wp\/v2\/product"}],"about":[{"href":"https:\/\/mouldking.store\/hu\/wp-json\/wp\/v2\/types\/product"}],"replies":[{"embeddable":true,"href":"https:\/\/mouldking.store\/hu\/wp-json\/wp\/v2\/comments?post=26115"}],"wp:featuredmedia":[{"embeddable":true,"href":"https:\/\/mouldking.store\/hu\/wp-json\/wp\/v2\/media\/26116"}],"wp:attachment":[{"href":"https:\/\/mouldking.store\/hu\/wp-json\/wp\/v2\/media?parent=26115"}],"wp:term":[{"taxonomy":"product_cat","embeddable":true,"href":"https:\/\/mouldking.store\/hu\/wp-json\/wp\/v2\/product_cat?post=26115"},{"taxonomy":"product_tag","embeddable":true,"href":"https:\/\/mouldking.store\/hu\/wp-json\/wp\/v2\/product_tag?post=26115"}],"curies":[{"name":"wp","href":"https:\/\/api.w.org\/{rel}","templated":true}]}}