{"id":26124,"date":"2021-10-28T10:49:46","date_gmt":"2021-10-28T10:49:46","guid":{"rendered":"https:\/\/mouldking.store\/?post_type=product&#038;p=26124"},"modified":"2021-12-23T09:40:55","modified_gmt":"2021-12-23T09:40:55","slug":"loz-1223-christmas-house-with-788-pieces","status":"publish","type":"product","link":"https:\/\/mouldking.store\/hu\/shop\/loz-1223-christmas-house-with-788-pieces\/","title":{"rendered":"LOZ 1223 kar\u00e1csonyi h\u00e1z 788 darabbal"},"content":{"rendered":"<p>Term\u00e9k inform\u00e1ci\u00f3:<\/p>\n<ol>\n<li>M\u00e1rka: LOZ<\/li>\n<li>Nem: Uniszex<\/li>\n<li>Name: Christmas House<\/li>\n<li>Koroszt\u00e1ly: &gt; 6 \u00e9v<\/li>\n<li>Model Number: 1223<\/li>\n<li>Besorol\u00e1s: \u00d6sszeszerel\u00e9s<\/li>\n<li>M\u0171anyag blokk forma: \u00f6nz\u00e1r\u00f3 t\u00e9gla<\/li>\n<li>Anyaga: M\u0171anyag<\/li>\n<li>M\u0171anyag t\u00edpus: ABS<\/li>\n<li>Bricks Blocks: 788 PCS<\/li>\n<li>R\u00e9szletes \u00f6sszeszerel\u00e9si \u00fatmutat\u00f3t tartalmaz.<\/li>\n<\/ol>\n<p>\u00c9rtes\u00edt\u00e9s:<br \/>\n1. Eredeti doboz n\u00e9lk\u00fcl, de garant\u00e1ljuk, hogy term\u00e9keink min\u0151s\u00e9gbiztos\u00edt\u00e1ssal \u00e9s sz\u00e9p csomagol\u00e1ssal rendelkeznek.<br \/>\n2. Mint minden alkatr\u00e9szt, amelyet a sz\u00e1ll\u00edt\u00e1s el\u0151tt ellen\u0151rizt\u00fcnk, ez\u00e9rt ha \u00fagy tal\u00e1lja, hogy n\u00e9h\u00e1ny alkatr\u00e9sz hi\u00e1nyzik vagy s\u00e9r\u00fclt, ne agg\u00f3djon, \u00e9s k\u00e9rj\u00fck, vegye fel vel\u00fcnk a kapcsolatot, \u00e9s azonnal ingyenesen elk\u00fcldj\u00fck \u00d6nnek.<\/p>\n<figure id=\"attachment_26125\" aria-describedby=\"caption-attachment-26125\" style=\"width: 800px\" class=\"wp-caption aligncenter\"><img fetchpriority=\"high\" decoding=\"async\" class=\"wp-image-26125 size-full\" src=\"https:\/\/mouldking.store\/wp-content\/uploads\/2021\/10\/CREATOR-LOZ-1223-Christmas-House-1.jpg\" alt=\"LOZ 1223 Christmas House with 788 pieces\" width=\"800\" height=\"800\" title=\"-\" srcset=\"https:\/\/mouldking.store\/wp-content\/uploads\/2021\/10\/CREATOR-LOZ-1223-Christmas-House-1.jpg 800w, https:\/\/mouldking.store\/wp-content\/uploads\/2021\/10\/CREATOR-LOZ-1223-Christmas-House-1-300x300.jpg 300w, https:\/\/mouldking.store\/wp-content\/uploads\/2021\/10\/CREATOR-LOZ-1223-Christmas-House-1-768x768.jpg 768w, https:\/\/mouldking.store\/wp-content\/uploads\/2021\/10\/CREATOR-LOZ-1223-Christmas-House-1-600x600.jpg 600w, https:\/\/mouldking.store\/wp-content\/uploads\/2021\/10\/CREATOR-LOZ-1223-Christmas-House-1-150x150.jpg 150w\" sizes=\"(max-width: 800px) 100vw, 800px\" \/><figcaption id=\"caption-attachment-26125\" class=\"wp-caption-text\">LOZ 1223 kar\u00e1csonyi h\u00e1z 788 darabbal<\/figcaption><\/figure>\n<figure id=\"attachment_26130\" aria-describedby=\"caption-attachment-26130\" style=\"width: 694px\" class=\"wp-caption aligncenter\"><img decoding=\"async\" class=\"wp-image-26130 size-full\" src=\"https:\/\/mouldking.store\/wp-content\/uploads\/2021\/10\/CREATOR-LOZ-1223-Christmas-House-6.jpg\" alt=\"LOZ 1223 Christmas House with 788 pieces\" width=\"694\" height=\"1023\" title=\"-\" srcset=\"https:\/\/mouldking.store\/wp-content\/uploads\/2021\/10\/CREATOR-LOZ-1223-Christmas-House-6.jpg 694w, https:\/\/mouldking.store\/wp-content\/uploads\/2021\/10\/CREATOR-LOZ-1223-Christmas-House-6-204x300.jpg 204w, https:\/\/mouldking.store\/wp-content\/uploads\/2021\/10\/CREATOR-LOZ-1223-Christmas-House-6-300x442.jpg 300w, https:\/\/mouldking.store\/wp-content\/uploads\/2021\/10\/CREATOR-LOZ-1223-Christmas-House-6-600x884.jpg 600w, https:\/\/mouldking.store\/wp-content\/uploads\/2021\/10\/CREATOR-LOZ-1223-Christmas-House-6-102x150.jpg 102w\" sizes=\"(max-width: 694px) 100vw, 694px\" \/><figcaption id=\"caption-attachment-26130\" class=\"wp-caption-text\">LOZ 1223 kar\u00e1csonyi h\u00e1z 788 darabbal<\/figcaption><\/figure>\n<figure id=\"attachment_26128\" aria-describedby=\"caption-attachment-26128\" style=\"width: 715px\" class=\"wp-caption aligncenter\"><img decoding=\"async\" class=\"wp-image-26128 size-full\" src=\"https:\/\/mouldking.store\/wp-content\/uploads\/2021\/10\/CREATOR-LOZ-1223-Christmas-House-4.jpg\" alt=\"LOZ 1223 Christmas House with 788 pieces\" width=\"715\" height=\"1024\" title=\"-\" srcset=\"https:\/\/mouldking.store\/wp-content\/uploads\/2021\/10\/CREATOR-LOZ-1223-Christmas-House-4.jpg 715w, https:\/\/mouldking.store\/wp-content\/uploads\/2021\/10\/CREATOR-LOZ-1223-Christmas-House-4-209x300.jpg 209w, https:\/\/mouldking.store\/wp-content\/uploads\/2021\/10\/CREATOR-LOZ-1223-Christmas-House-4-300x430.jpg 300w, https:\/\/mouldking.store\/wp-content\/uploads\/2021\/10\/CREATOR-LOZ-1223-Christmas-House-4-600x859.jpg 600w, https:\/\/mouldking.store\/wp-content\/uploads\/2021\/10\/CREATOR-LOZ-1223-Christmas-House-4-105x150.jpg 105w\" sizes=\"(max-width: 715px) 100vw, 715px\" \/><figcaption id=\"caption-attachment-26128\" class=\"wp-caption-text\">LOZ 1223 kar\u00e1csonyi h\u00e1z 788 darabbal<\/figcaption><\/figure>\n<figure id=\"attachment_26127\" aria-describedby=\"caption-attachment-26127\" style=\"width: 800px\" class=\"wp-caption aligncenter\"><img loading=\"lazy\" decoding=\"async\" class=\"wp-image-26127 size-full\" src=\"https:\/\/mouldking.store\/wp-content\/uploads\/2021\/10\/CREATOR-LOZ-1223-Christmas-House-3.jpg\" alt=\"LOZ 1223 Christmas House with 788 pieces\" width=\"800\" height=\"800\" title=\"-\" srcset=\"https:\/\/mouldking.store\/wp-content\/uploads\/2021\/10\/CREATOR-LOZ-1223-Christmas-House-3.jpg 800w, https:\/\/mouldking.store\/wp-content\/uploads\/2021\/10\/CREATOR-LOZ-1223-Christmas-House-3-300x300.jpg 300w, https:\/\/mouldking.store\/wp-content\/uploads\/2021\/10\/CREATOR-LOZ-1223-Christmas-House-3-768x768.jpg 768w, https:\/\/mouldking.store\/wp-content\/uploads\/2021\/10\/CREATOR-LOZ-1223-Christmas-House-3-600x600.jpg 600w, https:\/\/mouldking.store\/wp-content\/uploads\/2021\/10\/CREATOR-LOZ-1223-Christmas-House-3-150x150.jpg 150w\" sizes=\"(max-width: 800px) 100vw, 800px\" \/><figcaption id=\"caption-attachment-26127\" class=\"wp-caption-text\">LOZ 1223 kar\u00e1csonyi h\u00e1z 788 darabbal<\/figcaption><\/figure>\n<figure id=\"attachment_26126\" aria-describedby=\"caption-attachment-26126\" style=\"width: 790px\" class=\"wp-caption aligncenter\"><img loading=\"lazy\" decoding=\"async\" class=\"wp-image-26126 size-full\" src=\"https:\/\/mouldking.store\/wp-content\/uploads\/2021\/10\/CREATOR-LOZ-1223-Christmas-House-2.jpg\" alt=\"LOZ 1223 Christmas House with 788 pieces\" width=\"790\" height=\"904\" title=\"-\" srcset=\"https:\/\/mouldking.store\/wp-content\/uploads\/2021\/10\/CREATOR-LOZ-1223-Christmas-House-2.jpg 790w, https:\/\/mouldking.store\/wp-content\/uploads\/2021\/10\/CREATOR-LOZ-1223-Christmas-House-2-262x300.jpg 262w, https:\/\/mouldking.store\/wp-content\/uploads\/2021\/10\/CREATOR-LOZ-1223-Christmas-House-2-768x879.jpg 768w, https:\/\/mouldking.store\/wp-content\/uploads\/2021\/10\/CREATOR-LOZ-1223-Christmas-House-2-300x343.jpg 300w, https:\/\/mouldking.store\/wp-content\/uploads\/2021\/10\/CREATOR-LOZ-1223-Christmas-House-2-600x687.jpg 600w, https:\/\/mouldking.store\/wp-content\/uploads\/2021\/10\/CREATOR-LOZ-1223-Christmas-House-2-131x150.jpg 131w\" sizes=\"(max-width: 790px) 100vw, 790px\" \/><figcaption id=\"caption-attachment-26126\" class=\"wp-caption-text\">LOZ 1223 kar\u00e1csonyi h\u00e1z 788 darabbal<\/figcaption><\/figure>\n<figure id=\"attachment_26129\" aria-describedby=\"caption-attachment-26129\" style=\"width: 790px\" class=\"wp-caption aligncenter\"><img loading=\"lazy\" decoding=\"async\" class=\"wp-image-26129 size-full\" src=\"https:\/\/mouldking.store\/wp-content\/uploads\/2021\/10\/CREATOR-LOZ-1223-Christmas-House-5.jpg\" alt=\"LOZ 1223 Christmas House with 788 pieces\" width=\"790\" height=\"957\" title=\"-\" srcset=\"https:\/\/mouldking.store\/wp-content\/uploads\/2021\/10\/CREATOR-LOZ-1223-Christmas-House-5.jpg 790w, https:\/\/mouldking.store\/wp-content\/uploads\/2021\/10\/CREATOR-LOZ-1223-Christmas-House-5-248x300.jpg 248w, https:\/\/mouldking.store\/wp-content\/uploads\/2021\/10\/CREATOR-LOZ-1223-Christmas-House-5-768x930.jpg 768w, https:\/\/mouldking.store\/wp-content\/uploads\/2021\/10\/CREATOR-LOZ-1223-Christmas-House-5-300x363.jpg 300w, https:\/\/mouldking.store\/wp-content\/uploads\/2021\/10\/CREATOR-LOZ-1223-Christmas-House-5-600x727.jpg 600w, https:\/\/mouldking.store\/wp-content\/uploads\/2021\/10\/CREATOR-LOZ-1223-Christmas-House-5-124x150.jpg 124w\" sizes=\"(max-width: 790px) 100vw, 790px\" \/><figcaption id=\"caption-attachment-26129\" class=\"wp-caption-text\">LOZ 1223 kar\u00e1csonyi h\u00e1z 788 darabbal<\/figcaption><\/figure>","protected":false},"excerpt":{"rendered":"<p>Product information: Brand: LOZ Gender: Unisex Name: Christmas House Age Range: &gt; 6 years old Model Number: 1223 Classification: Assemblage Plastic Block Shape: Self-Locking Bricks Material: Plastic Plastic Type: ABS Bricks Blocks: 788 PCS Contains detailed assembly instructions. Notice: 1. Without an original box, but we guarantee our products have quality assurance and nice packaging. [&hellip;]<\/p>","protected":false},"featured_media":26125,"comment_status":"open","ping_status":"closed","template":"","meta":{"_acf_changed":false},"product_cat":[390],"product_tag":[2807,1066,1071,2318,2202,2805,2804,2806],"class_list":["product","first","instock","shipping-taxable","purchasable","product-type-simple"],"acf":[],"_links":{"self":[{"href":"https:\/\/mouldking.store\/hu\/wp-json\/wp\/v2\/product\/26124","targetHints":{"allow":["GET"]}}],"collection":[{"href":"https:\/\/mouldking.store\/hu\/wp-json\/wp\/v2\/product"}],"about":[{"href":"https:\/\/mouldking.store\/hu\/wp-json\/wp\/v2\/types\/product"}],"replies":[{"embeddable":true,"href":"https:\/\/mouldking.store\/hu\/wp-json\/wp\/v2\/comments?post=26124"}],"wp:featuredmedia":[{"embeddable":true,"href":"https:\/\/mouldking.store\/hu\/wp-json\/wp\/v2\/media\/26125"}],"wp:attachment":[{"href":"https:\/\/mouldking.store\/hu\/wp-json\/wp\/v2\/media?parent=26124"}],"wp:term":[{"taxonomy":"product_cat","embeddable":true,"href":"https:\/\/mouldking.store\/hu\/wp-json\/wp\/v2\/product_cat?post=26124"},{"taxonomy":"product_tag","embeddable":true,"href":"https:\/\/mouldking.store\/hu\/wp-json\/wp\/v2\/product_tag?post=26124"}],"curies":[{"name":"wp","href":"https:\/\/api.w.org\/{rel}","templated":true}]}}