{"id":26144,"date":"2021-10-28T10:59:50","date_gmt":"2021-10-28T10:59:50","guid":{"rendered":"https:\/\/mouldking.store\/?post_type=product&#038;p=26144"},"modified":"2021-12-23T09:40:55","modified_gmt":"2021-12-23T09:40:55","slug":"ciro-b774-anna-elsas-ice-castle-with-900-pieces","status":"publish","type":"product","link":"https:\/\/mouldking.store\/hu\/shop\/ciro-b774-anna-elsas-ice-castle-with-900-pieces\/","title":{"rendered":"CIRO B774 Anna &amp; Elsa j\u00e9gv\u00e1r 900 darabbal"},"content":{"rendered":"<p>Term\u00e9k inform\u00e1ci\u00f3:<\/p>\n<ol>\n<li>Brand: CIRO<\/li>\n<li>Nem: Uniszex<\/li>\n<li>Name: Anna &amp; Elsa&#8217;s Ice Castle<\/li>\n<li>Koroszt\u00e1ly: 8 \u00e9v felett<\/li>\n<li>Model Number: B774<\/li>\n<li>Besorol\u00e1s: \u00d6sszeszerel\u00e9s<\/li>\n<li>M\u0171anyag blokk forma: \u00f6nz\u00e1r\u00f3 t\u00e9gla<\/li>\n<li>Anyaga: M\u0171anyag<\/li>\n<li>M\u0171anyag t\u00edpus: ABS<\/li>\n<li>Bricks Blocks: 900 PCS<\/li>\n<li>R\u00e9szletes \u00f6sszeszerel\u00e9si \u00fatmutat\u00f3t tartalmaz.<\/li>\n<\/ol>\n<p>\u00c9rtes\u00edt\u00e9s:<br \/>\n1. Eredeti doboz n\u00e9lk\u00fcl, de garant\u00e1ljuk, hogy term\u00e9keink min\u0151s\u00e9gbiztos\u00edt\u00e1ssal \u00e9s sz\u00e9p csomagol\u00e1ssal rendelkeznek.<br \/>\n2. Mint minden alkatr\u00e9szt, amelyet a sz\u00e1ll\u00edt\u00e1s el\u0151tt ellen\u0151rizt\u00fcnk, ez\u00e9rt ha \u00fagy tal\u00e1lja, hogy n\u00e9h\u00e1ny alkatr\u00e9sz hi\u00e1nyzik vagy s\u00e9r\u00fclt, ne agg\u00f3djon, \u00e9s k\u00e9rj\u00fck, vegye fel vel\u00fcnk a kapcsolatot, \u00e9s azonnal ingyenesen elk\u00fcldj\u00fck \u00d6nnek.<\/p>\n<figure id=\"attachment_26145\" aria-describedby=\"caption-attachment-26145\" style=\"width: 800px\" class=\"wp-caption aligncenter\"><img fetchpriority=\"high\" decoding=\"async\" class=\"wp-image-26145 size-full\" src=\"https:\/\/mouldking.store\/wp-content\/uploads\/2021\/10\/CIRO-B774-Anna-Elsas-Ice-Castle-7.jpg\" alt=\"CIRO B774 Anna &amp; Elsa&#039;s Ice Castle with 900 pieces\" width=\"800\" height=\"800\" title=\"-\" srcset=\"https:\/\/mouldking.store\/wp-content\/uploads\/2021\/10\/CIRO-B774-Anna-Elsas-Ice-Castle-7.jpg 800w, https:\/\/mouldking.store\/wp-content\/uploads\/2021\/10\/CIRO-B774-Anna-Elsas-Ice-Castle-7-300x300.jpg 300w, https:\/\/mouldking.store\/wp-content\/uploads\/2021\/10\/CIRO-B774-Anna-Elsas-Ice-Castle-7-768x768.jpg 768w, https:\/\/mouldking.store\/wp-content\/uploads\/2021\/10\/CIRO-B774-Anna-Elsas-Ice-Castle-7-600x600.jpg 600w, https:\/\/mouldking.store\/wp-content\/uploads\/2021\/10\/CIRO-B774-Anna-Elsas-Ice-Castle-7-150x150.jpg 150w\" sizes=\"(max-width: 800px) 100vw, 800px\" \/><figcaption id=\"caption-attachment-26145\" class=\"wp-caption-text\">CIRO B774 Anna &amp; Elsa j\u00e9gv\u00e1r 900 darabbal<\/figcaption><\/figure>\n<figure id=\"attachment_26151\" aria-describedby=\"caption-attachment-26151\" style=\"width: 800px\" class=\"wp-caption aligncenter\"><img decoding=\"async\" class=\"wp-image-26151\" src=\"https:\/\/mouldking.store\/wp-content\/uploads\/2021\/10\/CIRO-B774-Anna-Elsas-Ice-Castle-6-300x300.jpg\" alt=\"CIRO B774 Anna &amp; Elsa&#039;s Ice Castle with 900 pieces\" width=\"800\" height=\"800\" title=\"-\" srcset=\"https:\/\/mouldking.store\/wp-content\/uploads\/2021\/10\/CIRO-B774-Anna-Elsas-Ice-Castle-6-300x300.jpg 300w, https:\/\/mouldking.store\/wp-content\/uploads\/2021\/10\/CIRO-B774-Anna-Elsas-Ice-Castle-6-768x768.jpg 768w, https:\/\/mouldking.store\/wp-content\/uploads\/2021\/10\/CIRO-B774-Anna-Elsas-Ice-Castle-6-600x600.jpg 600w, https:\/\/mouldking.store\/wp-content\/uploads\/2021\/10\/CIRO-B774-Anna-Elsas-Ice-Castle-6-150x150.jpg 150w, https:\/\/mouldking.store\/wp-content\/uploads\/2021\/10\/CIRO-B774-Anna-Elsas-Ice-Castle-6.jpg 1024w\" sizes=\"(max-width: 800px) 100vw, 800px\" \/><figcaption id=\"caption-attachment-26151\" class=\"wp-caption-text\">CIRO B774 Anna &amp; Elsa j\u00e9gv\u00e1r 900 darabbal<\/figcaption><\/figure>\n<figure id=\"attachment_26150\" aria-describedby=\"caption-attachment-26150\" style=\"width: 800px\" class=\"wp-caption aligncenter\"><img decoding=\"async\" class=\"wp-image-26150\" src=\"https:\/\/mouldking.store\/wp-content\/uploads\/2021\/10\/CIRO-B774-Anna-Elsas-Ice-Castle-5-300x200.jpg\" alt=\"CIRO B774 Anna &amp; Elsa&#039;s Ice Castle with 900 pieces\" width=\"800\" height=\"533\" title=\"-\" srcset=\"https:\/\/mouldking.store\/wp-content\/uploads\/2021\/10\/CIRO-B774-Anna-Elsas-Ice-Castle-5-300x200.jpg 300w, https:\/\/mouldking.store\/wp-content\/uploads\/2021\/10\/CIRO-B774-Anna-Elsas-Ice-Castle-5-768x512.jpg 768w, https:\/\/mouldking.store\/wp-content\/uploads\/2021\/10\/CIRO-B774-Anna-Elsas-Ice-Castle-5-600x400.jpg 600w, https:\/\/mouldking.store\/wp-content\/uploads\/2021\/10\/CIRO-B774-Anna-Elsas-Ice-Castle-5-150x100.jpg 150w, https:\/\/mouldking.store\/wp-content\/uploads\/2021\/10\/CIRO-B774-Anna-Elsas-Ice-Castle-5.jpg 1024w\" sizes=\"(max-width: 800px) 100vw, 800px\" \/><figcaption id=\"caption-attachment-26150\" class=\"wp-caption-text\">CIRO B774 Anna &amp; Elsa j\u00e9gv\u00e1r 900 darabbal<\/figcaption><\/figure>\n<figure id=\"attachment_26149\" aria-describedby=\"caption-attachment-26149\" style=\"width: 800px\" class=\"wp-caption aligncenter\"><img loading=\"lazy\" decoding=\"async\" class=\"wp-image-26149\" src=\"https:\/\/mouldking.store\/wp-content\/uploads\/2021\/10\/CIRO-B774-Anna-Elsas-Ice-Castle-4-300x200.jpg\" alt=\"CIRO B774 Anna &amp; Elsa&#039;s Ice Castle with 900 pieces\" width=\"800\" height=\"533\" title=\"-\" srcset=\"https:\/\/mouldking.store\/wp-content\/uploads\/2021\/10\/CIRO-B774-Anna-Elsas-Ice-Castle-4-300x200.jpg 300w, https:\/\/mouldking.store\/wp-content\/uploads\/2021\/10\/CIRO-B774-Anna-Elsas-Ice-Castle-4-768x512.jpg 768w, https:\/\/mouldking.store\/wp-content\/uploads\/2021\/10\/CIRO-B774-Anna-Elsas-Ice-Castle-4-600x400.jpg 600w, https:\/\/mouldking.store\/wp-content\/uploads\/2021\/10\/CIRO-B774-Anna-Elsas-Ice-Castle-4-150x100.jpg 150w, https:\/\/mouldking.store\/wp-content\/uploads\/2021\/10\/CIRO-B774-Anna-Elsas-Ice-Castle-4.jpg 1024w\" sizes=\"(max-width: 800px) 100vw, 800px\" \/><figcaption id=\"caption-attachment-26149\" class=\"wp-caption-text\">CIRO B774 Anna &amp; Elsa j\u00e9gv\u00e1r 900 darabbal<\/figcaption><\/figure>\n<figure id=\"attachment_26148\" aria-describedby=\"caption-attachment-26148\" style=\"width: 800px\" class=\"wp-caption aligncenter\"><img loading=\"lazy\" decoding=\"async\" class=\"wp-image-26148\" src=\"https:\/\/mouldking.store\/wp-content\/uploads\/2021\/10\/CIRO-B774-Anna-Elsas-Ice-Castle-3-300x200.jpg\" alt=\"CIRO B774 Anna &amp; Elsa&#039;s Ice Castle with 900 pieces\" width=\"800\" height=\"533\" title=\"-\" srcset=\"https:\/\/mouldking.store\/wp-content\/uploads\/2021\/10\/CIRO-B774-Anna-Elsas-Ice-Castle-3-300x200.jpg 300w, https:\/\/mouldking.store\/wp-content\/uploads\/2021\/10\/CIRO-B774-Anna-Elsas-Ice-Castle-3-768x512.jpg 768w, https:\/\/mouldking.store\/wp-content\/uploads\/2021\/10\/CIRO-B774-Anna-Elsas-Ice-Castle-3-600x400.jpg 600w, https:\/\/mouldking.store\/wp-content\/uploads\/2021\/10\/CIRO-B774-Anna-Elsas-Ice-Castle-3-150x100.jpg 150w, https:\/\/mouldking.store\/wp-content\/uploads\/2021\/10\/CIRO-B774-Anna-Elsas-Ice-Castle-3.jpg 1024w\" sizes=\"(max-width: 800px) 100vw, 800px\" \/><figcaption id=\"caption-attachment-26148\" class=\"wp-caption-text\">CIRO B774 Anna &amp; Elsa j\u00e9gv\u00e1r 900 darabbal<\/figcaption><\/figure>\n<figure id=\"attachment_26147\" aria-describedby=\"caption-attachment-26147\" style=\"width: 800px\" class=\"wp-caption aligncenter\"><img loading=\"lazy\" decoding=\"async\" class=\"wp-image-26147\" src=\"https:\/\/mouldking.store\/wp-content\/uploads\/2021\/10\/CIRO-B774-Anna-Elsas-Ice-Castle-2-300x200.jpg\" alt=\"CIRO B774 Anna &amp; Elsa&#039;s Ice Castle with 900 pieces\" width=\"800\" height=\"533\" title=\"-\" srcset=\"https:\/\/mouldking.store\/wp-content\/uploads\/2021\/10\/CIRO-B774-Anna-Elsas-Ice-Castle-2-300x200.jpg 300w, https:\/\/mouldking.store\/wp-content\/uploads\/2021\/10\/CIRO-B774-Anna-Elsas-Ice-Castle-2-768x512.jpg 768w, https:\/\/mouldking.store\/wp-content\/uploads\/2021\/10\/CIRO-B774-Anna-Elsas-Ice-Castle-2-600x400.jpg 600w, https:\/\/mouldking.store\/wp-content\/uploads\/2021\/10\/CIRO-B774-Anna-Elsas-Ice-Castle-2-150x100.jpg 150w, https:\/\/mouldking.store\/wp-content\/uploads\/2021\/10\/CIRO-B774-Anna-Elsas-Ice-Castle-2.jpg 1024w\" sizes=\"(max-width: 800px) 100vw, 800px\" \/><figcaption id=\"caption-attachment-26147\" class=\"wp-caption-text\">CIRO B774 Anna &amp; Elsa j\u00e9gv\u00e1r 900 darabbal<\/figcaption><\/figure>\n<figure id=\"attachment_26146\" aria-describedby=\"caption-attachment-26146\" style=\"width: 800px\" class=\"wp-caption aligncenter\"><img loading=\"lazy\" decoding=\"async\" class=\"wp-image-26146\" src=\"https:\/\/mouldking.store\/wp-content\/uploads\/2021\/10\/CIRO-B774-Anna-Elsas-Ice-Castle-1-300x200.jpg\" alt=\"CIRO B774 Anna &amp; Elsa&#039;s Ice Castle with 900 pieces\" width=\"800\" height=\"533\" title=\"-\" srcset=\"https:\/\/mouldking.store\/wp-content\/uploads\/2021\/10\/CIRO-B774-Anna-Elsas-Ice-Castle-1-300x200.jpg 300w, https:\/\/mouldking.store\/wp-content\/uploads\/2021\/10\/CIRO-B774-Anna-Elsas-Ice-Castle-1-768x512.jpg 768w, https:\/\/mouldking.store\/wp-content\/uploads\/2021\/10\/CIRO-B774-Anna-Elsas-Ice-Castle-1-600x400.jpg 600w, https:\/\/mouldking.store\/wp-content\/uploads\/2021\/10\/CIRO-B774-Anna-Elsas-Ice-Castle-1-150x100.jpg 150w, https:\/\/mouldking.store\/wp-content\/uploads\/2021\/10\/CIRO-B774-Anna-Elsas-Ice-Castle-1.jpg 1024w\" sizes=\"(max-width: 800px) 100vw, 800px\" \/><figcaption id=\"caption-attachment-26146\" class=\"wp-caption-text\">CIRO B774 Anna &amp; Elsa j\u00e9gv\u00e1r 900 darabbal<\/figcaption><\/figure>","protected":false},"excerpt":{"rendered":"<p>Product information: Brand: CIRO Gender: Unisex Name: Anna &amp; Elsa&#8217;s Ice Castle Age Range: &gt; 8 years old Model Number: B774 Classification: Assemblage Plastic Block Shape: Self-Locking Bricks Material: Plastic Plastic Type: ABS Bricks Blocks: 900 PCS Contains detailed assembly instructions. Notice: 1. Without an original box, but we guarantee our products have quality assurance [&hellip;]<\/p>","protected":false},"featured_media":26145,"comment_status":"open","ping_status":"closed","template":"","meta":{"_acf_changed":false},"product_cat":[390,581],"product_tag":[2823,2820,2822,2821,2819,2825,2818,2824],"class_list":["product","first","instock","shipping-taxable","purchasable","product-type-simple"],"acf":[],"_links":{"self":[{"href":"https:\/\/mouldking.store\/hu\/wp-json\/wp\/v2\/product\/26144","targetHints":{"allow":["GET"]}}],"collection":[{"href":"https:\/\/mouldking.store\/hu\/wp-json\/wp\/v2\/product"}],"about":[{"href":"https:\/\/mouldking.store\/hu\/wp-json\/wp\/v2\/types\/product"}],"replies":[{"embeddable":true,"href":"https:\/\/mouldking.store\/hu\/wp-json\/wp\/v2\/comments?post=26144"}],"wp:featuredmedia":[{"embeddable":true,"href":"https:\/\/mouldking.store\/hu\/wp-json\/wp\/v2\/media\/26145"}],"wp:attachment":[{"href":"https:\/\/mouldking.store\/hu\/wp-json\/wp\/v2\/media?parent=26144"}],"wp:term":[{"taxonomy":"product_cat","embeddable":true,"href":"https:\/\/mouldking.store\/hu\/wp-json\/wp\/v2\/product_cat?post=26144"},{"taxonomy":"product_tag","embeddable":true,"href":"https:\/\/mouldking.store\/hu\/wp-json\/wp\/v2\/product_tag?post=26144"}],"curies":[{"name":"wp","href":"https:\/\/api.w.org\/{rel}","templated":true}]}}