{"id":26189,"date":"2021-10-28T11:16:45","date_gmt":"2021-10-28T11:16:45","guid":{"rendered":"https:\/\/mouldking.store\/?post_type=product&#038;p=26189"},"modified":"2021-12-23T09:40:55","modified_gmt":"2021-12-23T09:40:55","slug":"ciro-b776-hogwarts-school-of-witchcraft-and-wizardry-with-6862-pieces","status":"publish","type":"product","link":"https:\/\/mouldking.store\/hu\/shop\/ciro-b776-hogwarts-school-of-witchcraft-and-wizardry-with-6862-pieces\/","title":{"rendered":"CIRO B776 Roxfort Boszork\u00e1ny- \u00e9s Var\u00e1zsl\u00f3iskola 6862 darabbal"},"content":{"rendered":"<p>Term\u00e9k inform\u00e1ci\u00f3:<\/p>\n<ol>\n<li>Brand: CIRO<\/li>\n<li>Nem: Uniszex<\/li>\n<li>Name: Hogwarts School of Witchcraft and Wizardry<\/li>\n<li>Korhat\u00e1r: 14 \u00e9v felett<\/li>\n<li>Model Number: B776<\/li>\n<li>Besorol\u00e1s: \u00d6sszeszerel\u00e9s<\/li>\n<li>M\u0171anyag blokk forma: \u00f6nz\u00e1r\u00f3 t\u00e9gla<\/li>\n<li>Anyaga: M\u0171anyag<\/li>\n<li>M\u0171anyag t\u00edpus: ABS<\/li>\n<li>Bricks Blocks: 6862 PCS<\/li>\n<li>R\u00e9szletes \u00f6sszeszerel\u00e9si \u00fatmutat\u00f3t tartalmaz.<\/li>\n<\/ol>\n<p>\u00c9rtes\u00edt\u00e9s:<br \/>\n1. Eredeti doboz n\u00e9lk\u00fcl, de garant\u00e1ljuk, hogy term\u00e9keink min\u0151s\u00e9gbiztos\u00edt\u00e1ssal \u00e9s sz\u00e9p csomagol\u00e1ssal rendelkeznek.<br \/>\n2. Mint minden alkatr\u00e9szt, amelyet a sz\u00e1ll\u00edt\u00e1s el\u0151tt ellen\u0151rizt\u00fcnk, ez\u00e9rt ha \u00fagy tal\u00e1lja, hogy n\u00e9h\u00e1ny alkatr\u00e9sz hi\u00e1nyzik vagy s\u00e9r\u00fclt, ne agg\u00f3djon, \u00e9s k\u00e9rj\u00fck, vegye fel vel\u00fcnk a kapcsolatot, \u00e9s azonnal ingyenesen elk\u00fcldj\u00fck \u00d6nnek.<\/p>\n<figure id=\"attachment_26190\" aria-describedby=\"caption-attachment-26190\" style=\"width: 800px\" class=\"wp-caption aligncenter\"><img fetchpriority=\"high\" decoding=\"async\" class=\"wp-image-26190 size-full\" src=\"https:\/\/mouldking.store\/wp-content\/uploads\/2021\/10\/CIRO-B776-Hogwarts-School-of-Witchcraft-and-Wizardry-6.jpg\" alt=\"CIRO B776 Hogwarts School of Witchcraft and Wizardry with 6862 pieces\" width=\"800\" height=\"800\" title=\"-\" srcset=\"https:\/\/mouldking.store\/wp-content\/uploads\/2021\/10\/CIRO-B776-Hogwarts-School-of-Witchcraft-and-Wizardry-6.jpg 800w, https:\/\/mouldking.store\/wp-content\/uploads\/2021\/10\/CIRO-B776-Hogwarts-School-of-Witchcraft-and-Wizardry-6-300x300.jpg 300w, https:\/\/mouldking.store\/wp-content\/uploads\/2021\/10\/CIRO-B776-Hogwarts-School-of-Witchcraft-and-Wizardry-6-768x768.jpg 768w, https:\/\/mouldking.store\/wp-content\/uploads\/2021\/10\/CIRO-B776-Hogwarts-School-of-Witchcraft-and-Wizardry-6-600x600.jpg 600w, https:\/\/mouldking.store\/wp-content\/uploads\/2021\/10\/CIRO-B776-Hogwarts-School-of-Witchcraft-and-Wizardry-6-150x150.jpg 150w\" sizes=\"(max-width: 800px) 100vw, 800px\" \/><figcaption id=\"caption-attachment-26190\" class=\"wp-caption-text\">CIRO B776 Roxfort Boszork\u00e1ny- \u00e9s Var\u00e1zsl\u00f3iskola 6862 darabbal<\/figcaption><\/figure>\n<figure id=\"attachment_26195\" aria-describedby=\"caption-attachment-26195\" style=\"width: 800px\" class=\"wp-caption aligncenter\"><img decoding=\"async\" class=\"wp-image-26195\" src=\"https:\/\/mouldking.store\/wp-content\/uploads\/2021\/10\/CIRO-B776-Hogwarts-School-of-Witchcraft-and-Wizardry-5-300x300.jpg\" alt=\"CIRO B776 Hogwarts School of Witchcraft and Wizardry with 6862 pieces\" width=\"800\" height=\"801\" title=\"-\" srcset=\"https:\/\/mouldking.store\/wp-content\/uploads\/2021\/10\/CIRO-B776-Hogwarts-School-of-Witchcraft-and-Wizardry-5-300x300.jpg 300w, https:\/\/mouldking.store\/wp-content\/uploads\/2021\/10\/CIRO-B776-Hogwarts-School-of-Witchcraft-and-Wizardry-5-768x769.jpg 768w, https:\/\/mouldking.store\/wp-content\/uploads\/2021\/10\/CIRO-B776-Hogwarts-School-of-Witchcraft-and-Wizardry-5-600x601.jpg 600w, https:\/\/mouldking.store\/wp-content\/uploads\/2021\/10\/CIRO-B776-Hogwarts-School-of-Witchcraft-and-Wizardry-5-150x150.jpg 150w, https:\/\/mouldking.store\/wp-content\/uploads\/2021\/10\/CIRO-B776-Hogwarts-School-of-Witchcraft-and-Wizardry-5.jpg 1023w\" sizes=\"(max-width: 800px) 100vw, 800px\" \/><figcaption id=\"caption-attachment-26195\" class=\"wp-caption-text\">CIRO B776 Roxfort Boszork\u00e1ny- \u00e9s Var\u00e1zsl\u00f3iskola 6862 darabbal<\/figcaption><\/figure>\n<figure id=\"attachment_26192\" aria-describedby=\"caption-attachment-26192\" style=\"width: 800px\" class=\"wp-caption aligncenter\"><img decoding=\"async\" class=\"wp-image-26192\" src=\"https:\/\/mouldking.store\/wp-content\/uploads\/2021\/10\/CIRO-B776-Hogwarts-School-of-Witchcraft-and-Wizardry-2-300x300.jpg\" alt=\"CIRO B776 Hogwarts School of Witchcraft and Wizardry with 6862 pieces\" width=\"800\" height=\"800\" title=\"-\" srcset=\"https:\/\/mouldking.store\/wp-content\/uploads\/2021\/10\/CIRO-B776-Hogwarts-School-of-Witchcraft-and-Wizardry-2-300x300.jpg 300w, https:\/\/mouldking.store\/wp-content\/uploads\/2021\/10\/CIRO-B776-Hogwarts-School-of-Witchcraft-and-Wizardry-2-768x768.jpg 768w, https:\/\/mouldking.store\/wp-content\/uploads\/2021\/10\/CIRO-B776-Hogwarts-School-of-Witchcraft-and-Wizardry-2-600x600.jpg 600w, https:\/\/mouldking.store\/wp-content\/uploads\/2021\/10\/CIRO-B776-Hogwarts-School-of-Witchcraft-and-Wizardry-2-150x150.jpg 150w, https:\/\/mouldking.store\/wp-content\/uploads\/2021\/10\/CIRO-B776-Hogwarts-School-of-Witchcraft-and-Wizardry-2.jpg 1024w\" sizes=\"(max-width: 800px) 100vw, 800px\" \/><figcaption id=\"caption-attachment-26192\" class=\"wp-caption-text\">CIRO B776 Roxfort Boszork\u00e1ny- \u00e9s Var\u00e1zsl\u00f3iskola 6862 darabbal<\/figcaption><\/figure>\n<figure id=\"attachment_26194\" aria-describedby=\"caption-attachment-26194\" style=\"width: 800px\" class=\"wp-caption aligncenter\"><img loading=\"lazy\" decoding=\"async\" class=\"wp-image-26194\" src=\"https:\/\/mouldking.store\/wp-content\/uploads\/2021\/10\/CIRO-B776-Hogwarts-School-of-Witchcraft-and-Wizardry-4-300x300.jpg\" alt=\"CIRO B776 Hogwarts School of Witchcraft and Wizardry with 6862 pieces\" width=\"800\" height=\"800\" title=\"-\" srcset=\"https:\/\/mouldking.store\/wp-content\/uploads\/2021\/10\/CIRO-B776-Hogwarts-School-of-Witchcraft-and-Wizardry-4-300x300.jpg 300w, https:\/\/mouldking.store\/wp-content\/uploads\/2021\/10\/CIRO-B776-Hogwarts-School-of-Witchcraft-and-Wizardry-4-768x768.jpg 768w, https:\/\/mouldking.store\/wp-content\/uploads\/2021\/10\/CIRO-B776-Hogwarts-School-of-Witchcraft-and-Wizardry-4-600x600.jpg 600w, https:\/\/mouldking.store\/wp-content\/uploads\/2021\/10\/CIRO-B776-Hogwarts-School-of-Witchcraft-and-Wizardry-4-150x150.jpg 150w, https:\/\/mouldking.store\/wp-content\/uploads\/2021\/10\/CIRO-B776-Hogwarts-School-of-Witchcraft-and-Wizardry-4.jpg 1024w\" sizes=\"(max-width: 800px) 100vw, 800px\" \/><figcaption id=\"caption-attachment-26194\" class=\"wp-caption-text\">CIRO B776 Roxfort Boszork\u00e1ny- \u00e9s Var\u00e1zsl\u00f3iskola 6862 darabbal<\/figcaption><\/figure>\n<figure id=\"attachment_26193\" aria-describedby=\"caption-attachment-26193\" style=\"width: 800px\" class=\"wp-caption aligncenter\"><img loading=\"lazy\" decoding=\"async\" class=\"wp-image-26193\" src=\"https:\/\/mouldking.store\/wp-content\/uploads\/2021\/10\/CIRO-B776-Hogwarts-School-of-Witchcraft-and-Wizardry-3-300x300.jpg\" alt=\"CIRO B776 Hogwarts School of Witchcraft and Wizardry with 6862 pieces\" width=\"800\" height=\"800\" title=\"-\" srcset=\"https:\/\/mouldking.store\/wp-content\/uploads\/2021\/10\/CIRO-B776-Hogwarts-School-of-Witchcraft-and-Wizardry-3-300x300.jpg 300w, https:\/\/mouldking.store\/wp-content\/uploads\/2021\/10\/CIRO-B776-Hogwarts-School-of-Witchcraft-and-Wizardry-3-768x768.jpg 768w, https:\/\/mouldking.store\/wp-content\/uploads\/2021\/10\/CIRO-B776-Hogwarts-School-of-Witchcraft-and-Wizardry-3-600x600.jpg 600w, https:\/\/mouldking.store\/wp-content\/uploads\/2021\/10\/CIRO-B776-Hogwarts-School-of-Witchcraft-and-Wizardry-3-150x150.jpg 150w, https:\/\/mouldking.store\/wp-content\/uploads\/2021\/10\/CIRO-B776-Hogwarts-School-of-Witchcraft-and-Wizardry-3.jpg 1024w\" sizes=\"(max-width: 800px) 100vw, 800px\" \/><figcaption id=\"caption-attachment-26193\" class=\"wp-caption-text\">CIRO B776 Roxfort Boszork\u00e1ny- \u00e9s Var\u00e1zsl\u00f3iskola 6862 darabbal<\/figcaption><\/figure>\n<figure id=\"attachment_26191\" aria-describedby=\"caption-attachment-26191\" style=\"width: 800px\" class=\"wp-caption aligncenter\"><img loading=\"lazy\" decoding=\"async\" class=\"wp-image-26191\" src=\"https:\/\/mouldking.store\/wp-content\/uploads\/2021\/10\/CIRO-B776-Hogwarts-School-of-Witchcraft-and-Wizardry-1-300x300.jpg\" alt=\"CIRO B776 Hogwarts School of Witchcraft and Wizardry with 6862 pieces\" width=\"800\" height=\"800\" title=\"-\" srcset=\"https:\/\/mouldking.store\/wp-content\/uploads\/2021\/10\/CIRO-B776-Hogwarts-School-of-Witchcraft-and-Wizardry-1-300x300.jpg 300w, https:\/\/mouldking.store\/wp-content\/uploads\/2021\/10\/CIRO-B776-Hogwarts-School-of-Witchcraft-and-Wizardry-1-768x768.jpg 768w, https:\/\/mouldking.store\/wp-content\/uploads\/2021\/10\/CIRO-B776-Hogwarts-School-of-Witchcraft-and-Wizardry-1-600x600.jpg 600w, https:\/\/mouldking.store\/wp-content\/uploads\/2021\/10\/CIRO-B776-Hogwarts-School-of-Witchcraft-and-Wizardry-1-150x150.jpg 150w, https:\/\/mouldking.store\/wp-content\/uploads\/2021\/10\/CIRO-B776-Hogwarts-School-of-Witchcraft-and-Wizardry-1.jpg 1024w\" sizes=\"(max-width: 800px) 100vw, 800px\" \/><figcaption id=\"caption-attachment-26191\" class=\"wp-caption-text\">CIRO B776 Roxfort Boszork\u00e1ny- \u00e9s Var\u00e1zsl\u00f3iskola 6862 darabbal<\/figcaption><\/figure>","protected":false},"excerpt":{"rendered":"<p>Product information: Brand: CIRO Gender: Unisex Name: Hogwarts School of Witchcraft and Wizardry Age Range: &gt; 14 years old Model Number: B776 Classification: Assemblage Plastic Block Shape: Self-Locking Bricks Material: Plastic Plastic Type: ABS Bricks Blocks: 6862 PCS Contains detailed assembly instructions. Notice: 1. Without an original box, but we guarantee our products have quality [&hellip;]<\/p>","protected":false},"featured_media":26190,"comment_status":"open","ping_status":"closed","template":"","meta":{"_acf_changed":false},"product_cat":[390],"product_tag":[2841,2821,2840,2844,2839,2846,2842,915,2847,2845,2843],"class_list":["product","first","instock","shipping-taxable","purchasable","product-type-simple"],"acf":[],"_links":{"self":[{"href":"https:\/\/mouldking.store\/hu\/wp-json\/wp\/v2\/product\/26189","targetHints":{"allow":["GET"]}}],"collection":[{"href":"https:\/\/mouldking.store\/hu\/wp-json\/wp\/v2\/product"}],"about":[{"href":"https:\/\/mouldking.store\/hu\/wp-json\/wp\/v2\/types\/product"}],"replies":[{"embeddable":true,"href":"https:\/\/mouldking.store\/hu\/wp-json\/wp\/v2\/comments?post=26189"}],"wp:featuredmedia":[{"embeddable":true,"href":"https:\/\/mouldking.store\/hu\/wp-json\/wp\/v2\/media\/26190"}],"wp:attachment":[{"href":"https:\/\/mouldking.store\/hu\/wp-json\/wp\/v2\/media?parent=26189"}],"wp:term":[{"taxonomy":"product_cat","embeddable":true,"href":"https:\/\/mouldking.store\/hu\/wp-json\/wp\/v2\/product_cat?post=26189"},{"taxonomy":"product_tag","embeddable":true,"href":"https:\/\/mouldking.store\/hu\/wp-json\/wp\/v2\/product_tag?post=26189"}],"curies":[{"name":"wp","href":"https:\/\/api.w.org\/{rel}","templated":true}]}}