{"id":26323,"date":"2021-10-29T15:24:20","date_gmt":"2021-10-29T15:24:20","guid":{"rendered":"https:\/\/mouldking.store\/?post_type=product&#038;p=26323"},"modified":"2021-12-23T09:40:56","modified_gmt":"2021-12-23T09:40:56","slug":"mould-king-13060-pagani-zonda-r-with-2299-pieces","status":"publish","type":"product","link":"https:\/\/mouldking.store\/hu\/shop\/mould-king-13060-pagani-zonda-r-with-2299-pieces\/","title":{"rendered":"Mold King 13060 Pagani Zonda R 2299 darabbal"},"content":{"rendered":"<p>Term\u00e9k inform\u00e1ci\u00f3:<\/p>\n<ol>\n<li>M\u00e1rka: Mold King<\/li>\n<li>Nem: Uniszex<\/li>\n<li>Name: Pagani Zonda R<\/li>\n<li>Korhat\u00e1r: 14 \u00e9v felett<\/li>\n<li>Model Number: 13060<\/li>\n<li>Besorol\u00e1s: \u00d6sszeszerel\u00e9s<\/li>\n<li>M\u0171anyag blokk forma: \u00f6nz\u00e1r\u00f3 t\u00e9gla<\/li>\n<li>Anyaga: M\u0171anyag<\/li>\n<li>M\u0171anyag t\u00edpus: ABS<\/li>\n<li>Bricks Blocks: 2299 PCS<\/li>\n<li>R\u00e9szletes \u00f6sszeszerel\u00e9si \u00fatmutat\u00f3t tartalmaz.<\/li>\n<\/ol>\n<p>\u00c9rtes\u00edt\u00e9s:<br \/>\n1. Eredeti doboz n\u00e9lk\u00fcl, de garant\u00e1ljuk, hogy term\u00e9keink min\u0151s\u00e9gbiztos\u00edt\u00e1ssal \u00e9s sz\u00e9p csomagol\u00e1ssal rendelkeznek.<br \/>\n2. Mint minden alkatr\u00e9szt, amelyet a sz\u00e1ll\u00edt\u00e1s el\u0151tt ellen\u0151rizt\u00fcnk, ez\u00e9rt ha \u00fagy tal\u00e1lja, hogy n\u00e9h\u00e1ny alkatr\u00e9sz hi\u00e1nyzik vagy s\u00e9r\u00fclt, ne agg\u00f3djon, \u00e9s k\u00e9rj\u00fck, vegye fel vel\u00fcnk a kapcsolatot, \u00e9s azonnal ingyenesen elk\u00fcldj\u00fck \u00d6nnek.<\/p>\n<figure id=\"attachment_26324\" aria-describedby=\"caption-attachment-26324\" style=\"width: 800px\" class=\"wp-caption aligncenter\"><img fetchpriority=\"high\" decoding=\"async\" class=\"wp-image-26324 size-full\" src=\"https:\/\/mouldking.store\/wp-content\/uploads\/2021\/10\/Mould-King-13060-Pagani-Zonda-R-1.jpg\" alt=\"Mould King 13060 Pagani Zonda R with 2299 pieces\" width=\"800\" height=\"800\" title=\"-\" srcset=\"https:\/\/mouldking.store\/wp-content\/uploads\/2021\/10\/Mould-King-13060-Pagani-Zonda-R-1.jpg 800w, https:\/\/mouldking.store\/wp-content\/uploads\/2021\/10\/Mould-King-13060-Pagani-Zonda-R-1-300x300.jpg 300w, https:\/\/mouldking.store\/wp-content\/uploads\/2021\/10\/Mould-King-13060-Pagani-Zonda-R-1-768x768.jpg 768w, https:\/\/mouldking.store\/wp-content\/uploads\/2021\/10\/Mould-King-13060-Pagani-Zonda-R-1-600x600.jpg 600w, https:\/\/mouldking.store\/wp-content\/uploads\/2021\/10\/Mould-King-13060-Pagani-Zonda-R-1-150x150.jpg 150w\" sizes=\"(max-width: 800px) 100vw, 800px\" \/><figcaption id=\"caption-attachment-26324\" class=\"wp-caption-text\">Mold King 13060 Pagani Zonda R 2299 darabbal<\/figcaption><\/figure>\n<figure id=\"attachment_26327\" aria-describedby=\"caption-attachment-26327\" style=\"width: 616px\" class=\"wp-caption aligncenter\"><img decoding=\"async\" class=\"wp-image-26327 size-full\" src=\"https:\/\/mouldking.store\/wp-content\/uploads\/2021\/10\/Mould-King-13060-Pagani-Zonda-R-4.jpg\" alt=\"Mould King 13060 Pagani Zonda R with 2299 pieces\" width=\"616\" height=\"1024\" title=\"-\" srcset=\"https:\/\/mouldking.store\/wp-content\/uploads\/2021\/10\/Mould-King-13060-Pagani-Zonda-R-4.jpg 616w, https:\/\/mouldking.store\/wp-content\/uploads\/2021\/10\/Mould-King-13060-Pagani-Zonda-R-4-180x300.jpg 180w, https:\/\/mouldking.store\/wp-content\/uploads\/2021\/10\/Mould-King-13060-Pagani-Zonda-R-4-300x499.jpg 300w, https:\/\/mouldking.store\/wp-content\/uploads\/2021\/10\/Mould-King-13060-Pagani-Zonda-R-4-600x997.jpg 600w, https:\/\/mouldking.store\/wp-content\/uploads\/2021\/10\/Mould-King-13060-Pagani-Zonda-R-4-90x150.jpg 90w\" sizes=\"(max-width: 616px) 100vw, 616px\" \/><figcaption id=\"caption-attachment-26327\" class=\"wp-caption-text\">Mold King 13060 Pagani Zonda R 2299 darabbal<\/figcaption><\/figure>\n<figure id=\"attachment_26325\" aria-describedby=\"caption-attachment-26325\" style=\"width: 688px\" class=\"wp-caption aligncenter\"><img decoding=\"async\" class=\"wp-image-26325 size-full\" src=\"https:\/\/mouldking.store\/wp-content\/uploads\/2021\/10\/Mould-King-13060-Pagani-Zonda-R-2.jpg\" alt=\"Mould King 13060 Pagani Zonda R with 2299 pieces\" width=\"688\" height=\"1024\" title=\"-\" srcset=\"https:\/\/mouldking.store\/wp-content\/uploads\/2021\/10\/Mould-King-13060-Pagani-Zonda-R-2.jpg 688w, https:\/\/mouldking.store\/wp-content\/uploads\/2021\/10\/Mould-King-13060-Pagani-Zonda-R-2-202x300.jpg 202w, https:\/\/mouldking.store\/wp-content\/uploads\/2021\/10\/Mould-King-13060-Pagani-Zonda-R-2-300x447.jpg 300w, https:\/\/mouldking.store\/wp-content\/uploads\/2021\/10\/Mould-King-13060-Pagani-Zonda-R-2-600x893.jpg 600w, https:\/\/mouldking.store\/wp-content\/uploads\/2021\/10\/Mould-King-13060-Pagani-Zonda-R-2-101x150.jpg 101w\" sizes=\"(max-width: 688px) 100vw, 688px\" \/><figcaption id=\"caption-attachment-26325\" class=\"wp-caption-text\">Mold King 13060 Pagani Zonda R 2299 darabbal<\/figcaption><\/figure>\n<figure id=\"attachment_26326\" aria-describedby=\"caption-attachment-26326\" style=\"width: 790px\" class=\"wp-caption aligncenter\"><img loading=\"lazy\" decoding=\"async\" class=\"wp-image-26326 size-full\" src=\"https:\/\/mouldking.store\/wp-content\/uploads\/2021\/10\/Mould-King-13060-Pagani-Zonda-R-3.jpg\" alt=\"Mould King 13060 Pagani Zonda R with 2299 pieces\" width=\"790\" height=\"651\" title=\"-\" srcset=\"https:\/\/mouldking.store\/wp-content\/uploads\/2021\/10\/Mould-King-13060-Pagani-Zonda-R-3.jpg 790w, https:\/\/mouldking.store\/wp-content\/uploads\/2021\/10\/Mould-King-13060-Pagani-Zonda-R-3-300x247.jpg 300w, https:\/\/mouldking.store\/wp-content\/uploads\/2021\/10\/Mould-King-13060-Pagani-Zonda-R-3-768x633.jpg 768w, https:\/\/mouldking.store\/wp-content\/uploads\/2021\/10\/Mould-King-13060-Pagani-Zonda-R-3-600x494.jpg 600w, https:\/\/mouldking.store\/wp-content\/uploads\/2021\/10\/Mould-King-13060-Pagani-Zonda-R-3-150x124.jpg 150w\" sizes=\"(max-width: 790px) 100vw, 790px\" \/><figcaption id=\"caption-attachment-26326\" class=\"wp-caption-text\">Mold King 13060 Pagani Zonda R 2299 darabbal<\/figcaption><\/figure>","protected":false},"excerpt":{"rendered":"<p>Product information: Brand: Mould King Gender: Unisex Name: Pagani Zonda R Age Range: &gt; 14 years old Model Number: 13060 Classification: Assemblage Plastic Block Shape: Self-Locking Bricks Material: Plastic Plastic Type: ABS Bricks Blocks: 2299 PCS Contains detailed assembly instructions. Notice: 1. Without an original box, but we guarantee our products have quality assurance and [&hellip;]<\/p>","protected":false},"featured_media":26324,"comment_status":"open","ping_status":"closed","template":"","meta":{"_acf_changed":false},"product_cat":[364],"product_tag":[2920,615,2917,2916,2919,2918],"class_list":["product","first","instock","shipping-taxable","purchasable","product-type-variable"],"acf":[],"_links":{"self":[{"href":"https:\/\/mouldking.store\/hu\/wp-json\/wp\/v2\/product\/26323","targetHints":{"allow":["GET"]}}],"collection":[{"href":"https:\/\/mouldking.store\/hu\/wp-json\/wp\/v2\/product"}],"about":[{"href":"https:\/\/mouldking.store\/hu\/wp-json\/wp\/v2\/types\/product"}],"replies":[{"embeddable":true,"href":"https:\/\/mouldking.store\/hu\/wp-json\/wp\/v2\/comments?post=26323"}],"wp:featuredmedia":[{"embeddable":true,"href":"https:\/\/mouldking.store\/hu\/wp-json\/wp\/v2\/media\/26324"}],"wp:attachment":[{"href":"https:\/\/mouldking.store\/hu\/wp-json\/wp\/v2\/media?parent=26323"}],"wp:term":[{"taxonomy":"product_cat","embeddable":true,"href":"https:\/\/mouldking.store\/hu\/wp-json\/wp\/v2\/product_cat?post=26323"},{"taxonomy":"product_tag","embeddable":true,"href":"https:\/\/mouldking.store\/hu\/wp-json\/wp\/v2\/product_tag?post=26323"}],"curies":[{"name":"wp","href":"https:\/\/api.w.org\/{rel}","templated":true}]}}