{"id":26387,"date":"2021-11-01T02:41:46","date_gmt":"2021-11-01T02:41:46","guid":{"rendered":"https:\/\/mouldking.store\/?post_type=product&#038;p=26387"},"modified":"2021-12-23T09:40:53","modified_gmt":"2021-12-23T09:40:53","slug":"loz-1042-cathay-theatre-with-2960-pieces","status":"publish","type":"product","link":"https:\/\/mouldking.store\/hu\/shop\/loz-1042-cathay-theatre-with-2960-pieces\/","title":{"rendered":"LOZ 1042 Cathay Sz\u00ednh\u00e1z 2960 darabbal"},"content":{"rendered":"<p>Term\u00e9k inform\u00e1ci\u00f3:<\/p>\n<ol>\n<li>M\u00e1rka: LOZ<\/li>\n<li>Nem: Uniszex<\/li>\n<li>Name: Cathay Theatre<\/li>\n<li>Koroszt\u00e1ly: &gt; 6 \u00e9v<\/li>\n<li>Model Number: 1042<\/li>\n<li>Besorol\u00e1s: \u00d6sszeszerel\u00e9s<\/li>\n<li>M\u0171anyag blokk forma: \u00f6nz\u00e1r\u00f3 t\u00e9gla<\/li>\n<li>Anyaga: M\u0171anyag<\/li>\n<li>M\u0171anyag t\u00edpus: ABS<\/li>\n<li>T\u00e9glablokkok: 2960 DB<\/li>\n<li>R\u00e9szletes \u00f6sszeszerel\u00e9si \u00fatmutat\u00f3t tartalmaz.<\/li>\n<\/ol>\n<p>\u00c9rtes\u00edt\u00e9s:<br \/>\n1. Eredeti doboz n\u00e9lk\u00fcl, de garant\u00e1ljuk, hogy term\u00e9keink min\u0151s\u00e9gbiztos\u00edt\u00e1ssal \u00e9s sz\u00e9p csomagol\u00e1ssal rendelkeznek.<br \/>\n2. Mint minden alkatr\u00e9szt, amelyet a sz\u00e1ll\u00edt\u00e1s el\u0151tt ellen\u0151rizt\u00fcnk, ez\u00e9rt ha \u00fagy tal\u00e1lja, hogy n\u00e9h\u00e1ny alkatr\u00e9sz hi\u00e1nyzik vagy s\u00e9r\u00fclt, ne agg\u00f3djon, \u00e9s k\u00e9rj\u00fck, vegye fel vel\u00fcnk a kapcsolatot, \u00e9s azonnal ingyenesen elk\u00fcldj\u00fck \u00d6nnek.<\/p>\n<figure id=\"attachment_26388\" aria-describedby=\"caption-attachment-26388\" style=\"width: 800px\" class=\"wp-caption aligncenter\"><img fetchpriority=\"high\" decoding=\"async\" class=\"wp-image-26388 size-full\" src=\"https:\/\/mouldking.store\/wp-content\/uploads\/2021\/11\/MODULAR-BUILDING-LOZ-1042-Cathay-Theatre-1.jpg\" alt=\"LOZ 1042 Cathay Theatre with 2960 pieces\" width=\"800\" height=\"800\" title=\"-\" srcset=\"https:\/\/mouldking.store\/wp-content\/uploads\/2021\/11\/MODULAR-BUILDING-LOZ-1042-Cathay-Theatre-1.jpg 800w, https:\/\/mouldking.store\/wp-content\/uploads\/2021\/11\/MODULAR-BUILDING-LOZ-1042-Cathay-Theatre-1-300x300.jpg 300w, https:\/\/mouldking.store\/wp-content\/uploads\/2021\/11\/MODULAR-BUILDING-LOZ-1042-Cathay-Theatre-1-768x768.jpg 768w, https:\/\/mouldking.store\/wp-content\/uploads\/2021\/11\/MODULAR-BUILDING-LOZ-1042-Cathay-Theatre-1-600x600.jpg 600w, https:\/\/mouldking.store\/wp-content\/uploads\/2021\/11\/MODULAR-BUILDING-LOZ-1042-Cathay-Theatre-1-150x150.jpg 150w\" sizes=\"(max-width: 800px) 100vw, 800px\" \/><figcaption id=\"caption-attachment-26388\" class=\"wp-caption-text\">LOZ 1042 Cathay Sz\u00ednh\u00e1z 2960 darabbal<\/figcaption><\/figure>\n<figure id=\"attachment_26390\" aria-describedby=\"caption-attachment-26390\" style=\"width: 687px\" class=\"wp-caption aligncenter\"><img decoding=\"async\" class=\"wp-image-26390 size-full\" src=\"https:\/\/mouldking.store\/wp-content\/uploads\/2021\/11\/MODULAR-BUILDING-LOZ-1042-Cathay-Theatre-3.jpg\" alt=\"LOZ 1042 Cathay Theatre with 2960 pieces\" width=\"687\" height=\"1024\" title=\"-\" srcset=\"https:\/\/mouldking.store\/wp-content\/uploads\/2021\/11\/MODULAR-BUILDING-LOZ-1042-Cathay-Theatre-3.jpg 687w, https:\/\/mouldking.store\/wp-content\/uploads\/2021\/11\/MODULAR-BUILDING-LOZ-1042-Cathay-Theatre-3-201x300.jpg 201w, https:\/\/mouldking.store\/wp-content\/uploads\/2021\/11\/MODULAR-BUILDING-LOZ-1042-Cathay-Theatre-3-300x447.jpg 300w, https:\/\/mouldking.store\/wp-content\/uploads\/2021\/11\/MODULAR-BUILDING-LOZ-1042-Cathay-Theatre-3-600x894.jpg 600w, https:\/\/mouldking.store\/wp-content\/uploads\/2021\/11\/MODULAR-BUILDING-LOZ-1042-Cathay-Theatre-3-101x150.jpg 101w\" sizes=\"(max-width: 687px) 100vw, 687px\" \/><figcaption id=\"caption-attachment-26390\" class=\"wp-caption-text\">LOZ 1042 Cathay Sz\u00ednh\u00e1z 2960 darabbal<\/figcaption><\/figure>\n<figure id=\"attachment_26392\" aria-describedby=\"caption-attachment-26392\" style=\"width: 729px\" class=\"wp-caption aligncenter\"><img decoding=\"async\" class=\"wp-image-26392 size-full\" src=\"https:\/\/mouldking.store\/wp-content\/uploads\/2021\/11\/MODULAR-BUILDING-LOZ-1042-Cathay-Theatre-5.jpg\" alt=\"LOZ 1042 Cathay Theatre with 2960 pieces\" width=\"729\" height=\"1024\" title=\"-\" srcset=\"https:\/\/mouldking.store\/wp-content\/uploads\/2021\/11\/MODULAR-BUILDING-LOZ-1042-Cathay-Theatre-5.jpg 729w, https:\/\/mouldking.store\/wp-content\/uploads\/2021\/11\/MODULAR-BUILDING-LOZ-1042-Cathay-Theatre-5-214x300.jpg 214w, https:\/\/mouldking.store\/wp-content\/uploads\/2021\/11\/MODULAR-BUILDING-LOZ-1042-Cathay-Theatre-5-300x421.jpg 300w, https:\/\/mouldking.store\/wp-content\/uploads\/2021\/11\/MODULAR-BUILDING-LOZ-1042-Cathay-Theatre-5-600x843.jpg 600w, https:\/\/mouldking.store\/wp-content\/uploads\/2021\/11\/MODULAR-BUILDING-LOZ-1042-Cathay-Theatre-5-107x150.jpg 107w\" sizes=\"(max-width: 729px) 100vw, 729px\" \/><figcaption id=\"caption-attachment-26392\" class=\"wp-caption-text\">LOZ 1042 Cathay Sz\u00ednh\u00e1z 2960 darabbal<\/figcaption><\/figure>\n<figure id=\"attachment_26393\" aria-describedby=\"caption-attachment-26393\" style=\"width: 710px\" class=\"wp-caption aligncenter\"><img loading=\"lazy\" decoding=\"async\" class=\"wp-image-26393 size-full\" src=\"https:\/\/mouldking.store\/wp-content\/uploads\/2021\/11\/MODULAR-BUILDING-LOZ-1042-Cathay-Theatre-6.jpg\" alt=\"LOZ 1042 Cathay Theatre with 2960 pieces\" width=\"710\" height=\"1024\" title=\"-\" srcset=\"https:\/\/mouldking.store\/wp-content\/uploads\/2021\/11\/MODULAR-BUILDING-LOZ-1042-Cathay-Theatre-6.jpg 710w, https:\/\/mouldking.store\/wp-content\/uploads\/2021\/11\/MODULAR-BUILDING-LOZ-1042-Cathay-Theatre-6-208x300.jpg 208w, https:\/\/mouldking.store\/wp-content\/uploads\/2021\/11\/MODULAR-BUILDING-LOZ-1042-Cathay-Theatre-6-300x433.jpg 300w, https:\/\/mouldking.store\/wp-content\/uploads\/2021\/11\/MODULAR-BUILDING-LOZ-1042-Cathay-Theatre-6-600x865.jpg 600w, https:\/\/mouldking.store\/wp-content\/uploads\/2021\/11\/MODULAR-BUILDING-LOZ-1042-Cathay-Theatre-6-104x150.jpg 104w\" sizes=\"(max-width: 710px) 100vw, 710px\" \/><figcaption id=\"caption-attachment-26393\" class=\"wp-caption-text\">LOZ 1042 Cathay Sz\u00ednh\u00e1z 2960 darabbal<\/figcaption><\/figure>\n<figure id=\"attachment_26389\" aria-describedby=\"caption-attachment-26389\" style=\"width: 790px\" class=\"wp-caption aligncenter\"><img loading=\"lazy\" decoding=\"async\" class=\"wp-image-26389 size-full\" src=\"https:\/\/mouldking.store\/wp-content\/uploads\/2021\/11\/MODULAR-BUILDING-LOZ-1042-Cathay-Theatre-2.jpg\" alt=\"LOZ 1042 Cathay Theatre with 2960 pieces\" width=\"790\" height=\"854\" title=\"-\" srcset=\"https:\/\/mouldking.store\/wp-content\/uploads\/2021\/11\/MODULAR-BUILDING-LOZ-1042-Cathay-Theatre-2.jpg 790w, https:\/\/mouldking.store\/wp-content\/uploads\/2021\/11\/MODULAR-BUILDING-LOZ-1042-Cathay-Theatre-2-278x300.jpg 278w, https:\/\/mouldking.store\/wp-content\/uploads\/2021\/11\/MODULAR-BUILDING-LOZ-1042-Cathay-Theatre-2-768x830.jpg 768w, https:\/\/mouldking.store\/wp-content\/uploads\/2021\/11\/MODULAR-BUILDING-LOZ-1042-Cathay-Theatre-2-300x324.jpg 300w, https:\/\/mouldking.store\/wp-content\/uploads\/2021\/11\/MODULAR-BUILDING-LOZ-1042-Cathay-Theatre-2-600x649.jpg 600w, https:\/\/mouldking.store\/wp-content\/uploads\/2021\/11\/MODULAR-BUILDING-LOZ-1042-Cathay-Theatre-2-139x150.jpg 139w\" sizes=\"(max-width: 790px) 100vw, 790px\" \/><figcaption id=\"caption-attachment-26389\" class=\"wp-caption-text\">LOZ 1042 Cathay Sz\u00ednh\u00e1z 2960 darabbal<\/figcaption><\/figure>\n<figure id=\"attachment_26391\" aria-describedby=\"caption-attachment-26391\" style=\"width: 687px\" class=\"wp-caption aligncenter\"><img loading=\"lazy\" decoding=\"async\" class=\"wp-image-26391 size-full\" src=\"https:\/\/mouldking.store\/wp-content\/uploads\/2021\/11\/MODULAR-BUILDING-LOZ-1042-Cathay-Theatre-4.jpg\" alt=\"LOZ 1042 Cathay Theatre with 2960 pieces\" width=\"687\" height=\"1024\" title=\"-\" srcset=\"https:\/\/mouldking.store\/wp-content\/uploads\/2021\/11\/MODULAR-BUILDING-LOZ-1042-Cathay-Theatre-4.jpg 687w, https:\/\/mouldking.store\/wp-content\/uploads\/2021\/11\/MODULAR-BUILDING-LOZ-1042-Cathay-Theatre-4-201x300.jpg 201w, https:\/\/mouldking.store\/wp-content\/uploads\/2021\/11\/MODULAR-BUILDING-LOZ-1042-Cathay-Theatre-4-300x447.jpg 300w, https:\/\/mouldking.store\/wp-content\/uploads\/2021\/11\/MODULAR-BUILDING-LOZ-1042-Cathay-Theatre-4-600x894.jpg 600w, https:\/\/mouldking.store\/wp-content\/uploads\/2021\/11\/MODULAR-BUILDING-LOZ-1042-Cathay-Theatre-4-101x150.jpg 101w\" sizes=\"(max-width: 687px) 100vw, 687px\" \/><figcaption id=\"caption-attachment-26391\" class=\"wp-caption-text\">LOZ 1042 Cathay Sz\u00ednh\u00e1z 2960 darabbal<\/figcaption><\/figure>","protected":false},"excerpt":{"rendered":"<p>Product information: Brand: LOZ Gender: Unisex Name: Cathay Theatre Age Range: &gt; 6 years old Model Number: 1042 Classification: Assemblage Plastic Block Shape: Self-Locking Bricks Material: Plastic Plastic Type: ABS Bricks Blocks: 2960 PCS Contains detailed assembly instructions. Notice: 1. Without an original box, but we guarantee our products have quality assurance and nice packaging. [&hellip;]<\/p>","protected":false},"featured_media":26388,"comment_status":"open","ping_status":"closed","template":"","meta":{"_acf_changed":false},"product_cat":[390],"product_tag":[2949,2950,2947,2202,2946,2945,2948,2951],"class_list":["product","first","instock","shipping-taxable","purchasable","product-type-simple"],"acf":[],"_links":{"self":[{"href":"https:\/\/mouldking.store\/hu\/wp-json\/wp\/v2\/product\/26387","targetHints":{"allow":["GET"]}}],"collection":[{"href":"https:\/\/mouldking.store\/hu\/wp-json\/wp\/v2\/product"}],"about":[{"href":"https:\/\/mouldking.store\/hu\/wp-json\/wp\/v2\/types\/product"}],"replies":[{"embeddable":true,"href":"https:\/\/mouldking.store\/hu\/wp-json\/wp\/v2\/comments?post=26387"}],"wp:featuredmedia":[{"embeddable":true,"href":"https:\/\/mouldking.store\/hu\/wp-json\/wp\/v2\/media\/26388"}],"wp:attachment":[{"href":"https:\/\/mouldking.store\/hu\/wp-json\/wp\/v2\/media?parent=26387"}],"wp:term":[{"taxonomy":"product_cat","embeddable":true,"href":"https:\/\/mouldking.store\/hu\/wp-json\/wp\/v2\/product_cat?post=26387"},{"taxonomy":"product_tag","embeddable":true,"href":"https:\/\/mouldking.store\/hu\/wp-json\/wp\/v2\/product_tag?post=26387"}],"curies":[{"name":"wp","href":"https:\/\/api.w.org\/{rel}","templated":true}]}}