{"id":26732,"date":"2021-11-05T00:45:24","date_gmt":"2021-11-05T00:45:24","guid":{"rendered":"https:\/\/mouldking.store\/?post_type=product&#038;p=26732"},"modified":"2021-12-23T09:40:49","modified_gmt":"2021-12-23T09:40:49","slug":"dk-80009-boeing-787-with-1353-pieces","status":"publish","type":"product","link":"https:\/\/mouldking.store\/hu\/shop\/dk-80009-boeing-787-with-1353-pieces\/","title":{"rendered":"DK 80009 BOEING 787 1353 darabbal"},"content":{"rendered":"<p>Term\u00e9k inform\u00e1ci\u00f3:<\/p>\n<ol>\n<li>M\u00e1rka: DK<\/li>\n<li>Nem: Uniszex<\/li>\n<li>Name: BOEING 787<\/li>\n<li>Koroszt\u00e1ly: &gt; 6 \u00e9v<\/li>\n<li>Modellsz\u00e1m: 80009<\/li>\n<li>Besorol\u00e1s: \u00d6sszeszerel\u00e9s<\/li>\n<li>M\u0171anyag blokk forma: \u00f6nz\u00e1r\u00f3 t\u00e9gla<\/li>\n<li>Anyaga: M\u0171anyag<\/li>\n<li>M\u0171anyag t\u00edpus: ABS<\/li>\n<li>Bricks Blocks: 1353 PCS<\/li>\n<li>R\u00e9szletes \u00f6sszeszerel\u00e9si \u00fatmutat\u00f3t tartalmaz.<\/li>\n<\/ol>\n<p>\u00c9rtes\u00edt\u00e9s:<br \/>\n1. Eredeti doboz n\u00e9lk\u00fcl, de garant\u00e1ljuk, hogy term\u00e9keink min\u0151s\u00e9gbiztos\u00edt\u00e1ssal \u00e9s sz\u00e9p csomagol\u00e1ssal rendelkeznek.<br \/>\n2. Mint minden alkatr\u00e9szt, amelyet a sz\u00e1ll\u00edt\u00e1s el\u0151tt ellen\u0151rizt\u00fcnk, ez\u00e9rt ha \u00fagy tal\u00e1lja, hogy n\u00e9h\u00e1ny alkatr\u00e9sz hi\u00e1nyzik vagy s\u00e9r\u00fclt, ne agg\u00f3djon, \u00e9s k\u00e9rj\u00fck, vegye fel vel\u00fcnk a kapcsolatot, \u00e9s azonnal ingyenesen elk\u00fcldj\u00fck \u00d6nnek.<\/p>\n<figure id=\"attachment_26735\" aria-describedby=\"caption-attachment-26735\" style=\"width: 828px\" class=\"wp-caption aligncenter\"><img fetchpriority=\"high\" decoding=\"async\" class=\"wp-image-26735 size-full\" src=\"https:\/\/mouldking.store\/wp-content\/uploads\/2021\/11\/DK-80009-BOEING-787-with-1353-pieces-1.jpg\" alt=\"DK 80009 BOEING 787 with 1353 pieces\" width=\"828\" height=\"830\" title=\"-\" srcset=\"https:\/\/mouldking.store\/wp-content\/uploads\/2021\/11\/DK-80009-BOEING-787-with-1353-pieces-1.jpg 828w, https:\/\/mouldking.store\/wp-content\/uploads\/2021\/11\/DK-80009-BOEING-787-with-1353-pieces-1-300x301.jpg 300w, https:\/\/mouldking.store\/wp-content\/uploads\/2021\/11\/DK-80009-BOEING-787-with-1353-pieces-1-768x770.jpg 768w, https:\/\/mouldking.store\/wp-content\/uploads\/2021\/11\/DK-80009-BOEING-787-with-1353-pieces-1-600x601.jpg 600w, https:\/\/mouldking.store\/wp-content\/uploads\/2021\/11\/DK-80009-BOEING-787-with-1353-pieces-1-150x150.jpg 150w\" sizes=\"(max-width: 828px) 100vw, 828px\" \/><figcaption id=\"caption-attachment-26735\" class=\"wp-caption-text\">DK 80009 BOEING 787 1353 darabbal<\/figcaption><\/figure>\n<figure id=\"attachment_26738\" aria-describedby=\"caption-attachment-26738\" style=\"width: 828px\" class=\"wp-caption aligncenter\"><img decoding=\"async\" class=\"wp-image-26738 size-full\" src=\"https:\/\/mouldking.store\/wp-content\/uploads\/2021\/11\/DK-80009-BOEING-787-with-1353-pieces-4.jpg\" alt=\"DK 80009 BOEING 787 with 1353 pieces\" width=\"828\" height=\"831\" title=\"-\" srcset=\"https:\/\/mouldking.store\/wp-content\/uploads\/2021\/11\/DK-80009-BOEING-787-with-1353-pieces-4.jpg 828w, https:\/\/mouldking.store\/wp-content\/uploads\/2021\/11\/DK-80009-BOEING-787-with-1353-pieces-4-300x301.jpg 300w, https:\/\/mouldking.store\/wp-content\/uploads\/2021\/11\/DK-80009-BOEING-787-with-1353-pieces-4-768x771.jpg 768w, https:\/\/mouldking.store\/wp-content\/uploads\/2021\/11\/DK-80009-BOEING-787-with-1353-pieces-4-600x602.jpg 600w, https:\/\/mouldking.store\/wp-content\/uploads\/2021\/11\/DK-80009-BOEING-787-with-1353-pieces-4-150x150.jpg 150w\" sizes=\"(max-width: 828px) 100vw, 828px\" \/><figcaption id=\"caption-attachment-26738\" class=\"wp-caption-text\">DK 80009 BOEING 787 1353 darabbal<\/figcaption><\/figure>\n<figure id=\"attachment_26736\" aria-describedby=\"caption-attachment-26736\" style=\"width: 828px\" class=\"wp-caption aligncenter\"><img decoding=\"async\" class=\"wp-image-26736 size-full\" src=\"https:\/\/mouldking.store\/wp-content\/uploads\/2021\/11\/DK-80009-BOEING-787-with-1353-pieces-2.jpg\" alt=\"DK 80009 BOEING 787 with 1353 pieces\" width=\"828\" height=\"833\" title=\"-\" srcset=\"https:\/\/mouldking.store\/wp-content\/uploads\/2021\/11\/DK-80009-BOEING-787-with-1353-pieces-2.jpg 828w, https:\/\/mouldking.store\/wp-content\/uploads\/2021\/11\/DK-80009-BOEING-787-with-1353-pieces-2-298x300.jpg 298w, https:\/\/mouldking.store\/wp-content\/uploads\/2021\/11\/DK-80009-BOEING-787-with-1353-pieces-2-768x773.jpg 768w, https:\/\/mouldking.store\/wp-content\/uploads\/2021\/11\/DK-80009-BOEING-787-with-1353-pieces-2-300x302.jpg 300w, https:\/\/mouldking.store\/wp-content\/uploads\/2021\/11\/DK-80009-BOEING-787-with-1353-pieces-2-600x604.jpg 600w, https:\/\/mouldking.store\/wp-content\/uploads\/2021\/11\/DK-80009-BOEING-787-with-1353-pieces-2-150x150.jpg 150w\" sizes=\"(max-width: 828px) 100vw, 828px\" \/><figcaption id=\"caption-attachment-26736\" class=\"wp-caption-text\">DK 80009 BOEING 787 1353 darabbal<\/figcaption><\/figure>\n<figure id=\"attachment_26737\" aria-describedby=\"caption-attachment-26737\" style=\"width: 828px\" class=\"wp-caption aligncenter\"><img loading=\"lazy\" decoding=\"async\" class=\"wp-image-26737 size-full\" src=\"https:\/\/mouldking.store\/wp-content\/uploads\/2021\/11\/DK-80009-BOEING-787-with-1353-pieces-3.jpg\" alt=\"DK 80009 BOEING 787 with 1353 pieces\" width=\"828\" height=\"827\" title=\"-\" srcset=\"https:\/\/mouldking.store\/wp-content\/uploads\/2021\/11\/DK-80009-BOEING-787-with-1353-pieces-3.jpg 828w, https:\/\/mouldking.store\/wp-content\/uploads\/2021\/11\/DK-80009-BOEING-787-with-1353-pieces-3-300x300.jpg 300w, https:\/\/mouldking.store\/wp-content\/uploads\/2021\/11\/DK-80009-BOEING-787-with-1353-pieces-3-768x767.jpg 768w, https:\/\/mouldking.store\/wp-content\/uploads\/2021\/11\/DK-80009-BOEING-787-with-1353-pieces-3-600x599.jpg 600w, https:\/\/mouldking.store\/wp-content\/uploads\/2021\/11\/DK-80009-BOEING-787-with-1353-pieces-3-150x150.jpg 150w\" sizes=\"(max-width: 828px) 100vw, 828px\" \/><figcaption id=\"caption-attachment-26737\" class=\"wp-caption-text\">DK 80009 BOEING 787 1353 darabbal<\/figcaption><\/figure>","protected":false},"excerpt":{"rendered":"<p>Product information: Brand: DK Gender: Unisex Name: BOEING 787 Age Range: &gt; 6 years old Model Number: 80009 Classification: Assemblage Plastic Block Shape: Self-Locking Bricks Material: Plastic Plastic Type: ABS Bricks Blocks: 1353 PCS Contains detailed assembly instructions. Notice: 1. Without an original box, but we guarantee our products have quality assurance and nice packaging. [&hellip;]<\/p>","protected":false},"featured_media":26735,"comment_status":"open","ping_status":"closed","template":"","meta":{"_acf_changed":false},"product_cat":[364],"product_tag":[3192,3190,3191,3189,2914,3188,3187,3194,3193],"class_list":["product","first","instock","shipping-taxable","purchasable","product-type-simple"],"acf":[],"_links":{"self":[{"href":"https:\/\/mouldking.store\/hu\/wp-json\/wp\/v2\/product\/26732","targetHints":{"allow":["GET"]}}],"collection":[{"href":"https:\/\/mouldking.store\/hu\/wp-json\/wp\/v2\/product"}],"about":[{"href":"https:\/\/mouldking.store\/hu\/wp-json\/wp\/v2\/types\/product"}],"replies":[{"embeddable":true,"href":"https:\/\/mouldking.store\/hu\/wp-json\/wp\/v2\/comments?post=26732"}],"wp:featuredmedia":[{"embeddable":true,"href":"https:\/\/mouldking.store\/hu\/wp-json\/wp\/v2\/media\/26735"}],"wp:attachment":[{"href":"https:\/\/mouldking.store\/hu\/wp-json\/wp\/v2\/media?parent=26732"}],"wp:term":[{"taxonomy":"product_cat","embeddable":true,"href":"https:\/\/mouldking.store\/hu\/wp-json\/wp\/v2\/product_cat?post=26732"},{"taxonomy":"product_tag","embeddable":true,"href":"https:\/\/mouldking.store\/hu\/wp-json\/wp\/v2\/product_tag?post=26732"}],"curies":[{"name":"wp","href":"https:\/\/api.w.org\/{rel}","templated":true}]}}