{"id":26756,"date":"2021-11-05T01:29:49","date_gmt":"2021-11-05T01:29:49","guid":{"rendered":"https:\/\/mouldking.store\/?post_type=product&#038;p=26756"},"modified":"2023-12-12T10:22:32","modified_gmt":"2023-12-12T03:22:32","slug":"mould-king-21021-bounty-hunter-bust-with-1268-pieces","status":"publish","type":"product","link":"https:\/\/mouldking.store\/hu\/shop\/mould-king-21021-bounty-hunter-bust-with-1268-pieces\/","title":{"rendered":"Pen\u00e9szkir\u00e1ly 21021 Bounty Hunter mellszobor 1268 darabbal"},"content":{"rendered":"<p>Term\u00e9k inform\u00e1ci\u00f3:<\/p>\n<ol>\n<li>M\u00e1rka: Mold King<\/li>\n<li>Nem: Uniszex<\/li>\n<li>Name: Bounty Hunter Bust<\/li>\n<li>Korhat\u00e1r: 14 \u00e9v felett<\/li>\n<li>Model Number: 21021<\/li>\n<li>Besorol\u00e1s: \u00d6sszeszerel\u00e9s<\/li>\n<li>M\u0171anyag blokk forma: \u00f6nz\u00e1r\u00f3 t\u00e9gla<\/li>\n<li>Anyaga: M\u0171anyag<\/li>\n<li>M\u0171anyag t\u00edpus: ABS<\/li>\n<li>Bricks Blocks: 1268 PCS<\/li>\n<li>R\u00e9szletes \u00f6sszeszerel\u00e9si \u00fatmutat\u00f3t tartalmaz.<\/li>\n<\/ol>\n<p>\u00c9rtes\u00edt\u00e9s:<br \/>\n1. Eredeti doboz n\u00e9lk\u00fcl, de garant\u00e1ljuk, hogy term\u00e9keink min\u0151s\u00e9gbiztos\u00edt\u00e1ssal \u00e9s sz\u00e9p csomagol\u00e1ssal rendelkeznek.<br \/>\n2. Mint minden alkatr\u00e9szt, amelyet a sz\u00e1ll\u00edt\u00e1s el\u0151tt ellen\u0151rizt\u00fcnk, ez\u00e9rt ha \u00fagy tal\u00e1lja, hogy n\u00e9h\u00e1ny alkatr\u00e9sz hi\u00e1nyzik vagy s\u00e9r\u00fclt, ne agg\u00f3djon, \u00e9s k\u00e9rj\u00fck, vegye fel vel\u00fcnk a kapcsolatot, \u00e9s azonnal ingyenesen elk\u00fcldj\u00fck \u00d6nnek.<\/p>\n<figure id=\"attachment_26764\" aria-describedby=\"caption-attachment-26764\" style=\"width: 800px\" class=\"wp-caption aligncenter\"><img fetchpriority=\"high\" decoding=\"async\" class=\"wp-image-26764 size-full\" src=\"https:\/\/mouldking.store\/wp-content\/uploads\/2021\/11\/Mould-King-21021-Bounty-Hunter-Bust-with-1268-pieces-1.jpg\" alt=\"Mould King 21021 Bounty Hunter Bust with 1268 pieces\" width=\"800\" height=\"800\" title=\"-\" srcset=\"https:\/\/mouldking.store\/wp-content\/uploads\/2021\/11\/Mould-King-21021-Bounty-Hunter-Bust-with-1268-pieces-1.jpg 800w, https:\/\/mouldking.store\/wp-content\/uploads\/2021\/11\/Mould-King-21021-Bounty-Hunter-Bust-with-1268-pieces-1-300x300.jpg 300w, https:\/\/mouldking.store\/wp-content\/uploads\/2021\/11\/Mould-King-21021-Bounty-Hunter-Bust-with-1268-pieces-1-768x768.jpg 768w, https:\/\/mouldking.store\/wp-content\/uploads\/2021\/11\/Mould-King-21021-Bounty-Hunter-Bust-with-1268-pieces-1-600x600.jpg 600w, https:\/\/mouldking.store\/wp-content\/uploads\/2021\/11\/Mould-King-21021-Bounty-Hunter-Bust-with-1268-pieces-1-150x150.jpg 150w\" sizes=\"(max-width: 800px) 100vw, 800px\" \/><figcaption id=\"caption-attachment-26764\" class=\"wp-caption-text\">Pen\u00e9szkir\u00e1ly 21021 Bounty Hunter mellszobor 1268 darabbal<\/figcaption><\/figure>\n<figure id=\"attachment_26768\" aria-describedby=\"caption-attachment-26768\" style=\"width: 620px\" class=\"wp-caption aligncenter\"><img decoding=\"async\" class=\"wp-image-26768 size-full\" src=\"https:\/\/mouldking.store\/wp-content\/uploads\/2021\/11\/Mould-King-21021-Bounty-Hunter-Bust-with-1268-pieces-5.jpg\" alt=\"Mould King 21021 Bounty Hunter Bust with 1268 pieces\" width=\"620\" height=\"1023\" title=\"-\" srcset=\"https:\/\/mouldking.store\/wp-content\/uploads\/2021\/11\/Mould-King-21021-Bounty-Hunter-Bust-with-1268-pieces-5.jpg 620w, https:\/\/mouldking.store\/wp-content\/uploads\/2021\/11\/Mould-King-21021-Bounty-Hunter-Bust-with-1268-pieces-5-182x300.jpg 182w, https:\/\/mouldking.store\/wp-content\/uploads\/2021\/11\/Mould-King-21021-Bounty-Hunter-Bust-with-1268-pieces-5-300x495.jpg 300w, https:\/\/mouldking.store\/wp-content\/uploads\/2021\/11\/Mould-King-21021-Bounty-Hunter-Bust-with-1268-pieces-5-600x990.jpg 600w, https:\/\/mouldking.store\/wp-content\/uploads\/2021\/11\/Mould-King-21021-Bounty-Hunter-Bust-with-1268-pieces-5-91x150.jpg 91w\" sizes=\"(max-width: 620px) 100vw, 620px\" \/><figcaption id=\"caption-attachment-26768\" class=\"wp-caption-text\">Pen\u00e9szkir\u00e1ly 21021 Bounty Hunter mellszobor 1268 darabbal<\/figcaption><\/figure>\n<figure id=\"attachment_26767\" aria-describedby=\"caption-attachment-26767\" style=\"width: 790px\" class=\"wp-caption aligncenter\"><img decoding=\"async\" class=\"wp-image-26767 size-full\" src=\"https:\/\/mouldking.store\/wp-content\/uploads\/2021\/11\/Mould-King-21021-Bounty-Hunter-Bust-with-1268-pieces-4.jpg\" alt=\"Mould King 21021 Bounty Hunter Bust with 1268 pieces\" width=\"790\" height=\"822\" title=\"-\" srcset=\"https:\/\/mouldking.store\/wp-content\/uploads\/2021\/11\/Mould-King-21021-Bounty-Hunter-Bust-with-1268-pieces-4.jpg 790w, https:\/\/mouldking.store\/wp-content\/uploads\/2021\/11\/Mould-King-21021-Bounty-Hunter-Bust-with-1268-pieces-4-288x300.jpg 288w, https:\/\/mouldking.store\/wp-content\/uploads\/2021\/11\/Mould-King-21021-Bounty-Hunter-Bust-with-1268-pieces-4-768x799.jpg 768w, https:\/\/mouldking.store\/wp-content\/uploads\/2021\/11\/Mould-King-21021-Bounty-Hunter-Bust-with-1268-pieces-4-300x312.jpg 300w, https:\/\/mouldking.store\/wp-content\/uploads\/2021\/11\/Mould-King-21021-Bounty-Hunter-Bust-with-1268-pieces-4-600x624.jpg 600w, https:\/\/mouldking.store\/wp-content\/uploads\/2021\/11\/Mould-King-21021-Bounty-Hunter-Bust-with-1268-pieces-4-144x150.jpg 144w\" sizes=\"(max-width: 790px) 100vw, 790px\" \/><figcaption id=\"caption-attachment-26767\" class=\"wp-caption-text\">Pen\u00e9szkir\u00e1ly 21021 Bounty Hunter mellszobor 1268 darabbal<\/figcaption><\/figure>\n<figure id=\"attachment_26766\" aria-describedby=\"caption-attachment-26766\" style=\"width: 790px\" class=\"wp-caption aligncenter\"><img loading=\"lazy\" decoding=\"async\" class=\"wp-image-26766 size-full\" src=\"https:\/\/mouldking.store\/wp-content\/uploads\/2021\/11\/Mould-King-21021-Bounty-Hunter-Bust-with-1268-pieces-3.jpg\" alt=\"Mould King 21021 Bounty Hunter Bust with 1268 pieces\" width=\"790\" height=\"808\" title=\"-\" srcset=\"https:\/\/mouldking.store\/wp-content\/uploads\/2021\/11\/Mould-King-21021-Bounty-Hunter-Bust-with-1268-pieces-3.jpg 790w, https:\/\/mouldking.store\/wp-content\/uploads\/2021\/11\/Mould-King-21021-Bounty-Hunter-Bust-with-1268-pieces-3-293x300.jpg 293w, https:\/\/mouldking.store\/wp-content\/uploads\/2021\/11\/Mould-King-21021-Bounty-Hunter-Bust-with-1268-pieces-3-768x785.jpg 768w, https:\/\/mouldking.store\/wp-content\/uploads\/2021\/11\/Mould-King-21021-Bounty-Hunter-Bust-with-1268-pieces-3-300x307.jpg 300w, https:\/\/mouldking.store\/wp-content\/uploads\/2021\/11\/Mould-King-21021-Bounty-Hunter-Bust-with-1268-pieces-3-600x614.jpg 600w, https:\/\/mouldking.store\/wp-content\/uploads\/2021\/11\/Mould-King-21021-Bounty-Hunter-Bust-with-1268-pieces-3-147x150.jpg 147w\" sizes=\"(max-width: 790px) 100vw, 790px\" \/><figcaption id=\"caption-attachment-26766\" class=\"wp-caption-text\">Pen\u00e9szkir\u00e1ly 21021 Bounty Hunter mellszobor 1268 darabbal<\/figcaption><\/figure>\n<figure id=\"attachment_26765\" aria-describedby=\"caption-attachment-26765\" style=\"width: 790px\" class=\"wp-caption aligncenter\"><img loading=\"lazy\" decoding=\"async\" class=\"wp-image-26765 size-full\" src=\"https:\/\/mouldking.store\/wp-content\/uploads\/2021\/11\/Mould-King-21021-Bounty-Hunter-Bust-with-1268-pieces-2.jpg\" alt=\"Mould King 21021 Bounty Hunter Bust with 1268 pieces\" width=\"790\" height=\"1022\" title=\"-\" srcset=\"https:\/\/mouldking.store\/wp-content\/uploads\/2021\/11\/Mould-King-21021-Bounty-Hunter-Bust-with-1268-pieces-2.jpg 790w, https:\/\/mouldking.store\/wp-content\/uploads\/2021\/11\/Mould-King-21021-Bounty-Hunter-Bust-with-1268-pieces-2-232x300.jpg 232w, https:\/\/mouldking.store\/wp-content\/uploads\/2021\/11\/Mould-King-21021-Bounty-Hunter-Bust-with-1268-pieces-2-768x994.jpg 768w, https:\/\/mouldking.store\/wp-content\/uploads\/2021\/11\/Mould-King-21021-Bounty-Hunter-Bust-with-1268-pieces-2-300x388.jpg 300w, https:\/\/mouldking.store\/wp-content\/uploads\/2021\/11\/Mould-King-21021-Bounty-Hunter-Bust-with-1268-pieces-2-600x776.jpg 600w, https:\/\/mouldking.store\/wp-content\/uploads\/2021\/11\/Mould-King-21021-Bounty-Hunter-Bust-with-1268-pieces-2-116x150.jpg 116w\" sizes=\"(max-width: 790px) 100vw, 790px\" \/><figcaption id=\"caption-attachment-26765\" class=\"wp-caption-text\">Pen\u00e9szkir\u00e1ly 21021 Bounty Hunter mellszobor 1268 darabbal<\/figcaption><\/figure>","protected":false},"excerpt":{"rendered":"<p>Product information: Brand: Mould King Gender: Unisex Name: Bounty Hunter Bust Age Range: &gt; 14 years old Model Number: 21021 Classification: Assemblage Plastic Block Shape: Self-Locking Bricks Material: Plastic Plastic Type: ABS Bricks Blocks: 1268 PCS Contains detailed assembly instructions. Notice: 1. Without an original box, but we guarantee our products have quality assurance and [&hellip;]<\/p>","protected":false},"featured_media":26764,"comment_status":"open","ping_status":"closed","template":"","meta":{"_acf_changed":false},"product_cat":[581],"product_tag":[3217,3214,1753,3213,3212,3215,3216],"class_list":["product","first","outofstock","shipping-taxable","purchasable","product-type-simple"],"acf":[],"_links":{"self":[{"href":"https:\/\/mouldking.store\/hu\/wp-json\/wp\/v2\/product\/26756","targetHints":{"allow":["GET"]}}],"collection":[{"href":"https:\/\/mouldking.store\/hu\/wp-json\/wp\/v2\/product"}],"about":[{"href":"https:\/\/mouldking.store\/hu\/wp-json\/wp\/v2\/types\/product"}],"replies":[{"embeddable":true,"href":"https:\/\/mouldking.store\/hu\/wp-json\/wp\/v2\/comments?post=26756"}],"wp:featuredmedia":[{"embeddable":true,"href":"https:\/\/mouldking.store\/hu\/wp-json\/wp\/v2\/media\/26764"}],"wp:attachment":[{"href":"https:\/\/mouldking.store\/hu\/wp-json\/wp\/v2\/media?parent=26756"}],"wp:term":[{"taxonomy":"product_cat","embeddable":true,"href":"https:\/\/mouldking.store\/hu\/wp-json\/wp\/v2\/product_cat?post=26756"},{"taxonomy":"product_tag","embeddable":true,"href":"https:\/\/mouldking.store\/hu\/wp-json\/wp\/v2\/product_tag?post=26756"}],"curies":[{"name":"wp","href":"https:\/\/api.w.org\/{rel}","templated":true}]}}