{"id":26770,"date":"2021-11-05T01:41:24","date_gmt":"2021-11-05T01:41:24","guid":{"rendered":"https:\/\/mouldking.store\/?post_type=product&#038;p=26770"},"modified":"2021-12-23T09:40:49","modified_gmt":"2021-12-23T09:40:49","slug":"mj-13002-princess-ice-castle-with-lights-with-2247-pieces","status":"publish","type":"product","link":"https:\/\/mouldking.store\/hu\/shop\/mj-13002-princess-ice-castle-with-lights-with-2247-pieces\/","title":{"rendered":"MJ 13002 Princess J\u00e9gv\u00e1r F\u00e9nyekkel 2247 darabbal"},"content":{"rendered":"<p>Term\u00e9k inform\u00e1ci\u00f3:<\/p>\n<ol>\n<li>M\u00e1rka: MJ<\/li>\n<li>Nem: Uniszex<\/li>\n<li>Name: Princess Ice Castle with Lights<\/li>\n<li>Koroszt\u00e1ly: &gt; 12 \u00e9ves<\/li>\n<li>Model Number: 13002<\/li>\n<li>Besorol\u00e1s: \u00d6sszeszerel\u00e9s<\/li>\n<li>M\u0171anyag blokk forma: \u00f6nz\u00e1r\u00f3 t\u00e9gla<\/li>\n<li>Anyaga: M\u0171anyag<\/li>\n<li>M\u0171anyag t\u00edpus: ABS<\/li>\n<li>Bricks Blocks: 2247 PCS<\/li>\n<li>R\u00e9szletes \u00f6sszeszerel\u00e9si \u00fatmutat\u00f3t tartalmaz.<\/li>\n<\/ol>\n<p>\u00c9rtes\u00edt\u00e9s:<br \/>\n1. Eredeti doboz n\u00e9lk\u00fcl, de garant\u00e1ljuk, hogy term\u00e9keink min\u0151s\u00e9gbiztos\u00edt\u00e1ssal \u00e9s sz\u00e9p csomagol\u00e1ssal rendelkeznek.<br \/>\n2. Mint minden alkatr\u00e9szt, amelyet a sz\u00e1ll\u00edt\u00e1s el\u0151tt ellen\u0151rizt\u00fcnk, ez\u00e9rt ha \u00fagy tal\u00e1lja, hogy n\u00e9h\u00e1ny alkatr\u00e9sz hi\u00e1nyzik vagy s\u00e9r\u00fclt, ne agg\u00f3djon, \u00e9s k\u00e9rj\u00fck, vegye fel vel\u00fcnk a kapcsolatot, \u00e9s azonnal ingyenesen elk\u00fcldj\u00fck \u00d6nnek.<\/p>\n<figure id=\"attachment_26776\" aria-describedby=\"caption-attachment-26776\" style=\"width: 800px\" class=\"wp-caption aligncenter\"><img fetchpriority=\"high\" decoding=\"async\" class=\"wp-image-26776 size-full\" src=\"https:\/\/mouldking.store\/wp-content\/uploads\/2021\/11\/MJ-13002-Princess-Ice-Castle-with-Lights-with-2247-pieces-1.jpg\" alt=\"MJ 13002 Princess Ice Castle with Lights with 2247 pieces\" width=\"800\" height=\"800\" title=\"-\" srcset=\"https:\/\/mouldking.store\/wp-content\/uploads\/2021\/11\/MJ-13002-Princess-Ice-Castle-with-Lights-with-2247-pieces-1.jpg 800w, https:\/\/mouldking.store\/wp-content\/uploads\/2021\/11\/MJ-13002-Princess-Ice-Castle-with-Lights-with-2247-pieces-1-300x300.jpg 300w, https:\/\/mouldking.store\/wp-content\/uploads\/2021\/11\/MJ-13002-Princess-Ice-Castle-with-Lights-with-2247-pieces-1-768x768.jpg 768w, https:\/\/mouldking.store\/wp-content\/uploads\/2021\/11\/MJ-13002-Princess-Ice-Castle-with-Lights-with-2247-pieces-1-600x600.jpg 600w, https:\/\/mouldking.store\/wp-content\/uploads\/2021\/11\/MJ-13002-Princess-Ice-Castle-with-Lights-with-2247-pieces-1-150x150.jpg 150w\" sizes=\"(max-width: 800px) 100vw, 800px\" \/><figcaption id=\"caption-attachment-26776\" class=\"wp-caption-text\">MJ 13002 Princess J\u00e9gv\u00e1r F\u00e9nyekkel 2247 darabbal<\/figcaption><\/figure>\n<figure id=\"attachment_26780\" aria-describedby=\"caption-attachment-26780\" style=\"width: 750px\" class=\"wp-caption aligncenter\"><img decoding=\"async\" class=\"wp-image-26780 size-full\" src=\"https:\/\/mouldking.store\/wp-content\/uploads\/2021\/11\/MJ-13002-Princess-Ice-Castle-with-Lights-with-2247-pieces-5.jpg\" alt=\"MJ 13002 Princess Ice Castle with Lights with 2247 pieces\" width=\"750\" height=\"750\" title=\"-\" srcset=\"https:\/\/mouldking.store\/wp-content\/uploads\/2021\/11\/MJ-13002-Princess-Ice-Castle-with-Lights-with-2247-pieces-5.jpg 750w, https:\/\/mouldking.store\/wp-content\/uploads\/2021\/11\/MJ-13002-Princess-Ice-Castle-with-Lights-with-2247-pieces-5-300x300.jpg 300w, https:\/\/mouldking.store\/wp-content\/uploads\/2021\/11\/MJ-13002-Princess-Ice-Castle-with-Lights-with-2247-pieces-5-600x600.jpg 600w, https:\/\/mouldking.store\/wp-content\/uploads\/2021\/11\/MJ-13002-Princess-Ice-Castle-with-Lights-with-2247-pieces-5-150x150.jpg 150w\" sizes=\"(max-width: 750px) 100vw, 750px\" \/><figcaption id=\"caption-attachment-26780\" class=\"wp-caption-text\">MJ 13002 Princess J\u00e9gv\u00e1r F\u00e9nyekkel 2247 darabbal<\/figcaption><\/figure>\n<figure id=\"attachment_26779\" aria-describedby=\"caption-attachment-26779\" style=\"width: 750px\" class=\"wp-caption aligncenter\"><img decoding=\"async\" class=\"wp-image-26779 size-full\" src=\"https:\/\/mouldking.store\/wp-content\/uploads\/2021\/11\/MJ-13002-Princess-Ice-Castle-with-Lights-with-2247-pieces-4.jpg\" alt=\"MJ 13002 Princess Ice Castle with Lights with 2247 pieces\" width=\"750\" height=\"750\" title=\"-\" srcset=\"https:\/\/mouldking.store\/wp-content\/uploads\/2021\/11\/MJ-13002-Princess-Ice-Castle-with-Lights-with-2247-pieces-4.jpg 750w, https:\/\/mouldking.store\/wp-content\/uploads\/2021\/11\/MJ-13002-Princess-Ice-Castle-with-Lights-with-2247-pieces-4-300x300.jpg 300w, https:\/\/mouldking.store\/wp-content\/uploads\/2021\/11\/MJ-13002-Princess-Ice-Castle-with-Lights-with-2247-pieces-4-600x600.jpg 600w, https:\/\/mouldking.store\/wp-content\/uploads\/2021\/11\/MJ-13002-Princess-Ice-Castle-with-Lights-with-2247-pieces-4-150x150.jpg 150w\" sizes=\"(max-width: 750px) 100vw, 750px\" \/><figcaption id=\"caption-attachment-26779\" class=\"wp-caption-text\">MJ 13002 Princess J\u00e9gv\u00e1r F\u00e9nyekkel 2247 darabbal<\/figcaption><\/figure>\n<figure id=\"attachment_26777\" aria-describedby=\"caption-attachment-26777\" style=\"width: 750px\" class=\"wp-caption aligncenter\"><img loading=\"lazy\" decoding=\"async\" class=\"wp-image-26777 size-full\" src=\"https:\/\/mouldking.store\/wp-content\/uploads\/2021\/11\/MJ-13002-Princess-Ice-Castle-with-Lights-with-2247-pieces-2.jpg\" alt=\"MJ 13002 Princess Ice Castle with Lights with 2247 pieces\" width=\"750\" height=\"834\" title=\"-\" srcset=\"https:\/\/mouldking.store\/wp-content\/uploads\/2021\/11\/MJ-13002-Princess-Ice-Castle-with-Lights-with-2247-pieces-2.jpg 750w, https:\/\/mouldking.store\/wp-content\/uploads\/2021\/11\/MJ-13002-Princess-Ice-Castle-with-Lights-with-2247-pieces-2-270x300.jpg 270w, https:\/\/mouldking.store\/wp-content\/uploads\/2021\/11\/MJ-13002-Princess-Ice-Castle-with-Lights-with-2247-pieces-2-300x334.jpg 300w, https:\/\/mouldking.store\/wp-content\/uploads\/2021\/11\/MJ-13002-Princess-Ice-Castle-with-Lights-with-2247-pieces-2-600x667.jpg 600w, https:\/\/mouldking.store\/wp-content\/uploads\/2021\/11\/MJ-13002-Princess-Ice-Castle-with-Lights-with-2247-pieces-2-135x150.jpg 135w\" sizes=\"(max-width: 750px) 100vw, 750px\" \/><figcaption id=\"caption-attachment-26777\" class=\"wp-caption-text\">MJ 13002 Princess J\u00e9gv\u00e1r F\u00e9nyekkel 2247 darabbal<\/figcaption><\/figure>\n<figure id=\"attachment_26778\" aria-describedby=\"caption-attachment-26778\" style=\"width: 750px\" class=\"wp-caption aligncenter\"><img loading=\"lazy\" decoding=\"async\" class=\"wp-image-26778 size-full\" src=\"https:\/\/mouldking.store\/wp-content\/uploads\/2021\/11\/MJ-13002-Princess-Ice-Castle-with-Lights-with-2247-pieces-3.jpg\" alt=\"MJ 13002 Princess Ice Castle with Lights with 2247 pieces\" width=\"750\" height=\"750\" title=\"-\" srcset=\"https:\/\/mouldking.store\/wp-content\/uploads\/2021\/11\/MJ-13002-Princess-Ice-Castle-with-Lights-with-2247-pieces-3.jpg 750w, https:\/\/mouldking.store\/wp-content\/uploads\/2021\/11\/MJ-13002-Princess-Ice-Castle-with-Lights-with-2247-pieces-3-300x300.jpg 300w, https:\/\/mouldking.store\/wp-content\/uploads\/2021\/11\/MJ-13002-Princess-Ice-Castle-with-Lights-with-2247-pieces-3-600x600.jpg 600w, https:\/\/mouldking.store\/wp-content\/uploads\/2021\/11\/MJ-13002-Princess-Ice-Castle-with-Lights-with-2247-pieces-3-150x150.jpg 150w\" sizes=\"(max-width: 750px) 100vw, 750px\" \/><figcaption id=\"caption-attachment-26778\" class=\"wp-caption-text\">MJ 13002 Princess J\u00e9gv\u00e1r F\u00e9nyekkel 2247 darabbal<\/figcaption><\/figure>","protected":false},"excerpt":{"rendered":"<p>Product information: Brand: MJ Gender: Unisex Name: Princess Ice Castle with Lights Age Range: &gt; 12 years old Model Number: 13002 Classification: Assemblage Plastic Block Shape: Self-Locking Bricks Material: Plastic Plastic Type: ABS Bricks Blocks: 2247 PCS Contains detailed assembly instructions. Notice: 1. Without an original box, but we guarantee our products have quality assurance [&hellip;]<\/p>","protected":false},"featured_media":26776,"comment_status":"open","ping_status":"closed","template":"","meta":{"_acf_changed":false},"product_cat":[390],"product_tag":[2824,3224,3223,3226,3225],"class_list":["product","first","instock","shipping-taxable","purchasable","product-type-simple"],"acf":[],"_links":{"self":[{"href":"https:\/\/mouldking.store\/hu\/wp-json\/wp\/v2\/product\/26770","targetHints":{"allow":["GET"]}}],"collection":[{"href":"https:\/\/mouldking.store\/hu\/wp-json\/wp\/v2\/product"}],"about":[{"href":"https:\/\/mouldking.store\/hu\/wp-json\/wp\/v2\/types\/product"}],"replies":[{"embeddable":true,"href":"https:\/\/mouldking.store\/hu\/wp-json\/wp\/v2\/comments?post=26770"}],"wp:featuredmedia":[{"embeddable":true,"href":"https:\/\/mouldking.store\/hu\/wp-json\/wp\/v2\/media\/26776"}],"wp:attachment":[{"href":"https:\/\/mouldking.store\/hu\/wp-json\/wp\/v2\/media?parent=26770"}],"wp:term":[{"taxonomy":"product_cat","embeddable":true,"href":"https:\/\/mouldking.store\/hu\/wp-json\/wp\/v2\/product_cat?post=26770"},{"taxonomy":"product_tag","embeddable":true,"href":"https:\/\/mouldking.store\/hu\/wp-json\/wp\/v2\/product_tag?post=26770"}],"curies":[{"name":"wp","href":"https:\/\/api.w.org\/{rel}","templated":true}]}}