{"id":27147,"date":"2021-11-12T02:19:18","date_gmt":"2021-11-12T02:19:18","guid":{"rendered":"https:\/\/mouldking.store\/?post_type=product&#038;p=27147"},"modified":"2021-12-23T09:40:43","modified_gmt":"2021-12-23T09:40:43","slug":"18k-k105-emperor-star-destroyer-with-796-pieces","status":"publish","type":"product","link":"https:\/\/mouldking.store\/hu\/shop\/18k-k105-emperor-star-destroyer-with-796-pieces\/","title":{"rendered":"18K K105 Emperor csillagrombol\u00f3 796 darabbal"},"content":{"rendered":"<p>Term\u00e9k inform\u00e1ci\u00f3:<\/p>\n<ol>\n<li>M\u00e1rka: 18K<\/li>\n<li>Nem: Uniszex<\/li>\n<li>Name: Emperor Star Destroyer<\/li>\n<li>Koroszt\u00e1ly: &gt; 6 \u00e9v<\/li>\n<li>Model Number: K105<\/li>\n<li>Besorol\u00e1s: \u00d6sszeszerel\u00e9s<\/li>\n<li>M\u0171anyag blokk forma: \u00f6nz\u00e1r\u00f3 t\u00e9gla<\/li>\n<li>Anyaga: M\u0171anyag<\/li>\n<li>M\u0171anyag t\u00edpus: ABS<\/li>\n<li>Bricks Blocks: 796 PCS<\/li>\n<li>R\u00e9szletes \u00f6sszeszerel\u00e9si \u00fatmutat\u00f3t tartalmaz.<\/li>\n<\/ol>\n<p>\u00c9rtes\u00edt\u00e9s:<br \/>\n1. Eredeti doboz n\u00e9lk\u00fcl, de garant\u00e1ljuk, hogy term\u00e9keink min\u0151s\u00e9gbiztos\u00edt\u00e1ssal \u00e9s sz\u00e9p csomagol\u00e1ssal rendelkeznek.<br \/>\n2. Mint minden alkatr\u00e9szt, amelyet a sz\u00e1ll\u00edt\u00e1s el\u0151tt ellen\u0151rizt\u00fcnk, ez\u00e9rt ha \u00fagy tal\u00e1lja, hogy n\u00e9h\u00e1ny alkatr\u00e9sz hi\u00e1nyzik vagy s\u00e9r\u00fclt, ne agg\u00f3djon, \u00e9s k\u00e9rj\u00fck, vegye fel vel\u00fcnk a kapcsolatot, \u00e9s azonnal ingyenesen elk\u00fcldj\u00fck \u00d6nnek.<\/p>\n<figure id=\"attachment_27148\" aria-describedby=\"caption-attachment-27148\" style=\"width: 800px\" class=\"wp-caption aligncenter\"><img fetchpriority=\"high\" decoding=\"async\" class=\"wp-image-27148 size-full\" src=\"https:\/\/mouldking.store\/wp-content\/uploads\/2021\/11\/18K-K105-Emperor-Star-Destroyer-with-796-pieces-1.jpg\" alt=\"18K K105 Emperor Star Destroyer with 796 pieces\" width=\"800\" height=\"800\" title=\"-\" srcset=\"https:\/\/mouldking.store\/wp-content\/uploads\/2021\/11\/18K-K105-Emperor-Star-Destroyer-with-796-pieces-1.jpg 800w, https:\/\/mouldking.store\/wp-content\/uploads\/2021\/11\/18K-K105-Emperor-Star-Destroyer-with-796-pieces-1-300x300.jpg 300w, https:\/\/mouldking.store\/wp-content\/uploads\/2021\/11\/18K-K105-Emperor-Star-Destroyer-with-796-pieces-1-768x768.jpg 768w, https:\/\/mouldking.store\/wp-content\/uploads\/2021\/11\/18K-K105-Emperor-Star-Destroyer-with-796-pieces-1-600x600.jpg 600w, https:\/\/mouldking.store\/wp-content\/uploads\/2021\/11\/18K-K105-Emperor-Star-Destroyer-with-796-pieces-1-150x150.jpg 150w\" sizes=\"(max-width: 800px) 100vw, 800px\" \/><figcaption id=\"caption-attachment-27148\" class=\"wp-caption-text\">18K K105 Emperor csillagrombol\u00f3 796 darabbal<\/figcaption><\/figure>\n<figure id=\"attachment_27153\" aria-describedby=\"caption-attachment-27153\" style=\"width: 800px\" class=\"wp-caption aligncenter\"><img decoding=\"async\" class=\"wp-image-27153\" src=\"https:\/\/mouldking.store\/wp-content\/uploads\/2021\/11\/18K-K105-Emperor-Star-Destroyer-with-796-pieces-6-300x295.jpg\" alt=\"18K K105 Emperor Star Destroyer with 796 pieces\" width=\"800\" height=\"786\" title=\"-\" srcset=\"https:\/\/mouldking.store\/wp-content\/uploads\/2021\/11\/18K-K105-Emperor-Star-Destroyer-with-796-pieces-6-300x295.jpg 300w, https:\/\/mouldking.store\/wp-content\/uploads\/2021\/11\/18K-K105-Emperor-Star-Destroyer-with-796-pieces-6-768x755.jpg 768w, https:\/\/mouldking.store\/wp-content\/uploads\/2021\/11\/18K-K105-Emperor-Star-Destroyer-with-796-pieces-6-600x589.jpg 600w, https:\/\/mouldking.store\/wp-content\/uploads\/2021\/11\/18K-K105-Emperor-Star-Destroyer-with-796-pieces-6-150x147.jpg 150w, https:\/\/mouldking.store\/wp-content\/uploads\/2021\/11\/18K-K105-Emperor-Star-Destroyer-with-796-pieces-6.jpg 1024w\" sizes=\"(max-width: 800px) 100vw, 800px\" \/><figcaption id=\"caption-attachment-27153\" class=\"wp-caption-text\">18K K105 Emperor csillagrombol\u00f3 796 darabbal<\/figcaption><\/figure>\n<figure id=\"attachment_27152\" aria-describedby=\"caption-attachment-27152\" style=\"width: 769px\" class=\"wp-caption aligncenter\"><img decoding=\"async\" class=\"wp-image-27152 size-full\" src=\"https:\/\/mouldking.store\/wp-content\/uploads\/2021\/11\/18K-K105-Emperor-Star-Destroyer-with-796-pieces-5.jpg\" alt=\"18K K105 Emperor Star Destroyer with 796 pieces\" width=\"769\" height=\"1024\" title=\"-\" srcset=\"https:\/\/mouldking.store\/wp-content\/uploads\/2021\/11\/18K-K105-Emperor-Star-Destroyer-with-796-pieces-5.jpg 769w, https:\/\/mouldking.store\/wp-content\/uploads\/2021\/11\/18K-K105-Emperor-Star-Destroyer-with-796-pieces-5-225x300.jpg 225w, https:\/\/mouldking.store\/wp-content\/uploads\/2021\/11\/18K-K105-Emperor-Star-Destroyer-with-796-pieces-5-300x399.jpg 300w, https:\/\/mouldking.store\/wp-content\/uploads\/2021\/11\/18K-K105-Emperor-Star-Destroyer-with-796-pieces-5-600x799.jpg 600w, https:\/\/mouldking.store\/wp-content\/uploads\/2021\/11\/18K-K105-Emperor-Star-Destroyer-with-796-pieces-5-113x150.jpg 113w\" sizes=\"(max-width: 769px) 100vw, 769px\" \/><figcaption id=\"caption-attachment-27152\" class=\"wp-caption-text\">18K K105 Emperor csillagrombol\u00f3 796 darabbal<\/figcaption><\/figure>\n<figure id=\"attachment_27151\" aria-describedby=\"caption-attachment-27151\" style=\"width: 882px\" class=\"wp-caption aligncenter\"><img loading=\"lazy\" decoding=\"async\" class=\"wp-image-27151 size-full\" src=\"https:\/\/mouldking.store\/wp-content\/uploads\/2021\/11\/18K-K105-Emperor-Star-Destroyer-with-796-pieces-4.jpg\" alt=\"18K K105 Emperor Star Destroyer with 796 pieces\" width=\"882\" height=\"1024\" title=\"-\" srcset=\"https:\/\/mouldking.store\/wp-content\/uploads\/2021\/11\/18K-K105-Emperor-Star-Destroyer-with-796-pieces-4.jpg 882w, https:\/\/mouldking.store\/wp-content\/uploads\/2021\/11\/18K-K105-Emperor-Star-Destroyer-with-796-pieces-4-258x300.jpg 258w, https:\/\/mouldking.store\/wp-content\/uploads\/2021\/11\/18K-K105-Emperor-Star-Destroyer-with-796-pieces-4-768x892.jpg 768w, https:\/\/mouldking.store\/wp-content\/uploads\/2021\/11\/18K-K105-Emperor-Star-Destroyer-with-796-pieces-4-300x348.jpg 300w, https:\/\/mouldking.store\/wp-content\/uploads\/2021\/11\/18K-K105-Emperor-Star-Destroyer-with-796-pieces-4-600x697.jpg 600w, https:\/\/mouldking.store\/wp-content\/uploads\/2021\/11\/18K-K105-Emperor-Star-Destroyer-with-796-pieces-4-129x150.jpg 129w\" sizes=\"(max-width: 882px) 100vw, 882px\" \/><figcaption id=\"caption-attachment-27151\" class=\"wp-caption-text\">18K K105 Emperor csillagrombol\u00f3 796 darabbal<\/figcaption><\/figure>\n<figure id=\"attachment_27150\" aria-describedby=\"caption-attachment-27150\" style=\"width: 800px\" class=\"wp-caption aligncenter\"><img loading=\"lazy\" decoding=\"async\" class=\"wp-image-27150\" src=\"https:\/\/mouldking.store\/wp-content\/uploads\/2021\/11\/18K-K105-Emperor-Star-Destroyer-with-796-pieces-3-300x225.jpg\" alt=\"18K K105 Emperor Star Destroyer with 796 pieces\" width=\"800\" height=\"600\" title=\"-\" srcset=\"https:\/\/mouldking.store\/wp-content\/uploads\/2021\/11\/18K-K105-Emperor-Star-Destroyer-with-796-pieces-3-300x225.jpg 300w, https:\/\/mouldking.store\/wp-content\/uploads\/2021\/11\/18K-K105-Emperor-Star-Destroyer-with-796-pieces-3-768x576.jpg 768w, https:\/\/mouldking.store\/wp-content\/uploads\/2021\/11\/18K-K105-Emperor-Star-Destroyer-with-796-pieces-3-600x450.jpg 600w, https:\/\/mouldking.store\/wp-content\/uploads\/2021\/11\/18K-K105-Emperor-Star-Destroyer-with-796-pieces-3-150x113.jpg 150w, https:\/\/mouldking.store\/wp-content\/uploads\/2021\/11\/18K-K105-Emperor-Star-Destroyer-with-796-pieces-3.jpg 1024w\" sizes=\"(max-width: 800px) 100vw, 800px\" \/><figcaption id=\"caption-attachment-27150\" class=\"wp-caption-text\">18K K105 Emperor csillagrombol\u00f3 796 darabbal<\/figcaption><\/figure>\n<figure id=\"attachment_27149\" aria-describedby=\"caption-attachment-27149\" style=\"width: 740px\" class=\"wp-caption aligncenter\"><img loading=\"lazy\" decoding=\"async\" class=\"wp-image-27149 size-full\" src=\"https:\/\/mouldking.store\/wp-content\/uploads\/2021\/11\/18K-K105-Emperor-Star-Destroyer-with-796-pieces-2.jpg\" alt=\"18K K105 Emperor Star Destroyer with 796 pieces\" width=\"740\" height=\"1024\" title=\"-\" srcset=\"https:\/\/mouldking.store\/wp-content\/uploads\/2021\/11\/18K-K105-Emperor-Star-Destroyer-with-796-pieces-2.jpg 740w, https:\/\/mouldking.store\/wp-content\/uploads\/2021\/11\/18K-K105-Emperor-Star-Destroyer-with-796-pieces-2-217x300.jpg 217w, https:\/\/mouldking.store\/wp-content\/uploads\/2021\/11\/18K-K105-Emperor-Star-Destroyer-with-796-pieces-2-300x415.jpg 300w, https:\/\/mouldking.store\/wp-content\/uploads\/2021\/11\/18K-K105-Emperor-Star-Destroyer-with-796-pieces-2-600x830.jpg 600w, https:\/\/mouldking.store\/wp-content\/uploads\/2021\/11\/18K-K105-Emperor-Star-Destroyer-with-796-pieces-2-108x150.jpg 108w\" sizes=\"(max-width: 740px) 100vw, 740px\" \/><figcaption id=\"caption-attachment-27149\" class=\"wp-caption-text\">18K K105 Emperor csillagrombol\u00f3 796 darabbal<\/figcaption><\/figure>","protected":false},"excerpt":{"rendered":"<p>Product information: Brand: 18K Gender: Unisex Name: Emperor Star Destroyer Age Range: &gt; 6 years old Model Number: K105 Classification: Assemblage Plastic Block Shape: Self-Locking Bricks Material: Plastic Plastic Type: ABS Bricks Blocks: 796 PCS Contains detailed assembly instructions. Notice: 1. Without an original box, but we guarantee our products have quality assurance and nice [&hellip;]<\/p>","protected":false},"featured_media":27148,"comment_status":"open","ping_status":"closed","template":"","meta":{"_acf_changed":false},"product_cat":[415],"product_tag":[3425,3423,3422,3421,682,3426,3428,3424,3427],"class_list":["product","first","instock","shipping-taxable","purchasable","product-type-simple"],"acf":[],"_links":{"self":[{"href":"https:\/\/mouldking.store\/hu\/wp-json\/wp\/v2\/product\/27147","targetHints":{"allow":["GET"]}}],"collection":[{"href":"https:\/\/mouldking.store\/hu\/wp-json\/wp\/v2\/product"}],"about":[{"href":"https:\/\/mouldking.store\/hu\/wp-json\/wp\/v2\/types\/product"}],"replies":[{"embeddable":true,"href":"https:\/\/mouldking.store\/hu\/wp-json\/wp\/v2\/comments?post=27147"}],"wp:featuredmedia":[{"embeddable":true,"href":"https:\/\/mouldking.store\/hu\/wp-json\/wp\/v2\/media\/27148"}],"wp:attachment":[{"href":"https:\/\/mouldking.store\/hu\/wp-json\/wp\/v2\/media?parent=27147"}],"wp:term":[{"taxonomy":"product_cat","embeddable":true,"href":"https:\/\/mouldking.store\/hu\/wp-json\/wp\/v2\/product_cat?post=27147"},{"taxonomy":"product_tag","embeddable":true,"href":"https:\/\/mouldking.store\/hu\/wp-json\/wp\/v2\/product_tag?post=27147"}],"curies":[{"name":"wp","href":"https:\/\/api.w.org\/{rel}","templated":true}]}}