{"id":27154,"date":"2021-11-12T02:23:47","date_gmt":"2021-11-11T19:23:47","guid":{"rendered":"https:\/\/mouldking.store\/?post_type=product&#038;p=27154"},"modified":"2025-12-25T09:17:07","modified_gmt":"2025-12-25T02:17:07","slug":"18k-k106-moc-58723-victory-star-destroyer-with-891-pieces","status":"publish","type":"product","link":"https:\/\/mouldking.store\/hu\/shop\/18k-k106-moc-58723-victory-star-destroyer-with-891-pieces\/","title":{"rendered":"18K K106  MOC-58723 Victory Star Destroyer with 891 pieces"},"content":{"rendered":"<p>Term\u00e9k inform\u00e1ci\u00f3:<\/p>\n<ol>\n<li>M\u00e1rka: 18K<\/li>\n<li>Nem: Uniszex<\/li>\n<li>Name: Victory Star Destroyer<\/li>\n<li>Koroszt\u00e1ly: &gt; 6 \u00e9v<\/li>\n<li>Model Number: K106<\/li>\n<li>Besorol\u00e1s: \u00d6sszeszerel\u00e9s<\/li>\n<li>M\u0171anyag blokk forma: \u00f6nz\u00e1r\u00f3 t\u00e9gla<\/li>\n<li>Anyaga: M\u0171anyag<\/li>\n<li>M\u0171anyag t\u00edpus: ABS<\/li>\n<li>Bricks Blocks: 891 PCS<\/li>\n<li>R\u00e9szletes \u00f6sszeszerel\u00e9si \u00fatmutat\u00f3t tartalmaz.<\/li>\n<\/ol>\n<p>\u00c9rtes\u00edt\u00e9s:<br \/>\n1. Eredeti doboz n\u00e9lk\u00fcl, de garant\u00e1ljuk, hogy term\u00e9keink min\u0151s\u00e9gbiztos\u00edt\u00e1ssal \u00e9s sz\u00e9p csomagol\u00e1ssal rendelkeznek.<br \/>\n2. Mint minden alkatr\u00e9szt, amelyet a sz\u00e1ll\u00edt\u00e1s el\u0151tt ellen\u0151rizt\u00fcnk, ez\u00e9rt ha \u00fagy tal\u00e1lja, hogy n\u00e9h\u00e1ny alkatr\u00e9sz hi\u00e1nyzik vagy s\u00e9r\u00fclt, ne agg\u00f3djon, \u00e9s k\u00e9rj\u00fck, vegye fel vel\u00fcnk a kapcsolatot, \u00e9s azonnal ingyenesen elk\u00fcldj\u00fck \u00d6nnek.<\/p>\n<figure id=\"attachment_27155\" aria-describedby=\"caption-attachment-27155\" style=\"width: 800px\" class=\"wp-caption aligncenter\"><img fetchpriority=\"high\" decoding=\"async\" class=\"wp-image-27155 size-full\" src=\"https:\/\/mouldking.store\/wp-content\/uploads\/2021\/11\/18K-K106-Victory-Star-Destroyer-with-891-pieces-1.jpg\" alt=\"18K K106 Victory Star Destroyer with 891 pieces\" width=\"800\" height=\"800\" title=\"-\" srcset=\"https:\/\/mouldking.store\/wp-content\/uploads\/2021\/11\/18K-K106-Victory-Star-Destroyer-with-891-pieces-1.jpg 800w, https:\/\/mouldking.store\/wp-content\/uploads\/2021\/11\/18K-K106-Victory-Star-Destroyer-with-891-pieces-1-300x300.jpg 300w, https:\/\/mouldking.store\/wp-content\/uploads\/2021\/11\/18K-K106-Victory-Star-Destroyer-with-891-pieces-1-768x768.jpg 768w, https:\/\/mouldking.store\/wp-content\/uploads\/2021\/11\/18K-K106-Victory-Star-Destroyer-with-891-pieces-1-600x600.jpg 600w, https:\/\/mouldking.store\/wp-content\/uploads\/2021\/11\/18K-K106-Victory-Star-Destroyer-with-891-pieces-1-150x150.jpg 150w\" sizes=\"(max-width: 800px) 100vw, 800px\" \/><figcaption id=\"caption-attachment-27155\" class=\"wp-caption-text\">18K K106 Victory csillagrombol\u00f3 891 darabbal<\/figcaption><\/figure>\n<figure id=\"attachment_27160\" aria-describedby=\"caption-attachment-27160\" style=\"width: 828px\" class=\"wp-caption aligncenter\"><img decoding=\"async\" class=\"wp-image-27160 size-full\" src=\"https:\/\/mouldking.store\/wp-content\/uploads\/2021\/11\/18K-K106-Victory-Star-Destroyer-with-891-pieces-6.jpg\" alt=\"18K K106 Victory Star Destroyer with 891 pieces\" width=\"828\" height=\"1024\" title=\"-\" srcset=\"https:\/\/mouldking.store\/wp-content\/uploads\/2021\/11\/18K-K106-Victory-Star-Destroyer-with-891-pieces-6.jpg 828w, https:\/\/mouldking.store\/wp-content\/uploads\/2021\/11\/18K-K106-Victory-Star-Destroyer-with-891-pieces-6-243x300.jpg 243w, https:\/\/mouldking.store\/wp-content\/uploads\/2021\/11\/18K-K106-Victory-Star-Destroyer-with-891-pieces-6-768x950.jpg 768w, https:\/\/mouldking.store\/wp-content\/uploads\/2021\/11\/18K-K106-Victory-Star-Destroyer-with-891-pieces-6-300x371.jpg 300w, https:\/\/mouldking.store\/wp-content\/uploads\/2021\/11\/18K-K106-Victory-Star-Destroyer-with-891-pieces-6-600x742.jpg 600w, https:\/\/mouldking.store\/wp-content\/uploads\/2021\/11\/18K-K106-Victory-Star-Destroyer-with-891-pieces-6-121x150.jpg 121w\" sizes=\"(max-width: 828px) 100vw, 828px\" \/><figcaption id=\"caption-attachment-27160\" class=\"wp-caption-text\">18K K106 Victory csillagrombol\u00f3 891 darabbal<\/figcaption><\/figure>\n<figure id=\"attachment_27159\" aria-describedby=\"caption-attachment-27159\" style=\"width: 686px\" class=\"wp-caption aligncenter\"><img decoding=\"async\" class=\"wp-image-27159 size-full\" src=\"https:\/\/mouldking.store\/wp-content\/uploads\/2021\/11\/18K-K106-Victory-Star-Destroyer-with-891-pieces-5.jpg\" alt=\"18K K106 Victory Star Destroyer with 891 pieces\" width=\"686\" height=\"1023\" title=\"-\" srcset=\"https:\/\/mouldking.store\/wp-content\/uploads\/2021\/11\/18K-K106-Victory-Star-Destroyer-with-891-pieces-5.jpg 686w, https:\/\/mouldking.store\/wp-content\/uploads\/2021\/11\/18K-K106-Victory-Star-Destroyer-with-891-pieces-5-201x300.jpg 201w, https:\/\/mouldking.store\/wp-content\/uploads\/2021\/11\/18K-K106-Victory-Star-Destroyer-with-891-pieces-5-300x447.jpg 300w, https:\/\/mouldking.store\/wp-content\/uploads\/2021\/11\/18K-K106-Victory-Star-Destroyer-with-891-pieces-5-600x895.jpg 600w, https:\/\/mouldking.store\/wp-content\/uploads\/2021\/11\/18K-K106-Victory-Star-Destroyer-with-891-pieces-5-101x150.jpg 101w\" sizes=\"(max-width: 686px) 100vw, 686px\" \/><figcaption id=\"caption-attachment-27159\" class=\"wp-caption-text\">18K K106 Victory csillagrombol\u00f3 891 darabbal<\/figcaption><\/figure>\n<figure id=\"attachment_27158\" aria-describedby=\"caption-attachment-27158\" style=\"width: 775px\" class=\"wp-caption aligncenter\"><img loading=\"lazy\" decoding=\"async\" class=\"wp-image-27158 size-full\" src=\"https:\/\/mouldking.store\/wp-content\/uploads\/2021\/11\/18K-K106-Victory-Star-Destroyer-with-891-pieces-4.jpg\" alt=\"18K K106 Victory Star Destroyer with 891 pieces\" width=\"775\" height=\"1024\" title=\"-\" srcset=\"https:\/\/mouldking.store\/wp-content\/uploads\/2021\/11\/18K-K106-Victory-Star-Destroyer-with-891-pieces-4.jpg 775w, https:\/\/mouldking.store\/wp-content\/uploads\/2021\/11\/18K-K106-Victory-Star-Destroyer-with-891-pieces-4-227x300.jpg 227w, https:\/\/mouldking.store\/wp-content\/uploads\/2021\/11\/18K-K106-Victory-Star-Destroyer-with-891-pieces-4-768x1015.jpg 768w, https:\/\/mouldking.store\/wp-content\/uploads\/2021\/11\/18K-K106-Victory-Star-Destroyer-with-891-pieces-4-300x396.jpg 300w, https:\/\/mouldking.store\/wp-content\/uploads\/2021\/11\/18K-K106-Victory-Star-Destroyer-with-891-pieces-4-600x793.jpg 600w, https:\/\/mouldking.store\/wp-content\/uploads\/2021\/11\/18K-K106-Victory-Star-Destroyer-with-891-pieces-4-114x150.jpg 114w\" sizes=\"(max-width: 775px) 100vw, 775px\" \/><figcaption id=\"caption-attachment-27158\" class=\"wp-caption-text\">18K K106 Victory csillagrombol\u00f3 891 darabbal<\/figcaption><\/figure>\n<figure id=\"attachment_27157\" aria-describedby=\"caption-attachment-27157\" style=\"width: 800px\" class=\"wp-caption aligncenter\"><img loading=\"lazy\" decoding=\"async\" class=\"wp-image-27157\" src=\"https:\/\/mouldking.store\/wp-content\/uploads\/2021\/11\/18K-K106-Victory-Star-Destroyer-with-891-pieces-3-300x269.jpg\" alt=\"18K K106 Victory Star Destroyer with 891 pieces\" width=\"800\" height=\"716\" title=\"-\" srcset=\"https:\/\/mouldking.store\/wp-content\/uploads\/2021\/11\/18K-K106-Victory-Star-Destroyer-with-891-pieces-3-300x269.jpg 300w, https:\/\/mouldking.store\/wp-content\/uploads\/2021\/11\/18K-K106-Victory-Star-Destroyer-with-891-pieces-3-768x688.jpg 768w, https:\/\/mouldking.store\/wp-content\/uploads\/2021\/11\/18K-K106-Victory-Star-Destroyer-with-891-pieces-3-600x537.jpg 600w, https:\/\/mouldking.store\/wp-content\/uploads\/2021\/11\/18K-K106-Victory-Star-Destroyer-with-891-pieces-3-150x134.jpg 150w, https:\/\/mouldking.store\/wp-content\/uploads\/2021\/11\/18K-K106-Victory-Star-Destroyer-with-891-pieces-3.jpg 1024w\" sizes=\"(max-width: 800px) 100vw, 800px\" \/><figcaption id=\"caption-attachment-27157\" class=\"wp-caption-text\">18K K106 Victory csillagrombol\u00f3 891 darabbal<\/figcaption><\/figure>\n<figure id=\"attachment_27156\" aria-describedby=\"caption-attachment-27156\" style=\"width: 800px\" class=\"wp-caption aligncenter\"><img loading=\"lazy\" decoding=\"async\" class=\"wp-image-27156\" src=\"https:\/\/mouldking.store\/wp-content\/uploads\/2021\/11\/18K-K106-Victory-Star-Destroyer-with-891-pieces-2.jpg\" alt=\"18K K106 Victory Star Destroyer with 891 pieces\" width=\"800\" height=\"821\" title=\"-\" srcset=\"https:\/\/mouldking.store\/wp-content\/uploads\/2021\/11\/18K-K106-Victory-Star-Destroyer-with-891-pieces-2.jpg 998w, https:\/\/mouldking.store\/wp-content\/uploads\/2021\/11\/18K-K106-Victory-Star-Destroyer-with-891-pieces-2-292x300.jpg 292w, https:\/\/mouldking.store\/wp-content\/uploads\/2021\/11\/18K-K106-Victory-Star-Destroyer-with-891-pieces-2-768x788.jpg 768w, https:\/\/mouldking.store\/wp-content\/uploads\/2021\/11\/18K-K106-Victory-Star-Destroyer-with-891-pieces-2-300x308.jpg 300w, https:\/\/mouldking.store\/wp-content\/uploads\/2021\/11\/18K-K106-Victory-Star-Destroyer-with-891-pieces-2-600x616.jpg 600w, https:\/\/mouldking.store\/wp-content\/uploads\/2021\/11\/18K-K106-Victory-Star-Destroyer-with-891-pieces-2-146x150.jpg 146w\" sizes=\"(max-width: 800px) 100vw, 800px\" \/><figcaption id=\"caption-attachment-27156\" class=\"wp-caption-text\">18K K106 Victory csillagrombol\u00f3 891 darabbal<\/figcaption><\/figure>","protected":false},"excerpt":{"rendered":"<p>Product information: Brand: 18K Gender: Unisex Name: Victory Star Destroyer Age Range: &gt; 6 years old Model Number: K106 Classification: Assemblage Plastic Block Shape: Self-Locking Bricks Material: Plastic Plastic Type: ABS Bricks Blocks: 891 PCS Contains detailed assembly instructions. Notice: 1. Without an original box, but we guarantee our products have quality assurance and nice [&hellip;]<\/p>","protected":false},"featured_media":27155,"comment_status":"open","ping_status":"closed","template":"","meta":{"_acf_changed":false},"product_cat":[415],"product_tag":[1770,3431,3430,3429,3433,682,3435,3427,3434,3436,3432],"class_list":["product","first","instock","shipping-taxable","purchasable","product-type-simple"],"acf":[],"_links":{"self":[{"href":"https:\/\/mouldking.store\/hu\/wp-json\/wp\/v2\/product\/27154","targetHints":{"allow":["GET"]}}],"collection":[{"href":"https:\/\/mouldking.store\/hu\/wp-json\/wp\/v2\/product"}],"about":[{"href":"https:\/\/mouldking.store\/hu\/wp-json\/wp\/v2\/types\/product"}],"replies":[{"embeddable":true,"href":"https:\/\/mouldking.store\/hu\/wp-json\/wp\/v2\/comments?post=27154"}],"wp:featuredmedia":[{"embeddable":true,"href":"https:\/\/mouldking.store\/hu\/wp-json\/wp\/v2\/media\/27155"}],"wp:attachment":[{"href":"https:\/\/mouldking.store\/hu\/wp-json\/wp\/v2\/media?parent=27154"}],"wp:term":[{"taxonomy":"product_cat","embeddable":true,"href":"https:\/\/mouldking.store\/hu\/wp-json\/wp\/v2\/product_cat?post=27154"},{"taxonomy":"product_tag","embeddable":true,"href":"https:\/\/mouldking.store\/hu\/wp-json\/wp\/v2\/product_tag?post=27154"}],"curies":[{"name":"wp","href":"https:\/\/api.w.org\/{rel}","templated":true}]}}