{"id":27192,"date":"2021-11-12T02:52:42","date_gmt":"2021-11-12T02:52:42","guid":{"rendered":"https:\/\/mouldking.store\/?post_type=product&#038;p=27192"},"modified":"2023-02-07T17:51:18","modified_gmt":"2023-02-07T10:51:18","slug":"18k-k93-k93b-rolls-royce-cullinan-with-3161-pieces","status":"publish","type":"product","link":"https:\/\/mouldking.store\/hu\/shop\/18k-k93-k93b-rolls-royce-cullinan-with-3161-pieces\/","title":{"rendered":"18K K93 K93B Rolls-Royce Cullinan with 3161 pieces"},"content":{"rendered":"<p>Term\u00e9k inform\u00e1ci\u00f3:<\/p>\n<ol>\n<li>M\u00e1rka: 18K<\/li>\n<li>Nem: Uniszex<\/li>\n<li>Name: Rolls-Royce Cullinan<\/li>\n<li>Koroszt\u00e1ly: &gt; 6 \u00e9v<\/li>\n<li>Model Number: K93 K93B<\/li>\n<li>Besorol\u00e1s: \u00d6sszeszerel\u00e9s<\/li>\n<li>M\u0171anyag blokk forma: \u00f6nz\u00e1r\u00f3 t\u00e9gla<\/li>\n<li>Anyaga: M\u0171anyag<\/li>\n<li>M\u0171anyag t\u00edpus: ABS<\/li>\n<li>Bricks Blocks: 3161 PCS<\/li>\n<li>R\u00e9szletes \u00f6sszeszerel\u00e9si \u00fatmutat\u00f3t tartalmaz.<\/li>\n<\/ol>\n<p>\u00c9rtes\u00edt\u00e9s:<br \/>\n1. Eredeti doboz n\u00e9lk\u00fcl, de garant\u00e1ljuk, hogy term\u00e9keink min\u0151s\u00e9gbiztos\u00edt\u00e1ssal \u00e9s sz\u00e9p csomagol\u00e1ssal rendelkeznek.<br \/>\n2. Mint minden alkatr\u00e9szt, amelyet a sz\u00e1ll\u00edt\u00e1s el\u0151tt ellen\u0151rizt\u00fcnk, ez\u00e9rt ha \u00fagy tal\u00e1lja, hogy n\u00e9h\u00e1ny alkatr\u00e9sz hi\u00e1nyzik vagy s\u00e9r\u00fclt, ne agg\u00f3djon, \u00e9s k\u00e9rj\u00fck, vegye fel vel\u00fcnk a kapcsolatot, \u00e9s azonnal ingyenesen elk\u00fcldj\u00fck \u00d6nnek.<\/p>\n<figure id=\"attachment_27193\" aria-describedby=\"caption-attachment-27193\" style=\"width: 800px\" class=\"wp-caption aligncenter\"><img fetchpriority=\"high\" decoding=\"async\" class=\"wp-image-27193 size-full\" src=\"https:\/\/mouldking.store\/wp-content\/uploads\/2021\/11\/18K-K93-K93B-Rolls-Royce-Cullinan-1.jpg\" alt=\"18K K93 K93B Rolls-Royce Cullinan\" width=\"800\" height=\"800\" title=\"-\" srcset=\"https:\/\/mouldking.store\/wp-content\/uploads\/2021\/11\/18K-K93-K93B-Rolls-Royce-Cullinan-1.jpg 800w, https:\/\/mouldking.store\/wp-content\/uploads\/2021\/11\/18K-K93-K93B-Rolls-Royce-Cullinan-1-300x300.jpg 300w, https:\/\/mouldking.store\/wp-content\/uploads\/2021\/11\/18K-K93-K93B-Rolls-Royce-Cullinan-1-768x768.jpg 768w, https:\/\/mouldking.store\/wp-content\/uploads\/2021\/11\/18K-K93-K93B-Rolls-Royce-Cullinan-1-600x600.jpg 600w, https:\/\/mouldking.store\/wp-content\/uploads\/2021\/11\/18K-K93-K93B-Rolls-Royce-Cullinan-1-150x150.jpg 150w\" sizes=\"(max-width: 800px) 100vw, 800px\" \/><figcaption id=\"caption-attachment-27193\" class=\"wp-caption-text\">18K K93 K93B Rolls-Royce Cullinan<\/figcaption><\/figure>\n<figure id=\"attachment_27194\" aria-describedby=\"caption-attachment-27194\" style=\"width: 800px\" class=\"wp-caption aligncenter\"><img decoding=\"async\" class=\"wp-image-27194 size-full\" src=\"https:\/\/mouldking.store\/wp-content\/uploads\/2021\/11\/18K-K93-K93B-Rolls-Royce-Cullinan-2.jpg\" alt=\"18K K93 K93B Rolls-Royce Cullinan\" width=\"800\" height=\"800\" title=\"-\" srcset=\"https:\/\/mouldking.store\/wp-content\/uploads\/2021\/11\/18K-K93-K93B-Rolls-Royce-Cullinan-2.jpg 800w, https:\/\/mouldking.store\/wp-content\/uploads\/2021\/11\/18K-K93-K93B-Rolls-Royce-Cullinan-2-300x300.jpg 300w, https:\/\/mouldking.store\/wp-content\/uploads\/2021\/11\/18K-K93-K93B-Rolls-Royce-Cullinan-2-768x768.jpg 768w, https:\/\/mouldking.store\/wp-content\/uploads\/2021\/11\/18K-K93-K93B-Rolls-Royce-Cullinan-2-600x600.jpg 600w, https:\/\/mouldking.store\/wp-content\/uploads\/2021\/11\/18K-K93-K93B-Rolls-Royce-Cullinan-2-150x150.jpg 150w\" sizes=\"(max-width: 800px) 100vw, 800px\" \/><figcaption id=\"caption-attachment-27194\" class=\"wp-caption-text\">18K K93 K93B Rolls-Royce Cullinan<\/figcaption><\/figure>\n<figure id=\"attachment_27196\" aria-describedby=\"caption-attachment-27196\" style=\"width: 800px\" class=\"wp-caption aligncenter\"><img decoding=\"async\" class=\"wp-image-27196 size-full\" src=\"https:\/\/mouldking.store\/wp-content\/uploads\/2021\/11\/18K-K93-K93B-Rolls-Royce-Cullinan-4.jpg\" alt=\"18K K93 K93B Rolls-Royce Cullinan\" width=\"800\" height=\"800\" title=\"-\" srcset=\"https:\/\/mouldking.store\/wp-content\/uploads\/2021\/11\/18K-K93-K93B-Rolls-Royce-Cullinan-4.jpg 800w, https:\/\/mouldking.store\/wp-content\/uploads\/2021\/11\/18K-K93-K93B-Rolls-Royce-Cullinan-4-300x300.jpg 300w, https:\/\/mouldking.store\/wp-content\/uploads\/2021\/11\/18K-K93-K93B-Rolls-Royce-Cullinan-4-768x768.jpg 768w, https:\/\/mouldking.store\/wp-content\/uploads\/2021\/11\/18K-K93-K93B-Rolls-Royce-Cullinan-4-600x600.jpg 600w, https:\/\/mouldking.store\/wp-content\/uploads\/2021\/11\/18K-K93-K93B-Rolls-Royce-Cullinan-4-150x150.jpg 150w\" sizes=\"(max-width: 800px) 100vw, 800px\" \/><figcaption id=\"caption-attachment-27196\" class=\"wp-caption-text\">18K K93 K93B Rolls-Royce Cullinan<\/figcaption><\/figure>\n<figure id=\"attachment_27203\" aria-describedby=\"caption-attachment-27203\" style=\"width: 790px\" class=\"wp-caption aligncenter\"><img loading=\"lazy\" decoding=\"async\" class=\"wp-image-27203 size-full\" src=\"https:\/\/mouldking.store\/wp-content\/uploads\/2021\/11\/18K-K93-K93B-Rolls-Royce-Cullinan-11.jpg\" alt=\"18K K93 K93B Rolls-Royce Cullinan\" width=\"790\" height=\"783\" title=\"-\" srcset=\"https:\/\/mouldking.store\/wp-content\/uploads\/2021\/11\/18K-K93-K93B-Rolls-Royce-Cullinan-11.jpg 790w, https:\/\/mouldking.store\/wp-content\/uploads\/2021\/11\/18K-K93-K93B-Rolls-Royce-Cullinan-11-300x297.jpg 300w, https:\/\/mouldking.store\/wp-content\/uploads\/2021\/11\/18K-K93-K93B-Rolls-Royce-Cullinan-11-768x761.jpg 768w, https:\/\/mouldking.store\/wp-content\/uploads\/2021\/11\/18K-K93-K93B-Rolls-Royce-Cullinan-11-600x595.jpg 600w, https:\/\/mouldking.store\/wp-content\/uploads\/2021\/11\/18K-K93-K93B-Rolls-Royce-Cullinan-11-150x150.jpg 150w\" sizes=\"(max-width: 790px) 100vw, 790px\" \/><figcaption id=\"caption-attachment-27203\" class=\"wp-caption-text\">18K K93 K93B Rolls-Royce Cullinan<\/figcaption><\/figure>\n<figure id=\"attachment_27204\" aria-describedby=\"caption-attachment-27204\" style=\"width: 790px\" class=\"wp-caption aligncenter\"><img loading=\"lazy\" decoding=\"async\" class=\"wp-image-27204 size-full\" src=\"https:\/\/mouldking.store\/wp-content\/uploads\/2021\/11\/18K-K93-K93B-Rolls-Royce-Cullinan-12.jpg\" alt=\"18K K93 K93B Rolls-Royce Cullinan\" width=\"790\" height=\"817\" title=\"-\" srcset=\"https:\/\/mouldking.store\/wp-content\/uploads\/2021\/11\/18K-K93-K93B-Rolls-Royce-Cullinan-12.jpg 790w, https:\/\/mouldking.store\/wp-content\/uploads\/2021\/11\/18K-K93-K93B-Rolls-Royce-Cullinan-12-290x300.jpg 290w, https:\/\/mouldking.store\/wp-content\/uploads\/2021\/11\/18K-K93-K93B-Rolls-Royce-Cullinan-12-768x794.jpg 768w, https:\/\/mouldking.store\/wp-content\/uploads\/2021\/11\/18K-K93-K93B-Rolls-Royce-Cullinan-12-300x310.jpg 300w, https:\/\/mouldking.store\/wp-content\/uploads\/2021\/11\/18K-K93-K93B-Rolls-Royce-Cullinan-12-600x621.jpg 600w, https:\/\/mouldking.store\/wp-content\/uploads\/2021\/11\/18K-K93-K93B-Rolls-Royce-Cullinan-12-145x150.jpg 145w\" sizes=\"(max-width: 790px) 100vw, 790px\" \/><figcaption id=\"caption-attachment-27204\" class=\"wp-caption-text\">18K K93 K93B Rolls-Royce Cullinan<\/figcaption><\/figure>\n<figure id=\"attachment_27202\" aria-describedby=\"caption-attachment-27202\" style=\"width: 800px\" class=\"wp-caption aligncenter\"><img loading=\"lazy\" decoding=\"async\" class=\"wp-image-27202 size-full\" src=\"https:\/\/mouldking.store\/wp-content\/uploads\/2021\/11\/18K-K93-K93B-Rolls-Royce-Cullinan-10.jpg\" alt=\"18K K93 K93B Rolls-Royce Cullinan\" width=\"800\" height=\"800\" title=\"-\" srcset=\"https:\/\/mouldking.store\/wp-content\/uploads\/2021\/11\/18K-K93-K93B-Rolls-Royce-Cullinan-10.jpg 800w, https:\/\/mouldking.store\/wp-content\/uploads\/2021\/11\/18K-K93-K93B-Rolls-Royce-Cullinan-10-300x300.jpg 300w, https:\/\/mouldking.store\/wp-content\/uploads\/2021\/11\/18K-K93-K93B-Rolls-Royce-Cullinan-10-768x768.jpg 768w, https:\/\/mouldking.store\/wp-content\/uploads\/2021\/11\/18K-K93-K93B-Rolls-Royce-Cullinan-10-600x600.jpg 600w, https:\/\/mouldking.store\/wp-content\/uploads\/2021\/11\/18K-K93-K93B-Rolls-Royce-Cullinan-10-150x150.jpg 150w\" sizes=\"(max-width: 800px) 100vw, 800px\" \/><figcaption id=\"caption-attachment-27202\" class=\"wp-caption-text\">18K K93 K93B Rolls-Royce Cullinan<\/figcaption><\/figure>\n<figure id=\"attachment_27201\" aria-describedby=\"caption-attachment-27201\" style=\"width: 800px\" class=\"wp-caption aligncenter\"><img loading=\"lazy\" decoding=\"async\" class=\"wp-image-27201 size-full\" src=\"https:\/\/mouldking.store\/wp-content\/uploads\/2021\/11\/18K-K93-K93B-Rolls-Royce-Cullinan-9.jpg\" alt=\"18K K93 K93B Rolls-Royce Cullinan\" width=\"800\" height=\"800\" title=\"-\" srcset=\"https:\/\/mouldking.store\/wp-content\/uploads\/2021\/11\/18K-K93-K93B-Rolls-Royce-Cullinan-9.jpg 800w, https:\/\/mouldking.store\/wp-content\/uploads\/2021\/11\/18K-K93-K93B-Rolls-Royce-Cullinan-9-300x300.jpg 300w, https:\/\/mouldking.store\/wp-content\/uploads\/2021\/11\/18K-K93-K93B-Rolls-Royce-Cullinan-9-768x768.jpg 768w, https:\/\/mouldking.store\/wp-content\/uploads\/2021\/11\/18K-K93-K93B-Rolls-Royce-Cullinan-9-600x600.jpg 600w, https:\/\/mouldking.store\/wp-content\/uploads\/2021\/11\/18K-K93-K93B-Rolls-Royce-Cullinan-9-150x150.jpg 150w\" sizes=\"(max-width: 800px) 100vw, 800px\" \/><figcaption id=\"caption-attachment-27201\" class=\"wp-caption-text\">18K K93 K93B Rolls-Royce Cullinan<\/figcaption><\/figure>\n<figure id=\"attachment_27200\" aria-describedby=\"caption-attachment-27200\" style=\"width: 800px\" class=\"wp-caption aligncenter\"><img loading=\"lazy\" decoding=\"async\" class=\"wp-image-27200 size-full\" src=\"https:\/\/mouldking.store\/wp-content\/uploads\/2021\/11\/18K-K93-K93B-Rolls-Royce-Cullinan-8.jpg\" alt=\"18K K93 K93B Rolls-Royce Cullinan\" width=\"800\" height=\"800\" title=\"-\" srcset=\"https:\/\/mouldking.store\/wp-content\/uploads\/2021\/11\/18K-K93-K93B-Rolls-Royce-Cullinan-8.jpg 800w, https:\/\/mouldking.store\/wp-content\/uploads\/2021\/11\/18K-K93-K93B-Rolls-Royce-Cullinan-8-300x300.jpg 300w, https:\/\/mouldking.store\/wp-content\/uploads\/2021\/11\/18K-K93-K93B-Rolls-Royce-Cullinan-8-768x768.jpg 768w, https:\/\/mouldking.store\/wp-content\/uploads\/2021\/11\/18K-K93-K93B-Rolls-Royce-Cullinan-8-600x600.jpg 600w, https:\/\/mouldking.store\/wp-content\/uploads\/2021\/11\/18K-K93-K93B-Rolls-Royce-Cullinan-8-150x150.jpg 150w\" sizes=\"(max-width: 800px) 100vw, 800px\" \/><figcaption id=\"caption-attachment-27200\" class=\"wp-caption-text\">18K K93 K93B Rolls-Royce Cullinan<\/figcaption><\/figure>\n<figure id=\"attachment_27195\" aria-describedby=\"caption-attachment-27195\" style=\"width: 640px\" class=\"wp-caption aligncenter\"><img loading=\"lazy\" decoding=\"async\" class=\"wp-image-27195 size-full\" src=\"https:\/\/mouldking.store\/wp-content\/uploads\/2021\/11\/18K-K93-K93B-Rolls-Royce-Cullinan-3.jpg\" alt=\"18K K93 K93B Rolls-Royce Cullinan\" width=\"640\" height=\"640\" title=\"-\" srcset=\"https:\/\/mouldking.store\/wp-content\/uploads\/2021\/11\/18K-K93-K93B-Rolls-Royce-Cullinan-3.jpg 640w, https:\/\/mouldking.store\/wp-content\/uploads\/2021\/11\/18K-K93-K93B-Rolls-Royce-Cullinan-3-300x300.jpg 300w, https:\/\/mouldking.store\/wp-content\/uploads\/2021\/11\/18K-K93-K93B-Rolls-Royce-Cullinan-3-600x600.jpg 600w, https:\/\/mouldking.store\/wp-content\/uploads\/2021\/11\/18K-K93-K93B-Rolls-Royce-Cullinan-3-150x150.jpg 150w\" sizes=\"(max-width: 640px) 100vw, 640px\" \/><figcaption id=\"caption-attachment-27195\" class=\"wp-caption-text\">18K K93 K93B Rolls-Royce Cullinan<\/figcaption><\/figure>\n<figure id=\"attachment_27199\" aria-describedby=\"caption-attachment-27199\" style=\"width: 800px\" class=\"wp-caption aligncenter\"><img loading=\"lazy\" decoding=\"async\" class=\"wp-image-27199\" src=\"https:\/\/mouldking.store\/wp-content\/uploads\/2021\/11\/18K-K93-K93B-Rolls-Royce-Cullinan-7-300x300.jpg\" alt=\"18K K93 K93B Rolls-Royce Cullinan\" width=\"800\" height=\"800\" title=\"-\" srcset=\"https:\/\/mouldking.store\/wp-content\/uploads\/2021\/11\/18K-K93-K93B-Rolls-Royce-Cullinan-7-300x300.jpg 300w, https:\/\/mouldking.store\/wp-content\/uploads\/2021\/11\/18K-K93-K93B-Rolls-Royce-Cullinan-7-768x768.jpg 768w, https:\/\/mouldking.store\/wp-content\/uploads\/2021\/11\/18K-K93-K93B-Rolls-Royce-Cullinan-7-600x600.jpg 600w, https:\/\/mouldking.store\/wp-content\/uploads\/2021\/11\/18K-K93-K93B-Rolls-Royce-Cullinan-7-150x150.jpg 150w, https:\/\/mouldking.store\/wp-content\/uploads\/2021\/11\/18K-K93-K93B-Rolls-Royce-Cullinan-7.jpg 1024w\" sizes=\"(max-width: 800px) 100vw, 800px\" \/><figcaption id=\"caption-attachment-27199\" class=\"wp-caption-text\">18K K93 K93B Rolls-Royce Cullinan<\/figcaption><\/figure>\n<figure id=\"attachment_27198\" aria-describedby=\"caption-attachment-27198\" style=\"width: 801px\" class=\"wp-caption aligncenter\"><img loading=\"lazy\" decoding=\"async\" class=\"wp-image-27198 size-full\" src=\"https:\/\/mouldking.store\/wp-content\/uploads\/2021\/11\/18K-K93-K93B-Rolls-Royce-Cullinan-6.jpg\" alt=\"18K K93 K93B Rolls-Royce Cullinan\" width=\"801\" height=\"800\" title=\"-\" srcset=\"https:\/\/mouldking.store\/wp-content\/uploads\/2021\/11\/18K-K93-K93B-Rolls-Royce-Cullinan-6.jpg 801w, https:\/\/mouldking.store\/wp-content\/uploads\/2021\/11\/18K-K93-K93B-Rolls-Royce-Cullinan-6-300x300.jpg 300w, https:\/\/mouldking.store\/wp-content\/uploads\/2021\/11\/18K-K93-K93B-Rolls-Royce-Cullinan-6-768x767.jpg 768w, https:\/\/mouldking.store\/wp-content\/uploads\/2021\/11\/18K-K93-K93B-Rolls-Royce-Cullinan-6-600x599.jpg 600w, https:\/\/mouldking.store\/wp-content\/uploads\/2021\/11\/18K-K93-K93B-Rolls-Royce-Cullinan-6-150x150.jpg 150w\" sizes=\"(max-width: 801px) 100vw, 801px\" \/><figcaption id=\"caption-attachment-27198\" class=\"wp-caption-text\">18K K93 K93B Rolls-Royce Cullinan<\/figcaption><\/figure>\n<figure id=\"attachment_27197\" aria-describedby=\"caption-attachment-27197\" style=\"width: 790px\" class=\"wp-caption aligncenter\"><img loading=\"lazy\" decoding=\"async\" class=\"wp-image-27197 size-full\" src=\"https:\/\/mouldking.store\/wp-content\/uploads\/2021\/11\/18K-K93-K93B-Rolls-Royce-Cullinan-5.jpg\" alt=\"18K K93 K93B Rolls-Royce Cullinan\" width=\"790\" height=\"512\" title=\"-\" srcset=\"https:\/\/mouldking.store\/wp-content\/uploads\/2021\/11\/18K-K93-K93B-Rolls-Royce-Cullinan-5.jpg 790w, https:\/\/mouldking.store\/wp-content\/uploads\/2021\/11\/18K-K93-K93B-Rolls-Royce-Cullinan-5-300x194.jpg 300w, https:\/\/mouldking.store\/wp-content\/uploads\/2021\/11\/18K-K93-K93B-Rolls-Royce-Cullinan-5-768x498.jpg 768w, https:\/\/mouldking.store\/wp-content\/uploads\/2021\/11\/18K-K93-K93B-Rolls-Royce-Cullinan-5-600x389.jpg 600w, https:\/\/mouldking.store\/wp-content\/uploads\/2021\/11\/18K-K93-K93B-Rolls-Royce-Cullinan-5-150x97.jpg 150w\" sizes=\"(max-width: 790px) 100vw, 790px\" \/><figcaption id=\"caption-attachment-27197\" class=\"wp-caption-text\">18K K93 K93B Rolls-Royce Cullinan<\/figcaption><\/figure>","protected":false},"excerpt":{"rendered":"<p>Product information: Brand: 18K Gender: Unisex Name: Rolls-Royce Cullinan Age Range: &gt; 6 years old Model Number: K93 K93B Classification: Assemblage Plastic Block Shape: Self-Locking Bricks Material: Plastic Plastic Type: ABS Bricks Blocks: 3161 PCS Contains detailed assembly instructions. Notice: 1. Without an original box, but we guarantee our products have quality assurance and nice [&hellip;]<\/p>","protected":false},"featured_media":27193,"comment_status":"open","ping_status":"closed","template":"","meta":{"_acf_changed":false},"product_cat":[364],"product_tag":[1770,3469,3468,3467,2942,3473,3471,3474,3472,3470],"class_list":["product","first","instock","shipping-taxable","purchasable","product-type-variable"],"acf":[],"_links":{"self":[{"href":"https:\/\/mouldking.store\/hu\/wp-json\/wp\/v2\/product\/27192","targetHints":{"allow":["GET"]}}],"collection":[{"href":"https:\/\/mouldking.store\/hu\/wp-json\/wp\/v2\/product"}],"about":[{"href":"https:\/\/mouldking.store\/hu\/wp-json\/wp\/v2\/types\/product"}],"replies":[{"embeddable":true,"href":"https:\/\/mouldking.store\/hu\/wp-json\/wp\/v2\/comments?post=27192"}],"wp:featuredmedia":[{"embeddable":true,"href":"https:\/\/mouldking.store\/hu\/wp-json\/wp\/v2\/media\/27193"}],"wp:attachment":[{"href":"https:\/\/mouldking.store\/hu\/wp-json\/wp\/v2\/media?parent=27192"}],"wp:term":[{"taxonomy":"product_cat","embeddable":true,"href":"https:\/\/mouldking.store\/hu\/wp-json\/wp\/v2\/product_cat?post=27192"},{"taxonomy":"product_tag","embeddable":true,"href":"https:\/\/mouldking.store\/hu\/wp-json\/wp\/v2\/product_tag?post=27192"}],"curies":[{"name":"wp","href":"https:\/\/api.w.org\/{rel}","templated":true}]}}