{"id":27429,"date":"2021-11-16T10:19:30","date_gmt":"2021-11-16T10:19:30","guid":{"rendered":"https:\/\/mouldking.store\/?post_type=product&#038;p=27429"},"modified":"2021-12-23T09:40:38","modified_gmt":"2021-12-23T09:40:38","slug":"mould-king-17001-rc-crawler-crane-with-1205-pieces","status":"publish","type":"product","link":"https:\/\/mouldking.store\/hu\/shop\/mould-king-17001-rc-crawler-crane-with-1205-pieces\/","title":{"rendered":"Mold King 17001 RC l\u00e1nctalpas daru 1205 darabbal"},"content":{"rendered":"<p>Term\u00e9k inform\u00e1ci\u00f3:<\/p>\n<ol>\n<li>M\u00e1rka: Mold King<\/li>\n<li>Nem: Uniszex<\/li>\n<li>N\u00e9v: RC l\u00e1nctalpas daru<\/li>\n<li>Korhat\u00e1r: 14 \u00e9v felett<\/li>\n<li>Modellsz\u00e1m: 17001<\/li>\n<li>Besorol\u00e1s: \u00d6sszeszerel\u00e9s<\/li>\n<li>M\u0171anyag blokk forma: \u00f6nz\u00e1r\u00f3 t\u00e9gla<\/li>\n<li>Anyaga: M\u0171anyag<\/li>\n<li>M\u0171anyag t\u00edpus: ABS<\/li>\n<li>T\u00e9gla blokkok: 1205 DB<\/li>\n<li>R\u00e9szletes \u00f6sszeszerel\u00e9si \u00fatmutat\u00f3t tartalmaz.<\/li>\n<\/ol>\n<p>\u00c9rtes\u00edt\u00e9s:<br \/>\n1. Eredeti doboz n\u00e9lk\u00fcl, de garant\u00e1ljuk, hogy term\u00e9keink min\u0151s\u00e9gbiztos\u00edt\u00e1ssal \u00e9s sz\u00e9p csomagol\u00e1ssal rendelkeznek.<br \/>\n2. Mint minden alkatr\u00e9szt, amelyet a sz\u00e1ll\u00edt\u00e1s el\u0151tt ellen\u0151rizt\u00fcnk, ez\u00e9rt ha \u00fagy tal\u00e1lja, hogy n\u00e9h\u00e1ny alkatr\u00e9sz hi\u00e1nyzik vagy s\u00e9r\u00fclt, ne agg\u00f3djon, \u00e9s k\u00e9rj\u00fck, vegye fel vel\u00fcnk a kapcsolatot, \u00e9s azonnal ingyenesen elk\u00fcldj\u00fck \u00d6nnek.<\/p>\n<figure id=\"attachment_27430\" aria-describedby=\"caption-attachment-27430\" style=\"width: 800px\" class=\"wp-caption aligncenter\"><img fetchpriority=\"high\" decoding=\"async\" class=\"wp-image-27430 size-full\" src=\"https:\/\/mouldking.store\/wp-content\/uploads\/2021\/11\/Mould-King-17001-RC-Crawler-Crane-with-1205-pieces-1.jpg\" alt=\"Mould King 17001 RC Crawler Crane with 1205 pieces\" width=\"800\" height=\"800\" title=\"-\" srcset=\"https:\/\/mouldking.store\/wp-content\/uploads\/2021\/11\/Mould-King-17001-RC-Crawler-Crane-with-1205-pieces-1.jpg 800w, https:\/\/mouldking.store\/wp-content\/uploads\/2021\/11\/Mould-King-17001-RC-Crawler-Crane-with-1205-pieces-1-300x300.jpg 300w, https:\/\/mouldking.store\/wp-content\/uploads\/2021\/11\/Mould-King-17001-RC-Crawler-Crane-with-1205-pieces-1-768x768.jpg 768w, https:\/\/mouldking.store\/wp-content\/uploads\/2021\/11\/Mould-King-17001-RC-Crawler-Crane-with-1205-pieces-1-600x600.jpg 600w, https:\/\/mouldking.store\/wp-content\/uploads\/2021\/11\/Mould-King-17001-RC-Crawler-Crane-with-1205-pieces-1-150x150.jpg 150w\" sizes=\"(max-width: 800px) 100vw, 800px\" \/><figcaption id=\"caption-attachment-27430\" class=\"wp-caption-text\">Mold King 17001 RC l\u00e1nctalpas daru 1205 darabbal<\/figcaption><\/figure>\n<figure id=\"attachment_27435\" aria-describedby=\"caption-attachment-27435\" style=\"width: 743px\" class=\"wp-caption aligncenter\"><img decoding=\"async\" class=\"wp-image-27435 size-full\" src=\"https:\/\/mouldking.store\/wp-content\/uploads\/2021\/11\/Mould-King-17001-RC-Crawler-Crane-with-1205-pieces-6.jpg\" alt=\"Mould King 17001 RC Crawler Crane with 1205 pieces\" width=\"743\" height=\"578\" title=\"-\" srcset=\"https:\/\/mouldking.store\/wp-content\/uploads\/2021\/11\/Mould-King-17001-RC-Crawler-Crane-with-1205-pieces-6.jpg 743w, https:\/\/mouldking.store\/wp-content\/uploads\/2021\/11\/Mould-King-17001-RC-Crawler-Crane-with-1205-pieces-6-300x233.jpg 300w, https:\/\/mouldking.store\/wp-content\/uploads\/2021\/11\/Mould-King-17001-RC-Crawler-Crane-with-1205-pieces-6-600x467.jpg 600w, https:\/\/mouldking.store\/wp-content\/uploads\/2021\/11\/Mould-King-17001-RC-Crawler-Crane-with-1205-pieces-6-150x117.jpg 150w\" sizes=\"(max-width: 743px) 100vw, 743px\" \/><figcaption id=\"caption-attachment-27435\" class=\"wp-caption-text\">Mold King 17001 RC l\u00e1nctalpas daru 1205 darabbal<\/figcaption><\/figure>\n<figure id=\"attachment_27436\" aria-describedby=\"caption-attachment-27436\" style=\"width: 743px\" class=\"wp-caption aligncenter\"><img decoding=\"async\" class=\"wp-image-27436 size-full\" src=\"https:\/\/mouldking.store\/wp-content\/uploads\/2021\/11\/Mould-King-17001-RC-Crawler-Crane-with-1205-pieces-7.jpg\" alt=\"Mould King 17001 RC Crawler Crane with 1205 pieces\" width=\"743\" height=\"584\" title=\"-\" srcset=\"https:\/\/mouldking.store\/wp-content\/uploads\/2021\/11\/Mould-King-17001-RC-Crawler-Crane-with-1205-pieces-7.jpg 743w, https:\/\/mouldking.store\/wp-content\/uploads\/2021\/11\/Mould-King-17001-RC-Crawler-Crane-with-1205-pieces-7-300x236.jpg 300w, https:\/\/mouldking.store\/wp-content\/uploads\/2021\/11\/Mould-King-17001-RC-Crawler-Crane-with-1205-pieces-7-600x472.jpg 600w, https:\/\/mouldking.store\/wp-content\/uploads\/2021\/11\/Mould-King-17001-RC-Crawler-Crane-with-1205-pieces-7-150x118.jpg 150w\" sizes=\"(max-width: 743px) 100vw, 743px\" \/><figcaption id=\"caption-attachment-27436\" class=\"wp-caption-text\">Mold King 17001 RC l\u00e1nctalpas daru 1205 darabbal<\/figcaption><\/figure>\n<figure id=\"attachment_27437\" aria-describedby=\"caption-attachment-27437\" style=\"width: 743px\" class=\"wp-caption aligncenter\"><img loading=\"lazy\" decoding=\"async\" class=\"wp-image-27437 size-full\" src=\"https:\/\/mouldking.store\/wp-content\/uploads\/2021\/11\/Mould-King-17001-RC-Crawler-Crane-with-1205-pieces-8.jpg\" alt=\"Mould King 17001 RC Crawler Crane with 1205 pieces\" width=\"743\" height=\"679\" title=\"-\" srcset=\"https:\/\/mouldking.store\/wp-content\/uploads\/2021\/11\/Mould-King-17001-RC-Crawler-Crane-with-1205-pieces-8.jpg 743w, https:\/\/mouldking.store\/wp-content\/uploads\/2021\/11\/Mould-King-17001-RC-Crawler-Crane-with-1205-pieces-8-300x274.jpg 300w, https:\/\/mouldking.store\/wp-content\/uploads\/2021\/11\/Mould-King-17001-RC-Crawler-Crane-with-1205-pieces-8-600x548.jpg 600w, https:\/\/mouldking.store\/wp-content\/uploads\/2021\/11\/Mould-King-17001-RC-Crawler-Crane-with-1205-pieces-8-150x137.jpg 150w\" sizes=\"(max-width: 743px) 100vw, 743px\" \/><figcaption id=\"caption-attachment-27437\" class=\"wp-caption-text\">Mold King 17001 RC l\u00e1nctalpas daru 1205 darabbal<\/figcaption><\/figure>\n<figure id=\"attachment_27434\" aria-describedby=\"caption-attachment-27434\" style=\"width: 743px\" class=\"wp-caption aligncenter\"><img loading=\"lazy\" decoding=\"async\" class=\"wp-image-27434 size-full\" src=\"https:\/\/mouldking.store\/wp-content\/uploads\/2021\/11\/Mould-King-17001-RC-Crawler-Crane-with-1205-pieces-5.jpg\" alt=\"Mould King 17001 RC Crawler Crane with 1205 pieces\" width=\"743\" height=\"604\" title=\"-\" srcset=\"https:\/\/mouldking.store\/wp-content\/uploads\/2021\/11\/Mould-King-17001-RC-Crawler-Crane-with-1205-pieces-5.jpg 743w, https:\/\/mouldking.store\/wp-content\/uploads\/2021\/11\/Mould-King-17001-RC-Crawler-Crane-with-1205-pieces-5-300x244.jpg 300w, https:\/\/mouldking.store\/wp-content\/uploads\/2021\/11\/Mould-King-17001-RC-Crawler-Crane-with-1205-pieces-5-600x488.jpg 600w, https:\/\/mouldking.store\/wp-content\/uploads\/2021\/11\/Mould-King-17001-RC-Crawler-Crane-with-1205-pieces-5-150x122.jpg 150w\" sizes=\"(max-width: 743px) 100vw, 743px\" \/><figcaption id=\"caption-attachment-27434\" class=\"wp-caption-text\">Mold King 17001 RC l\u00e1nctalpas daru 1205 darabbal<\/figcaption><\/figure>\n<figure id=\"attachment_27433\" aria-describedby=\"caption-attachment-27433\" style=\"width: 743px\" class=\"wp-caption aligncenter\"><img loading=\"lazy\" decoding=\"async\" class=\"wp-image-27433 size-full\" src=\"https:\/\/mouldking.store\/wp-content\/uploads\/2021\/11\/Mould-King-17001-RC-Crawler-Crane-with-1205-pieces-4.jpg\" alt=\"Mould King 17001 RC Crawler Crane with 1205 pieces\" width=\"743\" height=\"587\" title=\"-\" srcset=\"https:\/\/mouldking.store\/wp-content\/uploads\/2021\/11\/Mould-King-17001-RC-Crawler-Crane-with-1205-pieces-4.jpg 743w, https:\/\/mouldking.store\/wp-content\/uploads\/2021\/11\/Mould-King-17001-RC-Crawler-Crane-with-1205-pieces-4-300x237.jpg 300w, https:\/\/mouldking.store\/wp-content\/uploads\/2021\/11\/Mould-King-17001-RC-Crawler-Crane-with-1205-pieces-4-600x474.jpg 600w, https:\/\/mouldking.store\/wp-content\/uploads\/2021\/11\/Mould-King-17001-RC-Crawler-Crane-with-1205-pieces-4-150x119.jpg 150w\" sizes=\"(max-width: 743px) 100vw, 743px\" \/><figcaption id=\"caption-attachment-27433\" class=\"wp-caption-text\">Mold King 17001 RC l\u00e1nctalpas daru 1205 darabbal<\/figcaption><\/figure>\n<figure id=\"attachment_27438\" aria-describedby=\"caption-attachment-27438\" style=\"width: 743px\" class=\"wp-caption aligncenter\"><img loading=\"lazy\" decoding=\"async\" class=\"wp-image-27438 size-full\" src=\"https:\/\/mouldking.store\/wp-content\/uploads\/2021\/11\/Mould-King-17001-RC-Crawler-Crane-with-1205-pieces-9.jpg\" alt=\"Mould King 17001 RC Crawler Crane with 1205 pieces\" width=\"743\" height=\"670\" title=\"-\" srcset=\"https:\/\/mouldking.store\/wp-content\/uploads\/2021\/11\/Mould-King-17001-RC-Crawler-Crane-with-1205-pieces-9.jpg 743w, https:\/\/mouldking.store\/wp-content\/uploads\/2021\/11\/Mould-King-17001-RC-Crawler-Crane-with-1205-pieces-9-300x271.jpg 300w, https:\/\/mouldking.store\/wp-content\/uploads\/2021\/11\/Mould-King-17001-RC-Crawler-Crane-with-1205-pieces-9-600x541.jpg 600w, https:\/\/mouldking.store\/wp-content\/uploads\/2021\/11\/Mould-King-17001-RC-Crawler-Crane-with-1205-pieces-9-150x135.jpg 150w\" sizes=\"(max-width: 743px) 100vw, 743px\" \/><figcaption id=\"caption-attachment-27438\" class=\"wp-caption-text\">Mold King 17001 RC l\u00e1nctalpas daru 1205 darabbal<\/figcaption><\/figure>\n<figure id=\"attachment_27432\" aria-describedby=\"caption-attachment-27432\" style=\"width: 743px\" class=\"wp-caption aligncenter\"><img loading=\"lazy\" decoding=\"async\" class=\"wp-image-27432 size-full\" src=\"https:\/\/mouldking.store\/wp-content\/uploads\/2021\/11\/Mould-King-17001-RC-Crawler-Crane-with-1205-pieces-3.jpg\" alt=\"Mould King 17001 RC Crawler Crane with 1205 pieces\" width=\"743\" height=\"826\" title=\"-\" srcset=\"https:\/\/mouldking.store\/wp-content\/uploads\/2021\/11\/Mould-King-17001-RC-Crawler-Crane-with-1205-pieces-3.jpg 743w, https:\/\/mouldking.store\/wp-content\/uploads\/2021\/11\/Mould-King-17001-RC-Crawler-Crane-with-1205-pieces-3-270x300.jpg 270w, https:\/\/mouldking.store\/wp-content\/uploads\/2021\/11\/Mould-King-17001-RC-Crawler-Crane-with-1205-pieces-3-300x334.jpg 300w, https:\/\/mouldking.store\/wp-content\/uploads\/2021\/11\/Mould-King-17001-RC-Crawler-Crane-with-1205-pieces-3-600x667.jpg 600w, https:\/\/mouldking.store\/wp-content\/uploads\/2021\/11\/Mould-King-17001-RC-Crawler-Crane-with-1205-pieces-3-135x150.jpg 135w\" sizes=\"(max-width: 743px) 100vw, 743px\" \/><figcaption id=\"caption-attachment-27432\" class=\"wp-caption-text\">Mold King 17001 RC l\u00e1nctalpas daru 1205 darabbal<\/figcaption><\/figure>\n<figure id=\"attachment_27431\" aria-describedby=\"caption-attachment-27431\" style=\"width: 743px\" class=\"wp-caption aligncenter\"><img loading=\"lazy\" decoding=\"async\" class=\"wp-image-27431 size-full\" src=\"https:\/\/mouldking.store\/wp-content\/uploads\/2021\/11\/Mould-King-17001-RC-Crawler-Crane-with-1205-pieces-2.jpg\" alt=\"Mould King 17001 RC Crawler Crane with 1205 pieces\" width=\"743\" height=\"315\" title=\"-\" srcset=\"https:\/\/mouldking.store\/wp-content\/uploads\/2021\/11\/Mould-King-17001-RC-Crawler-Crane-with-1205-pieces-2.jpg 743w, https:\/\/mouldking.store\/wp-content\/uploads\/2021\/11\/Mould-King-17001-RC-Crawler-Crane-with-1205-pieces-2-300x127.jpg 300w, https:\/\/mouldking.store\/wp-content\/uploads\/2021\/11\/Mould-King-17001-RC-Crawler-Crane-with-1205-pieces-2-600x254.jpg 600w, https:\/\/mouldking.store\/wp-content\/uploads\/2021\/11\/Mould-King-17001-RC-Crawler-Crane-with-1205-pieces-2-150x64.jpg 150w\" sizes=\"(max-width: 743px) 100vw, 743px\" \/><figcaption id=\"caption-attachment-27431\" class=\"wp-caption-text\">Mold King 17001 RC l\u00e1nctalpas daru 1205 darabbal<\/figcaption><\/figure>","protected":false},"excerpt":{"rendered":"<p>Product information: Brand: Mould King Gender: Unisex Name: RC Crawler Crane Age Range: &gt; 14 years old Model Number: 17001 Classification: Assemblage Plastic Block Shape: Self-Locking Bricks Material: Plastic Plastic Type: ABS Bricks Blocks: 1205 PCS Contains detailed assembly instructions. Notice: 1. Without an original box, but we guarantee our products have quality assurance and [&hellip;]<\/p>","protected":false},"featured_media":27430,"comment_status":"open","ping_status":"closed","template":"","meta":{"_acf_changed":false},"product_cat":[364],"product_tag":[3589,3593,3594,615,3590,3588,3587,3596,3595,481,3592,3591],"class_list":["product","first","instock","shipping-taxable","purchasable","product-type-simple"],"acf":[],"_links":{"self":[{"href":"https:\/\/mouldking.store\/hu\/wp-json\/wp\/v2\/product\/27429","targetHints":{"allow":["GET"]}}],"collection":[{"href":"https:\/\/mouldking.store\/hu\/wp-json\/wp\/v2\/product"}],"about":[{"href":"https:\/\/mouldking.store\/hu\/wp-json\/wp\/v2\/types\/product"}],"replies":[{"embeddable":true,"href":"https:\/\/mouldking.store\/hu\/wp-json\/wp\/v2\/comments?post=27429"}],"wp:featuredmedia":[{"embeddable":true,"href":"https:\/\/mouldking.store\/hu\/wp-json\/wp\/v2\/media\/27430"}],"wp:attachment":[{"href":"https:\/\/mouldking.store\/hu\/wp-json\/wp\/v2\/media?parent=27429"}],"wp:term":[{"taxonomy":"product_cat","embeddable":true,"href":"https:\/\/mouldking.store\/hu\/wp-json\/wp\/v2\/product_cat?post=27429"},{"taxonomy":"product_tag","embeddable":true,"href":"https:\/\/mouldking.store\/hu\/wp-json\/wp\/v2\/product_tag?post=27429"}],"curies":[{"name":"wp","href":"https:\/\/api.w.org\/{rel}","templated":true}]}}