{"id":27439,"date":"2021-11-16T10:25:57","date_gmt":"2021-11-16T03:25:57","guid":{"rendered":"https:\/\/mouldking.store\/?post_type=product&#038;p=27439"},"modified":"2023-04-21T18:10:41","modified_gmt":"2023-04-21T11:10:41","slug":"mould-king-17022-rc-fire-engine-with-4886-pieces","status":"publish","type":"product","link":"https:\/\/mouldking.store\/hu\/shop\/mould-king-17022-rc-fire-engine-with-4886-pieces\/","title":{"rendered":"Mold King 17022 RC t\u0171zolt\u00f3aut\u00f3 4886 darabbal"},"content":{"rendered":"<p>Term\u00e9k inform\u00e1ci\u00f3:<\/p>\n<ol>\n<li>M\u00e1rka: Mold King<\/li>\n<li>Nem: Uniszex<\/li>\n<li>Name: RC Fire Engine<\/li>\n<li>Korhat\u00e1r: 14 \u00e9v felett<\/li>\n<li>Model Number: 17022<\/li>\n<li>Besorol\u00e1s: \u00d6sszeszerel\u00e9s<\/li>\n<li>M\u0171anyag blokk forma: \u00f6nz\u00e1r\u00f3 t\u00e9gla<\/li>\n<li>Anyaga: M\u0171anyag<\/li>\n<li>M\u0171anyag t\u00edpus: ABS<\/li>\n<li>Bricks Blocks: 4886 PCS<\/li>\n<li>R\u00e9szletes \u00f6sszeszerel\u00e9si \u00fatmutat\u00f3t tartalmaz.<\/li>\n<\/ol>\n<p>\u00c9rtes\u00edt\u00e9s:<br \/>\n1. Eredeti doboz n\u00e9lk\u00fcl, de garant\u00e1ljuk, hogy term\u00e9keink min\u0151s\u00e9gbiztos\u00edt\u00e1ssal \u00e9s sz\u00e9p csomagol\u00e1ssal rendelkeznek.<br \/>\n2. Mint minden alkatr\u00e9szt, amelyet a sz\u00e1ll\u00edt\u00e1s el\u0151tt ellen\u0151rizt\u00fcnk, ez\u00e9rt ha \u00fagy tal\u00e1lja, hogy n\u00e9h\u00e1ny alkatr\u00e9sz hi\u00e1nyzik vagy s\u00e9r\u00fclt, ne agg\u00f3djon, \u00e9s k\u00e9rj\u00fck, vegye fel vel\u00fcnk a kapcsolatot, \u00e9s azonnal ingyenesen elk\u00fcldj\u00fck \u00d6nnek.<\/p>\n<figure id=\"attachment_27440\" aria-describedby=\"caption-attachment-27440\" style=\"width: 800px\" class=\"wp-caption aligncenter\"><img fetchpriority=\"high\" decoding=\"async\" class=\"wp-image-27440 size-full\" src=\"https:\/\/mouldking.store\/wp-content\/uploads\/2021\/11\/Mould-King-17022-RC-Fire-Engine-with-4886-pieces-1.jpg\" alt=\"Mould King 17022 RC Fire Engine with 4886 pieces\" width=\"800\" height=\"800\" title=\"-\" srcset=\"https:\/\/mouldking.store\/wp-content\/uploads\/2021\/11\/Mould-King-17022-RC-Fire-Engine-with-4886-pieces-1.jpg 800w, https:\/\/mouldking.store\/wp-content\/uploads\/2021\/11\/Mould-King-17022-RC-Fire-Engine-with-4886-pieces-1-300x300.jpg 300w, https:\/\/mouldking.store\/wp-content\/uploads\/2021\/11\/Mould-King-17022-RC-Fire-Engine-with-4886-pieces-1-768x768.jpg 768w, https:\/\/mouldking.store\/wp-content\/uploads\/2021\/11\/Mould-King-17022-RC-Fire-Engine-with-4886-pieces-1-600x600.jpg 600w, https:\/\/mouldking.store\/wp-content\/uploads\/2021\/11\/Mould-King-17022-RC-Fire-Engine-with-4886-pieces-1-150x150.jpg 150w\" sizes=\"(max-width: 800px) 100vw, 800px\" \/><figcaption id=\"caption-attachment-27440\" class=\"wp-caption-text\">Mold King 17022 RC t\u0171zolt\u00f3aut\u00f3 4886 darabbal<\/figcaption><\/figure>\n<figure id=\"attachment_27448\" aria-describedby=\"caption-attachment-27448\" style=\"width: 735px\" class=\"wp-caption aligncenter\"><img decoding=\"async\" class=\"wp-image-27448 size-full\" src=\"https:\/\/mouldking.store\/wp-content\/uploads\/2021\/11\/Mould-King-17022-RC-Fire-Engine-with-4886-pieces-9.jpg\" alt=\"Mould King 17022 RC Fire Engine with 4886 pieces\" width=\"735\" height=\"558\" title=\"-\" srcset=\"https:\/\/mouldking.store\/wp-content\/uploads\/2021\/11\/Mould-King-17022-RC-Fire-Engine-with-4886-pieces-9.jpg 735w, https:\/\/mouldking.store\/wp-content\/uploads\/2021\/11\/Mould-King-17022-RC-Fire-Engine-with-4886-pieces-9-300x228.jpg 300w, https:\/\/mouldking.store\/wp-content\/uploads\/2021\/11\/Mould-King-17022-RC-Fire-Engine-with-4886-pieces-9-600x456.jpg 600w, https:\/\/mouldking.store\/wp-content\/uploads\/2021\/11\/Mould-King-17022-RC-Fire-Engine-with-4886-pieces-9-150x114.jpg 150w\" sizes=\"(max-width: 735px) 100vw, 735px\" \/><figcaption id=\"caption-attachment-27448\" class=\"wp-caption-text\">Mold King 17022 RC t\u0171zolt\u00f3aut\u00f3 4886 darabbal<\/figcaption><\/figure>\n<figure id=\"attachment_27447\" aria-describedby=\"caption-attachment-27447\" style=\"width: 735px\" class=\"wp-caption aligncenter\"><img decoding=\"async\" class=\"wp-image-27447 size-full\" src=\"https:\/\/mouldking.store\/wp-content\/uploads\/2021\/11\/Mould-King-17022-RC-Fire-Engine-with-4886-pieces-8.jpg\" alt=\"Mould King 17022 RC Fire Engine with 4886 pieces\" width=\"735\" height=\"467\" title=\"-\" srcset=\"https:\/\/mouldking.store\/wp-content\/uploads\/2021\/11\/Mould-King-17022-RC-Fire-Engine-with-4886-pieces-8.jpg 735w, https:\/\/mouldking.store\/wp-content\/uploads\/2021\/11\/Mould-King-17022-RC-Fire-Engine-with-4886-pieces-8-300x191.jpg 300w, https:\/\/mouldking.store\/wp-content\/uploads\/2021\/11\/Mould-King-17022-RC-Fire-Engine-with-4886-pieces-8-600x381.jpg 600w, https:\/\/mouldking.store\/wp-content\/uploads\/2021\/11\/Mould-King-17022-RC-Fire-Engine-with-4886-pieces-8-150x95.jpg 150w\" sizes=\"(max-width: 735px) 100vw, 735px\" \/><figcaption id=\"caption-attachment-27447\" class=\"wp-caption-text\">Mold King 17022 RC t\u0171zolt\u00f3aut\u00f3 4886 darabbal<\/figcaption><\/figure>\n<figure id=\"attachment_27445\" aria-describedby=\"caption-attachment-27445\" style=\"width: 735px\" class=\"wp-caption aligncenter\"><img loading=\"lazy\" decoding=\"async\" class=\"wp-image-27445 size-full\" src=\"https:\/\/mouldking.store\/wp-content\/uploads\/2021\/11\/Mould-King-17022-RC-Fire-Engine-with-4886-pieces-6.jpg\" alt=\"Mould King 17022 RC Fire Engine with 4886 pieces\" width=\"735\" height=\"475\" title=\"-\" srcset=\"https:\/\/mouldking.store\/wp-content\/uploads\/2021\/11\/Mould-King-17022-RC-Fire-Engine-with-4886-pieces-6.jpg 735w, https:\/\/mouldking.store\/wp-content\/uploads\/2021\/11\/Mould-King-17022-RC-Fire-Engine-with-4886-pieces-6-300x194.jpg 300w, https:\/\/mouldking.store\/wp-content\/uploads\/2021\/11\/Mould-King-17022-RC-Fire-Engine-with-4886-pieces-6-600x388.jpg 600w, https:\/\/mouldking.store\/wp-content\/uploads\/2021\/11\/Mould-King-17022-RC-Fire-Engine-with-4886-pieces-6-150x97.jpg 150w\" sizes=\"(max-width: 735px) 100vw, 735px\" \/><figcaption id=\"caption-attachment-27445\" class=\"wp-caption-text\">Mold King 17022 RC t\u0171zolt\u00f3aut\u00f3 4886 darabbal<\/figcaption><\/figure>\n<figure id=\"attachment_27444\" aria-describedby=\"caption-attachment-27444\" style=\"width: 735px\" class=\"wp-caption aligncenter\"><img loading=\"lazy\" decoding=\"async\" class=\"wp-image-27444 size-full\" src=\"https:\/\/mouldking.store\/wp-content\/uploads\/2021\/11\/Mould-King-17022-RC-Fire-Engine-with-4886-pieces-5.jpg\" alt=\"Mould King 17022 RC Fire Engine with 4886 pieces\" width=\"735\" height=\"511\" title=\"-\" srcset=\"https:\/\/mouldking.store\/wp-content\/uploads\/2021\/11\/Mould-King-17022-RC-Fire-Engine-with-4886-pieces-5.jpg 735w, https:\/\/mouldking.store\/wp-content\/uploads\/2021\/11\/Mould-King-17022-RC-Fire-Engine-with-4886-pieces-5-300x209.jpg 300w, https:\/\/mouldking.store\/wp-content\/uploads\/2021\/11\/Mould-King-17022-RC-Fire-Engine-with-4886-pieces-5-600x417.jpg 600w, https:\/\/mouldking.store\/wp-content\/uploads\/2021\/11\/Mould-King-17022-RC-Fire-Engine-with-4886-pieces-5-150x104.jpg 150w\" sizes=\"(max-width: 735px) 100vw, 735px\" \/><figcaption id=\"caption-attachment-27444\" class=\"wp-caption-text\">Mold King 17022 RC t\u0171zolt\u00f3aut\u00f3 4886 darabbal<\/figcaption><\/figure>\n<figure id=\"attachment_27443\" aria-describedby=\"caption-attachment-27443\" style=\"width: 735px\" class=\"wp-caption aligncenter\"><img loading=\"lazy\" decoding=\"async\" class=\"wp-image-27443 size-full\" src=\"https:\/\/mouldking.store\/wp-content\/uploads\/2021\/11\/Mould-King-17022-RC-Fire-Engine-with-4886-pieces-4.jpg\" alt=\"Mould King 17022 RC Fire Engine with 4886 pieces\" width=\"735\" height=\"478\" title=\"-\" srcset=\"https:\/\/mouldking.store\/wp-content\/uploads\/2021\/11\/Mould-King-17022-RC-Fire-Engine-with-4886-pieces-4.jpg 735w, https:\/\/mouldking.store\/wp-content\/uploads\/2021\/11\/Mould-King-17022-RC-Fire-Engine-with-4886-pieces-4-300x195.jpg 300w, https:\/\/mouldking.store\/wp-content\/uploads\/2021\/11\/Mould-King-17022-RC-Fire-Engine-with-4886-pieces-4-600x390.jpg 600w, https:\/\/mouldking.store\/wp-content\/uploads\/2021\/11\/Mould-King-17022-RC-Fire-Engine-with-4886-pieces-4-150x98.jpg 150w\" sizes=\"(max-width: 735px) 100vw, 735px\" \/><figcaption id=\"caption-attachment-27443\" class=\"wp-caption-text\">Mold King 17022 RC t\u0171zolt\u00f3aut\u00f3 4886 darabbal<\/figcaption><\/figure>\n<figure id=\"attachment_27446\" aria-describedby=\"caption-attachment-27446\" style=\"width: 735px\" class=\"wp-caption aligncenter\"><img loading=\"lazy\" decoding=\"async\" class=\"wp-image-27446 size-full\" src=\"https:\/\/mouldking.store\/wp-content\/uploads\/2021\/11\/Mould-King-17022-RC-Fire-Engine-with-4886-pieces-7.jpg\" alt=\"Mould King 17022 RC Fire Engine with 4886 pieces\" width=\"735\" height=\"485\" title=\"-\" srcset=\"https:\/\/mouldking.store\/wp-content\/uploads\/2021\/11\/Mould-King-17022-RC-Fire-Engine-with-4886-pieces-7.jpg 735w, https:\/\/mouldking.store\/wp-content\/uploads\/2021\/11\/Mould-King-17022-RC-Fire-Engine-with-4886-pieces-7-300x198.jpg 300w, https:\/\/mouldking.store\/wp-content\/uploads\/2021\/11\/Mould-King-17022-RC-Fire-Engine-with-4886-pieces-7-600x396.jpg 600w, https:\/\/mouldking.store\/wp-content\/uploads\/2021\/11\/Mould-King-17022-RC-Fire-Engine-with-4886-pieces-7-150x99.jpg 150w\" sizes=\"(max-width: 735px) 100vw, 735px\" \/><figcaption id=\"caption-attachment-27446\" class=\"wp-caption-text\">Mold King 17022 RC t\u0171zolt\u00f3aut\u00f3 4886 darabbal<\/figcaption><\/figure>\n<figure id=\"attachment_27449\" aria-describedby=\"caption-attachment-27449\" style=\"width: 735px\" class=\"wp-caption aligncenter\"><img loading=\"lazy\" decoding=\"async\" class=\"wp-image-27449 size-full\" src=\"https:\/\/mouldking.store\/wp-content\/uploads\/2021\/11\/Mould-King-17022-RC-Fire-Engine-with-4886-pieces-10.jpg\" alt=\"Mould King 17022 RC Fire Engine with 4886 pieces\" width=\"735\" height=\"645\" title=\"-\" srcset=\"https:\/\/mouldking.store\/wp-content\/uploads\/2021\/11\/Mould-King-17022-RC-Fire-Engine-with-4886-pieces-10.jpg 735w, https:\/\/mouldking.store\/wp-content\/uploads\/2021\/11\/Mould-King-17022-RC-Fire-Engine-with-4886-pieces-10-300x263.jpg 300w, https:\/\/mouldking.store\/wp-content\/uploads\/2021\/11\/Mould-King-17022-RC-Fire-Engine-with-4886-pieces-10-600x527.jpg 600w, https:\/\/mouldking.store\/wp-content\/uploads\/2021\/11\/Mould-King-17022-RC-Fire-Engine-with-4886-pieces-10-150x132.jpg 150w\" sizes=\"(max-width: 735px) 100vw, 735px\" \/><figcaption id=\"caption-attachment-27449\" class=\"wp-caption-text\">Mold King 17022 RC t\u0171zolt\u00f3aut\u00f3 4886 darabbal<\/figcaption><\/figure>\n<figure id=\"attachment_27441\" aria-describedby=\"caption-attachment-27441\" style=\"width: 735px\" class=\"wp-caption aligncenter\"><img loading=\"lazy\" decoding=\"async\" class=\"wp-image-27441 size-full\" src=\"https:\/\/mouldking.store\/wp-content\/uploads\/2021\/11\/Mould-King-17022-RC-Fire-Engine-with-4886-pieces-2.jpg\" alt=\"Mould King 17022 RC Fire Engine with 4886 pieces\" width=\"735\" height=\"529\" title=\"-\" srcset=\"https:\/\/mouldking.store\/wp-content\/uploads\/2021\/11\/Mould-King-17022-RC-Fire-Engine-with-4886-pieces-2.jpg 735w, https:\/\/mouldking.store\/wp-content\/uploads\/2021\/11\/Mould-King-17022-RC-Fire-Engine-with-4886-pieces-2-300x216.jpg 300w, https:\/\/mouldking.store\/wp-content\/uploads\/2021\/11\/Mould-King-17022-RC-Fire-Engine-with-4886-pieces-2-600x432.jpg 600w, https:\/\/mouldking.store\/wp-content\/uploads\/2021\/11\/Mould-King-17022-RC-Fire-Engine-with-4886-pieces-2-150x108.jpg 150w\" sizes=\"(max-width: 735px) 100vw, 735px\" \/><figcaption id=\"caption-attachment-27441\" class=\"wp-caption-text\">Mold King 17022 RC t\u0171zolt\u00f3aut\u00f3 4886 darabbal<\/figcaption><\/figure>\n<figure id=\"attachment_27442\" aria-describedby=\"caption-attachment-27442\" style=\"width: 735px\" class=\"wp-caption aligncenter\"><img loading=\"lazy\" decoding=\"async\" class=\"wp-image-27442 size-full\" src=\"https:\/\/mouldking.store\/wp-content\/uploads\/2021\/11\/Mould-King-17022-RC-Fire-Engine-with-4886-pieces-3.jpg\" alt=\"Mould King 17022 RC Fire Engine with 4886 pieces\" width=\"735\" height=\"715\" title=\"-\" srcset=\"https:\/\/mouldking.store\/wp-content\/uploads\/2021\/11\/Mould-King-17022-RC-Fire-Engine-with-4886-pieces-3.jpg 735w, https:\/\/mouldking.store\/wp-content\/uploads\/2021\/11\/Mould-King-17022-RC-Fire-Engine-with-4886-pieces-3-300x292.jpg 300w, https:\/\/mouldking.store\/wp-content\/uploads\/2021\/11\/Mould-King-17022-RC-Fire-Engine-with-4886-pieces-3-600x584.jpg 600w, https:\/\/mouldking.store\/wp-content\/uploads\/2021\/11\/Mould-King-17022-RC-Fire-Engine-with-4886-pieces-3-150x146.jpg 150w\" sizes=\"(max-width: 735px) 100vw, 735px\" \/><figcaption id=\"caption-attachment-27442\" class=\"wp-caption-text\">Mold King 17022 RC t\u0171zolt\u00f3aut\u00f3 4886 darabbal<\/figcaption><\/figure>","protected":false},"excerpt":{"rendered":"<p>Product information: Brand: Mould King Gender: Unisex Name: RC Fire Engine Age Range: &gt; 14 years old Model Number: 17022 Classification: Assemblage Plastic Block Shape: Self-Locking Bricks Material: Plastic Plastic Type: ABS Bricks Blocks: 4886 PCS Contains detailed assembly instructions. Notice: 1. Without an original box, but we guarantee our products have quality assurance and [&hellip;]<\/p>","protected":false},"featured_media":27440,"comment_status":"open","ping_status":"closed","template":"","meta":{"_acf_changed":false},"product_cat":[364],"product_tag":[3599,3604,3601,3598,3597,3603,3600,481,3602],"class_list":["product","first","instock","shipping-taxable","purchasable","product-type-simple"],"acf":[],"_links":{"self":[{"href":"https:\/\/mouldking.store\/hu\/wp-json\/wp\/v2\/product\/27439","targetHints":{"allow":["GET"]}}],"collection":[{"href":"https:\/\/mouldking.store\/hu\/wp-json\/wp\/v2\/product"}],"about":[{"href":"https:\/\/mouldking.store\/hu\/wp-json\/wp\/v2\/types\/product"}],"replies":[{"embeddable":true,"href":"https:\/\/mouldking.store\/hu\/wp-json\/wp\/v2\/comments?post=27439"}],"wp:featuredmedia":[{"embeddable":true,"href":"https:\/\/mouldking.store\/hu\/wp-json\/wp\/v2\/media\/27440"}],"wp:attachment":[{"href":"https:\/\/mouldking.store\/hu\/wp-json\/wp\/v2\/media?parent=27439"}],"wp:term":[{"taxonomy":"product_cat","embeddable":true,"href":"https:\/\/mouldking.store\/hu\/wp-json\/wp\/v2\/product_cat?post=27439"},{"taxonomy":"product_tag","embeddable":true,"href":"https:\/\/mouldking.store\/hu\/wp-json\/wp\/v2\/product_tag?post=27439"}],"curies":[{"name":"wp","href":"https:\/\/api.w.org\/{rel}","templated":true}]}}