{"id":27703,"date":"2021-11-22T09:17:01","date_gmt":"2021-11-22T09:17:01","guid":{"rendered":"https:\/\/mouldking.store\/?post_type=product&#038;p=27703"},"modified":"2021-12-23T09:40:34","modified_gmt":"2021-12-23T09:40:34","slug":"loz-1225-forest-cabin-with-704-pieces","status":"publish","type":"product","link":"https:\/\/mouldking.store\/hu\/shop\/loz-1225-forest-cabin-with-704-pieces\/","title":{"rendered":"LOZ 1225 Forest Cabin with 704 pieces"},"content":{"rendered":"<p>Term\u00e9k inform\u00e1ci\u00f3:<\/p>\n<ol>\n<li>M\u00e1rka: LOZ<\/li>\n<li>Nem: Uniszex<\/li>\n<li>Name: Forest Cabin<\/li>\n<li>Koroszt\u00e1ly: &gt; 6 \u00e9v<\/li>\n<li>Model Number: 1225<\/li>\n<li>Besorol\u00e1s: \u00d6sszeszerel\u00e9s<\/li>\n<li>M\u0171anyag blokk forma: \u00f6nz\u00e1r\u00f3 t\u00e9gla<\/li>\n<li>Anyaga: M\u0171anyag<\/li>\n<li>M\u0171anyag t\u00edpus: ABS<\/li>\n<li>Bricks Blocks: 704 PCS<\/li>\n<li>R\u00e9szletes \u00f6sszeszerel\u00e9si \u00fatmutat\u00f3t tartalmaz.<\/li>\n<\/ol>\n<p>\u00c9rtes\u00edt\u00e9s:<br \/>\n1. Eredeti doboz n\u00e9lk\u00fcl, de garant\u00e1ljuk, hogy term\u00e9keink min\u0151s\u00e9gbiztos\u00edt\u00e1ssal \u00e9s sz\u00e9p csomagol\u00e1ssal rendelkeznek.<br \/>\n2. Mint minden alkatr\u00e9szt, amelyet a sz\u00e1ll\u00edt\u00e1s el\u0151tt ellen\u0151rizt\u00fcnk, ez\u00e9rt ha \u00fagy tal\u00e1lja, hogy n\u00e9h\u00e1ny alkatr\u00e9sz hi\u00e1nyzik vagy s\u00e9r\u00fclt, ne agg\u00f3djon, \u00e9s k\u00e9rj\u00fck, vegye fel vel\u00fcnk a kapcsolatot, \u00e9s azonnal ingyenesen elk\u00fcldj\u00fck \u00d6nnek.<\/p>\n<figure id=\"attachment_27704\" aria-describedby=\"caption-attachment-27704\" style=\"width: 828px\" class=\"wp-caption aligncenter\"><img fetchpriority=\"high\" decoding=\"async\" class=\"wp-image-27704 size-full\" src=\"https:\/\/mouldking.store\/wp-content\/uploads\/2021\/11\/LOZ-1225-Forest-Cabin-with-704-pieces-1.jpg\" alt=\"LOZ 1225 Forest Cabin with 704 pieces\" width=\"828\" height=\"828\" title=\"-\" srcset=\"https:\/\/mouldking.store\/wp-content\/uploads\/2021\/11\/LOZ-1225-Forest-Cabin-with-704-pieces-1.jpg 828w, https:\/\/mouldking.store\/wp-content\/uploads\/2021\/11\/LOZ-1225-Forest-Cabin-with-704-pieces-1-300x300.jpg 300w, https:\/\/mouldking.store\/wp-content\/uploads\/2021\/11\/LOZ-1225-Forest-Cabin-with-704-pieces-1-768x768.jpg 768w, https:\/\/mouldking.store\/wp-content\/uploads\/2021\/11\/LOZ-1225-Forest-Cabin-with-704-pieces-1-600x600.jpg 600w, https:\/\/mouldking.store\/wp-content\/uploads\/2021\/11\/LOZ-1225-Forest-Cabin-with-704-pieces-1-150x150.jpg 150w\" sizes=\"(max-width: 828px) 100vw, 828px\" \/><figcaption id=\"caption-attachment-27704\" class=\"wp-caption-text\">LOZ 1225 Forest Cabin with 704 pieces<\/figcaption><\/figure>\n<figure id=\"attachment_27707\" aria-describedby=\"caption-attachment-27707\" style=\"width: 800px\" class=\"wp-caption aligncenter\"><img decoding=\"async\" class=\"wp-image-27707\" src=\"https:\/\/mouldking.store\/wp-content\/uploads\/2021\/11\/LOZ-1225-Forest-Cabin-with-704-pieces-4-300x300.jpg\" alt=\"LOZ 1225 Forest Cabin with 704 pieces\" width=\"800\" height=\"800\" title=\"-\" srcset=\"https:\/\/mouldking.store\/wp-content\/uploads\/2021\/11\/LOZ-1225-Forest-Cabin-with-704-pieces-4-300x300.jpg 300w, https:\/\/mouldking.store\/wp-content\/uploads\/2021\/11\/LOZ-1225-Forest-Cabin-with-704-pieces-4-768x768.jpg 768w, https:\/\/mouldking.store\/wp-content\/uploads\/2021\/11\/LOZ-1225-Forest-Cabin-with-704-pieces-4-600x600.jpg 600w, https:\/\/mouldking.store\/wp-content\/uploads\/2021\/11\/LOZ-1225-Forest-Cabin-with-704-pieces-4-150x150.jpg 150w, https:\/\/mouldking.store\/wp-content\/uploads\/2021\/11\/LOZ-1225-Forest-Cabin-with-704-pieces-4.jpg 1024w\" sizes=\"(max-width: 800px) 100vw, 800px\" \/><figcaption id=\"caption-attachment-27707\" class=\"wp-caption-text\">LOZ 1225 Forest Cabin with 704 pieces<\/figcaption><\/figure>\n<figure id=\"attachment_27706\" aria-describedby=\"caption-attachment-27706\" style=\"width: 723px\" class=\"wp-caption aligncenter\"><img decoding=\"async\" class=\"wp-image-27706 size-full\" src=\"https:\/\/mouldking.store\/wp-content\/uploads\/2021\/11\/LOZ-1225-Forest-Cabin-with-704-pieces-3.jpg\" alt=\"LOZ 1225 Forest Cabin with 704 pieces\" width=\"723\" height=\"1024\" title=\"-\" srcset=\"https:\/\/mouldking.store\/wp-content\/uploads\/2021\/11\/LOZ-1225-Forest-Cabin-with-704-pieces-3.jpg 723w, https:\/\/mouldking.store\/wp-content\/uploads\/2021\/11\/LOZ-1225-Forest-Cabin-with-704-pieces-3-212x300.jpg 212w, https:\/\/mouldking.store\/wp-content\/uploads\/2021\/11\/LOZ-1225-Forest-Cabin-with-704-pieces-3-300x425.jpg 300w, https:\/\/mouldking.store\/wp-content\/uploads\/2021\/11\/LOZ-1225-Forest-Cabin-with-704-pieces-3-600x850.jpg 600w, https:\/\/mouldking.store\/wp-content\/uploads\/2021\/11\/LOZ-1225-Forest-Cabin-with-704-pieces-3-106x150.jpg 106w\" sizes=\"(max-width: 723px) 100vw, 723px\" \/><figcaption id=\"caption-attachment-27706\" class=\"wp-caption-text\">LOZ 1225 Forest Cabin with 704 pieces<\/figcaption><\/figure>\n<figure id=\"attachment_27705\" aria-describedby=\"caption-attachment-27705\" style=\"width: 800px\" class=\"wp-caption aligncenter\"><img loading=\"lazy\" decoding=\"async\" class=\"wp-image-27705\" src=\"https:\/\/mouldking.store\/wp-content\/uploads\/2021\/11\/LOZ-1225-Forest-Cabin-with-704-pieces-2-300x300.jpg\" alt=\"LOZ 1225 Forest Cabin with 704 pieces\" width=\"800\" height=\"800\" title=\"-\" srcset=\"https:\/\/mouldking.store\/wp-content\/uploads\/2021\/11\/LOZ-1225-Forest-Cabin-with-704-pieces-2-300x300.jpg 300w, https:\/\/mouldking.store\/wp-content\/uploads\/2021\/11\/LOZ-1225-Forest-Cabin-with-704-pieces-2-768x768.jpg 768w, https:\/\/mouldking.store\/wp-content\/uploads\/2021\/11\/LOZ-1225-Forest-Cabin-with-704-pieces-2-600x600.jpg 600w, https:\/\/mouldking.store\/wp-content\/uploads\/2021\/11\/LOZ-1225-Forest-Cabin-with-704-pieces-2-150x150.jpg 150w, https:\/\/mouldking.store\/wp-content\/uploads\/2021\/11\/LOZ-1225-Forest-Cabin-with-704-pieces-2.jpg 1024w\" sizes=\"(max-width: 800px) 100vw, 800px\" \/><figcaption id=\"caption-attachment-27705\" class=\"wp-caption-text\">LOZ 1225 Forest Cabin with 704 pieces<\/figcaption><\/figure>","protected":false},"excerpt":{"rendered":"<p>Product information: Brand: LOZ Gender: Unisex Name: Forest Cabin Age Range: &gt; 6 years old Model Number: 1225 Classification: Assemblage Plastic Block Shape: Self-Locking Bricks Material: Plastic Plastic Type: ABS Bricks Blocks: 704 PCS Contains detailed assembly instructions. Notice: 1. Without an original box, but we guarantee our products have quality assurance and nice packaging. [&hellip;]<\/p>","protected":false},"featured_media":27707,"comment_status":"open","ping_status":"closed","template":"","meta":{"_acf_changed":false},"product_cat":[390],"product_tag":[3725,3727,3726,3724,3723,3728],"class_list":["product","first","instock","shipping-taxable","purchasable","product-type-simple"],"acf":[],"_links":{"self":[{"href":"https:\/\/mouldking.store\/hu\/wp-json\/wp\/v2\/product\/27703","targetHints":{"allow":["GET"]}}],"collection":[{"href":"https:\/\/mouldking.store\/hu\/wp-json\/wp\/v2\/product"}],"about":[{"href":"https:\/\/mouldking.store\/hu\/wp-json\/wp\/v2\/types\/product"}],"replies":[{"embeddable":true,"href":"https:\/\/mouldking.store\/hu\/wp-json\/wp\/v2\/comments?post=27703"}],"wp:featuredmedia":[{"embeddable":true,"href":"https:\/\/mouldking.store\/hu\/wp-json\/wp\/v2\/media\/27707"}],"wp:attachment":[{"href":"https:\/\/mouldking.store\/hu\/wp-json\/wp\/v2\/media?parent=27703"}],"wp:term":[{"taxonomy":"product_cat","embeddable":true,"href":"https:\/\/mouldking.store\/hu\/wp-json\/wp\/v2\/product_cat?post=27703"},{"taxonomy":"product_tag","embeddable":true,"href":"https:\/\/mouldking.store\/hu\/wp-json\/wp\/v2\/product_tag?post=27703"}],"curies":[{"name":"wp","href":"https:\/\/api.w.org\/{rel}","templated":true}]}}