{"id":27798,"date":"2021-11-24T12:32:08","date_gmt":"2021-11-24T12:32:08","guid":{"rendered":"https:\/\/mouldking.store\/?post_type=product&#038;p=27798"},"modified":"2021-12-23T09:40:31","modified_gmt":"2021-12-23T09:40:31","slug":"xinyu-yc-qc-013-container-with-3565-pieces","status":"publish","type":"product","link":"https:\/\/mouldking.store\/hu\/shop\/xinyu-yc-qc-013-container-with-3565-pieces\/","title":{"rendered":"XINYU YC-QC 013 Kont\u00e9ner 3565 darabbal"},"content":{"rendered":"<p>Term\u00e9k inform\u00e1ci\u00f3:<\/p>\n<ol>\n<li>M\u00e1rka: XINYU<\/li>\n<li>Nem: Uniszex<\/li>\n<li>N\u00e9v: Kont\u00e9ner<\/li>\n<li>Koroszt\u00e1ly: &gt; 6 \u00e9v<\/li>\n<li>Modellsz\u00e1m: YC-QC 013<\/li>\n<li>Besorol\u00e1s: \u00d6sszeszerel\u00e9s<\/li>\n<li>M\u0171anyag blokk forma: \u00f6nz\u00e1r\u00f3 t\u00e9gla<\/li>\n<li>Anyaga: M\u0171anyag<\/li>\n<li>M\u0171anyag t\u00edpus: ABS<\/li>\n<li>T\u00e9gla blokkok: 3565 DB<\/li>\n<li>R\u00e9szletes \u00f6sszeszerel\u00e9si \u00fatmutat\u00f3t tartalmaz.<\/li>\n<\/ol>\n<p>\u00c9rtes\u00edt\u00e9s:<br \/>\n1. Eredeti doboz n\u00e9lk\u00fcl, de garant\u00e1ljuk, hogy term\u00e9keink min\u0151s\u00e9gbiztos\u00edt\u00e1ssal \u00e9s sz\u00e9p csomagol\u00e1ssal rendelkeznek.<br \/>\n2. Mint minden alkatr\u00e9szt, amelyet a sz\u00e1ll\u00edt\u00e1s el\u0151tt ellen\u0151rizt\u00fcnk, ez\u00e9rt ha \u00fagy tal\u00e1lja, hogy n\u00e9h\u00e1ny alkatr\u00e9sz hi\u00e1nyzik vagy s\u00e9r\u00fclt, ne agg\u00f3djon, \u00e9s k\u00e9rj\u00fck, vegye fel vel\u00fcnk a kapcsolatot, \u00e9s azonnal ingyenesen elk\u00fcldj\u00fck \u00d6nnek.<\/p>\n<p>&nbsp;<\/p>\n<figure id=\"attachment_27799\" aria-describedby=\"caption-attachment-27799\" style=\"width: 800px\" class=\"wp-caption aligncenter\"><img fetchpriority=\"high\" decoding=\"async\" class=\"wp-image-27799 size-full\" src=\"https:\/\/mouldking.store\/wp-content\/uploads\/2021\/11\/TECHNICIAN-XINYU-YC-QC-013-Container-5.jpg\" alt=\"XINYU YC-QC 013 Container with 3565 pieces\" width=\"800\" height=\"800\" title=\"-\" srcset=\"https:\/\/mouldking.store\/wp-content\/uploads\/2021\/11\/TECHNICIAN-XINYU-YC-QC-013-Container-5.jpg 800w, https:\/\/mouldking.store\/wp-content\/uploads\/2021\/11\/TECHNICIAN-XINYU-YC-QC-013-Container-5-300x300.jpg 300w, https:\/\/mouldking.store\/wp-content\/uploads\/2021\/11\/TECHNICIAN-XINYU-YC-QC-013-Container-5-768x768.jpg 768w, https:\/\/mouldking.store\/wp-content\/uploads\/2021\/11\/TECHNICIAN-XINYU-YC-QC-013-Container-5-600x600.jpg 600w, https:\/\/mouldking.store\/wp-content\/uploads\/2021\/11\/TECHNICIAN-XINYU-YC-QC-013-Container-5-150x150.jpg 150w\" sizes=\"(max-width: 800px) 100vw, 800px\" \/><figcaption id=\"caption-attachment-27799\" class=\"wp-caption-text\">XINYU YC-QC 013 Kont\u00e9ner 3565 darabbal<\/figcaption><\/figure>\n<figure id=\"attachment_27801\" aria-describedby=\"caption-attachment-27801\" style=\"width: 790px\" class=\"wp-caption aligncenter\"><img decoding=\"async\" class=\"wp-image-27801 size-full\" src=\"https:\/\/mouldking.store\/wp-content\/uploads\/2021\/11\/TECHNICIAN-XINYU-YC-QC-013-Container-7.jpg\" alt=\"XINYU YC-QC 013 Container with 3565 pieces\" width=\"790\" height=\"792\" title=\"-\" srcset=\"https:\/\/mouldking.store\/wp-content\/uploads\/2021\/11\/TECHNICIAN-XINYU-YC-QC-013-Container-7.jpg 790w, https:\/\/mouldking.store\/wp-content\/uploads\/2021\/11\/TECHNICIAN-XINYU-YC-QC-013-Container-7-300x301.jpg 300w, https:\/\/mouldking.store\/wp-content\/uploads\/2021\/11\/TECHNICIAN-XINYU-YC-QC-013-Container-7-768x770.jpg 768w, https:\/\/mouldking.store\/wp-content\/uploads\/2021\/11\/TECHNICIAN-XINYU-YC-QC-013-Container-7-600x602.jpg 600w, https:\/\/mouldking.store\/wp-content\/uploads\/2021\/11\/TECHNICIAN-XINYU-YC-QC-013-Container-7-150x150.jpg 150w\" sizes=\"(max-width: 790px) 100vw, 790px\" \/><figcaption id=\"caption-attachment-27801\" class=\"wp-caption-text\">XINYU YC-QC 013 Kont\u00e9ner 3565 darabbal<\/figcaption><\/figure>\n<figure id=\"attachment_27803\" aria-describedby=\"caption-attachment-27803\" style=\"width: 790px\" class=\"wp-caption aligncenter\"><img decoding=\"async\" class=\"wp-image-27803 size-full\" src=\"https:\/\/mouldking.store\/wp-content\/uploads\/2021\/11\/TECHNICIAN-XINYU-YC-QC-013-Container-9.jpg\" alt=\"XINYU YC-QC 013 Container with 3565 pieces\" width=\"790\" height=\"982\" title=\"-\" srcset=\"https:\/\/mouldking.store\/wp-content\/uploads\/2021\/11\/TECHNICIAN-XINYU-YC-QC-013-Container-9.jpg 790w, https:\/\/mouldking.store\/wp-content\/uploads\/2021\/11\/TECHNICIAN-XINYU-YC-QC-013-Container-9-241x300.jpg 241w, https:\/\/mouldking.store\/wp-content\/uploads\/2021\/11\/TECHNICIAN-XINYU-YC-QC-013-Container-9-768x955.jpg 768w, https:\/\/mouldking.store\/wp-content\/uploads\/2021\/11\/TECHNICIAN-XINYU-YC-QC-013-Container-9-300x373.jpg 300w, https:\/\/mouldking.store\/wp-content\/uploads\/2021\/11\/TECHNICIAN-XINYU-YC-QC-013-Container-9-600x746.jpg 600w, https:\/\/mouldking.store\/wp-content\/uploads\/2021\/11\/TECHNICIAN-XINYU-YC-QC-013-Container-9-121x150.jpg 121w\" sizes=\"(max-width: 790px) 100vw, 790px\" \/><figcaption id=\"caption-attachment-27803\" class=\"wp-caption-text\">XINYU YC-QC 013 Kont\u00e9ner 3565 darabbal<\/figcaption><\/figure>\n<figure id=\"attachment_27806\" aria-describedby=\"caption-attachment-27806\" style=\"width: 800px\" class=\"wp-caption aligncenter\"><img loading=\"lazy\" decoding=\"async\" class=\"wp-image-27806 size-full\" src=\"https:\/\/mouldking.store\/wp-content\/uploads\/2021\/11\/TECHNICIAN-XINYU-YC-QC-013-Container-3.jpg\" alt=\"XINYU YC-QC 013 Container with 3565 pieces\" width=\"800\" height=\"800\" title=\"-\" srcset=\"https:\/\/mouldking.store\/wp-content\/uploads\/2021\/11\/TECHNICIAN-XINYU-YC-QC-013-Container-3.jpg 800w, https:\/\/mouldking.store\/wp-content\/uploads\/2021\/11\/TECHNICIAN-XINYU-YC-QC-013-Container-3-300x300.jpg 300w, https:\/\/mouldking.store\/wp-content\/uploads\/2021\/11\/TECHNICIAN-XINYU-YC-QC-013-Container-3-768x768.jpg 768w, https:\/\/mouldking.store\/wp-content\/uploads\/2021\/11\/TECHNICIAN-XINYU-YC-QC-013-Container-3-600x600.jpg 600w, https:\/\/mouldking.store\/wp-content\/uploads\/2021\/11\/TECHNICIAN-XINYU-YC-QC-013-Container-3-150x150.jpg 150w\" sizes=\"(max-width: 800px) 100vw, 800px\" \/><figcaption id=\"caption-attachment-27806\" class=\"wp-caption-text\">XINYU YC-QC 013 Kont\u00e9ner 3565 darabbal<\/figcaption><\/figure>\n<figure id=\"attachment_27807\" aria-describedby=\"caption-attachment-27807\" style=\"width: 800px\" class=\"wp-caption aligncenter\"><img loading=\"lazy\" decoding=\"async\" class=\"wp-image-27807 size-full\" src=\"https:\/\/mouldking.store\/wp-content\/uploads\/2021\/11\/TECHNICIAN-XINYU-YC-QC-013-Container-4.jpg\" alt=\"XINYU YC-QC 013 Container with 3565 pieces\" width=\"800\" height=\"800\" title=\"-\" srcset=\"https:\/\/mouldking.store\/wp-content\/uploads\/2021\/11\/TECHNICIAN-XINYU-YC-QC-013-Container-4.jpg 800w, https:\/\/mouldking.store\/wp-content\/uploads\/2021\/11\/TECHNICIAN-XINYU-YC-QC-013-Container-4-300x300.jpg 300w, https:\/\/mouldking.store\/wp-content\/uploads\/2021\/11\/TECHNICIAN-XINYU-YC-QC-013-Container-4-768x768.jpg 768w, https:\/\/mouldking.store\/wp-content\/uploads\/2021\/11\/TECHNICIAN-XINYU-YC-QC-013-Container-4-600x600.jpg 600w, https:\/\/mouldking.store\/wp-content\/uploads\/2021\/11\/TECHNICIAN-XINYU-YC-QC-013-Container-4-150x150.jpg 150w\" sizes=\"(max-width: 800px) 100vw, 800px\" \/><figcaption id=\"caption-attachment-27807\" class=\"wp-caption-text\">XINYU YC-QC 013 Kont\u00e9ner 3565 darabbal<\/figcaption><\/figure>\n<figure id=\"attachment_27804\" aria-describedby=\"caption-attachment-27804\" style=\"width: 754px\" class=\"wp-caption aligncenter\"><img loading=\"lazy\" decoding=\"async\" class=\"wp-image-27804 size-full\" src=\"https:\/\/mouldking.store\/wp-content\/uploads\/2021\/11\/TECHNICIAN-XINYU-YC-QC-013-Container-1.jpg\" alt=\"XINYU YC-QC 013 Container with 3565 pieces\" width=\"754\" height=\"1024\" title=\"-\" srcset=\"https:\/\/mouldking.store\/wp-content\/uploads\/2021\/11\/TECHNICIAN-XINYU-YC-QC-013-Container-1.jpg 754w, https:\/\/mouldking.store\/wp-content\/uploads\/2021\/11\/TECHNICIAN-XINYU-YC-QC-013-Container-1-221x300.jpg 221w, https:\/\/mouldking.store\/wp-content\/uploads\/2021\/11\/TECHNICIAN-XINYU-YC-QC-013-Container-1-300x407.jpg 300w, https:\/\/mouldking.store\/wp-content\/uploads\/2021\/11\/TECHNICIAN-XINYU-YC-QC-013-Container-1-600x815.jpg 600w, https:\/\/mouldking.store\/wp-content\/uploads\/2021\/11\/TECHNICIAN-XINYU-YC-QC-013-Container-1-110x150.jpg 110w\" sizes=\"(max-width: 754px) 100vw, 754px\" \/><figcaption id=\"caption-attachment-27804\" class=\"wp-caption-text\">XINYU YC-QC 013 Kont\u00e9ner 3565 darabbal<\/figcaption><\/figure>\n<figure id=\"attachment_27805\" aria-describedby=\"caption-attachment-27805\" style=\"width: 790px\" class=\"wp-caption aligncenter\"><img loading=\"lazy\" decoding=\"async\" class=\"wp-image-27805 size-full\" src=\"https:\/\/mouldking.store\/wp-content\/uploads\/2021\/11\/TECHNICIAN-XINYU-YC-QC-013-Container-2.jpg\" alt=\"XINYU YC-QC 013 Container with 3565 pieces\" width=\"790\" height=\"644\" title=\"-\" srcset=\"https:\/\/mouldking.store\/wp-content\/uploads\/2021\/11\/TECHNICIAN-XINYU-YC-QC-013-Container-2.jpg 790w, https:\/\/mouldking.store\/wp-content\/uploads\/2021\/11\/TECHNICIAN-XINYU-YC-QC-013-Container-2-300x245.jpg 300w, https:\/\/mouldking.store\/wp-content\/uploads\/2021\/11\/TECHNICIAN-XINYU-YC-QC-013-Container-2-768x626.jpg 768w, https:\/\/mouldking.store\/wp-content\/uploads\/2021\/11\/TECHNICIAN-XINYU-YC-QC-013-Container-2-600x489.jpg 600w, https:\/\/mouldking.store\/wp-content\/uploads\/2021\/11\/TECHNICIAN-XINYU-YC-QC-013-Container-2-150x122.jpg 150w\" sizes=\"(max-width: 790px) 100vw, 790px\" \/><figcaption id=\"caption-attachment-27805\" class=\"wp-caption-text\">XINYU YC-QC 013 Kont\u00e9ner 3565 darabbal<\/figcaption><\/figure>\n<figure id=\"attachment_27802\" aria-describedby=\"caption-attachment-27802\" style=\"width: 790px\" class=\"wp-caption aligncenter\"><img loading=\"lazy\" decoding=\"async\" class=\"wp-image-27802 size-full\" src=\"https:\/\/mouldking.store\/wp-content\/uploads\/2021\/11\/TECHNICIAN-XINYU-YC-QC-013-Container-8.jpg\" alt=\"XINYU YC-QC 013 Container with 3565 pieces\" width=\"790\" height=\"370\" title=\"-\" srcset=\"https:\/\/mouldking.store\/wp-content\/uploads\/2021\/11\/TECHNICIAN-XINYU-YC-QC-013-Container-8.jpg 790w, https:\/\/mouldking.store\/wp-content\/uploads\/2021\/11\/TECHNICIAN-XINYU-YC-QC-013-Container-8-300x141.jpg 300w, https:\/\/mouldking.store\/wp-content\/uploads\/2021\/11\/TECHNICIAN-XINYU-YC-QC-013-Container-8-768x360.jpg 768w, https:\/\/mouldking.store\/wp-content\/uploads\/2021\/11\/TECHNICIAN-XINYU-YC-QC-013-Container-8-600x281.jpg 600w, https:\/\/mouldking.store\/wp-content\/uploads\/2021\/11\/TECHNICIAN-XINYU-YC-QC-013-Container-8-150x70.jpg 150w\" sizes=\"(max-width: 790px) 100vw, 790px\" \/><figcaption id=\"caption-attachment-27802\" class=\"wp-caption-text\">XINYU YC-QC 013 Kont\u00e9ner 3565 darabbal<\/figcaption><\/figure>\n<figure id=\"attachment_27800\" aria-describedby=\"caption-attachment-27800\" style=\"width: 790px\" class=\"wp-caption aligncenter\"><img loading=\"lazy\" decoding=\"async\" class=\"wp-image-27800 size-full\" src=\"https:\/\/mouldking.store\/wp-content\/uploads\/2021\/11\/TECHNICIAN-XINYU-YC-QC-013-Container-6.jpg\" alt=\"XINYU YC-QC 013 Container with 3565 pieces\" width=\"790\" height=\"664\" title=\"-\" srcset=\"https:\/\/mouldking.store\/wp-content\/uploads\/2021\/11\/TECHNICIAN-XINYU-YC-QC-013-Container-6.jpg 790w, https:\/\/mouldking.store\/wp-content\/uploads\/2021\/11\/TECHNICIAN-XINYU-YC-QC-013-Container-6-300x252.jpg 300w, https:\/\/mouldking.store\/wp-content\/uploads\/2021\/11\/TECHNICIAN-XINYU-YC-QC-013-Container-6-768x646.jpg 768w, https:\/\/mouldking.store\/wp-content\/uploads\/2021\/11\/TECHNICIAN-XINYU-YC-QC-013-Container-6-600x504.jpg 600w, https:\/\/mouldking.store\/wp-content\/uploads\/2021\/11\/TECHNICIAN-XINYU-YC-QC-013-Container-6-150x126.jpg 150w\" sizes=\"(max-width: 790px) 100vw, 790px\" \/><figcaption id=\"caption-attachment-27800\" class=\"wp-caption-text\">XINYU YC-QC 013 Kont\u00e9ner 3565 darabbal<\/figcaption><\/figure>\n<p>&nbsp;<\/p>","protected":false},"excerpt":{"rendered":"<p>Product information: Brand: XINYU Gender: Unisex Name: Container Age Range: &gt; 6 years old Model Number: YC-QC 013 Classification: Assemblage Plastic Block Shape: Self-Locking Bricks Material: Plastic Plastic Type: ABS Bricks Blocks: 3565 PCS Contains detailed assembly instructions. Notice: 1. Without an original box, but we guarantee our products have quality assurance and nice packaging. [&hellip;]<\/p>","protected":false},"featured_media":27799,"comment_status":"open","ping_status":"closed","template":"","meta":{"_acf_changed":false},"product_cat":[364],"product_tag":[3786,1841,2209,3787,3785,3784,3788],"class_list":["product","first","instock","shipping-taxable","purchasable","product-type-simple"],"acf":[],"_links":{"self":[{"href":"https:\/\/mouldking.store\/hu\/wp-json\/wp\/v2\/product\/27798","targetHints":{"allow":["GET"]}}],"collection":[{"href":"https:\/\/mouldking.store\/hu\/wp-json\/wp\/v2\/product"}],"about":[{"href":"https:\/\/mouldking.store\/hu\/wp-json\/wp\/v2\/types\/product"}],"replies":[{"embeddable":true,"href":"https:\/\/mouldking.store\/hu\/wp-json\/wp\/v2\/comments?post=27798"}],"wp:featuredmedia":[{"embeddable":true,"href":"https:\/\/mouldking.store\/hu\/wp-json\/wp\/v2\/media\/27799"}],"wp:attachment":[{"href":"https:\/\/mouldking.store\/hu\/wp-json\/wp\/v2\/media?parent=27798"}],"wp:term":[{"taxonomy":"product_cat","embeddable":true,"href":"https:\/\/mouldking.store\/hu\/wp-json\/wp\/v2\/product_cat?post=27798"},{"taxonomy":"product_tag","embeddable":true,"href":"https:\/\/mouldking.store\/hu\/wp-json\/wp\/v2\/product_tag?post=27798"}],"curies":[{"name":"wp","href":"https:\/\/api.w.org\/{rel}","templated":true}]}}