{"id":28184,"date":"2021-12-02T11:30:10","date_gmt":"2021-12-02T11:30:10","guid":{"rendered":"https:\/\/mouldking.store\/?post_type=product&#038;p=28184"},"modified":"2021-12-23T09:40:25","modified_gmt":"2021-12-23T09:40:25","slug":"zhegao-ql0959-drifting-city-with-3206-pieces","status":"publish","type":"product","link":"https:\/\/mouldking.store\/hu\/shop\/zhegao-ql0959-drifting-city-with-3206-pieces\/","title":{"rendered":"ZHEGAO QL0959 Drifting City with 3206 pieces"},"content":{"rendered":"<p>Term\u00e9k inform\u00e1ci\u00f3:<\/p>\n<ol>\n<li>M\u00e1rka: ZHEGAO<\/li>\n<li>Nem: Uniszex<\/li>\n<li>Name: Drifting City<\/li>\n<li>Koroszt\u00e1ly: &gt; 6 \u00e9v<\/li>\n<li>Model Number: QL0959<\/li>\n<li>Besorol\u00e1s: \u00d6sszeszerel\u00e9s<\/li>\n<li>M\u0171anyag blokk forma: \u00f6nz\u00e1r\u00f3 t\u00e9gla<\/li>\n<li>Anyaga: M\u0171anyag<\/li>\n<li>M\u0171anyag t\u00edpus: ABS<\/li>\n<li>Bricks Blocks: 3206 PCS<\/li>\n<li>R\u00e9szletes \u00f6sszeszerel\u00e9si \u00fatmutat\u00f3t tartalmaz.<\/li>\n<\/ol>\n<p>\u00c9rtes\u00edt\u00e9s:<br \/>\n1. Eredeti doboz n\u00e9lk\u00fcl, de garant\u00e1ljuk, hogy term\u00e9keink min\u0151s\u00e9gbiztos\u00edt\u00e1ssal \u00e9s sz\u00e9p csomagol\u00e1ssal rendelkeznek.<br \/>\n2. Mint minden alkatr\u00e9szt, amelyet a sz\u00e1ll\u00edt\u00e1s el\u0151tt ellen\u0151rizt\u00fcnk, ez\u00e9rt ha \u00fagy tal\u00e1lja, hogy n\u00e9h\u00e1ny alkatr\u00e9sz hi\u00e1nyzik vagy s\u00e9r\u00fclt, ne agg\u00f3djon, \u00e9s k\u00e9rj\u00fck, vegye fel vel\u00fcnk a kapcsolatot, \u00e9s azonnal ingyenesen elk\u00fcldj\u00fck \u00d6nnek.<\/p>\n<figure id=\"attachment_28185\" aria-describedby=\"caption-attachment-28185\" style=\"width: 800px\" class=\"wp-caption aligncenter\"><img fetchpriority=\"high\" decoding=\"async\" class=\"wp-image-28185 size-full\" src=\"https:\/\/mouldking.store\/wp-content\/uploads\/2021\/12\/ZHEGAO-QL0959-Drifting-City-with-3206-pieces-1.jpg\" alt=\"ZHEGAO QL0959 Drifting City with 3206 pieces\" width=\"800\" height=\"800\" title=\"-\" srcset=\"https:\/\/mouldking.store\/wp-content\/uploads\/2021\/12\/ZHEGAO-QL0959-Drifting-City-with-3206-pieces-1.jpg 800w, https:\/\/mouldking.store\/wp-content\/uploads\/2021\/12\/ZHEGAO-QL0959-Drifting-City-with-3206-pieces-1-300x300.jpg 300w, https:\/\/mouldking.store\/wp-content\/uploads\/2021\/12\/ZHEGAO-QL0959-Drifting-City-with-3206-pieces-1-768x768.jpg 768w, https:\/\/mouldking.store\/wp-content\/uploads\/2021\/12\/ZHEGAO-QL0959-Drifting-City-with-3206-pieces-1-600x600.jpg 600w, https:\/\/mouldking.store\/wp-content\/uploads\/2021\/12\/ZHEGAO-QL0959-Drifting-City-with-3206-pieces-1-150x150.jpg 150w\" sizes=\"(max-width: 800px) 100vw, 800px\" \/><figcaption id=\"caption-attachment-28185\" class=\"wp-caption-text\">ZHEGAO QL0959 Drifting City with 3206 pieces<\/figcaption><\/figure>\n<figure id=\"attachment_28189\" aria-describedby=\"caption-attachment-28189\" style=\"width: 800px\" class=\"wp-caption aligncenter\"><img decoding=\"async\" class=\"wp-image-28189 size-full\" src=\"https:\/\/mouldking.store\/wp-content\/uploads\/2021\/12\/ZHEGAO-QL0959-Drifting-City-with-3206-pieces-2.png\" alt=\"ZHEGAO QL0959 Drifting City with 3206 pieces\" width=\"800\" height=\"800\" title=\"-\" srcset=\"https:\/\/mouldking.store\/wp-content\/uploads\/2021\/12\/ZHEGAO-QL0959-Drifting-City-with-3206-pieces-2.png 800w, https:\/\/mouldking.store\/wp-content\/uploads\/2021\/12\/ZHEGAO-QL0959-Drifting-City-with-3206-pieces-2-300x300.png 300w, https:\/\/mouldking.store\/wp-content\/uploads\/2021\/12\/ZHEGAO-QL0959-Drifting-City-with-3206-pieces-2-768x768.png 768w, https:\/\/mouldking.store\/wp-content\/uploads\/2021\/12\/ZHEGAO-QL0959-Drifting-City-with-3206-pieces-2-600x600.png 600w, https:\/\/mouldking.store\/wp-content\/uploads\/2021\/12\/ZHEGAO-QL0959-Drifting-City-with-3206-pieces-2-150x150.png 150w\" sizes=\"(max-width: 800px) 100vw, 800px\" \/><figcaption id=\"caption-attachment-28189\" class=\"wp-caption-text\">ZHEGAO QL0959 Drifting City with 3206 pieces<\/figcaption><\/figure>\n<figure id=\"attachment_28186\" aria-describedby=\"caption-attachment-28186\" style=\"width: 889px\" class=\"wp-caption aligncenter\"><img decoding=\"async\" class=\"wp-image-28186 size-full\" src=\"https:\/\/mouldking.store\/wp-content\/uploads\/2021\/12\/ZHEGAO-QL0959-Drifting-City-with-3206-pieces-2.jpg\" alt=\"ZHEGAO QL0959 Drifting City with 3206 pieces\" width=\"889\" height=\"1024\" title=\"-\" srcset=\"https:\/\/mouldking.store\/wp-content\/uploads\/2021\/12\/ZHEGAO-QL0959-Drifting-City-with-3206-pieces-2.jpg 889w, https:\/\/mouldking.store\/wp-content\/uploads\/2021\/12\/ZHEGAO-QL0959-Drifting-City-with-3206-pieces-2-260x300.jpg 260w, https:\/\/mouldking.store\/wp-content\/uploads\/2021\/12\/ZHEGAO-QL0959-Drifting-City-with-3206-pieces-2-768x885.jpg 768w, https:\/\/mouldking.store\/wp-content\/uploads\/2021\/12\/ZHEGAO-QL0959-Drifting-City-with-3206-pieces-2-300x346.jpg 300w, https:\/\/mouldking.store\/wp-content\/uploads\/2021\/12\/ZHEGAO-QL0959-Drifting-City-with-3206-pieces-2-600x691.jpg 600w, https:\/\/mouldking.store\/wp-content\/uploads\/2021\/12\/ZHEGAO-QL0959-Drifting-City-with-3206-pieces-2-130x150.jpg 130w\" sizes=\"(max-width: 889px) 100vw, 889px\" \/><figcaption id=\"caption-attachment-28186\" class=\"wp-caption-text\">ZHEGAO QL0959 Drifting City with 3206 pieces<\/figcaption><\/figure>\n<figure id=\"attachment_28188\" aria-describedby=\"caption-attachment-28188\" style=\"width: 800px\" class=\"wp-caption aligncenter\"><img loading=\"lazy\" decoding=\"async\" class=\"wp-image-28188 size-full\" src=\"https:\/\/mouldking.store\/wp-content\/uploads\/2021\/12\/ZHEGAO-QL0959-Drifting-City-with-3206-pieces-1.png\" alt=\"ZHEGAO QL0959 Drifting City with 3206 pieces\" width=\"800\" height=\"800\" title=\"-\" srcset=\"https:\/\/mouldking.store\/wp-content\/uploads\/2021\/12\/ZHEGAO-QL0959-Drifting-City-with-3206-pieces-1.png 800w, https:\/\/mouldking.store\/wp-content\/uploads\/2021\/12\/ZHEGAO-QL0959-Drifting-City-with-3206-pieces-1-300x300.png 300w, https:\/\/mouldking.store\/wp-content\/uploads\/2021\/12\/ZHEGAO-QL0959-Drifting-City-with-3206-pieces-1-768x768.png 768w, https:\/\/mouldking.store\/wp-content\/uploads\/2021\/12\/ZHEGAO-QL0959-Drifting-City-with-3206-pieces-1-600x600.png 600w, https:\/\/mouldking.store\/wp-content\/uploads\/2021\/12\/ZHEGAO-QL0959-Drifting-City-with-3206-pieces-1-150x150.png 150w\" sizes=\"(max-width: 800px) 100vw, 800px\" \/><figcaption id=\"caption-attachment-28188\" class=\"wp-caption-text\">ZHEGAO QL0959 Drifting City with 3206 pieces<\/figcaption><\/figure>\n<figure id=\"attachment_28187\" aria-describedby=\"caption-attachment-28187\" style=\"width: 835px\" class=\"wp-caption aligncenter\"><img loading=\"lazy\" decoding=\"async\" class=\"wp-image-28187 size-full\" src=\"https:\/\/mouldking.store\/wp-content\/uploads\/2021\/12\/ZHEGAO-QL0959-Drifting-City-with-3206-pieces-3.jpg\" alt=\"ZHEGAO QL0959 Drifting City with 3206 pieces\" width=\"835\" height=\"1024\" title=\"-\" srcset=\"https:\/\/mouldking.store\/wp-content\/uploads\/2021\/12\/ZHEGAO-QL0959-Drifting-City-with-3206-pieces-3.jpg 835w, https:\/\/mouldking.store\/wp-content\/uploads\/2021\/12\/ZHEGAO-QL0959-Drifting-City-with-3206-pieces-3-245x300.jpg 245w, https:\/\/mouldking.store\/wp-content\/uploads\/2021\/12\/ZHEGAO-QL0959-Drifting-City-with-3206-pieces-3-768x942.jpg 768w, https:\/\/mouldking.store\/wp-content\/uploads\/2021\/12\/ZHEGAO-QL0959-Drifting-City-with-3206-pieces-3-300x368.jpg 300w, https:\/\/mouldking.store\/wp-content\/uploads\/2021\/12\/ZHEGAO-QL0959-Drifting-City-with-3206-pieces-3-600x736.jpg 600w, https:\/\/mouldking.store\/wp-content\/uploads\/2021\/12\/ZHEGAO-QL0959-Drifting-City-with-3206-pieces-3-122x150.jpg 122w\" sizes=\"(max-width: 835px) 100vw, 835px\" \/><figcaption id=\"caption-attachment-28187\" class=\"wp-caption-text\">ZHEGAO QL0959 Drifting City with 3206 pieces<\/figcaption><\/figure>","protected":false},"excerpt":{"rendered":"<p>Product information: Brand: ZHEGAO Gender: Unisex Name: Drifting City Age Range: &gt; 6 years old Model Number: QL0959 Classification: Assemblage Plastic Block Shape: Self-Locking Bricks Material: Plastic Plastic Type: ABS Bricks Blocks: 3206 PCS Contains detailed assembly instructions. Notice: 1. Without an original box, but we guarantee our products have quality assurance and nice packaging. [&hellip;]<\/p>","protected":false},"featured_media":28185,"comment_status":"open","ping_status":"closed","template":"","meta":{"_acf_changed":false},"product_cat":[390],"product_tag":[4021,4017,4020,4019,4016,4018,4015],"class_list":["product","first","instock","shipping-taxable","purchasable","product-type-simple"],"acf":[],"_links":{"self":[{"href":"https:\/\/mouldking.store\/hu\/wp-json\/wp\/v2\/product\/28184","targetHints":{"allow":["GET"]}}],"collection":[{"href":"https:\/\/mouldking.store\/hu\/wp-json\/wp\/v2\/product"}],"about":[{"href":"https:\/\/mouldking.store\/hu\/wp-json\/wp\/v2\/types\/product"}],"replies":[{"embeddable":true,"href":"https:\/\/mouldking.store\/hu\/wp-json\/wp\/v2\/comments?post=28184"}],"wp:featuredmedia":[{"embeddable":true,"href":"https:\/\/mouldking.store\/hu\/wp-json\/wp\/v2\/media\/28185"}],"wp:attachment":[{"href":"https:\/\/mouldking.store\/hu\/wp-json\/wp\/v2\/media?parent=28184"}],"wp:term":[{"taxonomy":"product_cat","embeddable":true,"href":"https:\/\/mouldking.store\/hu\/wp-json\/wp\/v2\/product_cat?post=28184"},{"taxonomy":"product_tag","embeddable":true,"href":"https:\/\/mouldking.store\/hu\/wp-json\/wp\/v2\/product_tag?post=28184"}],"curies":[{"name":"wp","href":"https:\/\/api.w.org\/{rel}","templated":true}]}}