{"id":28286,"date":"2021-12-05T03:10:18","date_gmt":"2021-12-05T03:10:18","guid":{"rendered":"https:\/\/mouldking.store\/?post_type=product&#038;p=28286"},"modified":"2021-12-23T09:40:26","modified_gmt":"2021-12-23T09:40:26","slug":"qman-b0101-0106-mini-pokemon-with-60-pieces","status":"publish","type":"product","link":"https:\/\/mouldking.store\/hu\/shop\/qman-b0101-0106-mini-pokemon-with-60-pieces\/","title":{"rendered":"Qman B0101-0106 Mini Pokemon 60 darabbal"},"content":{"rendered":"<p>Term\u00e9k inform\u00e1ci\u00f3:<\/p>\n<ol>\n<li>M\u00e1rka: Qman<\/li>\n<li>Nem: Uniszex<\/li>\n<li>N\u00e9v: Mini Pok\u00e9mon<\/li>\n<li>Koroszt\u00e1ly: &gt; 6 \u00e9v<\/li>\n<li>Modellsz\u00e1m: B0101-0106<\/li>\n<li>Besorol\u00e1s: \u00d6sszeszerel\u00e9s<\/li>\n<li>M\u0171anyag blokk forma: \u00f6nz\u00e1r\u00f3 t\u00e9gla<\/li>\n<li>Anyaga: M\u0171anyag<\/li>\n<li>M\u0171anyag t\u00edpus: ABS<\/li>\n<li>T\u00e9gla blokkok: 60 DB<\/li>\n<li>R\u00e9szletes \u00f6sszeszerel\u00e9si \u00fatmutat\u00f3t tartalmaz.<\/li>\n<\/ol>\n<p>\u00c9rtes\u00edt\u00e9s:<br \/>\n1. Eredeti doboz n\u00e9lk\u00fcl, de garant\u00e1ljuk, hogy term\u00e9keink min\u0151s\u00e9gbiztos\u00edt\u00e1ssal \u00e9s sz\u00e9p csomagol\u00e1ssal rendelkeznek.<br \/>\n2. Mint minden alkatr\u00e9szt, amelyet a sz\u00e1ll\u00edt\u00e1s el\u0151tt ellen\u0151rizt\u00fcnk, ez\u00e9rt ha \u00fagy tal\u00e1lja, hogy n\u00e9h\u00e1ny alkatr\u00e9sz hi\u00e1nyzik vagy s\u00e9r\u00fclt, ne agg\u00f3djon, \u00e9s k\u00e9rj\u00fck, vegye fel vel\u00fcnk a kapcsolatot, \u00e9s azonnal ingyenesen elk\u00fcldj\u00fck \u00d6nnek.<\/p>\n<figure id=\"attachment_28287\" aria-describedby=\"caption-attachment-28287\" style=\"width: 750px\" class=\"wp-caption aligncenter\"><img fetchpriority=\"high\" decoding=\"async\" class=\"wp-image-28287 size-full\" src=\"https:\/\/mouldking.store\/wp-content\/uploads\/2021\/12\/Qman-B0101-0106-Mini-Pokemon-with-60-pieces-1.jpg\" alt=\"Qman B0101-0106 Mini Pokemon with 60 pieces\" width=\"750\" height=\"750\" title=\"-\" srcset=\"https:\/\/mouldking.store\/wp-content\/uploads\/2021\/12\/Qman-B0101-0106-Mini-Pokemon-with-60-pieces-1.jpg 750w, https:\/\/mouldking.store\/wp-content\/uploads\/2021\/12\/Qman-B0101-0106-Mini-Pokemon-with-60-pieces-1-300x300.jpg 300w, https:\/\/mouldking.store\/wp-content\/uploads\/2021\/12\/Qman-B0101-0106-Mini-Pokemon-with-60-pieces-1-600x600.jpg 600w, https:\/\/mouldking.store\/wp-content\/uploads\/2021\/12\/Qman-B0101-0106-Mini-Pokemon-with-60-pieces-1-150x150.jpg 150w\" sizes=\"(max-width: 750px) 100vw, 750px\" \/><figcaption id=\"caption-attachment-28287\" class=\"wp-caption-text\">Qman B0101-0106 Mini Pokemon 60 darabbal<\/figcaption><\/figure>\n<figure id=\"attachment_28296\" aria-describedby=\"caption-attachment-28296\" style=\"width: 800px\" class=\"wp-caption aligncenter\"><img decoding=\"async\" class=\"wp-image-28296 size-full\" src=\"https:\/\/mouldking.store\/wp-content\/uploads\/2021\/12\/Qman-B0101-0106-Mini-Pokemon-with-60-pieces-10.jpg\" alt=\"Qman B0101-0106 Mini Pokemon with 60 pieces\" width=\"800\" height=\"800\" title=\"-\" srcset=\"https:\/\/mouldking.store\/wp-content\/uploads\/2021\/12\/Qman-B0101-0106-Mini-Pokemon-with-60-pieces-10.jpg 800w, https:\/\/mouldking.store\/wp-content\/uploads\/2021\/12\/Qman-B0101-0106-Mini-Pokemon-with-60-pieces-10-300x300.jpg 300w, https:\/\/mouldking.store\/wp-content\/uploads\/2021\/12\/Qman-B0101-0106-Mini-Pokemon-with-60-pieces-10-768x768.jpg 768w, https:\/\/mouldking.store\/wp-content\/uploads\/2021\/12\/Qman-B0101-0106-Mini-Pokemon-with-60-pieces-10-600x600.jpg 600w, https:\/\/mouldking.store\/wp-content\/uploads\/2021\/12\/Qman-B0101-0106-Mini-Pokemon-with-60-pieces-10-150x150.jpg 150w\" sizes=\"(max-width: 800px) 100vw, 800px\" \/><figcaption id=\"caption-attachment-28296\" class=\"wp-caption-text\">Qman B0101-0106 Mini Pokemon 60 darabbal<\/figcaption><\/figure>\n<figure id=\"attachment_28288\" aria-describedby=\"caption-attachment-28288\" style=\"width: 658px\" class=\"wp-caption aligncenter\"><img decoding=\"async\" class=\"wp-image-28288 size-full\" src=\"https:\/\/mouldking.store\/wp-content\/uploads\/2021\/12\/Qman-B0101-0106-Mini-Pokemon-with-60-pieces-2.jpg\" alt=\"Qman B0101-0106 Mini Pokemon with 60 pieces\" width=\"658\" height=\"1024\" title=\"-\" srcset=\"https:\/\/mouldking.store\/wp-content\/uploads\/2021\/12\/Qman-B0101-0106-Mini-Pokemon-with-60-pieces-2.jpg 658w, https:\/\/mouldking.store\/wp-content\/uploads\/2021\/12\/Qman-B0101-0106-Mini-Pokemon-with-60-pieces-2-193x300.jpg 193w, https:\/\/mouldking.store\/wp-content\/uploads\/2021\/12\/Qman-B0101-0106-Mini-Pokemon-with-60-pieces-2-300x467.jpg 300w, https:\/\/mouldking.store\/wp-content\/uploads\/2021\/12\/Qman-B0101-0106-Mini-Pokemon-with-60-pieces-2-600x934.jpg 600w, https:\/\/mouldking.store\/wp-content\/uploads\/2021\/12\/Qman-B0101-0106-Mini-Pokemon-with-60-pieces-2-96x150.jpg 96w\" sizes=\"(max-width: 658px) 100vw, 658px\" \/><figcaption id=\"caption-attachment-28288\" class=\"wp-caption-text\">Qman B0101-0106 Mini Pokemon 60 darabbal<\/figcaption><\/figure>\n<figure id=\"attachment_28295\" aria-describedby=\"caption-attachment-28295\" style=\"width: 732px\" class=\"wp-caption aligncenter\"><img loading=\"lazy\" decoding=\"async\" class=\"wp-image-28295 size-full\" src=\"https:\/\/mouldking.store\/wp-content\/uploads\/2021\/12\/Qman-B0101-0106-Mini-Pokemon-with-60-pieces-9.jpg\" alt=\"Qman B0101-0106 Mini Pokemon with 60 pieces\" width=\"732\" height=\"732\" title=\"-\" srcset=\"https:\/\/mouldking.store\/wp-content\/uploads\/2021\/12\/Qman-B0101-0106-Mini-Pokemon-with-60-pieces-9.jpg 732w, https:\/\/mouldking.store\/wp-content\/uploads\/2021\/12\/Qman-B0101-0106-Mini-Pokemon-with-60-pieces-9-300x300.jpg 300w, https:\/\/mouldking.store\/wp-content\/uploads\/2021\/12\/Qman-B0101-0106-Mini-Pokemon-with-60-pieces-9-600x600.jpg 600w, https:\/\/mouldking.store\/wp-content\/uploads\/2021\/12\/Qman-B0101-0106-Mini-Pokemon-with-60-pieces-9-150x150.jpg 150w\" sizes=\"(max-width: 732px) 100vw, 732px\" \/><figcaption id=\"caption-attachment-28295\" class=\"wp-caption-text\">Qman B0101-0106 Mini Pokemon 60 darabbal<\/figcaption><\/figure>\n<figure id=\"attachment_28294\" aria-describedby=\"caption-attachment-28294\" style=\"width: 750px\" class=\"wp-caption aligncenter\"><img loading=\"lazy\" decoding=\"async\" class=\"wp-image-28294 size-full\" src=\"https:\/\/mouldking.store\/wp-content\/uploads\/2021\/12\/Qman-B0101-0106-Mini-Pokemon-with-60-pieces-8.jpg\" alt=\"Qman B0101-0106 Mini Pokemon with 60 pieces\" width=\"750\" height=\"750\" title=\"-\" srcset=\"https:\/\/mouldking.store\/wp-content\/uploads\/2021\/12\/Qman-B0101-0106-Mini-Pokemon-with-60-pieces-8.jpg 750w, https:\/\/mouldking.store\/wp-content\/uploads\/2021\/12\/Qman-B0101-0106-Mini-Pokemon-with-60-pieces-8-300x300.jpg 300w, https:\/\/mouldking.store\/wp-content\/uploads\/2021\/12\/Qman-B0101-0106-Mini-Pokemon-with-60-pieces-8-600x600.jpg 600w, https:\/\/mouldking.store\/wp-content\/uploads\/2021\/12\/Qman-B0101-0106-Mini-Pokemon-with-60-pieces-8-150x150.jpg 150w\" sizes=\"(max-width: 750px) 100vw, 750px\" \/><figcaption id=\"caption-attachment-28294\" class=\"wp-caption-text\">Qman B0101-0106 Mini Pokemon 60 darabbal<\/figcaption><\/figure>\n<figure id=\"attachment_28293\" aria-describedby=\"caption-attachment-28293\" style=\"width: 750px\" class=\"wp-caption aligncenter\"><img loading=\"lazy\" decoding=\"async\" class=\"wp-image-28293 size-full\" src=\"https:\/\/mouldking.store\/wp-content\/uploads\/2021\/12\/Qman-B0101-0106-Mini-Pokemon-with-60-pieces-7.jpg\" alt=\"Qman B0101-0106 Mini Pokemon with 60 pieces\" width=\"750\" height=\"750\" title=\"-\" srcset=\"https:\/\/mouldking.store\/wp-content\/uploads\/2021\/12\/Qman-B0101-0106-Mini-Pokemon-with-60-pieces-7.jpg 750w, https:\/\/mouldking.store\/wp-content\/uploads\/2021\/12\/Qman-B0101-0106-Mini-Pokemon-with-60-pieces-7-300x300.jpg 300w, https:\/\/mouldking.store\/wp-content\/uploads\/2021\/12\/Qman-B0101-0106-Mini-Pokemon-with-60-pieces-7-600x600.jpg 600w, https:\/\/mouldking.store\/wp-content\/uploads\/2021\/12\/Qman-B0101-0106-Mini-Pokemon-with-60-pieces-7-150x150.jpg 150w\" sizes=\"(max-width: 750px) 100vw, 750px\" \/><figcaption id=\"caption-attachment-28293\" class=\"wp-caption-text\">Qman B0101-0106 Mini Pokemon 60 darabbal<\/figcaption><\/figure>\n<figure id=\"attachment_28292\" aria-describedby=\"caption-attachment-28292\" style=\"width: 750px\" class=\"wp-caption aligncenter\"><img loading=\"lazy\" decoding=\"async\" class=\"wp-image-28292 size-full\" src=\"https:\/\/mouldking.store\/wp-content\/uploads\/2021\/12\/Qman-B0101-0106-Mini-Pokemon-with-60-pieces-6.jpg\" alt=\"Qman B0101-0106 Mini Pokemon with 60 pieces\" width=\"750\" height=\"1000\" title=\"-\" srcset=\"https:\/\/mouldking.store\/wp-content\/uploads\/2021\/12\/Qman-B0101-0106-Mini-Pokemon-with-60-pieces-6.jpg 750w, https:\/\/mouldking.store\/wp-content\/uploads\/2021\/12\/Qman-B0101-0106-Mini-Pokemon-with-60-pieces-6-225x300.jpg 225w, https:\/\/mouldking.store\/wp-content\/uploads\/2021\/12\/Qman-B0101-0106-Mini-Pokemon-with-60-pieces-6-300x400.jpg 300w, https:\/\/mouldking.store\/wp-content\/uploads\/2021\/12\/Qman-B0101-0106-Mini-Pokemon-with-60-pieces-6-600x800.jpg 600w, https:\/\/mouldking.store\/wp-content\/uploads\/2021\/12\/Qman-B0101-0106-Mini-Pokemon-with-60-pieces-6-113x150.jpg 113w\" sizes=\"(max-width: 750px) 100vw, 750px\" \/><figcaption id=\"caption-attachment-28292\" class=\"wp-caption-text\">Qman B0101-0106 Mini Pokemon 60 darabbal<\/figcaption><\/figure>\n<figure id=\"attachment_28291\" aria-describedby=\"caption-attachment-28291\" style=\"width: 750px\" class=\"wp-caption aligncenter\"><img loading=\"lazy\" decoding=\"async\" class=\"wp-image-28291 size-full\" src=\"https:\/\/mouldking.store\/wp-content\/uploads\/2021\/12\/Qman-B0101-0106-Mini-Pokemon-with-60-pieces-5.jpg\" alt=\"Qman B0101-0106 Mini Pokemon with 60 pieces\" width=\"750\" height=\"750\" title=\"-\" srcset=\"https:\/\/mouldking.store\/wp-content\/uploads\/2021\/12\/Qman-B0101-0106-Mini-Pokemon-with-60-pieces-5.jpg 750w, https:\/\/mouldking.store\/wp-content\/uploads\/2021\/12\/Qman-B0101-0106-Mini-Pokemon-with-60-pieces-5-300x300.jpg 300w, https:\/\/mouldking.store\/wp-content\/uploads\/2021\/12\/Qman-B0101-0106-Mini-Pokemon-with-60-pieces-5-600x600.jpg 600w, https:\/\/mouldking.store\/wp-content\/uploads\/2021\/12\/Qman-B0101-0106-Mini-Pokemon-with-60-pieces-5-150x150.jpg 150w\" sizes=\"(max-width: 750px) 100vw, 750px\" \/><figcaption id=\"caption-attachment-28291\" class=\"wp-caption-text\">Qman B0101-0106 Mini Pokemon 60 darabbal<\/figcaption><\/figure>\n<figure id=\"attachment_28290\" aria-describedby=\"caption-attachment-28290\" style=\"width: 750px\" class=\"wp-caption aligncenter\"><img loading=\"lazy\" decoding=\"async\" class=\"wp-image-28290 size-full\" src=\"https:\/\/mouldking.store\/wp-content\/uploads\/2021\/12\/Qman-B0101-0106-Mini-Pokemon-with-60-pieces-4.jpg\" alt=\"Qman B0101-0106 Mini Pokemon with 60 pieces\" width=\"750\" height=\"750\" title=\"-\" srcset=\"https:\/\/mouldking.store\/wp-content\/uploads\/2021\/12\/Qman-B0101-0106-Mini-Pokemon-with-60-pieces-4.jpg 750w, https:\/\/mouldking.store\/wp-content\/uploads\/2021\/12\/Qman-B0101-0106-Mini-Pokemon-with-60-pieces-4-300x300.jpg 300w, https:\/\/mouldking.store\/wp-content\/uploads\/2021\/12\/Qman-B0101-0106-Mini-Pokemon-with-60-pieces-4-600x600.jpg 600w, https:\/\/mouldking.store\/wp-content\/uploads\/2021\/12\/Qman-B0101-0106-Mini-Pokemon-with-60-pieces-4-150x150.jpg 150w\" sizes=\"(max-width: 750px) 100vw, 750px\" \/><figcaption id=\"caption-attachment-28290\" class=\"wp-caption-text\">Qman B0101-0106 Mini Pokemon 60 darabbal<\/figcaption><\/figure>\n<figure id=\"attachment_28289\" aria-describedby=\"caption-attachment-28289\" style=\"width: 750px\" class=\"wp-caption aligncenter\"><img loading=\"lazy\" decoding=\"async\" class=\"wp-image-28289 size-full\" src=\"https:\/\/mouldking.store\/wp-content\/uploads\/2021\/12\/Qman-B0101-0106-Mini-Pokemon-with-60-pieces-3.jpg\" alt=\"Qman B0101-0106 Mini Pokemon with 60 pieces\" width=\"750\" height=\"750\" title=\"-\" srcset=\"https:\/\/mouldking.store\/wp-content\/uploads\/2021\/12\/Qman-B0101-0106-Mini-Pokemon-with-60-pieces-3.jpg 750w, https:\/\/mouldking.store\/wp-content\/uploads\/2021\/12\/Qman-B0101-0106-Mini-Pokemon-with-60-pieces-3-300x300.jpg 300w, https:\/\/mouldking.store\/wp-content\/uploads\/2021\/12\/Qman-B0101-0106-Mini-Pokemon-with-60-pieces-3-600x600.jpg 600w, https:\/\/mouldking.store\/wp-content\/uploads\/2021\/12\/Qman-B0101-0106-Mini-Pokemon-with-60-pieces-3-150x150.jpg 150w\" sizes=\"(max-width: 750px) 100vw, 750px\" \/><figcaption id=\"caption-attachment-28289\" class=\"wp-caption-text\">Qman B0101-0106 Mini Pokemon 60 darabbal<\/figcaption><\/figure>","protected":false},"excerpt":{"rendered":"<p>Product information: Brand: Qman Gender: Unisex Name: Mini Pokemon Age Range: &gt; 6 years old Model Number: B0101-0106 Classification: Assemblage Plastic Block Shape: Self-Locking Bricks Material: Plastic Plastic Type: ABS Bricks Blocks: 60 PCS Contains detailed assembly instructions. Notice: 1. Without an original box, but we guarantee our products have quality assurance and nice packaging. [&hellip;]<\/p>","protected":false},"featured_media":28287,"comment_status":"open","ping_status":"closed","template":"","meta":{"_acf_changed":false},"product_cat":[371,581],"product_tag":[4126,4124,4125,4127,4123,4122,4121,4128,4129,4130,4131,4132],"class_list":["product","first","instock","shipping-taxable","purchasable","product-type-variable"],"acf":[],"_links":{"self":[{"href":"https:\/\/mouldking.store\/hu\/wp-json\/wp\/v2\/product\/28286","targetHints":{"allow":["GET"]}}],"collection":[{"href":"https:\/\/mouldking.store\/hu\/wp-json\/wp\/v2\/product"}],"about":[{"href":"https:\/\/mouldking.store\/hu\/wp-json\/wp\/v2\/types\/product"}],"replies":[{"embeddable":true,"href":"https:\/\/mouldking.store\/hu\/wp-json\/wp\/v2\/comments?post=28286"}],"wp:featuredmedia":[{"embeddable":true,"href":"https:\/\/mouldking.store\/hu\/wp-json\/wp\/v2\/media\/28287"}],"wp:attachment":[{"href":"https:\/\/mouldking.store\/hu\/wp-json\/wp\/v2\/media?parent=28286"}],"wp:term":[{"taxonomy":"product_cat","embeddable":true,"href":"https:\/\/mouldking.store\/hu\/wp-json\/wp\/v2\/product_cat?post=28286"},{"taxonomy":"product_tag","embeddable":true,"href":"https:\/\/mouldking.store\/hu\/wp-json\/wp\/v2\/product_tag?post=28286"}],"curies":[{"name":"wp","href":"https:\/\/api.w.org\/{rel}","templated":true}]}}