{"id":29114,"date":"2022-01-07T02:51:47","date_gmt":"2022-01-07T02:51:47","guid":{"rendered":"https:\/\/mouldking.store\/?post_type=product&#038;p=29114"},"modified":"2025-12-25T09:12:29","modified_gmt":"2025-12-25T02:12:29","slug":"moc-71221-finwer-castle-with-13678-pieces","status":"publish","type":"product","link":"https:\/\/mouldking.store\/hu\/shop\/moc-71221-finwer-castle-with-13678-pieces\/","title":{"rendered":"MOC-71221 Finw\u00ebr kast\u00e9ly 13678 darabbal"},"content":{"rendered":"<p>Term\u00e9k inform\u00e1ci\u00f3:<\/p>\n<ol>\n<li>M\u00e1rka: MOC<\/li>\n<li>Nem: Uniszex<\/li>\n<li>N\u00e9v: Finw\u00ebr kast\u00e9ly<\/li>\n<li>Koroszt\u00e1ly: &gt; 6 \u00e9v<\/li>\n<li>Modellsz\u00e1m: MOC-71221<\/li>\n<li>Besorol\u00e1s: \u00d6sszeszerel\u00e9s<\/li>\n<li>M\u0171anyag blokk forma: \u00f6nz\u00e1r\u00f3 t\u00e9gla<\/li>\n<li>Anyaga: M\u0171anyag<\/li>\n<li>M\u0171anyag t\u00edpus: ABS<\/li>\n<li>T\u00e9gl\u00e1k Blokkok: 13678 db<\/li>\n<li>R\u00e9szletes \u00f6sszeszerel\u00e9si \u00fatmutat\u00f3t tartalmaz.<\/li>\n<li>Id\u0151beoszt\u00e1s: 4-8 h\u00e9t<\/li>\n<\/ol>\n<p>\u00c9rtes\u00edt\u00e9s:<br \/>\n1. Eredeti doboz n\u00e9lk\u00fcl, de garant\u00e1ljuk, hogy term\u00e9keink min\u0151s\u00e9gbiztos\u00edt\u00e1ssal \u00e9s sz\u00e9p csomagol\u00e1ssal rendelkeznek.<br \/>\n2. Mint minden alkatr\u00e9szt, amelyet a sz\u00e1ll\u00edt\u00e1s el\u0151tt ellen\u0151rizt\u00fcnk, ez\u00e9rt ha \u00fagy tal\u00e1lja, hogy n\u00e9h\u00e1ny alkatr\u00e9sz hi\u00e1nyzik vagy s\u00e9r\u00fclt, ne agg\u00f3djon, \u00e9s k\u00e9rj\u00fck, vegye fel vel\u00fcnk a kapcsolatot, \u00e9s azonnal ingyenesen elk\u00fcldj\u00fck \u00d6nnek.<\/p>\n<figure id=\"attachment_29115\" aria-describedby=\"caption-attachment-29115\" style=\"width: 1000px\" class=\"wp-caption aligncenter\"><img fetchpriority=\"high\" decoding=\"async\" class=\"size-full wp-image-29115\" title=\"MOC-71221 Finw\u00ebr kast\u00e9ly 13678 darabbal\" src=\"https:\/\/mouldking.store\/wp-content\/uploads\/2022\/01\/moc-71221-finwer-castle-with-13678-pieces.jpg\" alt=\"MOC-71221 Finw\u00ebr Castle with 13678 pieces\" width=\"1000\" height=\"1000\" srcset=\"https:\/\/mouldking.store\/wp-content\/uploads\/2022\/01\/moc-71221-finwer-castle-with-13678-pieces.jpg 1000w, https:\/\/mouldking.store\/wp-content\/uploads\/2022\/01\/moc-71221-finwer-castle-with-13678-pieces-300x300.jpg 300w, https:\/\/mouldking.store\/wp-content\/uploads\/2022\/01\/moc-71221-finwer-castle-with-13678-pieces-768x768.jpg 768w, https:\/\/mouldking.store\/wp-content\/uploads\/2022\/01\/moc-71221-finwer-castle-with-13678-pieces-600x600.jpg 600w, https:\/\/mouldking.store\/wp-content\/uploads\/2022\/01\/moc-71221-finwer-castle-with-13678-pieces-150x150.jpg 150w\" sizes=\"(max-width: 1000px) 100vw, 1000px\" \/><figcaption id=\"caption-attachment-29115\" class=\"wp-caption-text\">MOC-71221 Finw\u00ebr kast\u00e9ly 13678 darabbal<\/figcaption><\/figure>\n<figure id=\"attachment_29116\" aria-describedby=\"caption-attachment-29116\" style=\"width: 1000px\" class=\"wp-caption aligncenter\"><img decoding=\"async\" class=\"size-full wp-image-29116\" title=\"MOC-71221 Finw\u00ebr kast\u00e9ly 13678 darabbal\" src=\"https:\/\/mouldking.store\/wp-content\/uploads\/2022\/01\/moc-71221-finwer-castle-with-13678-pieces-1.jpg\" alt=\"MOC-71221 Finw\u00ebr Castle with 13678 pieces\" width=\"1000\" height=\"1000\" srcset=\"https:\/\/mouldking.store\/wp-content\/uploads\/2022\/01\/moc-71221-finwer-castle-with-13678-pieces-1.jpg 1000w, https:\/\/mouldking.store\/wp-content\/uploads\/2022\/01\/moc-71221-finwer-castle-with-13678-pieces-1-300x300.jpg 300w, https:\/\/mouldking.store\/wp-content\/uploads\/2022\/01\/moc-71221-finwer-castle-with-13678-pieces-1-768x768.jpg 768w, https:\/\/mouldking.store\/wp-content\/uploads\/2022\/01\/moc-71221-finwer-castle-with-13678-pieces-1-600x600.jpg 600w, https:\/\/mouldking.store\/wp-content\/uploads\/2022\/01\/moc-71221-finwer-castle-with-13678-pieces-1-150x150.jpg 150w\" sizes=\"(max-width: 1000px) 100vw, 1000px\" \/><figcaption id=\"caption-attachment-29116\" class=\"wp-caption-text\">MOC-71221 Finw\u00ebr kast\u00e9ly 13678 darabbal<\/figcaption><\/figure>","protected":false},"excerpt":{"rendered":"<p>Product information: Brand: MOC Gender: Unisex Name: Finw\u00ebr Castle Age Range: &gt; 6 years old Model Number: MOC-71221 Classification: Assemblage Plastic Block Shape: Self-Locking Bricks Material: Plastic Plastic Type: ABS Bricks Blocks: 13678 PCS Contains detailed assembly instructions. Time arrange: 4-8 weeks Notice: 1. Without an original box, but we guarantee our products have quality [&hellip;]<\/p>","protected":false},"featured_media":29117,"comment_status":"open","ping_status":"closed","template":"","meta":{"_acf_changed":false},"product_cat":[390],"product_tag":[4428,4427],"class_list":["product","first","instock","shipping-taxable","purchasable","product-type-simple"],"acf":[],"_links":{"self":[{"href":"https:\/\/mouldking.store\/hu\/wp-json\/wp\/v2\/product\/29114","targetHints":{"allow":["GET"]}}],"collection":[{"href":"https:\/\/mouldking.store\/hu\/wp-json\/wp\/v2\/product"}],"about":[{"href":"https:\/\/mouldking.store\/hu\/wp-json\/wp\/v2\/types\/product"}],"replies":[{"embeddable":true,"href":"https:\/\/mouldking.store\/hu\/wp-json\/wp\/v2\/comments?post=29114"}],"wp:featuredmedia":[{"embeddable":true,"href":"https:\/\/mouldking.store\/hu\/wp-json\/wp\/v2\/media\/29117"}],"wp:attachment":[{"href":"https:\/\/mouldking.store\/hu\/wp-json\/wp\/v2\/media?parent=29114"}],"wp:term":[{"taxonomy":"product_cat","embeddable":true,"href":"https:\/\/mouldking.store\/hu\/wp-json\/wp\/v2\/product_cat?post=29114"},{"taxonomy":"product_tag","embeddable":true,"href":"https:\/\/mouldking.store\/hu\/wp-json\/wp\/v2\/product_tag?post=29114"}],"curies":[{"name":"wp","href":"https:\/\/api.w.org\/{rel}","templated":true}]}}