{"id":29516,"date":"2022-02-21T22:58:39","date_gmt":"2022-02-21T15:58:39","guid":{"rendered":"https:\/\/mouldking.store\/?post_type=product&#038;p=29516"},"modified":"2022-02-21T22:58:39","modified_gmt":"2022-02-21T15:58:39","slug":"pogo-pg5001-mickey-mouse-with-2500-pieces","status":"publish","type":"product","link":"https:\/\/mouldking.store\/hu\/shop\/pogo-pg5001-mickey-mouse-with-2500-pieces\/","title":{"rendered":"POGO PG5001 Mickey Mouse 2500 darabbal"},"content":{"rendered":"<p>Term\u00e9k inform\u00e1ci\u00f3:<br \/>\n1. Modellsz\u00e1m: PG5001<br \/>\n2. Figyelmeztet\u00e9s: nem tud enni<br \/>\n3. Korhat\u00e1r: &gt; 6 \u00e9v<br \/>\n4. Min\u0151s\u00edt\u00e9s: 3C<br \/>\n5. M\u0171anyag blokk alakja: \u00f6nz\u00e1r\u00f3 t\u00e9gla<br \/>\n6. Anyaga: M\u0171anyag<br \/>\n7. M\u0171anyag t\u00edpus: ABS<br \/>\n8. T\u00e9gla T\u00f6mb\u00f6k: ~2500+DB<br \/>\n9. R\u00e9szletes \u00f6sszeszerel\u00e9si \u00fatmutat\u00f3t tartalmaz<\/p>\n<p>\u00c9rtes\u00edt\u00e9s:<br \/>\n1. Eredeti doboz n\u00e9lk\u00fcl, de garant\u00e1ljuk, hogy term\u00e9keink min\u0151s\u00e9gbiztos\u00edt\u00e1ssal \u00e9s sz\u00e9p csomagol\u00e1ssal rendelkeznek.<br \/>\n2. Mint minden alkatr\u00e9szt, amelyet a sz\u00e1ll\u00edt\u00e1s el\u0151tt ellen\u0151rizt\u00fcnk, ez\u00e9rt ha \u00fagy tal\u00e1lja, hogy n\u00e9h\u00e1ny alkatr\u00e9sz hi\u00e1nyzik vagy s\u00e9r\u00fclt, ne agg\u00f3djon, \u00e9s k\u00e9rj\u00fck, vegye fel vel\u00fcnk a kapcsolatot, \u00e9s azonnal ingyenesen elk\u00fcldj\u00fck \u00d6nnek.<\/p>\n<figure id=\"attachment_29500\" aria-describedby=\"caption-attachment-29500\" style=\"width: 828px\" class=\"wp-caption aligncenter\"><img fetchpriority=\"high\" decoding=\"async\" class=\"wp-image-29500 size-full\" src=\"https:\/\/mouldking.store\/wp-content\/uploads\/2022\/02\/POGO-PG5001-Cute-Mickey-2.jpg\" alt=\"POGO PG5001 Mickey Mouse\" width=\"828\" height=\"822\" title=\"-\" srcset=\"https:\/\/mouldking.store\/wp-content\/uploads\/2022\/02\/POGO-PG5001-Cute-Mickey-2.jpg 828w, https:\/\/mouldking.store\/wp-content\/uploads\/2022\/02\/POGO-PG5001-Cute-Mickey-2-300x298.jpg 300w, https:\/\/mouldking.store\/wp-content\/uploads\/2022\/02\/POGO-PG5001-Cute-Mickey-2-768x762.jpg 768w, https:\/\/mouldking.store\/wp-content\/uploads\/2022\/02\/POGO-PG5001-Cute-Mickey-2-600x596.jpg 600w, https:\/\/mouldking.store\/wp-content\/uploads\/2022\/02\/POGO-PG5001-Cute-Mickey-2-150x150.jpg 150w\" sizes=\"(max-width: 828px) 100vw, 828px\" \/><figcaption id=\"caption-attachment-29500\" class=\"wp-caption-text\">POGO PG5001 Miki eg\u00e9r<\/figcaption><\/figure>\n<figure id=\"attachment_29501\" aria-describedby=\"caption-attachment-29501\" style=\"width: 827px\" class=\"wp-caption aligncenter\"><img decoding=\"async\" class=\"wp-image-29501 size-full\" src=\"https:\/\/mouldking.store\/wp-content\/uploads\/2022\/02\/POGO-PG5001-Cute-Mickey-3.jpg\" alt=\"POGO PG5001 Mickey Mouse\" width=\"827\" height=\"827\" title=\"-\" srcset=\"https:\/\/mouldking.store\/wp-content\/uploads\/2022\/02\/POGO-PG5001-Cute-Mickey-3.jpg 827w, https:\/\/mouldking.store\/wp-content\/uploads\/2022\/02\/POGO-PG5001-Cute-Mickey-3-300x300.jpg 300w, https:\/\/mouldking.store\/wp-content\/uploads\/2022\/02\/POGO-PG5001-Cute-Mickey-3-768x768.jpg 768w, https:\/\/mouldking.store\/wp-content\/uploads\/2022\/02\/POGO-PG5001-Cute-Mickey-3-600x600.jpg 600w, https:\/\/mouldking.store\/wp-content\/uploads\/2022\/02\/POGO-PG5001-Cute-Mickey-3-150x150.jpg 150w\" sizes=\"(max-width: 827px) 100vw, 827px\" \/><figcaption id=\"caption-attachment-29501\" class=\"wp-caption-text\">POGO PG5001 Miki eg\u00e9r<\/figcaption><\/figure>\n<figure id=\"attachment_29503\" aria-describedby=\"caption-attachment-29503\" style=\"width: 1024px\" class=\"wp-caption aligncenter\"><img decoding=\"async\" class=\"wp-image-29503 size-large\" src=\"https:\/\/mouldking.store\/wp-content\/uploads\/2022\/02\/POGO-PG5001-Cute-Mickey-5-1024x1024.jpg\" alt=\"POGO PG5001 Mickey Mouse\" width=\"1024\" height=\"1024\" title=\"-\" srcset=\"https:\/\/mouldking.store\/wp-content\/uploads\/2022\/02\/POGO-PG5001-Cute-Mickey-5-1024x1024.jpg 1024w, https:\/\/mouldking.store\/wp-content\/uploads\/2022\/02\/POGO-PG5001-Cute-Mickey-5-300x300.jpg 300w, https:\/\/mouldking.store\/wp-content\/uploads\/2022\/02\/POGO-PG5001-Cute-Mickey-5-768x768.jpg 768w, https:\/\/mouldking.store\/wp-content\/uploads\/2022\/02\/POGO-PG5001-Cute-Mickey-5-1536x1536.jpg 1536w, https:\/\/mouldking.store\/wp-content\/uploads\/2022\/02\/POGO-PG5001-Cute-Mickey-5-600x600.jpg 600w, https:\/\/mouldking.store\/wp-content\/uploads\/2022\/02\/POGO-PG5001-Cute-Mickey-5-150x150.jpg 150w, https:\/\/mouldking.store\/wp-content\/uploads\/2022\/02\/POGO-PG5001-Cute-Mickey-5.jpg 1920w\" sizes=\"(max-width: 1024px) 100vw, 1024px\" \/><figcaption id=\"caption-attachment-29503\" class=\"wp-caption-text\">POGO PG5001 Miki eg\u00e9r<\/figcaption><\/figure>\n<figure id=\"attachment_29502\" aria-describedby=\"caption-attachment-29502\" style=\"width: 826px\" class=\"wp-caption aligncenter\"><img loading=\"lazy\" decoding=\"async\" class=\"wp-image-29502 size-full\" src=\"https:\/\/mouldking.store\/wp-content\/uploads\/2022\/02\/POGO-PG5001-Cute-Mickey-4.jpg\" alt=\"POGO PG5001 Mickey Mouse\" width=\"826\" height=\"806\" title=\"-\" srcset=\"https:\/\/mouldking.store\/wp-content\/uploads\/2022\/02\/POGO-PG5001-Cute-Mickey-4.jpg 826w, https:\/\/mouldking.store\/wp-content\/uploads\/2022\/02\/POGO-PG5001-Cute-Mickey-4-300x293.jpg 300w, https:\/\/mouldking.store\/wp-content\/uploads\/2022\/02\/POGO-PG5001-Cute-Mickey-4-768x749.jpg 768w, https:\/\/mouldking.store\/wp-content\/uploads\/2022\/02\/POGO-PG5001-Cute-Mickey-4-600x585.jpg 600w, https:\/\/mouldking.store\/wp-content\/uploads\/2022\/02\/POGO-PG5001-Cute-Mickey-4-150x146.jpg 150w\" sizes=\"(max-width: 826px) 100vw, 826px\" \/><figcaption id=\"caption-attachment-29502\" class=\"wp-caption-text\">POGO PG5001 Miki eg\u00e9r<\/figcaption><\/figure>\n<figure id=\"attachment_29504\" aria-describedby=\"caption-attachment-29504\" style=\"width: 1024px\" class=\"wp-caption aligncenter\"><img loading=\"lazy\" decoding=\"async\" class=\"wp-image-29504 size-large\" src=\"https:\/\/mouldking.store\/wp-content\/uploads\/2022\/02\/POGO-PG5001-Cute-Mickey-1-1024x1024.jpg\" alt=\"POGO PG5001 Mickey Mouse\" width=\"1024\" height=\"1024\" title=\"-\" srcset=\"https:\/\/mouldking.store\/wp-content\/uploads\/2022\/02\/POGO-PG5001-Cute-Mickey-1-1024x1024.jpg 1024w, https:\/\/mouldking.store\/wp-content\/uploads\/2022\/02\/POGO-PG5001-Cute-Mickey-1-300x300.jpg 300w, https:\/\/mouldking.store\/wp-content\/uploads\/2022\/02\/POGO-PG5001-Cute-Mickey-1-768x768.jpg 768w, https:\/\/mouldking.store\/wp-content\/uploads\/2022\/02\/POGO-PG5001-Cute-Mickey-1-1536x1536.jpg 1536w, https:\/\/mouldking.store\/wp-content\/uploads\/2022\/02\/POGO-PG5001-Cute-Mickey-1-600x600.jpg 600w, https:\/\/mouldking.store\/wp-content\/uploads\/2022\/02\/POGO-PG5001-Cute-Mickey-1-150x150.jpg 150w, https:\/\/mouldking.store\/wp-content\/uploads\/2022\/02\/POGO-PG5001-Cute-Mickey-1.jpg 1920w\" sizes=\"(max-width: 1024px) 100vw, 1024px\" \/><figcaption id=\"caption-attachment-29504\" class=\"wp-caption-text\">POGO PG5001 Miki eg\u00e9r<\/figcaption><\/figure>","protected":false},"excerpt":{"rendered":"<p>Product information: 1. Model Number: PG5001 2. Warning: can not eat 3. Age Range: &gt; 6 years old 4. Certification: 3C 5. Plastic Block Shape: Self-Locking Bricks 6. Material: Plastic 7. Plastic Type: ABS 8. Bricks Blocks: ~2500+PCS 9. Contains detailed assembly instructions Notice: 1. Without original box, but we guarantee our products have quality [&hellip;]<\/p>","protected":false},"featured_media":29500,"comment_status":"closed","ping_status":"closed","template":"","meta":{"_acf_changed":false},"product_cat":[581],"product_tag":[4462,4459,4463,4461,4460,4458,4457],"class_list":["product","first","instock","shipping-taxable","purchasable","product-type-simple"],"acf":[],"_links":{"self":[{"href":"https:\/\/mouldking.store\/hu\/wp-json\/wp\/v2\/product\/29516","targetHints":{"allow":["GET"]}}],"collection":[{"href":"https:\/\/mouldking.store\/hu\/wp-json\/wp\/v2\/product"}],"about":[{"href":"https:\/\/mouldking.store\/hu\/wp-json\/wp\/v2\/types\/product"}],"replies":[{"embeddable":true,"href":"https:\/\/mouldking.store\/hu\/wp-json\/wp\/v2\/comments?post=29516"}],"wp:featuredmedia":[{"embeddable":true,"href":"https:\/\/mouldking.store\/hu\/wp-json\/wp\/v2\/media\/29500"}],"wp:attachment":[{"href":"https:\/\/mouldking.store\/hu\/wp-json\/wp\/v2\/media?parent=29516"}],"wp:term":[{"taxonomy":"product_cat","embeddable":true,"href":"https:\/\/mouldking.store\/hu\/wp-json\/wp\/v2\/product_cat?post=29516"},{"taxonomy":"product_tag","embeddable":true,"href":"https:\/\/mouldking.store\/hu\/wp-json\/wp\/v2\/product_tag?post=29516"}],"curies":[{"name":"wp","href":"https:\/\/api.w.org\/{rel}","templated":true}]}}