{"id":29587,"date":"2022-02-22T09:38:07","date_gmt":"2022-02-22T02:38:07","guid":{"rendered":"https:\/\/mouldking.store\/?post_type=product&#038;p=29587"},"modified":"2022-02-22T09:38:07","modified_gmt":"2022-02-22T02:38:07","slug":"qman-k20508-naruto-and-hinata-wedding-banquet-with-355-pieces","status":"publish","type":"product","link":"https:\/\/mouldking.store\/hu\/shop\/qman-k20508-naruto-and-hinata-wedding-banquet-with-355-pieces\/","title":{"rendered":"Qman K20508 Naruto and Hinata Wedding Banquet with 355 pieces"},"content":{"rendered":"<p>Term\u00e9k inform\u00e1ci\u00f3:<\/p>\n<ol>\n<li>M\u00e1rka: Qman<\/li>\n<li>Nem: Uniszex<\/li>\n<li>Name: Naruto and Hinata Wedding Banquet<\/li>\n<li>Koroszt\u00e1ly: &gt; 6 \u00e9v<\/li>\n<li>Model Number: K20508<\/li>\n<li>Besorol\u00e1s: \u00d6sszeszerel\u00e9s<\/li>\n<li>M\u0171anyag blokk forma: \u00f6nz\u00e1r\u00f3 t\u00e9gla<\/li>\n<li>Anyaga: M\u0171anyag<\/li>\n<li>M\u0171anyag t\u00edpus: ABS<\/li>\n<li>Bricks Blocks: 355 PCS<\/li>\n<li>R\u00e9szletes \u00f6sszeszerel\u00e9si \u00fatmutat\u00f3t tartalmaz.<\/li>\n<\/ol>\n<p>\u00c9rtes\u00edt\u00e9s:<br \/>\n1. Eredeti doboz n\u00e9lk\u00fcl, de garant\u00e1ljuk, hogy term\u00e9keink min\u0151s\u00e9gbiztos\u00edt\u00e1ssal \u00e9s sz\u00e9p csomagol\u00e1ssal rendelkeznek.<br \/>\n2. Mint minden alkatr\u00e9szt, amelyet a sz\u00e1ll\u00edt\u00e1s el\u0151tt ellen\u0151rizt\u00fcnk, ez\u00e9rt ha \u00fagy tal\u00e1lja, hogy n\u00e9h\u00e1ny alkatr\u00e9sz hi\u00e1nyzik vagy s\u00e9r\u00fclt, ne agg\u00f3djon, \u00e9s k\u00e9rj\u00fck, vegye fel vel\u00fcnk a kapcsolatot, \u00e9s azonnal ingyenesen elk\u00fcldj\u00fck \u00d6nnek.<\/p>\n<figure id=\"attachment_29588\" aria-describedby=\"caption-attachment-29588\" style=\"width: 800px\" class=\"wp-caption aligncenter\"><img fetchpriority=\"high\" decoding=\"async\" class=\"wp-image-29588 size-full\" src=\"https:\/\/mouldking.store\/wp-content\/uploads\/2022\/02\/Qman-K20508-Naruto-and-Hinata-Wedding-Banquet-with-355-pieces-1.jpg\" alt=\"Qman K20508 Naruto and Hinata Wedding Banquet with 355 pieces\" width=\"800\" height=\"800\" title=\"-\" srcset=\"https:\/\/mouldking.store\/wp-content\/uploads\/2022\/02\/Qman-K20508-Naruto-and-Hinata-Wedding-Banquet-with-355-pieces-1.jpg 800w, https:\/\/mouldking.store\/wp-content\/uploads\/2022\/02\/Qman-K20508-Naruto-and-Hinata-Wedding-Banquet-with-355-pieces-1-300x300.jpg 300w, https:\/\/mouldking.store\/wp-content\/uploads\/2022\/02\/Qman-K20508-Naruto-and-Hinata-Wedding-Banquet-with-355-pieces-1-768x768.jpg 768w, https:\/\/mouldking.store\/wp-content\/uploads\/2022\/02\/Qman-K20508-Naruto-and-Hinata-Wedding-Banquet-with-355-pieces-1-600x600.jpg 600w, https:\/\/mouldking.store\/wp-content\/uploads\/2022\/02\/Qman-K20508-Naruto-and-Hinata-Wedding-Banquet-with-355-pieces-1-150x150.jpg 150w\" sizes=\"(max-width: 800px) 100vw, 800px\" \/><figcaption id=\"caption-attachment-29588\" class=\"wp-caption-text\">Qman K20508 Naruto and Hinata Wedding Banquet with 355 pieces<\/figcaption><\/figure>\n<figure id=\"attachment_29591\" aria-describedby=\"caption-attachment-29591\" style=\"width: 690px\" class=\"wp-caption aligncenter\"><img decoding=\"async\" class=\"wp-image-29591 size-full\" src=\"https:\/\/mouldking.store\/wp-content\/uploads\/2022\/02\/Qman-K20508-Naruto-and-Hinata-Wedding-Banquet-with-355-pieces-4.jpg\" alt=\"Qman K20508 Naruto and Hinata Wedding Banquet with 355 pieces\" width=\"690\" height=\"1024\" title=\"-\" srcset=\"https:\/\/mouldking.store\/wp-content\/uploads\/2022\/02\/Qman-K20508-Naruto-and-Hinata-Wedding-Banquet-with-355-pieces-4.jpg 690w, https:\/\/mouldking.store\/wp-content\/uploads\/2022\/02\/Qman-K20508-Naruto-and-Hinata-Wedding-Banquet-with-355-pieces-4-202x300.jpg 202w, https:\/\/mouldking.store\/wp-content\/uploads\/2022\/02\/Qman-K20508-Naruto-and-Hinata-Wedding-Banquet-with-355-pieces-4-300x445.jpg 300w, https:\/\/mouldking.store\/wp-content\/uploads\/2022\/02\/Qman-K20508-Naruto-and-Hinata-Wedding-Banquet-with-355-pieces-4-600x890.jpg 600w, https:\/\/mouldking.store\/wp-content\/uploads\/2022\/02\/Qman-K20508-Naruto-and-Hinata-Wedding-Banquet-with-355-pieces-4-101x150.jpg 101w\" sizes=\"(max-width: 690px) 100vw, 690px\" \/><figcaption id=\"caption-attachment-29591\" class=\"wp-caption-text\">Qman K20508 Naruto and Hinata Wedding Banquet with 355 pieces<\/figcaption><\/figure>\n<figure id=\"attachment_29590\" aria-describedby=\"caption-attachment-29590\" style=\"width: 484px\" class=\"wp-caption aligncenter\"><img decoding=\"async\" class=\"wp-image-29590 size-full\" src=\"https:\/\/mouldking.store\/wp-content\/uploads\/2022\/02\/Qman-K20508-Naruto-and-Hinata-Wedding-Banquet-with-355-pieces-3.jpg\" alt=\"Qman K20508 Naruto and Hinata Wedding Banquet with 355 pieces\" width=\"484\" height=\"1024\" title=\"-\" srcset=\"https:\/\/mouldking.store\/wp-content\/uploads\/2022\/02\/Qman-K20508-Naruto-and-Hinata-Wedding-Banquet-with-355-pieces-3.jpg 484w, https:\/\/mouldking.store\/wp-content\/uploads\/2022\/02\/Qman-K20508-Naruto-and-Hinata-Wedding-Banquet-with-355-pieces-3-142x300.jpg 142w, https:\/\/mouldking.store\/wp-content\/uploads\/2022\/02\/Qman-K20508-Naruto-and-Hinata-Wedding-Banquet-with-355-pieces-3-300x635.jpg 300w, https:\/\/mouldking.store\/wp-content\/uploads\/2022\/02\/Qman-K20508-Naruto-and-Hinata-Wedding-Banquet-with-355-pieces-3-71x150.jpg 71w\" sizes=\"(max-width: 484px) 100vw, 484px\" \/><figcaption id=\"caption-attachment-29590\" class=\"wp-caption-text\">Qman K20508 Naruto and Hinata Wedding Banquet with 355 pieces<\/figcaption><\/figure>\n<figure id=\"attachment_29589\" aria-describedby=\"caption-attachment-29589\" style=\"width: 790px\" class=\"wp-caption aligncenter\"><img loading=\"lazy\" decoding=\"async\" class=\"wp-image-29589 size-full\" src=\"https:\/\/mouldking.store\/wp-content\/uploads\/2022\/02\/Qman-K20508-Naruto-and-Hinata-Wedding-Banquet-with-355-pieces-2.jpg\" alt=\"Qman K20508 Naruto and Hinata Wedding Banquet with 355 pieces\" width=\"790\" height=\"766\" title=\"-\" srcset=\"https:\/\/mouldking.store\/wp-content\/uploads\/2022\/02\/Qman-K20508-Naruto-and-Hinata-Wedding-Banquet-with-355-pieces-2.jpg 790w, https:\/\/mouldking.store\/wp-content\/uploads\/2022\/02\/Qman-K20508-Naruto-and-Hinata-Wedding-Banquet-with-355-pieces-2-300x291.jpg 300w, https:\/\/mouldking.store\/wp-content\/uploads\/2022\/02\/Qman-K20508-Naruto-and-Hinata-Wedding-Banquet-with-355-pieces-2-768x745.jpg 768w, https:\/\/mouldking.store\/wp-content\/uploads\/2022\/02\/Qman-K20508-Naruto-and-Hinata-Wedding-Banquet-with-355-pieces-2-600x582.jpg 600w, https:\/\/mouldking.store\/wp-content\/uploads\/2022\/02\/Qman-K20508-Naruto-and-Hinata-Wedding-Banquet-with-355-pieces-2-150x145.jpg 150w\" sizes=\"(max-width: 790px) 100vw, 790px\" \/><figcaption id=\"caption-attachment-29589\" class=\"wp-caption-text\">Qman K20508 Naruto and Hinata Wedding Banquet with 355 pieces<\/figcaption><\/figure>","protected":false},"excerpt":{"rendered":"<p>Product information: Brand: Qman Gender: Unisex Name: Naruto and Hinata Wedding Banquet Age Range: &gt; 6 years old Model Number: K20508 Classification: Assemblage Plastic Block Shape: Self-Locking Bricks Material: Plastic Plastic Type: ABS Bricks Blocks: 355 PCS Contains detailed assembly instructions. Notice: 1. Without an original box, but we guarantee our products have quality assurance [&hellip;]<\/p>","protected":false},"featured_media":29588,"comment_status":"closed","ping_status":"closed","template":"","meta":{"_acf_changed":false},"product_cat":[581],"product_tag":[4527,4528,4530,4526,4531,4125,4525,4524,2324,4529],"class_list":["product","first","instock","shipping-taxable","purchasable","product-type-simple"],"acf":[],"_links":{"self":[{"href":"https:\/\/mouldking.store\/hu\/wp-json\/wp\/v2\/product\/29587","targetHints":{"allow":["GET"]}}],"collection":[{"href":"https:\/\/mouldking.store\/hu\/wp-json\/wp\/v2\/product"}],"about":[{"href":"https:\/\/mouldking.store\/hu\/wp-json\/wp\/v2\/types\/product"}],"replies":[{"embeddable":true,"href":"https:\/\/mouldking.store\/hu\/wp-json\/wp\/v2\/comments?post=29587"}],"wp:featuredmedia":[{"embeddable":true,"href":"https:\/\/mouldking.store\/hu\/wp-json\/wp\/v2\/media\/29588"}],"wp:attachment":[{"href":"https:\/\/mouldking.store\/hu\/wp-json\/wp\/v2\/media?parent=29587"}],"wp:term":[{"taxonomy":"product_cat","embeddable":true,"href":"https:\/\/mouldking.store\/hu\/wp-json\/wp\/v2\/product_cat?post=29587"},{"taxonomy":"product_tag","embeddable":true,"href":"https:\/\/mouldking.store\/hu\/wp-json\/wp\/v2\/product_tag?post=29587"}],"curies":[{"name":"wp","href":"https:\/\/api.w.org\/{rel}","templated":true}]}}